{"id":1376,"date":"2019-09-04T08:42:01","date_gmt":"2019-09-04T08:42:01","guid":{"rendered":"https:\/\/www.leulit.com\/?page_id=1376"},"modified":"2021-01-26T13:00:46","modified_gmt":"2021-01-26T13:00:46","slug":"gestio-de-servidors-amazon-web-services-aws","status":"publish","type":"page","link":"https:\/\/www.leulit.com\/ca\/servicios\/gestion-de-servidores-amazon-web-services-aws\/","title":{"rendered":"Gesti\u00f3 de servidors: Amazon Web Services (AWS)"},"content":{"rendered":"<figure class=\"wp-block-image size-large\"><img loading=\"lazy\" decoding=\"async\" width=\"1000\" height=\"397\" src=\"https:\/\/www.leulit.com\/wp-content\/uploads\/2019\/09\/gestion-servidores.png\" alt=\"gesti\u00f3 de servidors\" class=\"wp-image-1383\" srcset=\"https:\/\/www.leulit.com\/wp-content\/uploads\/2019\/09\/gestion-servidores.png 1000w, https:\/\/www.leulit.com\/wp-content\/uploads\/2019\/09\/gestion-servidores-300x119.png 300w, https:\/\/www.leulit.com\/wp-content\/uploads\/2019\/09\/gestion-servidores-768x305.png 768w\" sizes=\"auto, (max-width: 1000px) 100vw, 1000px\" \/><\/figure>\n\n\n\n<p>A Leulit realitzem la gesti\u00f3 de servidors de la seva empresa amb <a href=\"https:\/\/aws.amazon.com\/es\/\">Amazon Web Services (AWS)<\/a> per tindre la tranquil\u00b7litat d&#039;un servei de qualitat.<\/p>\n\n\n\n<p>En externalitzar la gesti\u00f3 de servidors amb Leulit, la vostra empresa no us haureu de preocupar del correcte funcionament dels mateixos ni de la seguretat de les vostres dades.<\/p>\n\n\n\n<h2 class=\"wp-block-heading\">Qu\u00e8 s\u00f3n els servidors d&#039;Amazon AWS?<\/h2>\n\n\n\n<p>Leulit ofereix la gesti\u00f3 de servidors amb Amazon AWS perqu\u00e8 \u00e9s una plataforma de serveis al n\u00favol desenvolupada per Amazon per a l&#039;allotjament de qualsevol tipus de projecte web, des de solucions empresarials i projectes de gran envergadura. A m\u00e9s, el fet que els servidors d&#039;Amazon estiguin repartits per diferents pa\u00efsos ser\u00e0 fonamental per contribuir a millorar el SEO internacional d&#039;una p\u00e0gina web o botiga en l\u00ednia.<\/p>\n\n\n\n<p>Un dels principals avantatges dels servidors Amazon Web Services \u00e9s la possibilitat de pagar \u00fanicament per aquells recursos que es consumeixen. Aix\u00f2 permet estalviar costos i infraestructura.<\/p>\n\n\n\n<p>Des de titans del m\u00f3n tecnol\u00f2gic, com Spotify, Dropbox, Netflix, Pinterest i Airbnb, fins a marques establertes com a General Electric, Samsung, el Banc Australi\u00e0 de la Mancomunitat de Nacions o la pr\u00f2pia BBC, utilitzen aquests serveis.<\/p>\n\n\n\n<h2 class=\"wp-block-heading\">Per qu\u00e8 externalitzar la gesti\u00f3 de servidors?<\/h2>\n\n\n\n<p>Els servidors Amazon AWS no tenen un servei d&#039;administraci\u00f3 de sistemes. Aix\u00f2 fa que qui contracta un servidor AWS a la plataforma d&#039;Amazon hagi de gestionar el servidor ell mateix perqu\u00e8 estigui actualitzat de manera permanent i compti sempre amb el nivell m\u00e9s alt de seguretat.<\/p>\n\n\n\n<p>La contractaci\u00f3 del servei amb Leulit garanteix que tots ells s\u00f3n gestionats i optimitzats per mantenir l&#039;alt rendiment i garantir-ne el funcionament. A m\u00e9s, es fan funcions de seguretat molt completes per satisfer els requisits m\u00e9s exigents de seguretat per a la informaci\u00f3.<\/p>\n\n\n\n<h2 class=\"wp-block-heading\">Les accions demostrades per fer evolucionar el negoci<\/h2>\n\n\n\n<p>Ara, m\u00e9s que mai, la innovaci\u00f3 impulsa el creixement empresarial. Exploreu les accions que moltes organitzacions han pres per treballar de manera m\u00e9s eficient, generar resultats m\u00e9s r\u00e0pidament i guanyar m\u00e9s agilitat amb la tecnologia de n\u00favol m\u00e9s innovadora del planeta.<\/p>\n\n\n\n<div class=\"wp-block-columns is-layout-flex wp-container-core-columns-is-layout-9d6595d7 wp-block-columns-is-layout-flex\">\n<div class=\"wp-block-column is-layout-flow wp-block-column-is-layout-flow\">\n<div class=\"wp-block-image\"><figure class=\"aligncenter size-large\"><a href=\"https:\/\/www.leulit.com\/ca\/serveis\/gestio-de-servidors-amazon-web-services-aws\/migrar-al-nuvol\/\"><img loading=\"lazy\" decoding=\"async\" width=\"100\" height=\"100\" src=\"https:\/\/www.leulit.com\/wp-content\/uploads\/2020\/12\/nube_2.png\" alt=\"\" class=\"wp-image-2942\"\/><\/a><\/figure><\/div>\n\n\n\n<h4 class=\"has-text-align-center wp-block-heading\"><a href=\"https:\/\/www.leulit.com\/ca\/serveis\/gestio-de-servidors-amazon-web-services-aws\/migrar-al-nuvol\/\" title=\"Migrar al n\u00favol\">Migrar al n\u00favol<\/a><\/h4>\n\n\n\n<p class=\"has-text-align-center\">Per qu\u00e8 migrar al n\u00favol? Algunes empreses migren per augmentar la productivitat de la seva for\u00e7a laboral. Altres busquen la consolidaci\u00f3 del centre de dades degut a una fusi\u00f3 o adquisici\u00f3. Encara m\u00e9s, reinventen els seus negocis com a part d&#039;una transformaci\u00f3 digital m\u00e9s \u00e0mplia. I, per descomptat, les organitzacions sempre busquen maneres de millorar els resultats mitjan\u00e7ant la reducci\u00f3 dels seus costos.<\/p>\n<\/div>\n\n\n\n<div class=\"wp-block-column is-layout-flow wp-block-column-is-layout-flow\">\n<div class=\"wp-block-image\"><figure class=\"aligncenter size-large\"><a href=\"https:\/\/www.leulit.com\/ca\/serveis\/gestio-de-servidors-amazon-web-services-aws\/modernitzar-el-desenvolupament-daplicacions\/\"><img loading=\"lazy\" decoding=\"async\" width=\"100\" height=\"100\" src=\"https:\/\/www.leulit.com\/wp-content\/uploads\/2020\/12\/apps_1.png\" alt=\"\" class=\"wp-image-2934\"\/><\/a><\/figure><\/div>\n\n\n\n<h4 class=\"has-text-align-center wp-block-heading\"><a href=\"https:\/\/www.leulit.com\/ca\/serveis\/gestio-de-servidors-amazon-web-services-aws\/modernitzar-el-desenvolupament-daplicacions\/\" title=\"Modernitzar el desenvolupament d&#039;aplicacions\">Modernitzar el desenvolupament d&#039;aplicacions<\/a><\/h4>\n\n\n\n<p class=\"has-text-align-center\">El desenvolupament d&#039;aplicacions modernes permet als equips petits i dedicats fer prototips, provar, implementar i escalar aplicacions de manera r\u00e0pida i repetida, per la qual cosa els processos tradicionals ja no poden seguir el ritme.<\/p>\n<\/div>\n<\/div>\n\n\n\n<div class=\"wp-block-columns is-layout-flex wp-container-core-columns-is-layout-9d6595d7 wp-block-columns-is-layout-flex\">\n<div class=\"wp-block-column is-layout-flow wp-block-column-is-layout-flow\">\n<div class=\"wp-block-image\"><figure class=\"aligncenter size-large\"><a href=\"https:\/\/www.leulit.com\/ca\/diferenciar-se-amb-dades\/\"><img loading=\"lazy\" decoding=\"async\" width=\"100\" height=\"100\" src=\"https:\/\/www.leulit.com\/wp-content\/uploads\/2020\/12\/datos_1.png\" alt=\"\" class=\"wp-image-2935\"\/><\/a><\/figure><\/div>\n\n\n\n<h4 class=\"has-text-align-center wp-block-heading\"><a href=\"https:\/\/www.leulit.com\/ca\/diferenciar-se-amb-dades\/\" title=\"Diferenciar-se amb dades\">Diferenciar-se amb dades<\/a><\/h4>\n\n\n\n<p class=\"has-text-align-center\">La Intel\u00b7lig\u00e8ncia Artificial (AI) i el Machine Learning (ML) s&#039;han convertit en diferenciadors competitius i una font de generaci\u00f3 de valor per a moltes empreses. Aix\u00f2 explica la predicci\u00f3 recent de l&#039;IDC que el 40 % de les iniciatives de transformaci\u00f3 el 2019 estan sent habilitades per AI \/ ML. Amb l&#039;augment del volum de dades per donar suport a aquestes capacitats d&#039;an\u00e0lisi, les empreses han de comprendre que el que va funcionar en el passat no pot funcionar en el present.<\/p>\n<\/div>\n\n\n\n<div class=\"wp-block-column is-layout-flow wp-block-column-is-layout-flow\">\n<div class=\"wp-block-image\"><figure class=\"aligncenter size-large\"><a href=\"https:\/\/www.leulit.com\/ca\/enforteixi-les-seves-defenses\/\"><img loading=\"lazy\" decoding=\"async\" width=\"100\" height=\"100\" src=\"https:\/\/www.leulit.com\/wp-content\/uploads\/2020\/12\/defensa_1.png\" alt=\"\" class=\"wp-image-2936\"\/><\/a><\/figure><\/div>\n\n\n\n<h4 class=\"has-text-align-center wp-block-heading\"><a href=\"https:\/\/www.leulit.com\/ca\/enforteixi-les-seves-defenses\/\" title=\"Enforteixi les seves defenses\">Enforteixi les seves defenses<\/a><\/h4>\n\n\n\n<p class=\"has-text-align-center\">A mesura que evoluciona les tecnologies i els processos heretats a les operacions al n\u00favol modern, els riscos de seguretat i les regulacions de compliment romanen. La protecci\u00f3 de la vostra empresa requereix experi\u00e8ncia en seguretat provada, contrastada amb estrictes marcs de garantia de tercers.<\/p>\n<\/div>\n<\/div>\n\n\n\n<div class=\"wp-block-columns is-layout-flex wp-container-core-columns-is-layout-9d6595d7 wp-block-columns-is-layout-flex\">\n<div class=\"wp-block-column is-layout-flow wp-block-column-is-layout-flow\">\n<div class=\"wp-block-image\"><figure class=\"aligncenter size-large\"><a href=\"https:\/\/www.leulit.com\/ca\/reorganitzeu-les-vostres-operacions\/\"><img loading=\"lazy\" decoding=\"async\" width=\"100\" height=\"100\" src=\"https:\/\/www.leulit.com\/wp-content\/uploads\/2020\/12\/organizar_1.png\" alt=\"\" class=\"wp-image-2937\"\/><\/a><\/figure><\/div>\n\n\n\n<h4 class=\"has-text-align-center wp-block-heading\"><a href=\"https:\/\/www.leulit.com\/ca\/reorganitzeu-les-vostres-operacions\/\" title=\"Reorganitzeu les vostres operacions\">Reorganitzeu les vostres operacions<\/a><\/h4>\n\n\n\n<p class=\"has-text-align-center\">Posar la innovaci\u00f3 a treballar vol dir construir operacions al voltant de resultats centrats en el client que siguin adquiribles i repetibles. \u00c9s hora de repensar les cascades d&#039;estil antic i altres enfocaments basats en activitats que no donen suport al desenvolupament \u00e0gil i centrat en la retroalimentaci\u00f3.<\/p>\n<\/div>\n\n\n\n<div class=\"wp-block-column is-layout-flow wp-block-column-is-layout-flow\">\n<div class=\"wp-block-image\"><figure class=\"aligncenter size-large\"><a href=\"https:\/\/www.leulit.com\/ca\/equipament-a-la-seva-gent\/\"><img loading=\"lazy\" decoding=\"async\" width=\"100\" height=\"100\" src=\"https:\/\/www.leulit.com\/wp-content\/uploads\/2020\/12\/ordenador_1.png\" alt=\"\" class=\"wp-image-2938\"\/><\/a><\/figure><\/div>\n\n\n\n<h4 class=\"has-text-align-center wp-block-heading\"><a href=\"https:\/\/www.leulit.com\/ca\/equipament-a-la-seva-gent\/\" title=\"Equipeu la vostra gent\">Equipeu la vostra gent<\/a><\/h4>\n\n\n\n<p class=\"has-text-align-center\">Tot i que moltes organitzacions volen moure&#039;s m\u00e9s r\u00e0pid al n\u00favol, continuen invertint en tecnologies locals tradicionals. La ra\u00f3? Incapacitat per contractar i formar equips al n\u00favol amb prou rapidesa i experi\u00e8ncia dins del negoci per fer que el n\u00favol ofereixi resultats comercials significatius.<\/p>\n<\/div>\n<\/div>\n\n\n\n<div class=\"wp-block-columns is-layout-flex wp-container-core-columns-is-layout-9d6595d7 wp-block-columns-is-layout-flex\">\n<div class=\"wp-block-column is-layout-flow wp-block-column-is-layout-flow\">\n<h2 class=\"wp-block-heading\">Abans els seus objectius<\/h2>\n\n\n\n<p>A mesura que treballa en les accions que han demostrat accelerar la innovaci\u00f3, ho voldr\u00e0 fer en el context dels objectius estrat\u00e8gics que la seva organitzaci\u00f3 ja ha establert. Empoderar l&#039;empresa perqu\u00e8 se centri en aquests objectius b\u00e0sics contribuir\u00e0 en gran mesura a ajudar els seus equips a assolir-los. Els seg\u00fcents s\u00f3n nom\u00e9s alguns dels resultats que les empreses capdavanteres i les startups d&#039;avui estan aconseguint amb AWS.<\/p>\n\n\n\n<h2 class=\"wp-block-heading\">Els l\u00edders d&#039;avui innoven al n\u00favol d&#039;AWS<\/h2>\n\n\n\n<p>Moltes empreses habilitades per al n\u00favol, incloses Fintonic i Santander Openbank, literalment han constru\u00eft els seus negocis a AWS. Avui dia, milers dempreses de totes les mides i en totes les ind\u00fastries estan generant resultats significatius per als seus negocis i clients en treballar amb el l\u00edder del n\u00favol.<\/p>\n\n\n\n<p>Els clients d&#039;AWS a Espanya i Portugal inclouen l\u00edders a gaireb\u00e9 totes les ind\u00fastries BBVA i Bankinter en serveis financers, Cepsa i GALP, en energia Hotel Beds i Melia en viatges i hostaleria i Startups com Flywire i Ravenpack. La llista tamb\u00e9 inclou petites i mitjanes empreses, ag\u00e8ncies governamentals, col\u00b7legis i universitats i organitzacions sense \u00e0nim de lucre a tot el m\u00f3n que avui estan<br>construint el seu futur i innovant amb AWS.<\/p>\n<\/div>\n<\/div>\n\n\n\n<div class=\"wp-block-button aligncenter is-style-outline is-style-outline--1\"><a class=\"wp-block-button__link\" href=\"https:\/\/www.leulit.com\/ca\/contacte\/\">M\u00e9s informaci\u00f3<\/a><\/div>","protected":false},"excerpt":{"rendered":"<p>En Leulit realizamos la gesti\u00f3n de servidores de su empresa con Amazon Web Services (AWS) para tener la tranquilidad de [&hellip;]<\/p>\n","protected":false},"author":1,"featured_media":1383,"parent":249,"menu_order":0,"comment_status":"closed","ping_status":"closed","template":"","meta":{"footnotes":""},"class_list":["post-1376","page","type-page","status-publish","has-post-thumbnail","hentry"],"_links":{"self":[{"href":"https:\/\/www.leulit.com\/ca\/wp-json\/wp\/v2\/pages\/1376","targetHints":{"allow":["GET"]}}],"collection":[{"href":"https:\/\/www.leulit.com\/ca\/wp-json\/wp\/v2\/pages"}],"about":[{"href":"https:\/\/www.leulit.com\/ca\/wp-json\/wp\/v2\/types\/page"}],"author":[{"embeddable":true,"href":"https:\/\/www.leulit.com\/ca\/wp-json\/wp\/v2\/users\/1"}],"replies":[{"embeddable":true,"href":"https:\/\/www.leulit.com\/ca\/wp-json\/wp\/v2\/comments?post=1376"}],"version-history":[{"count":18,"href":"https:\/\/www.leulit.com\/ca\/wp-json\/wp\/v2\/pages\/1376\/revisions"}],"predecessor-version":[{"id":2988,"href":"https:\/\/www.leulit.com\/ca\/wp-json\/wp\/v2\/pages\/1376\/revisions\/2988"}],"up":[{"embeddable":true,"href":"https:\/\/www.leulit.com\/ca\/wp-json\/wp\/v2\/pages\/249"}],"wp:featuredmedia":[{"embeddable":true,"href":"https:\/\/www.leulit.com\/ca\/wp-json\/wp\/v2\/media\/1383"}],"wp:attachment":[{"href":"https:\/\/www.leulit.com\/ca\/wp-json\/wp\/v2\/media?parent=1376"}],"curies":[{"name":"wp","href":"https:\/\/api.w.org\/{rel}","templated":true}]}}