{"id":1416,"date":"2019-09-04T11:40:40","date_gmt":"2019-09-04T11:40:40","guid":{"rendered":"https:\/\/www.leulit.com\/?page_id=1416"},"modified":"2022-02-08T10:09:10","modified_gmt":"2022-02-08T10:09:10","slug":"odoo-openerp","status":"publish","type":"page","link":"https:\/\/www.leulit.com\/ca\/servicios\/odoo-openerp\/","title":{"rendered":"Odoo \u2013 OpenERP"},"content":{"rendered":"<figure class=\"wp-block-image size-large\"><img loading=\"lazy\" decoding=\"async\" width=\"1024\" height=\"119\" src=\"https:\/\/www.leulit.com\/wp-content\/uploads\/2022\/01\/Logo-digitalizadores-1024x119.png\" alt=\"\" class=\"wp-image-3094\" srcset=\"https:\/\/www.leulit.com\/wp-content\/uploads\/2022\/01\/Logo-digitalizadores-1024x119.png 1024w, https:\/\/www.leulit.com\/wp-content\/uploads\/2022\/01\/Logo-digitalizadores-300x35.png 300w, https:\/\/www.leulit.com\/wp-content\/uploads\/2022\/01\/Logo-digitalizadores-768x89.png 768w, https:\/\/www.leulit.com\/wp-content\/uploads\/2022\/01\/Logo-digitalizadores-1536x178.png 1536w, https:\/\/www.leulit.com\/wp-content\/uploads\/2022\/01\/Logo-digitalizadores-2048x238.png 2048w\" sizes=\"auto, (max-width: 1024px) 100vw, 1024px\" \/><\/figure>\n\n\n\n<figure class=\"wp-block-image size-large\"><img loading=\"lazy\" decoding=\"async\" width=\"1000\" height=\"398\" src=\"https:\/\/www.leulit.com\/wp-content\/uploads\/2019\/09\/odoo.png\" alt=\"odoo erp\" class=\"wp-image-1417\" srcset=\"https:\/\/www.leulit.com\/wp-content\/uploads\/2019\/09\/odoo.png 1000w, https:\/\/www.leulit.com\/wp-content\/uploads\/2019\/09\/odoo-300x119.png 300w, https:\/\/www.leulit.com\/wp-content\/uploads\/2019\/09\/odoo-768x306.png 768w\" sizes=\"auto, (max-width: 1000px) 100vw, 1000px\" \/><\/figure>\n\n\n\n<h1 class=\"wp-block-heading\" id=\"odoo-openerp\">Odoo \u2013 OpenERP<\/h1>\n\n\n\n<h4 class=\"wp-block-heading\" id=\"sitio-web-y-presencia-en-internet-comercio-electronico-gestion-de-clientes-business-intelligence-y-analitica-gestion-de-procesos\"><br><\/h4>\n\n\n\n<h4 class=\"wp-block-heading\" id=\"categorias-de-soluciones-de-digitalizacion\">Categories de Solucions de Digitalitzaci\u00f3: <\/h4>\n\n\n\n<h5 class=\"wp-block-heading\" id=\"sitio-web-y-presencia-en-internet-comercio-electronico-gestion-de-clientes-business-intelligence-y-analitica-gestion-de-procesos\">Lloc Web i pres\u00e8ncia a internet.<br>Comer\u00e7 electr\u00f2nic.<br>Gesti\u00f3 de clients.<br>Business Intelligence i Anal\u00edtica. <br>Gesti\u00f3 de processos.<\/h5>\n\n\n\n<div style=\"height:25px\" aria-hidden=\"true\" class=\"wp-block-spacer\"><\/div>\n\n\n\n<p>A Leulit oferim un complet manteniment i suport Odoo \u2013 OpenERP, implementem i personalitzem Odoo perqu\u00e8 s&#039;adapti a les necessitats de l&#039;empresa. Oferim una soluci\u00f3 que <strong>permet tenir controlades totes les \u00e0rees de la vostra empresa en un mateix programari.<\/strong><\/p>\n\n\n\n<div class=\"wp-block-columns has-2-columns is-layout-flex wp-container-core-columns-is-layout-9d6595d7 wp-block-columns-is-layout-flex\">\n<div class=\"wp-block-column is-layout-flow wp-block-column-is-layout-flow\">\n<ul class=\"wp-block-list\"><li>Vendes<\/li><li>Facturaci\u00f3<\/li><li>Compres<\/li><li>Comptabilitat<\/li><li>CRM<\/li><li>Producci\u00f3<\/li><\/ul>\n<\/div>\n\n\n\n<div class=\"wp-block-column is-layout-flow wp-block-column-is-layout-flow\">\n<ul class=\"wp-block-list\"><li>Projectes<\/li><li>Magatzem<\/li><li>M\u00e0rqueting<\/li><li>Recursos Humans<\/li><li>Web<\/li><li>eCommerce<\/li><\/ul>\n<\/div>\n<\/div>\n\n\n\n<h2 class=\"wp-block-heading\" id=\"que-es-odoo\">Qu\u00e8 \u00e9s Odoo?<\/h2>\n\n\n\n<p>Odoo \u00e9s un complet&nbsp;<strong>sistema de gesti\u00f3 empresarial (ERP)<\/strong> que permet tenir controlades totes les \u00e0rees de la seva empresa, independentment de la mida i el sector.<\/p>\n\n\n\n<p>Simplifica la gesti\u00f3 del teu negoci amb una<strong>&nbsp;interf\u00edcie senzilla i intu\u00eftiva<\/strong>&nbsp;que et permet estar al corrent de tots els processos, millorar la productivitat i reduir costos. Accedir a la informaci\u00f3 en temps real des d&#039;on sigui amb aquest programari de gesti\u00f3 al n\u00favol.<\/p>\n\n\n\n<p>Un sistema de gesti\u00f3 empresarial (ERP) de codi obert i&nbsp;<strong>sense cost de llic\u00e8ncies<\/strong>&nbsp;que cobreix les necessitats de les \u00e0rees de: Comptabilitat i Finances, Vendes, RRHH, Compres, Projectes, Magatzems (SGA), CRM i Fabricaci\u00f3 entre d&#039;altres.<\/p>\n\n\n\n<p>L&#039;eina de gesti\u00f3 empresarial m\u00e9s potent,&nbsp;<strong>ara al vostre abast<\/strong>.<\/p>\n\n\n\n<h2 class=\"wp-block-heading\" id=\"como-podemos-ayudar-a-tu-empresa\">Com podem ajudar la teva empresa?<\/h2>\n\n\n\n<p>A Leulit ens encarreguem del manteniment i desenvolupament a Odoo \u2013 OpenERP en les seves versions 7 i 8. Si la vostra empresa fa servir aquesta versi\u00f3 d&#039;ERP, Leulit mantindr\u00e0 els seus serveis sense tenir la necessitat d&#039;afrontar una costosa migraci\u00f3 a les versions actuals.<\/p>\n\n\n\n<h2 class=\"wp-block-heading\" id=\"como-podemos-ayudar-a-tu-empresa\">Preu<\/h2>\n\n\n\n<p>A partir de 1.000\u20ac<\/p>\n\n\n\n<p>Poseu-vos en contacte amb nosaltres i estarem encantats de poder ajudar la vostra empresa.<\/p>\n\n\n\n<div class=\"wp-block-button is-style-outline is-style-outline--1\"><a class=\"wp-block-button__link\" href=\"https:\/\/www.leulit.com\/ca\/contacte\/\">M\u00e9s informaci\u00f3<\/a><\/div>\n\n\n\n<hr class=\"wp-block-separator\"\/>\n\n\n\n<figure class=\"wp-block-image size-large is-resized\"><a href=\"https:\/\/odoo-community.org\/\"><img loading=\"lazy\" decoding=\"async\" src=\"https:\/\/www.leulit.com\/wp-content\/uploads\/2020\/06\/oca-e1591779175499.png\" alt=\"oca\" class=\"wp-image-2401\" width=\"150\" height=\"80\"\/><\/a><\/figure>","protected":false},"excerpt":{"rendered":"<p>Odoo &#8211; OpenERP Categor\u00edas de Soluciones de Digitalizaci\u00f3n: Sitio Web y presencia en internet.Comercio electr\u00f3nico.Gesti\u00f3n de clientes.Business Intelligence y Anal\u00edtica. [&hellip;]<\/p>\n","protected":false},"author":1,"featured_media":1417,"parent":249,"menu_order":0,"comment_status":"closed","ping_status":"closed","template":"","meta":{"footnotes":""},"class_list":["post-1416","page","type-page","status-publish","has-post-thumbnail","hentry"],"_links":{"self":[{"href":"https:\/\/www.leulit.com\/ca\/wp-json\/wp\/v2\/pages\/1416","targetHints":{"allow":["GET"]}}],"collection":[{"href":"https:\/\/www.leulit.com\/ca\/wp-json\/wp\/v2\/pages"}],"about":[{"href":"https:\/\/www.leulit.com\/ca\/wp-json\/wp\/v2\/types\/page"}],"author":[{"embeddable":true,"href":"https:\/\/www.leulit.com\/ca\/wp-json\/wp\/v2\/users\/1"}],"replies":[{"embeddable":true,"href":"https:\/\/www.leulit.com\/ca\/wp-json\/wp\/v2\/comments?post=1416"}],"version-history":[{"count":15,"href":"https:\/\/www.leulit.com\/ca\/wp-json\/wp\/v2\/pages\/1416\/revisions"}],"predecessor-version":[{"id":3159,"href":"https:\/\/www.leulit.com\/ca\/wp-json\/wp\/v2\/pages\/1416\/revisions\/3159"}],"up":[{"embeddable":true,"href":"https:\/\/www.leulit.com\/ca\/wp-json\/wp\/v2\/pages\/249"}],"wp:featuredmedia":[{"embeddable":true,"href":"https:\/\/www.leulit.com\/ca\/wp-json\/wp\/v2\/media\/1417"}],"wp:attachment":[{"href":"https:\/\/www.leulit.com\/ca\/wp-json\/wp\/v2\/media?parent=1416"}],"curies":[{"name":"wp","href":"https:\/\/api.w.org\/{rel}","templated":true}]}}