{"id":1442,"date":"2019-09-04T11:41:45","date_gmt":"2019-09-04T11:41:45","guid":{"rendered":"https:\/\/www.leulit.com\/?page_id=1442"},"modified":"2022-02-08T10:10:36","modified_gmt":"2022-02-08T10:10:36","slug":"botiga-online","status":"publish","type":"page","link":"https:\/\/www.leulit.com\/ca\/servicios\/tienda-online\/","title":{"rendered":"Botiga online"},"content":{"rendered":"<figure class=\"wp-block-image size-large\"><img loading=\"lazy\" decoding=\"async\" width=\"1024\" height=\"119\" src=\"https:\/\/www.leulit.com\/wp-content\/uploads\/2022\/01\/Logo-digitalizadores-1024x119.png\" alt=\"\" class=\"wp-image-3094\" srcset=\"https:\/\/www.leulit.com\/wp-content\/uploads\/2022\/01\/Logo-digitalizadores-1024x119.png 1024w, https:\/\/www.leulit.com\/wp-content\/uploads\/2022\/01\/Logo-digitalizadores-300x35.png 300w, https:\/\/www.leulit.com\/wp-content\/uploads\/2022\/01\/Logo-digitalizadores-768x89.png 768w, https:\/\/www.leulit.com\/wp-content\/uploads\/2022\/01\/Logo-digitalizadores-1536x178.png 1536w, https:\/\/www.leulit.com\/wp-content\/uploads\/2022\/01\/Logo-digitalizadores-2048x238.png 2048w\" sizes=\"auto, (max-width: 1024px) 100vw, 1024px\" \/><\/figure>\n\n\n\n<figure class=\"wp-block-image size-large\"><img loading=\"lazy\" decoding=\"async\" width=\"1000\" height=\"398\" src=\"https:\/\/www.leulit.com\/wp-content\/uploads\/2019\/09\/woocommerce.png\" alt=\"botiga online woocommerce\" class=\"wp-image-1443\" srcset=\"https:\/\/www.leulit.com\/wp-content\/uploads\/2019\/09\/woocommerce.png 1000w, https:\/\/www.leulit.com\/wp-content\/uploads\/2019\/09\/woocommerce-300x119.png 300w, https:\/\/www.leulit.com\/wp-content\/uploads\/2019\/09\/woocommerce-768x306.png 768w\" sizes=\"auto, (max-width: 1000px) 100vw, 1000px\" \/><\/figure>\n\n\n\n<h1 class=\"wp-block-heading\" id=\"tienda-online\">Botiga online<\/h1>\n\n\n\n<h4 class=\"wp-block-heading\" id=\"categorias-de-soluciones-de-digitalizacion\">Categories de Solucions de Digitalitzaci\u00f3<\/h4>\n\n\n\n<h5 class=\"wp-block-heading\" id=\"sitio-web-y-presencia-en-internetcomercio-electronicogestion-de-redes-socialesfactura-electronica\">Lloc Web i pres\u00e8ncia a internet<br>Comer\u00e7 electr\u00f2nic<br>Gesti\u00f3 de xarxes socials<br>Factura electr\u00f2nica<\/h5>\n\n\n\n<div style=\"height:25px\" aria-hidden=\"true\" class=\"wp-block-spacer\"><\/div>\n\n\n\n<p>Una de les millors decisions que pots prendre \u00e9s impulsar el teu negoci venent per Internet. Podr\u00e0s vendre els teus productes les 24h amb la teva botiga en l\u00ednia a mida. <\/p>\n\n\n\n<p>Creem la teva botiga en l\u00ednia mitjan\u00e7ant WordPress (WooCommerce) adaptant-nos a tot tipus de projectes i necessitats.<\/p>\n\n\n\n<p><strong>WooCommerce<\/strong>&nbsp;\u00e9s una de les plataformes m\u00e9s utilitzades a dia d&#039;avui per al desenvolupament de botigues en l\u00ednia, amb funcions professionals per gestionar els productes, comandes, les vendes i els clients.<\/p>\n\n\n\n<h2 class=\"wp-block-heading\" id=\"que-haremos\">Qu\u00e8 farem?<\/h2>\n\n\n\n<ul class=\"wp-block-list\"><li>Crear una<span style=\"font-size: inherit;\"> botiga en l\u00ednia que podr\u00e0s gestionar tu mateix.<\/span><\/li><li>Botiga online responsive.<\/li><li>Gesti\u00f3 de textos legals (Pol\u00edtica de Cookies, Protecci\u00f3 de seguretat SSL\u2026)<\/li><li>Integraci\u00f3 de Google (Google Analytics, Google Maps)<\/li><li>Posicionament web org\u00e0nic (SEO) a Google, Bing i Yahoo.<\/li><\/ul>\n\n\n\n<h2 class=\"wp-block-heading\" id=\"que-vamos-a-utilitzar-para-crear-tu-tienda-online\">Qu\u00e8 utilitzarem per crear la teva botiga en l\u00ednia?<\/h2>\n\n\n\n<p>Per crear-la utilitzarem un sistema de gesti\u00f3 de continguts (<a href=\"https:\/\/es.wikipedia.org\/wiki\/Sistema_de_gesti%C3%B3n_de_contenidos\">CMS<\/a>).<\/p>\n\n\n\n<h3 class=\"wp-block-heading\" id=\"wordpress-woocommerce\">WordPress (WooCommerce)<\/h3>\n\n\n\n<p><a href=\"https:\/\/wordpress.org\/\">WordPress<\/a> \u00e9s un sistema de gesti\u00f3 de continguts enfocat a la creaci\u00f3 de qualsevol mena de p\u00e0gina web. Originalment va aconseguir una gran popularitat com una de les principals eines per a la creaci\u00f3 de p\u00e0gines web comercials.<\/p>\n\n\n\n<p><a href=\"https:\/\/woocommerce.com\/\">WooCommerce<\/a> est\u00e0 dissenyat per a petits i grans comerciants en l\u00ednia amb WordPress. <\/p>\n\n\n\n<p>Des de la sortida no ha parat de cr\u00e9ixer i aconseguir adeptes que l&#039;utilitzen per crear els seus negocis virtuals, i avui dia compta amb m\u00e9s de 3 milions d&#039;instal\u00b7lacions actives.<\/p>\n\n\n\n<p>Dit d&#039;una altra manera,&nbsp;<strong>al voltant del 30% de botigues en l\u00ednia de tot el m\u00f3n estan fetes amb WooCommerce<\/strong>.<\/p>\n\n\n\n<h3 class=\"wp-block-heading\" id=\"precio\">Preu<\/h3>\n\n\n\n<p>A partir de 500\u20ac<\/p>\n\n\n\n<div class=\"wp-block-button aligncenter is-style-outline is-style-outline--1\"><a class=\"wp-block-button__link\" href=\"https:\/\/www.leulit.com\/ca\/contacte\/\">M\u00e9s informaci\u00f3<\/a><\/div>","protected":false},"excerpt":{"rendered":"<p>Tienda online Categor\u00edas de Soluciones de Digitalizaci\u00f3n Sitio Web y presencia en internetComercio electr\u00f3nicoGesti\u00f3n de redes socialesFactura electr\u00f3nica Una de [&hellip;]<\/p>\n","protected":false},"author":1,"featured_media":1443,"parent":249,"menu_order":0,"comment_status":"closed","ping_status":"closed","template":"","meta":{"footnotes":""},"class_list":["post-1442","page","type-page","status-publish","has-post-thumbnail","hentry"],"_links":{"self":[{"href":"https:\/\/www.leulit.com\/ca\/wp-json\/wp\/v2\/pages\/1442","targetHints":{"allow":["GET"]}}],"collection":[{"href":"https:\/\/www.leulit.com\/ca\/wp-json\/wp\/v2\/pages"}],"about":[{"href":"https:\/\/www.leulit.com\/ca\/wp-json\/wp\/v2\/types\/page"}],"author":[{"embeddable":true,"href":"https:\/\/www.leulit.com\/ca\/wp-json\/wp\/v2\/users\/1"}],"replies":[{"embeddable":true,"href":"https:\/\/www.leulit.com\/ca\/wp-json\/wp\/v2\/comments?post=1442"}],"version-history":[{"count":20,"href":"https:\/\/www.leulit.com\/ca\/wp-json\/wp\/v2\/pages\/1442\/revisions"}],"predecessor-version":[{"id":3161,"href":"https:\/\/www.leulit.com\/ca\/wp-json\/wp\/v2\/pages\/1442\/revisions\/3161"}],"up":[{"embeddable":true,"href":"https:\/\/www.leulit.com\/ca\/wp-json\/wp\/v2\/pages\/249"}],"wp:featuredmedia":[{"embeddable":true,"href":"https:\/\/www.leulit.com\/ca\/wp-json\/wp\/v2\/media\/1443"}],"wp:attachment":[{"href":"https:\/\/www.leulit.com\/ca\/wp-json\/wp\/v2\/media?parent=1442"}],"curies":[{"name":"wp","href":"https:\/\/api.w.org\/{rel}","templated":true}]}}