{"id":1445,"date":"2019-09-04T11:42:53","date_gmt":"2019-09-04T11:42:53","guid":{"rendered":"https:\/\/www.leulit.com\/?page_id=1445"},"modified":"2020-08-11T08:54:55","modified_gmt":"2020-08-11T08:54:55","slug":"google-ads","status":"publish","type":"page","link":"https:\/\/www.leulit.com\/ca\/servicios\/google-ads\/","title":{"rendered":"Google Ads"},"content":{"rendered":"<figure class=\"wp-block-image size-large\"><img loading=\"lazy\" decoding=\"async\" width=\"1000\" height=\"398\" src=\"https:\/\/www.leulit.com\/wp-content\/uploads\/2019\/09\/google-ads.png\" alt=\"google ads\" class=\"wp-image-1446\" srcset=\"https:\/\/www.leulit.com\/wp-content\/uploads\/2019\/09\/google-ads.png 1000w, https:\/\/www.leulit.com\/wp-content\/uploads\/2019\/09\/google-ads-300x119.png 300w, https:\/\/www.leulit.com\/wp-content\/uploads\/2019\/09\/google-ads-768x306.png 768w\" sizes=\"auto, (max-width: 1000px) 100vw, 1000px\" \/><\/figure>\n\n\n\n<p>Assolir els objectius de venda duna empresa no nom\u00e9s saconseguix amb una web. La compet\u00e8ncia cada vegada \u00e9s m\u00e9s gran i Google Ads \u00e9s l&#039;eina per mostrar a clients potencials els productes que necessiten.<\/p>\n\n\n\n<p>A Leulit creem, gestionem i optimitzem comptes de Google Ads amb l&#039;\u00fanic objectiu de fer cr\u00e9ixer el vostre negoci.<\/p>\n\n\n\n<h2 class=\"wp-block-heading\">Per qu\u00e8 utilitzar Google Ads?<\/h2>\n\n\n\n<p>Assolir el posicionament web org\u00e0nic (<a href=\"https:\/\/es.wikipedia.org\/wiki\/Posicionamiento_en_buscadores\">SEO<\/a>) \u00e9s l&#039;objectiu de qualsevol empresa per\u00f2 \u00e9s una tasca a llarg termini. En canvi, amb Google Ads (SEM) s&#039;aconsegueix de manera immediata. L&#039;ideal \u00e9s combinar SEO amb SEM i llen\u00e7ar campanyes en dates clau per al negoci que afavoreixin bons resultats de posicionament a curt termini.<\/p>\n\n\n\n<p>Podrem segmentar el p\u00fablic on arribaran els anuncis i triar les opcions que m\u00e9s s&#039;ajustin al que necessites. Orientaci\u00f3 geogr\u00e0fica, idioma, mostrar anuncis en altres dispositius, seleccionar extensions de mapa, tel\u00e8fon, p\u00fablic, paraules clau, tipus d&#039;anunci, freq\u00fc\u00e8ncia en s\u00f3n algunes. El secret \u00e9s configurar b\u00e9 i triar les adequades i d&#039;aix\u00f2 se n&#039;encarrega Leulit.<\/p>\n\n\n\n<h2 class=\"wp-block-heading\">Qu\u00e8 \u00e9s el SEM?<\/h2>\n\n\n\n<p>\u00c9s l&#039;acr\u00f2nim de (<em>Search Engine Marketing<\/em>) o com a definici\u00f3 m\u00e9s plana \u00e9s la possibilitat de crear campanyes danuncis per clic a internet a trav\u00e9s dels cercadors m\u00e9s comuns. Com Yahoo o Google.<\/p>\n\n\n\n<p>El SEM \u00e9s l&#039;\u00fas d&#039;eines i estrat\u00e8gies que ens ajuden a optimitzar la visibilitat ia augmentar l&#039;accessibilitat dels llocs web i les p\u00e0gines web gr\u00e0cies als motors dels cercadors.<\/p>\n\n\n\n<p>S\u00f3n a m\u00e9s els mateixos cercadors qui moltes vegades ens ofereixen aquestes eines per publicitar-nos als seus mitjans de cerca.<\/p>\n\n\n\n<p>El SEM \u00e9s a curt termini. Un cop fets els anuncis i tenint clares les paraules clau, es poden llan\u00e7ar les campanyes al moment. Campanyes que sempre cal optimitzar per augmentar la taxa de conversi\u00f3.<\/p>\n\n\n\n<h2 class=\"wp-block-heading\"><strong>Avantatges<\/strong><\/h2>\n\n\n\n<ul class=\"wp-block-list\"><li>Permet donar a con\u00e8ixer r\u00e0pidament un producte a gran escala<\/li><li>Permet competir cara a cara amb grans competidors<\/li><li>El retorn de la inversi\u00f3 \u00e9s r\u00e0pid (si les campanyes estan optimitzades)<\/li><li>Permet portar tr\u00e0nsit molt segmentat a la nostra web<\/li><\/ul>\n\n\n\n<div class=\"wp-block-button aligncenter is-style-outline is-style-outline--1\"><a class=\"wp-block-button__link\" href=\"https:\/\/www.leulit.com\/ca\/contacte\/\">M\u00e9s informaci\u00f3<\/a><\/div>","protected":false},"excerpt":{"rendered":"<p>Alcanzar los objetivos de venta de una empresa no s\u00f3lo se consigue con una web. La competencia cada vez es [&hellip;]<\/p>\n","protected":false},"author":1,"featured_media":1446,"parent":249,"menu_order":0,"comment_status":"closed","ping_status":"closed","template":"","meta":{"footnotes":""},"class_list":["post-1445","page","type-page","status-publish","has-post-thumbnail","hentry"],"_links":{"self":[{"href":"https:\/\/www.leulit.com\/ca\/wp-json\/wp\/v2\/pages\/1445","targetHints":{"allow":["GET"]}}],"collection":[{"href":"https:\/\/www.leulit.com\/ca\/wp-json\/wp\/v2\/pages"}],"about":[{"href":"https:\/\/www.leulit.com\/ca\/wp-json\/wp\/v2\/types\/page"}],"author":[{"embeddable":true,"href":"https:\/\/www.leulit.com\/ca\/wp-json\/wp\/v2\/users\/1"}],"replies":[{"embeddable":true,"href":"https:\/\/www.leulit.com\/ca\/wp-json\/wp\/v2\/comments?post=1445"}],"version-history":[{"count":7,"href":"https:\/\/www.leulit.com\/ca\/wp-json\/wp\/v2\/pages\/1445\/revisions"}],"predecessor-version":[{"id":2637,"href":"https:\/\/www.leulit.com\/ca\/wp-json\/wp\/v2\/pages\/1445\/revisions\/2637"}],"up":[{"embeddable":true,"href":"https:\/\/www.leulit.com\/ca\/wp-json\/wp\/v2\/pages\/249"}],"wp:featuredmedia":[{"embeddable":true,"href":"https:\/\/www.leulit.com\/ca\/wp-json\/wp\/v2\/media\/1446"}],"wp:attachment":[{"href":"https:\/\/www.leulit.com\/ca\/wp-json\/wp\/v2\/media?parent=1445"}],"curies":[{"name":"wp","href":"https:\/\/api.w.org\/{rel}","templated":true}]}}