{"id":1576,"date":"2019-10-30T09:20:36","date_gmt":"2019-10-30T09:20:36","guid":{"rendered":"https:\/\/www.leulit.com\/?page_id=1576"},"modified":"2020-08-17T15:50:42","modified_gmt":"2020-08-17T15:50:42","slug":"erp-magatzem","status":"publish","type":"page","link":"https:\/\/www.leulit.com\/ca\/servicios\/desarrollo-app\/erp-almacen\/","title":{"rendered":"Desenvolupament app \u2013 ERP Magatzem"},"content":{"rendered":"<div id=\"pl-1576\"  class=\"panel-layout\" ><div id=\"pg-1576-0\"  class=\"panel-grid panel-no-style\" ><div id=\"pgc-1576-0-0\"  class=\"panel-grid-cell\" ><div id=\"panel-1576-0-0-0\" class=\"so-panel widget widget_sow-image panel-first-child panel-last-child\" data-index=\"0\" ><div\n\t\t\t\n\t\t\tclass=\"so-widget-sow-image so-widget-sow-image-default-8b5b6f678277-1576\"\n\t\t\t\n\t\t>\n<div class=\"sow-image-container\">\n\t\t<img \n\tsrc=\"https:\/\/www.leulit.com\/wp-content\/uploads\/2019\/10\/app-erp-almacen.gif\" width=\"800\" height=\"600\" sizes=\"(max-width: 800px) 100vw, 800px\" title=\"Desenvolupament app - ERP Magatzem\" alt=\"Desenvolupament app - ERP Magatzem\" \t\tclass=\"so-widget-image\"\/>\n\t<\/div>\n\n<\/div><\/div><\/div><div id=\"pgc-1576-0-1\"  class=\"panel-grid-cell\" ><div id=\"panel-1576-0-1-0\" class=\"so-panel widget widget_sow-editor panel-first-child panel-last-child\" data-index=\"1\" ><div\n\t\t\t\n\t\t\tclass=\"so-widget-sow-editor so-widget-sow-editor-base\"\n\t\t\t\n\t\t>\n<div class=\"siteorigin-widget-tinymce textwidget\">\n\t<h2 class=\"p1\">ERP Magatzem<\/h2>\n<p class=\"p2\"><span style=\"font-weight: 400;\">ERP Magatzem permet tenir un control als usuaris del magatzem. A l&#039;app es pot:<\/span><\/p>\n<ul>\n<li><b>Consulteu PN: <span style=\"font-weight: 400;\">S&#039;utilitza per fer consultes (disponibilitat, propietaris, comandes, moviments realitzats...).<\/span><\/b><\/li>\n<\/ul>\n<ul>\n<li><strong>Llegir QR:<\/strong> <span style=\"font-weight: 400;\">Activa la c\u00e0mera que permet llegir un codi QR i aix\u00ed crear un moviment.<\/span><\/li>\n<\/ul>\n<ul>\n<li><strong>Desinstal\u00b7lar:<\/strong> <span style=\"font-weight: 400;\">Inicieu l&#039;acci\u00f3 de desinstal\u00b7laci\u00f3 d&#039;un component.<\/span><\/li>\n<\/ul>\n<ul>\n<li><strong><i>Work order:<\/i> <\/strong><span style=\"font-weight: 400;\">Permet fer consultes sobre informaci\u00f3 relacionada amb una determinada work order (comandes de compra i venda, factures, temps imputat, material utilitzat, tipus de treball\u2026).<\/span><\/li>\n<\/ul>\n<p><a href=\"https:\/\/www.leulit.com\/ca\/icarus-erp-politica-de-privadesa\/\">Pol\u00edtica de privadesa<\/a><\/p>\n<\/div>\n<\/div><\/div><\/div><\/div><div id=\"pg-1576-1\"  class=\"panel-grid panel-no-style\" ><div id=\"pgc-1576-1-0\"  class=\"panel-grid-cell\" ><div id=\"panel-1576-1-0-0\" class=\"so-panel widget widget_sow-post-carousel panel-first-child panel-last-child\" data-index=\"2\" ><div\n\t\t\t\n\t\t\tclass=\"so-widget-sow-post-carousel so-widget-sow-post-carousel-base-ad93eedad001-1576\"\n\t\t\t\n\t\t>\t<div\n\t\tclass=\"sow-post-carousel-wrapper sow-post-carousel-theme-base\"\n\t\tstyle=\"overflow: hidden; max-width: 100%; min-height: 182px\"\n\t>\n\t\t<div class=\"sow-carousel-title has-title\">\n\t<h3 class=\"widget-title\">Et pot interessar<\/h3>\t\t<div class=\"sow-carousel-navigation\">\n\t\t\t\t\t\t<a href=\"#\" class=\"sow-carousel-next\" title=\"Next\" aria-label=\"Next Posts\" role=\"button\"><\/a>\n\t\t\t\t\t\t<a href=\"#\" class=\"sow-carousel-previous\" title=\"Previous\" aria-label=\"Previous Posts\" role=\"button\"><\/a>\n\t\t\t\t\t<\/div>\n\t<\/div>\n\n<div class=\"sow-carousel-container\">\n\t\t<div class=\"sow-carousel-wrapper\"\n\t\tdata-dir=\"ltr\"\n\t\tstyle=\"opacity: 0;\"\n\t\tdata-widget=\"post\" data-fetching=\"false\" data-page=\"1\" data-ajax-url=\"https:\/\/www.leulit.com\/wp-admin\/admin-ajax.php?_widgets_nonce=2486bb1c89\" data-item_count=\"8\" data-carousel_settings=\"{&quot;loop&quot;:true,&quot;animation&quot;:&quot;Ease&quot;,&quot;animation_speed&quot;:400,&quot;autoplay&quot;:&quot;&quot;,&quot;pauseOnHover&quot;:&quot;&quot;,&quot;autoplaySpeed&quot;:8000,&quot;item_overflow&quot;:true,&quot;autoplay_continuous_scroll&quot;:false}\" data-responsive=\"{&quot;desktop_slides_to_scroll&quot;:1,&quot;tablet_landscape_breakpoint&quot;:1366,&quot;tablet_landscape_slides_to_scroll&quot;:2,&quot;tablet_portrait_breakpoint&quot;:1025,&quot;tablet_portrait_slides_to_scroll&quot;:2,&quot;mobile_breakpoint&quot;:480,&quot;mobile_slides_to_scroll&quot;:1}\" data-variable_width=\"true\" \t>\n\t\t<div\n\t\t\tclass=\"sow-carousel-items\"\n\t\t\t\t\t>\n\t\t\t\t<div class=\"sow-carousel-item\" tabindex=\"-1\" style=\"float: left;\">\n\t\t<div class=\"sow-carousel-thumbnail\">\n\t\t\t\t\t\t\t<a\n\t\t\t\t\thref=\"https:\/\/www.leulit.com\/ca\/servicios\/desarrollo-app\/diseno-aplicaciones-control-banos-2\/\"\n\t\t\t\t\t\t\t\t\t\tstyle=\"background-image: url( https:\/\/www.leulit.com\/wp-content\/uploads\/2017\/06\/app-banos-matacas2-272x182.png )\"\n\t\t\t\t\taria-labelledby=\"sow-carousel-id-906\"\n\t\t\t\t\ttabindex=\"-1\"\n\t\t\t\t>\n\t\t\t\t\t<span class=\"overlay\"><\/span>\n\t\t\t\t<\/a>\n\t\t\t\t\t<\/div>\n\t\t<h3 class=\"sow-carousel-item-title\">\n\t\t\t<a\n\t\t\t\thref=\"https:\/\/www.leulit.com\/ca\/servicios\/desarrollo-app\/diseno-aplicaciones-control-banos-2\/\"\n\t\t\t\tid=\"sow-carousel-id-906\"\n\t\t\t\t\t\t\t\ttabindex=\"-1\"\n\t\t\t>\n\n\t\t\t\tDisseny aplicacions \u2013 Control banys\t\t\t<\/a>\n\t\t<\/h3>\n\t<\/div>\n\t\t<div class=\"sow-carousel-item\" tabindex=\"-1\" style=\"float: left;\">\n\t\t<div class=\"sow-carousel-thumbnail\">\n\t\t\t\t\t\t\t<a\n\t\t\t\t\thref=\"https:\/\/www.leulit.com\/ca\/servicios\/desarrollo-app\/desarrollo-app-control-comedor\/\"\n\t\t\t\t\t\t\t\t\t\tstyle=\"background-image: url( https:\/\/www.leulit.com\/wp-content\/uploads\/2017\/07\/app-matacas-menjador-272x182.jpg )\"\n\t\t\t\t\taria-labelledby=\"sow-carousel-id-889\"\n\t\t\t\t\ttabindex=\"-1\"\n\t\t\t\t>\n\t\t\t\t\t<span class=\"overlay\"><\/span>\n\t\t\t\t<\/a>\n\t\t\t\t\t<\/div>\n\t\t<h3 class=\"sow-carousel-item-title\">\n\t\t\t<a\n\t\t\t\thref=\"https:\/\/www.leulit.com\/ca\/servicios\/desarrollo-app\/desarrollo-app-control-comedor\/\"\n\t\t\t\tid=\"sow-carousel-id-889\"\n\t\t\t\t\t\t\t\ttabindex=\"-1\"\n\t\t\t>\n\n\t\t\t\tDesenvolupament App \u2013 Control menjador\t\t\t<\/a>\n\t\t<\/h3>\n\t<\/div>\n\t\t<div class=\"sow-carousel-item\" tabindex=\"-1\" style=\"float: left;\">\n\t\t<div class=\"sow-carousel-thumbnail\">\n\t\t\t\t\t\t\t<a\n\t\t\t\t\thref=\"https:\/\/www.leulit.com\/ca\/servicios\/desarrollo-app\/simulacion-incendios\/\"\n\t\t\t\t\t\t\t\t\t\tstyle=\"background-image: url( https:\/\/www.leulit.com\/wp-content\/uploads\/2017\/06\/app-simulacion-incendios-1-272x182.png )\"\n\t\t\t\t\taria-labelledby=\"sow-carousel-id-638\"\n\t\t\t\t\ttabindex=\"-1\"\n\t\t\t\t>\n\t\t\t\t\t<span class=\"overlay\"><\/span>\n\t\t\t\t<\/a>\n\t\t\t\t\t<\/div>\n\t\t<h3 class=\"sow-carousel-item-title\">\n\t\t\t<a\n\t\t\t\thref=\"https:\/\/www.leulit.com\/ca\/servicios\/desarrollo-app\/simulacion-incendios\/\"\n\t\t\t\tid=\"sow-carousel-id-638\"\n\t\t\t\t\t\t\t\ttabindex=\"-1\"\n\t\t\t>\n\n\t\t\t\tDesenvolupament App \u2013 Simulaci\u00f3 d&#039;incendis\t\t\t<\/a>\n\t\t<\/h3>\n\t<\/div>\n\t\t<div class=\"sow-carousel-item\" tabindex=\"-1\" style=\"float: left;\">\n\t\t<div class=\"sow-carousel-thumbnail\">\n\t\t\t\t\t\t\t<a\n\t\t\t\t\thref=\"https:\/\/www.leulit.com\/ca\/servicios\/desarrollo-app\/balsas-de-agua\/\"\n\t\t\t\t\t\t\t\t\t\tstyle=\"background-image: url( https:\/\/www.leulit.com\/wp-content\/uploads\/2017\/06\/app-basses-2-272x182.png )\"\n\t\t\t\t\taria-labelledby=\"sow-carousel-id-630\"\n\t\t\t\t\ttabindex=\"-1\"\n\t\t\t\t>\n\t\t\t\t\t<span class=\"overlay\"><\/span>\n\t\t\t\t<\/a>\n\t\t\t\t\t<\/div>\n\t\t<h3 class=\"sow-carousel-item-title\">\n\t\t\t<a\n\t\t\t\thref=\"https:\/\/www.leulit.com\/ca\/servicios\/desarrollo-app\/balsas-de-agua\/\"\n\t\t\t\tid=\"sow-carousel-id-630\"\n\t\t\t\t\t\t\t\ttabindex=\"-1\"\n\t\t\t>\n\n\t\t\t\tDesenvolupament App \u2013 Basses d&#039;aigua\t\t\t<\/a>\n\t\t<\/h3>\n\t<\/div>\n\t\t<div class=\"sow-carousel-item\" tabindex=\"-1\" style=\"float: left;\">\n\t\t<div class=\"sow-carousel-thumbnail\">\n\t\t\t\t\t\t\t<a\n\t\t\t\t\thref=\"https:\/\/www.leulit.com\/ca\/servicios\/desarrollo-app\/desarrollo-app-control-altas-bajas\/\"\n\t\t\t\t\t\t\t\t\t\tstyle=\"background-image: url( https:\/\/www.leulit.com\/wp-content\/uploads\/2017\/06\/app-matacas-altas-bajas-272x182.png )\"\n\t\t\t\t\taria-labelledby=\"sow-carousel-id-627\"\n\t\t\t\t\ttabindex=\"-1\"\n\t\t\t\t>\n\t\t\t\t\t<span class=\"overlay\"><\/span>\n\t\t\t\t<\/a>\n\t\t\t\t\t<\/div>\n\t\t<h3 class=\"sow-carousel-item-title\">\n\t\t\t<a\n\t\t\t\thref=\"https:\/\/www.leulit.com\/ca\/servicios\/desarrollo-app\/desarrollo-app-control-altas-bajas\/\"\n\t\t\t\tid=\"sow-carousel-id-627\"\n\t\t\t\t\t\t\t\ttabindex=\"-1\"\n\t\t\t>\n\n\t\t\t\tDesenvolupament App \u2013 Control altes\/baixes\t\t\t<\/a>\n\t\t<\/h3>\n\t<\/div>\n\t\t<div class=\"sow-carousel-item\" tabindex=\"-1\" style=\"float: left;\">\n\t\t<div class=\"sow-carousel-thumbnail\">\n\t\t\t\t\t\t\t<a\n\t\t\t\t\thref=\"https:\/\/www.leulit.com\/ca\/servicios\/desarrollo-app\/desarrollo-app-control-hospitalizaciones\/\"\n\t\t\t\t\t\t\t\t\t\tstyle=\"background-image: url( https:\/\/www.leulit.com\/wp-content\/uploads\/2017\/06\/app-hospitalizaciones-272x182.png )\"\n\t\t\t\t\taria-labelledby=\"sow-carousel-id-622\"\n\t\t\t\t\ttabindex=\"-1\"\n\t\t\t\t>\n\t\t\t\t\t<span class=\"overlay\"><\/span>\n\t\t\t\t<\/a>\n\t\t\t\t\t<\/div>\n\t\t<h3 class=\"sow-carousel-item-title\">\n\t\t\t<a\n\t\t\t\thref=\"https:\/\/www.leulit.com\/ca\/servicios\/desarrollo-app\/desarrollo-app-control-hospitalizaciones\/\"\n\t\t\t\tid=\"sow-carousel-id-622\"\n\t\t\t\t\t\t\t\ttabindex=\"-1\"\n\t\t\t>\n\n\t\t\t\tDesenvolupament App \u2013 Control hospitalitzacions\t\t\t<\/a>\n\t\t<\/h3>\n\t<\/div>\n\t\t\t<\/div>\n\t\t\t<\/div>\n\n\t<\/div>\n\t\t<input type=\"hidden\" name=\"instance_hash\" value=\"23f5bc9e\"\/>\n\t<\/div>\n<\/div><\/div><\/div><\/div><\/div>","protected":false},"excerpt":{"rendered":"<p>ERP Almac\u00e9n ERP Almac\u00e9n permite tener un control a los usuarios del almac\u00e9n. En la app se puede: Consultar PN: [&hellip;]<\/p>\n","protected":false},"author":1,"featured_media":1573,"parent":211,"menu_order":0,"comment_status":"closed","ping_status":"closed","template":"","meta":{"footnotes":""},"class_list":["post-1576","page","type-page","status-publish","has-post-thumbnail","hentry"],"_links":{"self":[{"href":"https:\/\/www.leulit.com\/ca\/wp-json\/wp\/v2\/pages\/1576","targetHints":{"allow":["GET"]}}],"collection":[{"href":"https:\/\/www.leulit.com\/ca\/wp-json\/wp\/v2\/pages"}],"about":[{"href":"https:\/\/www.leulit.com\/ca\/wp-json\/wp\/v2\/types\/page"}],"author":[{"embeddable":true,"href":"https:\/\/www.leulit.com\/ca\/wp-json\/wp\/v2\/users\/1"}],"replies":[{"embeddable":true,"href":"https:\/\/www.leulit.com\/ca\/wp-json\/wp\/v2\/comments?post=1576"}],"version-history":[{"count":11,"href":"https:\/\/www.leulit.com\/ca\/wp-json\/wp\/v2\/pages\/1576\/revisions"}],"predecessor-version":[{"id":2854,"href":"https:\/\/www.leulit.com\/ca\/wp-json\/wp\/v2\/pages\/1576\/revisions\/2854"}],"up":[{"embeddable":true,"href":"https:\/\/www.leulit.com\/ca\/wp-json\/wp\/v2\/pages\/211"}],"wp:featuredmedia":[{"embeddable":true,"href":"https:\/\/www.leulit.com\/ca\/wp-json\/wp\/v2\/media\/1573"}],"wp:attachment":[{"href":"https:\/\/www.leulit.com\/ca\/wp-json\/wp\/v2\/media?parent=1576"}],"curies":[{"name":"wp","href":"https:\/\/api.w.org\/{rel}","templated":true}]}}