{"id":1629,"date":"2019-12-24T11:24:12","date_gmt":"2019-12-24T11:24:12","guid":{"rendered":"https:\/\/www.leulit.com\/?page_id=1629"},"modified":"2020-04-07T11:03:26","modified_gmt":"2020-04-07T11:03:26","slug":"condicions-dus-i-politica-de-privadesa","status":"publish","type":"page","link":"https:\/\/www.leulit.com\/ca\/condiciones-de-uso-y-politica-de-privacidad\/","title":{"rendered":"Condicions d&#039;\u00fas i pol\u00edtica de privadesa"},"content":{"rendered":"<p><em>2020 \u00a9 Tots els drets reservats<\/em><\/p>\n<p>Aquesta p\u00e0gina web i el nom de domini www.leulit.com \u00e9s gestionat per la mercantil LEULIT SL, que exerceix les funcions de titular de la web i prestador dels serveis de la societat de la informaci\u00f3.<\/p>\n<p>En compliment de l&#039;article 10 de la Llei 34\/2002, d&#039;11 de juliol, de serveis de la Societat de la Informaci\u00f3 i Comer\u00e7 Electr\u00f2nic (LSSI) s&#039;exposen les dades identificatives del prestador dels serveis d&#039;informaci\u00f3:<\/p>\n<p>LEULIT, SL (a partir d&#039;ara, referida com a LEULIT o el titular) Heliport Teresa Vil\u00e0, s\/n, 08231 Ullastrell (Barcelona) CIF: B66766270 Email: <a href=\"mailto:info@leulit.com\">info@leulit.com<\/a>. Inscrita al Registre Mercantil de Barcelona i amb NIF B66766270.<\/p>\n<p>El fet d&#039;accedir i participar en aquesta p\u00e0gina implica el coneixement i l&#039;acceptaci\u00f3 de les seves condicions d&#039;\u00fas i pol\u00edtica de privadesa.<\/p>\n<p><strong>1. Finalitat de la web.<\/strong> La web atcacorreduria.com t\u00e9 per objecte facilitar al p\u00fablic en general el coneixement de tipus d&#039;assegurances en qu\u00e8 LEULIT SL presta serveis de mediaci\u00f3, aix\u00ed com facilitar igualment el contacte per a la sol\u00b7licitud de m\u00e9s informaci\u00f3 i la seva eventual contractaci\u00f3.<\/p>\n<p><strong>2.<\/strong>&nbsp;<strong>Propietat intel\u00b7lectual.<\/strong> Els drets de propietat intel\u00b7lectual de la web atcacorreduria.com, el seu codi font, disseny, estructura de navegaci\u00f3, bases de dades i els diferents elements continguts s\u00f3n titularitat de LEULIT SL, a qui correspon l&#039;exercici exclusiu dels drets d&#039;explotaci\u00f3 de aquests en qualsevol forma i, en especial, els drets de reproducci\u00f3, distribuci\u00f3, comunicaci\u00f3 p\u00fablica i transformaci\u00f3. La utilitzaci\u00f3 no autoritzada de la informaci\u00f3 continguda en aquesta web, la seva revenda, aix\u00ed com la lesi\u00f3 dels drets de propietat intel\u00b7lectual o industrial de LEULIT SL, donar\u00e0 lloc a les responsabilitats legalment establertes. L&#039;usuari reconeix que, en introduir, crear o compartir continguts en aquest lloc web expressament atorga i est\u00e0 en condici\u00f3 d&#039;atorgar sense cap contraprestaci\u00f3 i de forma irrevocable perm\u00eds a favor de LEULIT SL perqu\u00e8 aquesta pugui utilitzar, copiar, comunicar, fer p\u00fablic i distribuir el contingut de lusuari al lloc web.<\/p>\n<p><strong>3.<\/strong>&nbsp;<strong>Condicions generals.<\/strong>&nbsp;Aquestes condicions generals regulen l&#039;acc\u00e9s i la utilitzaci\u00f3 del lloc web atcacorreduria.com, el qual es posa gratu\u00eftament a disposici\u00f3 dels usuaris d&#039;Internet. L&#039;acc\u00e9s implica la seva acceptaci\u00f3 sense reserves. S&#039;autoritza la visualitzaci\u00f3, impressi\u00f3 i desc\u00e0rrega parcial del contingut de la web nom\u00e9s i exclusivament si concorren les condicions seg\u00fcents: 1) Que sigui compatible amb els objectius de la web. 2) Que es realitzi amb l&#039;\u00e0nim exclusiu d&#039;obtenir la informaci\u00f3 continguda per a \u00fas personal i privat. Es prohibeix expressament la seva utilitzaci\u00f3 amb fins comercials o per a la seva distribuci\u00f3, comunicaci\u00f3 p\u00fablica, transformaci\u00f3 o descompilaci\u00f3 sense el consentiment expr\u00e9s del titular.<\/p>\n<p><strong>4. Acc\u00e9s a la web.<\/strong>&nbsp;Tant l&#039;acc\u00e9s a aquest web com l&#039;\u00fas que es pugui fer de la informaci\u00f3 que cont\u00e9 \u00e9s de l&#039;exclusiva responsabilitat de qui el realitza. El titular no respondr\u00e0 de cap conseq\u00fc\u00e8ncia, dany o perjudici que poguessin derivar-se del dit acc\u00e9s o \u00fas de la informaci\u00f3. El titular no es fa responsable dels possibles errors de seguretat que es puguin produir ni dels possibles danys que puguin causar-se al sistema inform\u00e0tic de l&#039;usuari (hardware i software), els fitxers o documents emmagatzemats en aquest, com a conseq\u00fc\u00e8ncia de la pres\u00e8ncia de virus a l&#039;ordinador de l&#039;usuari utilitzat per a la connexi\u00f3 als serveis i continguts de la web, d&#039;un mal funcionament del navegador o de l&#039;\u00fas de versions no actualitzades. El titular de la web no garanteix la inexist\u00e8ncia d&#039;errors en l&#039;acc\u00e9s a la seva web, en el seu contingut, ni que aquesta estigui actualitzada, encara que realitzar\u00e0 els seus millors esfor\u00e7os per, si escau, evitar-los, esmenar-los o actualitzar-los.<\/p>\n<p><strong>5. Enlla\u00e7os a altres webs.<\/strong>&nbsp;El titular de la web no assumeix cap responsabilitat respecte a la informaci\u00f3 continguda a les p\u00e0gines web de tercers a qu\u00e8 es pugui accedir a trav\u00e9s d&#039;enlla\u00e7os des de la p\u00e0gina atcacorreduria.com. La pres\u00e8ncia daquests enlla\u00e7os t\u00e9 una finalitat merament informativa, i no constitueix en cap cas una invitaci\u00f3 a la contractaci\u00f3 de productes o serveis que es puguin oferir a la p\u00e0gina web de destinaci\u00f3. En cas que el titular tingu\u00e9s coneixement efectiu que l&#039;activitat o la informaci\u00f3 a qu\u00e8 remeten aquests enlla\u00e7os \u00e9s il\u00b7l\u00edcita, constitutiva de delicte o que pot lesionar b\u00e9ns o drets de tercers susceptibles d&#039;indemnitzaci\u00f3, actuar\u00e0 amb la dilig\u00e8ncia necess\u00e0ria per suprimir o inutilitzar el enlla\u00e7 corresponent al menor espai de temps possible.<\/p>\n<p><strong>6. Responsabilitat per infracci\u00f3 de propietat intel\u00b7lectual.<\/strong> La utilitzaci\u00f3 no autoritzada de la informaci\u00f3 continguda en aquesta web, la seva revenda, aix\u00ed com la lesi\u00f3 dels drets de propietat intel\u00b7lectual o industrial de LEULIT SL, donar\u00e0 lloc a les responsabilitats legalment establertes.<\/p>\n<p><strong>7. LOPD \u2013 Llei Org\u00e0nica de Protecci\u00f3 de Dades de Car\u00e0cter Personal.&nbsp;<\/strong>El titular de la web pot posar a disposici\u00f3 de l&#039;usuari formularis a trav\u00e9s dels quals ens pot fer arribar certa informaci\u00f3, aix\u00ed com un correu electr\u00f2nic per fer-nos arribar les seves consultes. L&#039;usuari consent expressament i autoritza a LEULIT SL el tractament automatitzat de les dades personals que subministri volunt\u00e0riament, a trav\u00e9s de formulari o email, a l&#039;efecte de respondre a les seves sol\u00b7licituds d&#039;informaci\u00f3 i\/o contractaci\u00f3, oferir informaci\u00f3 relativa a assegurances i mantenir les comunicacions necessaris en tant que client o possible client de LEULIT SL. L&#039;usuari consent que les dades que ens faciliti, si cal, quedin incorporades als fitxers de LEULIT SL, per a fins de gesti\u00f3 d&#039;usuaris, clients, possibles clients, recursos humans o personal, segons correspongui. En qualsevol cas, l&#039;usuari respondr\u00e0 de la veracitat de les dades facilitades i es presumir\u00e0 que qui ens ha fet arribar les dades n&#039;\u00e9s el titular. El titular guardar\u00e0 les dades personals rebudes a trav\u00e9s dels formularis o comptes de correu de la p\u00e0gina web en total secret, excepte el nom indicat com a remitent, garantint-ne la confidencialitat, i adoptar\u00e0 les mesures t\u00e8cniques necess\u00e0ries i adequades per evitar qualsevol alteraci\u00f3, p\u00e8rdua, mal \u00fas, sostracci\u00f3 o tractament i\/o acc\u00e9s no autoritzats. Aix\u00ed mateix, aquestes dades no seran cedides ni es donar\u00e0 acc\u00e9s en cap moment a terceres entitats, excepte en els casos autoritzats per la llei. L&#039;acc\u00e9s o \u00fas d&#039;aquesta p\u00e0gina web per part de l&#039;usuari implica el consentiment i l&#039;acceptaci\u00f3 de les condicions exposades en aquesta pol\u00edtica de privadesa. L&#039;usuari podr\u00e0 exercir els seus drets d&#039;acc\u00e9s, rectificaci\u00f3, oposici\u00f3 o cancel\u00b7laci\u00f3 de les seves dades en qualsevol moment davant de LEULIT SL, Heliport Teresa Vil\u00e0, s\/n, 08231 Ullastrell (Barcelona), o per email a <a href=\"mailto:info@leulit.com\">info@leulit.com<\/a>. El titular no utilitza t\u00e8cniques de \u201cspamming\u201d i nom\u00e9s tractar\u00e0 les dades que l&#039;usuari transmeti a trav\u00e9s dels correus electr\u00f2nics habilitat a la web.<\/p>\n<p><strong>8. Enlla\u00e7os d&#039;hipertext.&nbsp;<\/strong>Als enlla\u00e7os que es realitzin a la nostra p\u00e0gina web s&#039;hauran de respectar escrupolosament els drets de propietat intel\u00b7lectual i industrial sobre la p\u00e0gina web i els continguts. No es permetran els enlla\u00e7os quan es realitzin de manera que el disseny de la nostra p\u00e0gina web quedi modificat i especialment, no es podran mantenir els \u201cframes\u201d de la p\u00e0gina web d&#039;origen. Tampoc no es permetran enlla\u00e7os que puguin crear confusi\u00f3 a l&#039;usuari sobre el titular de la p\u00e0gina web que es visita, per exemple mantenint la URL del web original, o de manera que el web original s&#039;aprofiti il\u00b7l\u00edcitament de la reputaci\u00f3, la inversi\u00f3 o els drets del titular.<\/p>\n<p><strong>9. Modificacions de la web i cancel\u00b7laci\u00f3.&nbsp;<\/strong>El titular es reserva la facultat d&#039;efectuar, en qualsevol moment i sense necessitat de previ av\u00eds, modificacions i actualitzacions la informaci\u00f3 continguda a les seves webs oa la configuraci\u00f3 i presentaci\u00f3 de les mateixes. LEULIT SL es reserva el dret de cancel\u00b7lar o denegar l&#039;acc\u00e9s als continguts i serveis d&#039;aquest site d&#039;acord amb raons internes, sense necessitat d&#039;av\u00eds previ.<\/p>\n<p><strong>10.<\/strong>&nbsp;<strong>Responsabilitats.<\/strong> LEULIT SL no es responsabilitza de qualsevol dany o perjudici derivat de circumst\u00e0ncies de for\u00e7a major, com per exemple: error en les l\u00ednies de comunicacions, defectes al maquinari i programari dels usuaris, fallades a la xarxa d&#039;Internet (de connexi\u00f3, a les p\u00e0gines enlla\u00e7ades). No es garanteix que la p\u00e0gina web funcionar\u00e0 constant, fiable i correctament, sense demores o interrupcions. LEULIT SL es reserva el dret a modificar aquesta pol\u00edtica de privadesa amb l&#039;objectiu d&#039;adaptar-la a les possibles novetats legislatives, aix\u00ed com a les que es puguin derivar dels codi tipus existents en la mat\u00e8ria o per motius estrat\u00e8gics o corporatius. Tot aix\u00f2, sense perjudici de reclamar el consentiment necessari dels afectats per fer els tractaments requerits, quan aquest consentiment no es consideri atorgat en funci\u00f3 dels termes de la present pol\u00edtica de privadesa. LEULIT SL t\u00e9 com a objectiu principal garantir la privadesa i confidencialitat de les dades de car\u00e0cter personal dels usuaris, demanades a trav\u00e9s de qualsevol sistema que permeti la transmissi\u00f3 de dades, viatjant per canals raonablement segurs. Per tant, manifesta el seu comprom\u00eds de compliment amb la legislaci\u00f3 que en aquesta mat\u00e8ria estigui vigent a cada moment. LEULIT SL no es responsabilitza del mal \u00fas que es realitzi dels continguts de la seva p\u00e0gina web, sent responsabilitat exclusiva de la persona que hi accedeix o els utilitza. Tampoc assumeix cap responsabilitat per la informaci\u00f3 continguda a les p\u00e0gines web de tercers a les quals es pugui accedir a trav\u00e9s d&#039;enlla\u00e7os des de la web. LEULIT SL no respon ni es fa c\u00e0rrec de cap mena de responsabilitat pels danys i perjudicis que puguin relacionar-se amb el funcionament, disponibilitat i continu\u00eftat dels llocs enlla\u00e7ats. L&#039;usuari es compromet a utilitzar el web de LEULIT SL d&#039;acord amb el que estableix aquesta Pol\u00edtica de Privadesa i Condicions d&#039;\u00das.<\/p>\n<p><strong>11. Cookies.<\/strong> El web de LEULIT SL pot utilitzar cookies, petits fitxers de dades que es generen a l&#039;ordinador de l&#039;usuari i que ens permeten con\u00e8ixer la freq\u00fc\u00e8ncia de visites, els continguts m\u00e9s seleccionats i els elements de seguretat que poden intervenir en el control d&#039;acc\u00e9s a \u00e0rees restringides, aix\u00ed com la visualitzaci\u00f3 de publicitat en funci\u00f3 de criteris predefinits per LEULIT SL i que s&#039;activen per cookies servides per aquesta entitat o per tercers que presten aquests serveis per compte de LEULIT SL. L&#039;usuari t\u00e9 l&#039;opci\u00f3 d&#039;impedir la generaci\u00f3 de cookies, mitjan\u00e7ant la selecci\u00f3 de la corresponent opci\u00f3 al vostre navegador.<\/p>\n<p><strong>12.<\/strong>&nbsp;<strong>F\u00f2rum aplicable.<\/strong>&nbsp;L&#039;usuari accepta que la legislaci\u00f3 aplicable i els jutjats i tribunals competents per con\u00e8ixer de les diverg\u00e8ncies derivades de la interpretaci\u00f3 o aplicaci\u00f3 d&#039;aquest clausulat s\u00f3n els espanyols, i se sotmet, amb ren\u00fancia expressa a qualsevol altre fur, els jutjats i tribunals corresponents al municipi d&#039;Ullastrell (Barcelona). El titular es reserva el dret a fer els canvis que consideri necessaris en els termes i condicions establerts. Les modificacions s&#039;inclouran de manera destacada a la web.<\/p>","protected":false},"excerpt":{"rendered":"<p>2020 \u00a9 Todos los derechos reservados Esta p\u00e1gina web y el nombre de dominio www.leulit.com es gestionado por la mercantil [&hellip;]<\/p>\n","protected":false},"author":1,"featured_media":0,"parent":0,"menu_order":0,"comment_status":"closed","ping_status":"closed","template":"","meta":{"footnotes":""},"class_list":["post-1629","page","type-page","status-publish","hentry"],"_links":{"self":[{"href":"https:\/\/www.leulit.com\/ca\/wp-json\/wp\/v2\/pages\/1629","targetHints":{"allow":["GET"]}}],"collection":[{"href":"https:\/\/www.leulit.com\/ca\/wp-json\/wp\/v2\/pages"}],"about":[{"href":"https:\/\/www.leulit.com\/ca\/wp-json\/wp\/v2\/types\/page"}],"author":[{"embeddable":true,"href":"https:\/\/www.leulit.com\/ca\/wp-json\/wp\/v2\/users\/1"}],"replies":[{"embeddable":true,"href":"https:\/\/www.leulit.com\/ca\/wp-json\/wp\/v2\/comments?post=1629"}],"version-history":[{"count":4,"href":"https:\/\/www.leulit.com\/ca\/wp-json\/wp\/v2\/pages\/1629\/revisions"}],"predecessor-version":[{"id":1728,"href":"https:\/\/www.leulit.com\/ca\/wp-json\/wp\/v2\/pages\/1629\/revisions\/1728"}],"wp:attachment":[{"href":"https:\/\/www.leulit.com\/ca\/wp-json\/wp\/v2\/media?parent=1629"}],"curies":[{"name":"wp","href":"https:\/\/api.w.org\/{rel}","templated":true}]}}