{"id":205,"date":"2017-06-07T11:16:07","date_gmt":"2017-06-07T11:16:07","guid":{"rendered":"http:\/\/www.leulit.com\/?page_id=205"},"modified":"2020-02-17T09:04:49","modified_gmt":"2020-02-17T09:04:49","slug":"imatge-corporativa","status":"publish","type":"page","link":"https:\/\/www.leulit.com\/ca\/servicios\/imagen-corporativa\/","title":{"rendered":"Imatge corporativa"},"content":{"rendered":"<div id=\"pl-205\"  class=\"panel-layout\" ><div id=\"pg-205-0\"  class=\"panel-grid panel-no-style\" ><div id=\"pgc-205-0-0\"  class=\"panel-grid-cell\" ><div id=\"panel-205-0-0-0\" class=\"so-panel widget widget_sow-image panel-first-child panel-last-child\" data-index=\"0\" ><div\n\t\t\t\n\t\t\tclass=\"so-widget-sow-image so-widget-sow-image-default-8b5b6f678277-205\"\n\t\t\t\n\t\t>\n<div class=\"sow-image-container\">\n\t\t<img \n\tsrc=\"https:\/\/www.leulit.com\/wp-content\/uploads\/2019\/12\/diseno-grafico.gif\" width=\"786\" height=\"313\" sizes=\"(max-width: 786px) 100vw, 786px\" title=\"disseny gr\u00e0fic leulit\" alt=\"Imatge Corporativa\" \t\tclass=\"so-widget-image\"\/>\n\t<\/div>\n\n<\/div><\/div><\/div><\/div><div id=\"pg-205-1\"  class=\"panel-grid panel-no-style\" ><div id=\"pgc-205-1-0\"  class=\"panel-grid-cell\" ><div id=\"panel-205-1-0-0\" class=\"so-panel widget widget_sow-editor panel-first-child panel-last-child\" data-index=\"1\" ><div\n\t\t\t\n\t\t\tclass=\"so-widget-sow-editor so-widget-sow-editor-base\"\n\t\t\t\n\t\t><h3 class=\"widget-title\">Imatge corporativa<\/h3>\n<div class=\"siteorigin-widget-tinymce textwidget\">\n\t<p>La imatge corporativa \u00e9s el vincle entre l&#039;empresa i el consumidor, intenta transmetre missatges espec\u00edfics a grups socials, amb objectius determinats.<\/p>\n<p class=\"p2\">El disseny de comunicaci\u00f3 visual o disseny visual inclou totes les publicacions que arriben al client: cartells, flyers, llibres, diaris, revistes, cat\u00e0legs, etc.<\/p>\n<p class=\"p3\"><i>Disseny no \u00e9s all\u00f2 que veus, sin\u00f3 all\u00f2 que has de fer que les altres persones vegin.<\/i><\/p>\n<p>- Disseny editorial.<br \/>\n- Senyal\u00e8tica.<br \/>\n- Disseny de cartells.<br \/>\n- Fullets i fermalls corporatius.<br \/>\n- Disseny d aplicacions d identitat corporativa.<br \/>\n- Presentacions corporatives a PowerPoint.<br \/>\n- V\u00eddeos corporatius.<\/p>\n<\/div>\n<\/div><\/div><\/div><div id=\"pgc-205-1-1\"  class=\"panel-grid-cell\" ><div id=\"panel-205-1-1-0\" class=\"so-panel widget widget_sow-editor panel-first-child panel-last-child\" data-index=\"2\" ><div\n\t\t\t\n\t\t\tclass=\"so-widget-sow-editor so-widget-sow-editor-base\"\n\t\t\t\n\t\t>\n<div class=\"siteorigin-widget-tinymce textwidget\">\n\t<h4>Disseny d\u00edptic \/ tr\u00edptic, fulletons o flyers<\/h4>\n<p><span class=\"texto2\">Flyers per a esdeveniments, productes, serveis... Dissenyem del fullet<\/span>\u00a0publicitari analitzant sempre les necessitats de la vostra empresa<span class=\"texto2\">.<\/span><\/p>\n<h4>Disseny cartells<\/h4>\n<p>Comuniquem el teu missatge a trav\u00e9s de p\u00f2sters o cartells atractius, sempre pensant en el p\u00fablic al qual va dirigit.<\/p>\n<h4>Disseny dossier corporatiu<\/h4>\n<p>Un dossier corporatiu mostra els teus clients com \u00e9s la teva empresa. Un bon disseny i imatge \u00e9s clau per a una bona presentaci\u00f3.\u00a0<\/p>\n<h4>Disseny cat\u00e0leg<\/h4>\n<p>Dissenyem cat\u00e0legs de productes o serveis per a empreses seguint la seva identitat corporativa.<\/p>\n<\/div>\n<\/div><\/div><\/div><\/div><div id=\"pg-205-2\"  class=\"panel-grid panel-no-style\" ><div id=\"pgc-205-2-0\"  class=\"panel-grid-cell\" ><div id=\"panel-205-2-0-0\" class=\"so-panel widget widget_sow-image panel-first-child\" data-index=\"3\" ><div\n\t\t\t\n\t\t\tclass=\"so-widget-sow-image so-widget-sow-image-default-8b5b6f678277-205\"\n\t\t\t\n\t\t>\n<div class=\"sow-image-container\">\n\t\t\t<a href=\"https:\/\/www.leulit.com\/ca\/servicios\/imagen-corporativa\/felicitacion-navidad-atca-insurance-brokers\/\"\n\t\t\t\t\t>\n\t\t\t<img \n\tsrc=\"https:\/\/www.leulit.com\/wp-content\/uploads\/2017\/06\/diseno-grafico-postal-navidad-atca.jpg\" width=\"800\" height=\"600\" srcset=\"https:\/\/www.leulit.com\/wp-content\/uploads\/2017\/06\/diseno-grafico-postal-navidad-atca.jpg 800w, https:\/\/www.leulit.com\/wp-content\/uploads\/2017\/06\/diseno-grafico-postal-navidad-atca-600x450.jpg 600w, https:\/\/www.leulit.com\/wp-content\/uploads\/2017\/06\/diseno-grafico-postal-navidad-atca-300x225.jpg 300w, https:\/\/www.leulit.com\/wp-content\/uploads\/2017\/06\/diseno-grafico-postal-navidad-atca-768x576.jpg 768w\" sizes=\"(max-width: 800px) 100vw, 800px\" title=\"Disseny gr\u00e0fic - Postal de Nadal - ATCA Insurance Brokers\" alt=\"Imatge Corporativa - Disseny gr\u00e0fic \" \t\tclass=\"so-widget-image\"\/>\n\t\t\t<\/a><\/div>\n\n<\/div><\/div><div id=\"panel-205-2-0-1\" class=\"so-panel widget widget_sow-editor panel-last-child\" data-index=\"4\" ><div class=\"explicacion panel-widget-style panel-widget-style-for-205-2-0-1\" ><div\n\t\t\t\n\t\t\tclass=\"so-widget-sow-editor so-widget-sow-editor-base\"\n\t\t\t\n\t\t>\n<div class=\"siteorigin-widget-tinymce textwidget\">\n\t<h4 style=\"text-align: center;\">ATCA Insurance Brokers<\/h4>\n<p style=\"text-align: center;\">Postal de Nadal per enviar els clients de l&#039;empresa.<\/p>\n<\/div>\n<\/div><\/div><\/div><\/div><div id=\"pgc-205-2-1\"  class=\"panel-grid-cell\" ><div id=\"panel-205-2-1-0\" class=\"so-panel widget widget_sow-image panel-first-child\" data-index=\"5\" ><div\n\t\t\t\n\t\t\tclass=\"so-widget-sow-image so-widget-sow-image-default-8b5b6f678277-205\"\n\t\t\t\n\t\t>\n<div class=\"sow-image-container\">\n\t\t\t<a href=\"https:\/\/www.leulit.com\/ca\/servicios\/imagen-corporativa\/felicitacion-navidad-helipistas-helicopters\/\"\n\t\t\t\t\t>\n\t\t\t<img \n\tsrc=\"https:\/\/www.leulit.com\/wp-content\/uploads\/2017\/06\/diseno-grafico-postal-navidad-helipistas.jpg\" width=\"800\" height=\"601\" srcset=\"https:\/\/www.leulit.com\/wp-content\/uploads\/2017\/06\/diseno-grafico-postal-navidad-helipistas.jpg 800w, https:\/\/www.leulit.com\/wp-content\/uploads\/2017\/06\/diseno-grafico-postal-navidad-helipistas-600x451.jpg 600w, https:\/\/www.leulit.com\/wp-content\/uploads\/2017\/06\/diseno-grafico-postal-navidad-helipistas-300x225.jpg 300w, https:\/\/www.leulit.com\/wp-content\/uploads\/2017\/06\/diseno-grafico-postal-navidad-helipistas-768x577.jpg 768w\" sizes=\"(max-width: 800px) 100vw, 800px\" title=\"Disseny gr\u00e0fic - Postal de Nadal - Helipistes Helicopters\" alt=\"Imatge Corporativa - Disseny gr\u00e0fic\" \t\tclass=\"so-widget-image\"\/>\n\t\t\t<\/a><\/div>\n\n<\/div><\/div><div id=\"panel-205-2-1-1\" class=\"so-panel widget widget_sow-editor panel-last-child\" data-index=\"6\" ><div class=\"explicacion panel-widget-style panel-widget-style-for-205-2-1-1\" ><div\n\t\t\t\n\t\t\tclass=\"so-widget-sow-editor so-widget-sow-editor-base\"\n\t\t\t\n\t\t>\n<div class=\"siteorigin-widget-tinymce textwidget\">\n\t<h4 style=\"text-align: center;\">Helipistes Helicopters<\/h4>\n<p style=\"text-align: center;\">Postal de Nadal per enviar els clients de l&#039;empresa.<\/p>\n<\/div>\n<\/div><\/div><\/div><\/div><div id=\"pgc-205-2-2\"  class=\"panel-grid-cell\" ><div id=\"panel-205-2-2-0\" class=\"so-panel widget widget_sow-image panel-first-child\" data-index=\"7\" ><div\n\t\t\t\n\t\t\tclass=\"so-widget-sow-image so-widget-sow-image-default-8b5b6f678277-205\"\n\t\t\t\n\t\t>\n<div class=\"sow-image-container\">\n\t\t\t<a href=\"https:\/\/www.leulit.com\/ca\/servicios\/imagen-corporativa\/flyer-a5-oferta-barcelona-helicopters\/\"\n\t\t\t\t\t>\n\t\t\t<img \n\tsrc=\"https:\/\/www.leulit.com\/wp-content\/uploads\/2017\/06\/diseno-a5-bcnh.jpg\" width=\"800\" height=\"600\" srcset=\"https:\/\/www.leulit.com\/wp-content\/uploads\/2017\/06\/diseno-a5-bcnh.jpg 800w, https:\/\/www.leulit.com\/wp-content\/uploads\/2017\/06\/diseno-a5-bcnh-600x450.jpg 600w, https:\/\/www.leulit.com\/wp-content\/uploads\/2017\/06\/diseno-a5-bcnh-300x225.jpg 300w, https:\/\/www.leulit.com\/wp-content\/uploads\/2017\/06\/diseno-a5-bcnh-768x576.jpg 768w\" sizes=\"(max-width: 800px) 100vw, 800px\" title=\"Disseny gr\u00e0fic - Flyer oferta - Barcelona Helicopters\" alt=\"Imatge Corporativa - Disseny gr\u00e0fic\" \t\tclass=\"so-widget-image\"\/>\n\t\t\t<\/a><\/div>\n\n<\/div><\/div><div id=\"panel-205-2-2-1\" class=\"so-panel widget widget_sow-editor panel-last-child\" data-index=\"8\" ><div class=\"explicacion panel-widget-style panel-widget-style-for-205-2-2-1\" ><div\n\t\t\t\n\t\t\tclass=\"so-widget-sow-editor so-widget-sow-editor-base\"\n\t\t\t\n\t\t>\n<div class=\"siteorigin-widget-tinymce textwidget\">\n\t<h4 style=\"text-align: center;\">Barcelona Helicopters<\/h4>\n<p style=\"text-align: center;\">Disseny de flyer A5 amb oferta de vols tur\u00edstics.<\/p>\n<\/div>\n<\/div><\/div><\/div><\/div><\/div><div id=\"pg-205-3\"  class=\"panel-grid panel-no-style\" ><div id=\"pgc-205-3-0\"  class=\"panel-grid-cell\" ><div id=\"panel-205-3-0-0\" class=\"so-panel widget widget_sow-image panel-first-child\" data-index=\"9\" ><div\n\t\t\t\n\t\t\tclass=\"so-widget-sow-image so-widget-sow-image-default-8b5b6f678277-205\"\n\t\t\t\n\t\t>\n<div class=\"sow-image-container\">\n\t\t\t<a href=\"https:\/\/www.leulit.com\/ca\/servicios\/imagen-corporativa\/tarjeta-embarque-barcelona-helicopters\/\"\n\t\t\t\t\t>\n\t\t\t<img \n\tsrc=\"https:\/\/www.leulit.com\/wp-content\/uploads\/2017\/06\/diseno-grafico-tarjeta-embarque.jpg\" width=\"800\" height=\"600\" srcset=\"https:\/\/www.leulit.com\/wp-content\/uploads\/2017\/06\/diseno-grafico-tarjeta-embarque.jpg 800w, https:\/\/www.leulit.com\/wp-content\/uploads\/2017\/06\/diseno-grafico-tarjeta-embarque-600x450.jpg 600w, https:\/\/www.leulit.com\/wp-content\/uploads\/2017\/06\/diseno-grafico-tarjeta-embarque-300x225.jpg 300w, https:\/\/www.leulit.com\/wp-content\/uploads\/2017\/06\/diseno-grafico-tarjeta-embarque-768x576.jpg 768w\" sizes=\"(max-width: 800px) 100vw, 800px\" title=\"Disseny gr\u00e0fic - Targeta embarcament - Barcelona Helicopters\" alt=\"Imatge Corporativa - Disseny gr\u00e0fic \" \t\tclass=\"so-widget-image\"\/>\n\t\t\t<\/a><\/div>\n\n<\/div><\/div><div id=\"panel-205-3-0-1\" class=\"so-panel widget widget_sow-editor panel-last-child\" data-index=\"10\" ><div class=\"explicacion panel-widget-style panel-widget-style-for-205-3-0-1\" ><div\n\t\t\t\n\t\t\tclass=\"so-widget-sow-editor so-widget-sow-editor-base\"\n\t\t\t\n\t\t>\n<div class=\"siteorigin-widget-tinymce textwidget\">\n\t<h4 style=\"text-align: center;\">Barcelona Helicopters<\/h4>\n<p style=\"text-align: center;\">Disseny duna targeta regal per als clients.<\/p>\n<\/div>\n<\/div><\/div><\/div><\/div><div id=\"pgc-205-3-1\"  class=\"panel-grid-cell\" ><div id=\"panel-205-3-1-0\" class=\"so-panel widget widget_sow-image panel-first-child\" data-index=\"11\" ><div\n\t\t\t\n\t\t\tclass=\"so-widget-sow-image so-widget-sow-image-default-8b5b6f678277-205\"\n\t\t\t\n\t\t>\n<div class=\"sow-image-container\">\n\t\t\t<a href=\"https:\/\/www.leulit.com\/ca\/servicios\/imagen-corporativa\/dossier-servicio-helipistas-helicopters\/\"\n\t\t\t\t\t>\n\t\t\t<img \n\tsrc=\"https:\/\/www.leulit.com\/wp-content\/uploads\/2017\/06\/diseno-dossier-filmacion-4.jpg\" width=\"800\" height=\"600\" srcset=\"https:\/\/www.leulit.com\/wp-content\/uploads\/2017\/06\/diseno-dossier-filmacion-4.jpg 800w, https:\/\/www.leulit.com\/wp-content\/uploads\/2017\/06\/diseno-dossier-filmacion-4-600x450.jpg 600w, https:\/\/www.leulit.com\/wp-content\/uploads\/2017\/06\/diseno-dossier-filmacion-4-300x225.jpg 300w, https:\/\/www.leulit.com\/wp-content\/uploads\/2017\/06\/diseno-dossier-filmacion-4-768x576.jpg 768w\" sizes=\"(max-width: 800px) 100vw, 800px\" title=\"Disseny gr\u00e0fic - Dossier de servei - Helipistes Helicopters\" alt=\"Disseny gr\u00e0fic - Dossier de servei - Helipistes Helicopters\" \t\tclass=\"so-widget-image\"\/>\n\t\t\t<\/a><\/div>\n\n<\/div><\/div><div id=\"panel-205-3-1-1\" class=\"so-panel widget widget_sow-editor panel-last-child\" data-index=\"12\" ><div class=\"explicacion panel-widget-style panel-widget-style-for-205-3-1-1\" ><div\n\t\t\t\n\t\t\tclass=\"so-widget-sow-editor so-widget-sow-editor-base\"\n\t\t\t\n\t\t>\n<div class=\"siteorigin-widget-tinymce textwidget\">\n\t<h4 style=\"text-align: center;\">Helipistes Helicopters<\/h4>\n<p style=\"text-align: center;\">Disseny d&#039;un dossier corporatiu d&#039;un servei espec\u00edfic.<\/p>\n<\/div>\n<\/div><\/div><\/div><\/div><div id=\"pgc-205-3-2\"  class=\"panel-grid-cell\" ><div id=\"panel-205-3-2-0\" class=\"so-panel widget widget_sow-image panel-first-child\" data-index=\"13\" ><div\n\t\t\t\n\t\t\tclass=\"so-widget-sow-image so-widget-sow-image-default-8b5b6f678277-205\"\n\t\t\t\n\t\t>\n<div class=\"sow-image-container\">\n\t\t\t<a href=\"https:\/\/www.leulit.com\/ca\/servicios\/imagen-corporativa\/dossier-corporativo-icarus-manteniment\/\"\n\t\t\t\t\t>\n\t\t\t<img \n\tsrc=\"https:\/\/www.leulit.com\/wp-content\/uploads\/2017\/06\/imagen-corporativa-dossier-corporativo-icarus.jpg\" width=\"816\" height=\"612\" srcset=\"https:\/\/www.leulit.com\/wp-content\/uploads\/2017\/06\/imagen-corporativa-dossier-corporativo-icarus.jpg 816w, https:\/\/www.leulit.com\/wp-content\/uploads\/2017\/06\/imagen-corporativa-dossier-corporativo-icarus-600x450.jpg 600w, https:\/\/www.leulit.com\/wp-content\/uploads\/2017\/06\/imagen-corporativa-dossier-corporativo-icarus-300x225.jpg 300w, https:\/\/www.leulit.com\/wp-content\/uploads\/2017\/06\/imagen-corporativa-dossier-corporativo-icarus-768x576.jpg 768w\" sizes=\"(max-width: 816px) 100vw, 816px\" title=\"Disseny gr\u00e0fic - Dossier corporatiu - Icarus Manteniment\" alt=\"Disseny gr\u00e0fic - Dossier corporatiu - Icarus Manteniment\" \t\tclass=\"so-widget-image\"\/>\n\t\t\t<\/a><\/div>\n\n<\/div><\/div><div id=\"panel-205-3-2-1\" class=\"so-panel widget widget_sow-editor panel-last-child\" data-index=\"14\" ><div class=\"explicacion panel-widget-style panel-widget-style-for-205-3-2-1\" ><div\n\t\t\t\n\t\t\tclass=\"so-widget-sow-editor so-widget-sow-editor-base\"\n\t\t\t\n\t\t>\n<div class=\"siteorigin-widget-tinymce textwidget\">\n\t<h4 style=\"text-align: center;\">Icarus Manteniment<\/h4>\n<p style=\"text-align: center;\">Disseny del dossier corporatiu de lempresa.<\/p>\n<\/div>\n<\/div><\/div><\/div><\/div><\/div><div id=\"pg-205-4\"  class=\"panel-grid panel-no-style\" ><div id=\"pgc-205-4-0\"  class=\"panel-grid-cell\" ><div id=\"panel-205-4-0-0\" class=\"so-panel widget widget_sow-image panel-first-child\" data-index=\"15\" ><div\n\t\t\t\n\t\t\tclass=\"so-widget-sow-image so-widget-sow-image-default-8b5b6f678277-205\"\n\t\t\t\n\t\t>\n<div class=\"sow-image-container\">\n\t\t\t<a href=\"https:\/\/www.leulit.com\/ca\/servicios\/imagen-corporativa\/presentacion-powerpoint-helipistas-helicopters\/\"\n\t\t\t\t\t>\n\t\t\t<img \n\tsrc=\"https:\/\/www.leulit.com\/wp-content\/uploads\/2017\/06\/imagen-corporativa-diseno-powerpoint-helipistas1.jpg\" width=\"800\" height=\"600\" srcset=\"https:\/\/www.leulit.com\/wp-content\/uploads\/2017\/06\/imagen-corporativa-diseno-powerpoint-helipistas1.jpg 800w, https:\/\/www.leulit.com\/wp-content\/uploads\/2017\/06\/imagen-corporativa-diseno-powerpoint-helipistas1-600x450.jpg 600w, https:\/\/www.leulit.com\/wp-content\/uploads\/2017\/06\/imagen-corporativa-diseno-powerpoint-helipistas1-300x225.jpg 300w, https:\/\/www.leulit.com\/wp-content\/uploads\/2017\/06\/imagen-corporativa-diseno-powerpoint-helipistas1-768x576.jpg 768w\" sizes=\"(max-width: 800px) 100vw, 800px\" title=\"Disseny gr\u00e0fic - Presentaci\u00f3 PowerPoint - Helipistes Helicopters\" alt=\"Disseny gr\u00e0fic - Presentaci\u00f3 PowerPoint - Helipistes Helicopters\" \t\tclass=\"so-widget-image\"\/>\n\t\t\t<\/a><\/div>\n\n<\/div><\/div><div id=\"panel-205-4-0-1\" class=\"so-panel widget widget_sow-editor panel-last-child\" data-index=\"16\" ><div class=\"explicacion panel-widget-style panel-widget-style-for-205-4-0-1\" ><div\n\t\t\t\n\t\t\tclass=\"so-widget-sow-editor so-widget-sow-editor-base\"\n\t\t\t\n\t\t>\n<div class=\"siteorigin-widget-tinymce textwidget\">\n\t<h4 style=\"text-align: center;\">Helipistes Helicopters<\/h4>\n<p style=\"text-align: center;\">Presentaci\u00f3 PowerPoint corporatiu per a una pon\u00e8ncia.<\/p>\n<\/div>\n<\/div><\/div><\/div><\/div><div id=\"pgc-205-4-1\"  class=\"panel-grid-cell panel-grid-cell-empty panel-grid-cell-mobile-last\" ><\/div><div id=\"pgc-205-4-2\"  class=\"panel-grid-cell panel-grid-cell-empty\" ><\/div><\/div><\/div>","protected":false},"excerpt":{"rendered":"<p>La imagen corporativa es el vinculo entre la empresa y el consumidor, trata de transmitir mensajes espec\u00edficos a grupos sociales, [&hellip;]<\/p>\n","protected":false},"author":1,"featured_media":0,"parent":249,"menu_order":0,"comment_status":"closed","ping_status":"closed","template":"","meta":{"footnotes":""},"class_list":["post-205","page","type-page","status-publish","hentry"],"_links":{"self":[{"href":"https:\/\/www.leulit.com\/ca\/wp-json\/wp\/v2\/pages\/205","targetHints":{"allow":["GET"]}}],"collection":[{"href":"https:\/\/www.leulit.com\/ca\/wp-json\/wp\/v2\/pages"}],"about":[{"href":"https:\/\/www.leulit.com\/ca\/wp-json\/wp\/v2\/types\/page"}],"author":[{"embeddable":true,"href":"https:\/\/www.leulit.com\/ca\/wp-json\/wp\/v2\/users\/1"}],"replies":[{"embeddable":true,"href":"https:\/\/www.leulit.com\/ca\/wp-json\/wp\/v2\/comments?post=205"}],"version-history":[{"count":46,"href":"https:\/\/www.leulit.com\/ca\/wp-json\/wp\/v2\/pages\/205\/revisions"}],"predecessor-version":[{"id":1677,"href":"https:\/\/www.leulit.com\/ca\/wp-json\/wp\/v2\/pages\/205\/revisions\/1677"}],"up":[{"embeddable":true,"href":"https:\/\/www.leulit.com\/ca\/wp-json\/wp\/v2\/pages\/249"}],"wp:attachment":[{"href":"https:\/\/www.leulit.com\/ca\/wp-json\/wp\/v2\/media?parent=205"}],"curies":[{"name":"wp","href":"https:\/\/api.w.org\/{rel}","templated":true}]}}