{"id":209,"date":"2017-06-07T11:16:43","date_gmt":"2017-06-07T11:16:43","guid":{"rendered":"http:\/\/www.leulit.com\/?page_id=209"},"modified":"2022-02-08T10:11:39","modified_gmt":"2022-02-08T10:11:39","slug":"disseny-web-wordpress-barcelona","status":"publish","type":"page","link":"https:\/\/www.leulit.com\/ca\/servicios\/diseno-web-wordpress-barcelona\/","title":{"rendered":"Disseny Web \u2013 WordPress"},"content":{"rendered":"<div id=\"pl-209\"  class=\"panel-layout\" ><div id=\"pg-209-0\"  class=\"panel-grid panel-no-style\" ><div id=\"pgc-209-0-0\"  class=\"panel-grid-cell\" ><div id=\"panel-209-0-0-0\" class=\"so-panel widget widget_sow-image panel-first-child\" data-index=\"0\" ><div\n\t\t\t\n\t\t\tclass=\"so-widget-sow-image so-widget-sow-image-default-8b5b6f678277-209\"\n\t\t\t\n\t\t>\n<div class=\"sow-image-container\">\n\t\t<img \n\tsrc=\"https:\/\/www.leulit.com\/wp-content\/uploads\/2022\/01\/Logo-digitalizadores.png\" width=\"3000\" height=\"348\" srcset=\"https:\/\/www.leulit.com\/wp-content\/uploads\/2022\/01\/Logo-digitalizadores.png 3000w, https:\/\/www.leulit.com\/wp-content\/uploads\/2022\/01\/Logo-digitalizadores-300x35.png 300w, https:\/\/www.leulit.com\/wp-content\/uploads\/2022\/01\/Logo-digitalizadores-1024x119.png 1024w, https:\/\/www.leulit.com\/wp-content\/uploads\/2022\/01\/Logo-digitalizadores-768x89.png 768w, https:\/\/www.leulit.com\/wp-content\/uploads\/2022\/01\/Logo-digitalizadores-1536x178.png 1536w, https:\/\/www.leulit.com\/wp-content\/uploads\/2022\/01\/Logo-digitalizadores-2048x238.png 2048w\" sizes=\"(max-width: 3000px) 100vw, 3000px\" alt=\"\" \t\tclass=\"so-widget-image\"\/>\n\t<\/div>\n\n<\/div><\/div><div id=\"panel-209-0-0-1\" class=\"so-panel widget widget_sow-image panel-last-child\" data-index=\"1\" ><div\n\t\t\t\n\t\t\tclass=\"so-widget-sow-image so-widget-sow-image-default-8b5b6f678277-209\"\n\t\t\t\n\t\t>\n<div class=\"sow-image-container\">\n\t\t<img \n\tsrc=\"https:\/\/www.leulit.com\/wp-content\/uploads\/2019\/12\/diseno-web.gif\" width=\"786\" height=\"313\" sizes=\"(max-width: 786px) 100vw, 786px\" title=\"Disseny web\" alt=\"Disseny web\" \t\tclass=\"so-widget-image\"\/>\n\t<\/div>\n\n<\/div><\/div><\/div><\/div><div id=\"pg-209-1\"  class=\"panel-grid panel-no-style\" ><div id=\"pgc-209-1-0\"  class=\"panel-grid-cell\" ><div id=\"panel-209-1-0-0\" class=\"so-panel widget widget_sow-editor panel-first-child panel-last-child\" data-index=\"2\" ><div\n\t\t\t\n\t\t\tclass=\"so-widget-sow-editor so-widget-sow-editor-base\"\n\t\t\t\n\t\t>\n<div class=\"siteorigin-widget-tinymce textwidget\">\n\t<h1>Disseny web WordPress a Barcelona<\/h1>\n<h4>Categories de Solucions de Digitalitzaci\u00f3<\/h4>\n<h5>Lloc Web i pres\u00e8ncia a internet<br \/>\nComer\u00e7 electr\u00f2nic<br \/>\nGesti\u00f3 de xarxes socials<br \/>\nFactura electr\u00f2nica<\/h5>\n<h5>\n&nbsp;<\/h5>\n<\/div>\n<\/div><\/div><\/div><\/div><div id=\"pg-209-2\"  class=\"panel-grid panel-no-style\" ><div id=\"pgc-209-2-0\"  class=\"panel-grid-cell\" ><div id=\"panel-209-2-0-0\" class=\"so-panel widget widget_sow-editor panel-first-child panel-last-child\" data-index=\"3\" ><div\n\t\t\t\n\t\t\tclass=\"so-widget-sow-editor so-widget-sow-editor-base\"\n\t\t\t\n\t\t>\n<div class=\"siteorigin-widget-tinymce textwidget\">\n\t<p>En el disseny de p\u00e0gines web a WordPress \u00e9s veritablement important que tots els elements que l&#039;integren siguin coherents entre ells i que aportin utilitat i funcionalitat al conjunt.<\/p>\n<p>Oferim les eines necess\u00e0ries perqu\u00e8 hi hagi una interactivitat o interconnexi\u00f3 entre l&#039;empresa, la marca o el producte i el client o l&#039;usuari, es tracta de facilitar les comunicacions entre ells.<\/p>\n<p class=\"p2\">Obtenir un bon disseny web, creatiu, clar i efectiu, \u00e9s clau per a la pres\u00e8ncia en l\u00ednia de la seva empresa.<\/p>\n<p class=\"p3\"><i>Una bona imatge \u00e9s el secret de l\u00e8xit.<\/i><\/p>\n<p>- Web Responsive<br \/>\n- Arquitectura de la informaci\u00f3<br \/>\n- UI\/UX<br \/>\n- Posicionament o SEO<br \/>\n- Analytics<br \/>\n- Hosting<\/p>\n<p><img loading=\"lazy\" decoding=\"async\" class=\"wp-image-947 size-full alignleft\" src=\"http:\/\/www.leulit.com\/wp-content\/uploads\/2017\/06\/wordpress-logo1.png\" alt=\"\" width=\"153\" height=\"40\" srcset=\"https:\/\/www.leulit.com\/wp-content\/uploads\/2017\/06\/wordpress-logo1.png 153w, https:\/\/www.leulit.com\/wp-content\/uploads\/2017\/06\/wordpress-logo1-150x40.png 150w\" sizes=\"auto, (max-width: 153px) 100vw, 153px\" \/><\/p>\n<\/div>\n<\/div><\/div><\/div><div id=\"pgc-209-2-1\"  class=\"panel-grid-cell\" ><div id=\"panel-209-2-1-0\" class=\"so-panel widget widget_sow-editor panel-first-child panel-last-child\" data-index=\"4\" ><div\n\t\t\t\n\t\t\tclass=\"so-widget-sow-editor so-widget-sow-editor-base\"\n\t\t\t\n\t\t>\n<div class=\"siteorigin-widget-tinymce textwidget\">\n\t<h4>Web empresa<\/h4>\n<p>La p\u00e0gina web de la teva empresa \u00e9s com la teva imatge personal, ha de reflectir els valors essencials de la teva marca. \u00c9s indispensable apar\u00e8ixer amb una bona pres\u00e8ncia en l\u00ednia.<\/p>\n<h4>Landing page<\/h4>\n<p>Dissenyem una p\u00e0gina d&#039;aterratge moderna i efectiva per atraure clients a la teva p\u00e0gina web per a una promoci\u00f3, servei o producte espec\u00edfic.<\/p>\n<h4>Botigues online o E-commerce<\/h4>\n<p>Tenir una botiga en l\u00ednia ben dissenyada, clara i visualment agradable \u00e9s essencial per captivar possibles clients.<\/p>\n<h4>Newsletter<\/h4>\n<p>Realitzem el disseny i preparaci\u00f3 de newsletters per atraure els teus clients a la teva p\u00e0gina web o landing page. Aprofiteu els avantatges que teniu!<\/p>\n<h4>SEO<\/h4>\n<p>Obtenir una millor visibilitat org\u00e0nica a Google \u00e9s un dels objectius m\u00e9s grans de qualsevol empresa que valori la seva pres\u00e8ncia a Internet. T&#039;ajudem a aconseguir-ho.<\/p>\n<h4>Blog<\/h4>\n<p>El blocatge est\u00e0 de moda. Destaca per sobre dels altres amb un disseny de bloc exclusiu i atractiu.<\/p>\n<\/div>\n<\/div><\/div><\/div><\/div><div id=\"pg-209-3\"  class=\"panel-grid panel-no-style\" ><div id=\"pgc-209-3-0\"  class=\"panel-grid-cell\" ><div id=\"panel-209-3-0-0\" class=\"so-panel widget widget_sow-editor panel-first-child panel-last-child\" data-index=\"5\" ><div\n\t\t\t\n\t\t\tclass=\"so-widget-sow-editor so-widget-sow-editor-base\"\n\t\t\t\n\t\t>\n<div class=\"siteorigin-widget-tinymce textwidget\">\n\t<h4>Preu<\/h4>\n<p>A partir de 500\u20ac<\/p>\n<hr \/>\n<p>&nbsp;<\/p>\n<\/div>\n<\/div><\/div><\/div><\/div><div id=\"pg-209-4\"  class=\"panel-grid panel-no-style\" ><div id=\"pgc-209-4-0\"  class=\"panel-grid-cell\" ><div id=\"panel-209-4-0-0\" class=\"so-panel widget widget_sow-image panel-first-child\" data-index=\"6\" ><div\n\t\t\t\n\t\t\tclass=\"so-widget-sow-image so-widget-sow-image-default-8b5b6f678277-209\"\n\t\t\t\n\t\t>\n<div class=\"sow-image-container\">\n\t\t\t<a href=\"https:\/\/www.leulit.com\/ca\/servicios\/diseno-web-wordpress-barcelona\/diseno-web-seguros-aviacion\/\"\n\t\t\t\t\t>\n\t\t\t<img \n\tsrc=\"https:\/\/www.leulit.com\/wp-content\/uploads\/2017\/06\/pantallas-seguros.png\" width=\"1000\" height=\"611\" srcset=\"https:\/\/www.leulit.com\/wp-content\/uploads\/2017\/06\/pantallas-seguros.png 1000w, https:\/\/www.leulit.com\/wp-content\/uploads\/2017\/06\/pantallas-seguros-600x367.png 600w, https:\/\/www.leulit.com\/wp-content\/uploads\/2017\/06\/pantallas-seguros-300x183.png 300w, https:\/\/www.leulit.com\/wp-content\/uploads\/2017\/06\/pantallas-seguros-768x469.png 768w\" sizes=\"(max-width: 1000px) 100vw, 1000px\" title=\"Disseny web - Assegurances Aviaci\u00f3\" alt=\"Disseny web - Assegurances Aviaci\u00f3\" \t\tclass=\"so-widget-image\"\/>\n\t\t\t<\/a><\/div>\n\n<\/div><\/div><div id=\"panel-209-4-0-1\" class=\"so-panel widget widget_sow-editor panel-last-child\" data-index=\"7\" ><div class=\"explicacion panel-widget-style panel-widget-style-for-209-4-0-1\" ><div\n\t\t\t\n\t\t\tclass=\"so-widget-sow-editor so-widget-sow-editor-base\"\n\t\t\t\n\t\t>\n<div class=\"siteorigin-widget-tinymce textwidget\">\n\t<h4 style=\"text-align: center;\">Assegurances d&#039;aviaci\u00f3<\/h4>\n<p style=\"text-align: center;\"><a href=\"http:\/\/segurosaviacion.es\" target=\"_blank\" rel=\"noopener\">www.segurosaviacion.es<\/a><\/p>\n<\/div>\n<\/div><\/div><\/div><\/div><div id=\"pgc-209-4-1\"  class=\"panel-grid-cell\" ><div id=\"panel-209-4-1-0\" class=\"so-panel widget widget_sow-image panel-first-child\" data-index=\"8\" ><div\n\t\t\t\n\t\t\tclass=\"so-widget-sow-image so-widget-sow-image-default-8b5b6f678277-209\"\n\t\t\t\n\t\t>\n<div class=\"sow-image-container\">\n\t\t\t<a href=\"https:\/\/www.leulit.com\/ca\/servicios\/diseno-web-wordpress-barcelona\/diseno-web-barcelona-helicopters\/\"\n\t\t\t\t\t>\n\t\t\t<img \n\tsrc=\"https:\/\/www.leulit.com\/wp-content\/uploads\/2017\/06\/pantallas-barceloa-helicopters.png\" width=\"1000\" height=\"611\" srcset=\"https:\/\/www.leulit.com\/wp-content\/uploads\/2017\/06\/pantallas-barceloa-helicopters.png 1000w, https:\/\/www.leulit.com\/wp-content\/uploads\/2017\/06\/pantallas-barceloa-helicopters-600x367.png 600w, https:\/\/www.leulit.com\/wp-content\/uploads\/2017\/06\/pantallas-barceloa-helicopters-300x183.png 300w, https:\/\/www.leulit.com\/wp-content\/uploads\/2017\/06\/pantallas-barceloa-helicopters-768x469.png 768w\" sizes=\"(max-width: 1000px) 100vw, 1000px\" title=\"Disseny web - Barcelona Helicopters\" alt=\"Disseny web - Barcelona Helicopters\" \t\tclass=\"so-widget-image\"\/>\n\t\t\t<\/a><\/div>\n\n<\/div><\/div><div id=\"panel-209-4-1-1\" class=\"so-panel widget widget_sow-editor panel-last-child\" data-index=\"9\" ><div class=\"explicacion panel-widget-style panel-widget-style-for-209-4-1-1\" ><div\n\t\t\t\n\t\t\tclass=\"so-widget-sow-editor so-widget-sow-editor-base\"\n\t\t\t\n\t\t>\n<div class=\"siteorigin-widget-tinymce textwidget\">\n\t<h4 style=\"text-align: center;\">Barcelona Helicopters<\/h4>\n<p style=\"text-align: center;\"><a href=\"http:\/\/www.barcelonahelicopters.com\" target=\"_blank\" rel=\"noopener\">www.barcelonahelicopters.com<\/a><\/p>\n<\/div>\n<\/div><\/div><\/div><\/div><div id=\"pgc-209-4-2\"  class=\"panel-grid-cell\" ><div id=\"panel-209-4-2-0\" class=\"so-panel widget widget_sow-image panel-first-child\" data-index=\"10\" ><div\n\t\t\t\n\t\t\tclass=\"so-widget-sow-image so-widget-sow-image-default-8b5b6f678277-209\"\n\t\t\t\n\t\t>\n<div class=\"sow-image-container\">\n\t\t\t<a href=\"https:\/\/www.leulit.com\/ca\/servicios\/diseno-web-wordpress-barcelona\/diseno-web-icarus-manteniment\/\"\n\t\t\t\t\t>\n\t\t\t<img \n\tsrc=\"https:\/\/www.leulit.com\/wp-content\/uploads\/2017\/06\/pantallas-icarus.png\" width=\"1000\" height=\"611\" srcset=\"https:\/\/www.leulit.com\/wp-content\/uploads\/2017\/06\/pantallas-icarus.png 1000w, https:\/\/www.leulit.com\/wp-content\/uploads\/2017\/06\/pantallas-icarus-600x367.png 600w, https:\/\/www.leulit.com\/wp-content\/uploads\/2017\/06\/pantallas-icarus-300x183.png 300w, https:\/\/www.leulit.com\/wp-content\/uploads\/2017\/06\/pantallas-icarus-768x469.png 768w\" sizes=\"(max-width: 1000px) 100vw, 1000px\" title=\"Disseny web - Icarus Manteniment\" alt=\"Disseny web - Icarus Manteniment\" \t\tclass=\"so-widget-image\"\/>\n\t\t\t<\/a><\/div>\n\n<\/div><\/div><div id=\"panel-209-4-2-1\" class=\"so-panel widget widget_sow-editor panel-last-child\" data-index=\"11\" ><div class=\"explicacion panel-widget-style panel-widget-style-for-209-4-2-1\" ><div\n\t\t\t\n\t\t\tclass=\"so-widget-sow-editor so-widget-sow-editor-base\"\n\t\t\t\n\t\t>\n<div class=\"siteorigin-widget-tinymce textwidget\">\n\t<h4 style=\"text-align: center;\">Icarus Manteniment<\/h4>\n<p style=\"text-align: center;\"><a href=\"http:\/\/icarus-manteniment.com\" target=\"_blank\" rel=\"noopener\">www.icarus-manteniment.com<\/a><\/p>\n<\/div>\n<\/div><\/div><\/div><\/div><\/div><div id=\"pg-209-5\"  class=\"panel-grid panel-no-style\" ><div id=\"pgc-209-5-0\"  class=\"panel-grid-cell\" ><div id=\"panel-209-5-0-0\" class=\"so-panel widget widget_sow-image panel-first-child\" data-index=\"12\" ><div\n\t\t\t\n\t\t\tclass=\"so-widget-sow-image so-widget-sow-image-default-8b5b6f678277-209\"\n\t\t\t\n\t\t>\n<div class=\"sow-image-container\">\n\t\t\t<a href=\"https:\/\/www.leulit.com\/ca\/servicios\/diseno-web-wordpress-barcelona\/diseno-web-residencia-matacas\/\"\n\t\t\t\t\t>\n\t\t\t<img \n\tsrc=\"https:\/\/www.leulit.com\/wp-content\/uploads\/2017\/06\/pantallas-residencia-1-1.png\" width=\"1024\" height=\"626\" srcset=\"https:\/\/www.leulit.com\/wp-content\/uploads\/2017\/06\/pantallas-residencia-1-1.png 1024w, https:\/\/www.leulit.com\/wp-content\/uploads\/2017\/06\/pantallas-residencia-1-1-600x367.png 600w, https:\/\/www.leulit.com\/wp-content\/uploads\/2017\/06\/pantallas-residencia-1-1-300x183.png 300w, https:\/\/www.leulit.com\/wp-content\/uploads\/2017\/06\/pantallas-residencia-1-1-768x469.png 768w\" sizes=\"(max-width: 1024px) 100vw, 1024px\" title=\"Disseny web - Resid\u00e8ncia Matacas\" alt=\"Disseny web - Resid\u00e8ncia Matacas\" \t\tclass=\"so-widget-image\"\/>\n\t\t\t<\/a><\/div>\n\n<\/div><\/div><div id=\"panel-209-5-0-1\" class=\"so-panel widget widget_sow-editor panel-last-child\" data-index=\"13\" ><div class=\"explicacion panel-widget-style panel-widget-style-for-209-5-0-1\" ><div\n\t\t\t\n\t\t\tclass=\"so-widget-sow-editor so-widget-sow-editor-base\"\n\t\t\t\n\t\t>\n<div class=\"siteorigin-widget-tinymce textwidget\">\n\t<h4 style=\"text-align: center;\">Resid\u00e8ncia Matacas<\/h4>\n<p style=\"text-align: center;\"><a href=\"http:\/\/www.residenciamatacas.com\">www.residenciamatacas.com<\/a><\/p>\n<\/div>\n<\/div><\/div><\/div><\/div><div id=\"pgc-209-5-1\"  class=\"panel-grid-cell\" ><div id=\"panel-209-5-1-0\" class=\"so-panel widget widget_sow-image panel-first-child\" data-index=\"14\" ><div\n\t\t\t\n\t\t\tclass=\"so-widget-sow-image so-widget-sow-image-default-8b5b6f678277-209\"\n\t\t\t\n\t\t>\n<div class=\"sow-image-container\">\n\t\t\t<a href=\"https:\/\/www.leulit.com\/ca\/servicios\/diseno-web-wordpress-barcelona\/diseno-web-helipistas-helicopters\/\"\n\t\t\t\t\t>\n\t\t\t<img \n\tsrc=\"https:\/\/www.leulit.com\/wp-content\/uploads\/2017\/06\/pantallas-helipistas.png\" width=\"1000\" height=\"611\" srcset=\"https:\/\/www.leulit.com\/wp-content\/uploads\/2017\/06\/pantallas-helipistas.png 1000w, https:\/\/www.leulit.com\/wp-content\/uploads\/2017\/06\/pantallas-helipistas-600x367.png 600w, https:\/\/www.leulit.com\/wp-content\/uploads\/2017\/06\/pantallas-helipistas-300x183.png 300w, https:\/\/www.leulit.com\/wp-content\/uploads\/2017\/06\/pantallas-helipistas-768x469.png 768w\" sizes=\"(max-width: 1000px) 100vw, 1000px\" title=\"Disseny web - Helipistes Helicopters\" alt=\"Disseny web - Helipistes Helicopters\" \t\tclass=\"so-widget-image\"\/>\n\t\t\t<\/a><\/div>\n\n<\/div><\/div><div id=\"panel-209-5-1-1\" class=\"so-panel widget widget_sow-editor panel-last-child\" data-index=\"15\" ><div class=\"explicacion panel-widget-style panel-widget-style-for-209-5-1-1\" ><div\n\t\t\t\n\t\t\tclass=\"so-widget-sow-editor so-widget-sow-editor-base\"\n\t\t\t\n\t\t>\n<div class=\"siteorigin-widget-tinymce textwidget\">\n\t<h4 style=\"text-align: center;\">Helipistes Helicopters<\/h4>\n<p style=\"text-align: center;\"><a href=\"http:\/\/www.helipistas.com\" target=\"_blank\" rel=\"noopener\">www.helipistas.com<\/a><\/p>\n<\/div>\n<\/div><\/div><\/div><\/div><div id=\"pgc-209-5-2\"  class=\"panel-grid-cell\" ><div id=\"panel-209-5-2-0\" class=\"so-panel widget widget_sow-image panel-first-child\" data-index=\"16\" ><div\n\t\t\t\n\t\t\tclass=\"so-widget-sow-image so-widget-sow-image-default-8b5b6f678277-209\"\n\t\t\t\n\t\t>\n<div class=\"sow-image-container\">\n\t\t\t<a href=\"https:\/\/www.leulit.com\/ca\/servicios\/diseno-web-wordpress-barcelona\/diseno-web-escuela-pilotos-helicoptero\/\"\n\t\t\t\t\t>\n\t\t\t<img \n\tsrc=\"https:\/\/www.leulit.com\/wp-content\/uploads\/2017\/06\/pantallas-helipistas-escuela.png\" width=\"1000\" height=\"611\" srcset=\"https:\/\/www.leulit.com\/wp-content\/uploads\/2017\/06\/pantallas-helipistas-escuela.png 1000w, https:\/\/www.leulit.com\/wp-content\/uploads\/2017\/06\/pantallas-helipistas-escuela-600x367.png 600w, https:\/\/www.leulit.com\/wp-content\/uploads\/2017\/06\/pantallas-helipistas-escuela-300x183.png 300w, https:\/\/www.leulit.com\/wp-content\/uploads\/2017\/06\/pantallas-helipistas-escuela-768x469.png 768w\" sizes=\"(max-width: 1000px) 100vw, 1000px\" title=\"Disseny web - Escola Pilots Helicopter\" alt=\"Disseny web - Escola Pilots Helicopter\" \t\tclass=\"so-widget-image\"\/>\n\t\t\t<\/a><\/div>\n\n<\/div><\/div><div id=\"panel-209-5-2-1\" class=\"so-panel widget widget_sow-editor panel-last-child\" data-index=\"17\" ><div class=\"explicacion panel-widget-style panel-widget-style-for-209-5-2-1\" ><div\n\t\t\t\n\t\t\tclass=\"so-widget-sow-editor so-widget-sow-editor-base\"\n\t\t\t\n\t\t>\n<div class=\"siteorigin-widget-tinymce textwidget\">\n\t<h4 style=\"text-align: center;\">Helipistes Helicopters<\/h4>\n<p style=\"text-align: center;\"><a href=\"http:\/\/www.escuelapilotohelicoptero.com\" target=\"_blank\" rel=\"noopener\">www.escolapilotohelicoptero.com<\/a><\/p>\n<\/div>\n<\/div><\/div><\/div><\/div><\/div><div id=\"pg-209-6\"  class=\"panel-grid panel-no-style\" ><div id=\"pgc-209-6-0\"  class=\"panel-grid-cell\" ><div id=\"panel-209-6-0-0\" class=\"so-panel widget widget_sow-image panel-first-child\" data-index=\"18\" ><div\n\t\t\t\n\t\t\tclass=\"so-widget-sow-image so-widget-sow-image-default-8b5b6f678277-209\"\n\t\t\t\n\t\t>\n<div class=\"sow-image-container\">\n\t\t\t<a href=\"https:\/\/www.leulit.com\/ca\/servicios\/diseno-web-wordpress-barcelona\/diseno-web-escuela-pilotos-drone\/\"\n\t\t\t\t\t>\n\t\t\t<img \n\tsrc=\"https:\/\/www.leulit.com\/wp-content\/uploads\/2017\/06\/pantallas-escuela-drones.png\" width=\"1000\" height=\"611\" srcset=\"https:\/\/www.leulit.com\/wp-content\/uploads\/2017\/06\/pantallas-escuela-drones.png 1000w, https:\/\/www.leulit.com\/wp-content\/uploads\/2017\/06\/pantallas-escuela-drones-600x367.png 600w, https:\/\/www.leulit.com\/wp-content\/uploads\/2017\/06\/pantallas-escuela-drones-300x183.png 300w, https:\/\/www.leulit.com\/wp-content\/uploads\/2017\/06\/pantallas-escuela-drones-768x469.png 768w\" sizes=\"(max-width: 1000px) 100vw, 1000px\" title=\"Disseny web - Escola Pilots Drone\" alt=\"Disseny web - Escola Pilots Drone\" \t\tclass=\"so-widget-image\"\/>\n\t\t\t<\/a><\/div>\n\n<\/div><\/div><div id=\"panel-209-6-0-1\" class=\"so-panel widget widget_sow-editor\" data-index=\"19\" ><div class=\"explicacion panel-widget-style panel-widget-style-for-209-6-0-1\" ><div\n\t\t\t\n\t\t\tclass=\"so-widget-sow-editor so-widget-sow-editor-base\"\n\t\t\t\n\t\t>\n<div class=\"siteorigin-widget-tinymce textwidget\">\n\t<h4 style=\"text-align: center;\">Helipistes Helicopters<\/h4>\n<p style=\"text-align: center;\"><a href=\"http:\/\/www.escuelapilotodrones.com\">www.escolapilotodrones.com<\/a><\/p>\n<\/div>\n<\/div><\/div><\/div><div id=\"panel-209-6-0-2\" class=\"so-panel widget widget_sow-editor panel-last-child\" data-index=\"20\" ><div\n\t\t\t\n\t\t\tclass=\"so-widget-sow-editor so-widget-sow-editor-base\"\n\t\t\t\n\t\t>\n<div class=\"siteorigin-widget-tinymce textwidget\">\n\t<p>\u2713 Lloc Web i pres\u00e8ncia a internet.<br \/>\n\u2713 Comer\u00e7 electr\u00f2nic.<br \/>\n\u2713 Gesti\u00f3 de xarxes socials.<br \/>\n\u2713 Factura electr\u00f2nica.<\/p>\n<\/div>\n<\/div><\/div><\/div><div id=\"pgc-209-6-1\"  class=\"panel-grid-cell\" ><div id=\"panel-209-6-1-0\" class=\"so-panel widget widget_sow-image panel-first-child\" data-index=\"21\" ><div\n\t\t\t\n\t\t\tclass=\"so-widget-sow-image so-widget-sow-image-default-8b5b6f678277-209\"\n\t\t\t\n\t\t>\n<div class=\"sow-image-container\">\n\t\t\t<a href=\"https:\/\/www.leulit.com\/ca\/servicios\/diseno-web-wordpress-barcelona\/diseno-web-el-masove\/\"\n\t\t\t\t\t>\n\t\t\t<img \n\tsrc=\"https:\/\/www.leulit.com\/wp-content\/uploads\/2017\/06\/pantallas-el-masove.png\" width=\"800\" height=\"489\" srcset=\"https:\/\/www.leulit.com\/wp-content\/uploads\/2017\/06\/pantallas-el-masove.png 800w, https:\/\/www.leulit.com\/wp-content\/uploads\/2017\/06\/pantallas-el-masove-600x367.png 600w, https:\/\/www.leulit.com\/wp-content\/uploads\/2017\/06\/pantallas-el-masove-300x183.png 300w, https:\/\/www.leulit.com\/wp-content\/uploads\/2017\/06\/pantallas-el-masove-768x469.png 768w\" sizes=\"(max-width: 800px) 100vw, 800px\" title=\"Disseny web - El Masove\" alt=\"Disseny web - El Masove\" \t\tclass=\"so-widget-image\"\/>\n\t\t\t<\/a><\/div>\n\n<\/div><\/div><div id=\"panel-209-6-1-1\" class=\"so-panel widget widget_sow-editor panel-last-child\" data-index=\"22\" ><div class=\"explicacion panel-widget-style panel-widget-style-for-209-6-1-1\" ><div\n\t\t\t\n\t\t\tclass=\"so-widget-sow-editor so-widget-sow-editor-base\"\n\t\t\t\n\t\t>\n<div class=\"siteorigin-widget-tinymce textwidget\">\n\t<h4 style=\"text-align: center;\">El Masov\u00e9<\/h4>\n<p style=\"text-align: center;\"><a href=\"http:\/\/tenda.elmasove.com\/\">www.tenda.elmasove.com<\/a><\/p>\n<\/div>\n<\/div><\/div><\/div><\/div><div id=\"pgc-209-6-2\"  class=\"panel-grid-cell\" ><div id=\"panel-209-6-2-0\" class=\"so-panel widget widget_sow-image panel-first-child\" data-index=\"23\" ><div\n\t\t\t\n\t\t\tclass=\"so-widget-sow-image so-widget-sow-image-default-8b5b6f678277-209\"\n\t\t\t\n\t\t>\n<div class=\"sow-image-container\">\n\t\t\t<a href=\"https:\/\/www.leulit.com\/ca\/servicios\/diseno-web-wordpress-barcelona\/diseno-web-boligrafo-publicidad-gift-campaign\/\"\n\t\t\t\t\t>\n\t\t\t<img \n\tsrc=\"https:\/\/www.leulit.com\/wp-content\/uploads\/2017\/06\/pantallas-gift-campaign.png\" width=\"800\" height=\"489\" srcset=\"https:\/\/www.leulit.com\/wp-content\/uploads\/2017\/06\/pantallas-gift-campaign.png 800w, https:\/\/www.leulit.com\/wp-content\/uploads\/2017\/06\/pantallas-gift-campaign-600x367.png 600w, https:\/\/www.leulit.com\/wp-content\/uploads\/2017\/06\/pantallas-gift-campaign-300x183.png 300w, https:\/\/www.leulit.com\/wp-content\/uploads\/2017\/06\/pantallas-gift-campaign-768x469.png 768w\" sizes=\"(max-width: 800px) 100vw, 800px\" title=\"Disseny web - Bol\u00edgraf Publicitat\" alt=\"Disseny web - Bol\u00edgraf Publicitat\" \t\tclass=\"so-widget-image\"\/>\n\t\t\t<\/a><\/div>\n\n<\/div><\/div><div id=\"panel-209-6-2-1\" class=\"so-panel widget widget_sow-editor panel-last-child\" data-index=\"24\" ><div class=\"explicacion panel-widget-style panel-widget-style-for-209-6-2-1\" ><div\n\t\t\t\n\t\t\tclass=\"so-widget-sow-editor so-widget-sow-editor-base\"\n\t\t\t\n\t\t>\n<div class=\"siteorigin-widget-tinymce textwidget\">\n\t<h4 style=\"text-align: center;\">Gift Campaign<\/h4>\n<p style=\"text-align: center;\"><a href=\"http:\/\/www.giftcampaign.es\/\">www.giftcampaign.es<\/a><\/p>\n<p style=\"text-align: center;\"><a href=\"http:\/\/boligrafopublicidad.es\/\">www.boligrafopublicidad.es<\/a><\/p>\n<p style=\"text-align: center;\">\u00a0<\/p>\n<\/div>\n<\/div><\/div><\/div><\/div><\/div><\/div>","protected":false},"excerpt":{"rendered":"<p>Dise\u00f1o web Wordpress en Barcelona Categor\u00edas de Soluciones de Digitalizaci\u00f3n Sitio Web y presencia en internet Comercio electr\u00f3nico Gesti\u00f3n de [&hellip;]<\/p>\n","protected":false},"author":1,"featured_media":1646,"parent":249,"menu_order":0,"comment_status":"closed","ping_status":"closed","template":"","meta":{"footnotes":""},"class_list":["post-209","page","type-page","status-publish","has-post-thumbnail","hentry"],"_links":{"self":[{"href":"https:\/\/www.leulit.com\/ca\/wp-json\/wp\/v2\/pages\/209","targetHints":{"allow":["GET"]}}],"collection":[{"href":"https:\/\/www.leulit.com\/ca\/wp-json\/wp\/v2\/pages"}],"about":[{"href":"https:\/\/www.leulit.com\/ca\/wp-json\/wp\/v2\/types\/page"}],"author":[{"embeddable":true,"href":"https:\/\/www.leulit.com\/ca\/wp-json\/wp\/v2\/users\/1"}],"replies":[{"embeddable":true,"href":"https:\/\/www.leulit.com\/ca\/wp-json\/wp\/v2\/comments?post=209"}],"version-history":[{"count":89,"href":"https:\/\/www.leulit.com\/ca\/wp-json\/wp\/v2\/pages\/209\/revisions"}],"predecessor-version":[{"id":3163,"href":"https:\/\/www.leulit.com\/ca\/wp-json\/wp\/v2\/pages\/209\/revisions\/3163"}],"up":[{"embeddable":true,"href":"https:\/\/www.leulit.com\/ca\/wp-json\/wp\/v2\/pages\/249"}],"wp:featuredmedia":[{"embeddable":true,"href":"https:\/\/www.leulit.com\/ca\/wp-json\/wp\/v2\/media\/1646"}],"wp:attachment":[{"href":"https:\/\/www.leulit.com\/ca\/wp-json\/wp\/v2\/media?parent=209"}],"curies":[{"name":"wp","href":"https:\/\/api.w.org\/{rel}","templated":true}]}}