{"id":211,"date":"2017-06-07T11:16:53","date_gmt":"2017-06-07T11:16:53","guid":{"rendered":"http:\/\/www.leulit.com\/?page_id=211"},"modified":"2024-05-07T11:01:05","modified_gmt":"2024-05-07T11:01:05","slug":"desenvolupament-app","status":"publish","type":"page","link":"https:\/\/www.leulit.com\/ca\/servicios\/desarrollo-app\/","title":{"rendered":"Desenvolupament App"},"content":{"rendered":"<div id=\"pl-211\"  class=\"panel-layout\" ><div id=\"pg-211-0\"  class=\"panel-grid panel-no-style\" ><div id=\"pgc-211-0-0\"  class=\"panel-grid-cell\" ><div id=\"panel-211-0-0-0\" class=\"so-panel widget widget_sow-image panel-first-child panel-last-child\" data-index=\"0\" ><div\n\t\t\t\n\t\t\tclass=\"so-widget-sow-image so-widget-sow-image-default-8b5b6f678277-211\"\n\t\t\t\n\t\t>\n<div class=\"sow-image-container\">\n\t\t<img \n\tsrc=\"https:\/\/www.leulit.com\/wp-content\/uploads\/2019\/12\/diseno-app.gif\" width=\"786\" height=\"313\" sizes=\"(max-width: 786px) 100vw, 786px\" title=\"disseny aplicacio\" alt=\"disseny aplicacio\" \t\tclass=\"so-widget-image\"\/>\n\t<\/div>\n\n<\/div><\/div><\/div><\/div><div id=\"pg-211-1\"  class=\"panel-grid panel-no-style\" ><div id=\"pgc-211-1-0\"  class=\"panel-grid-cell\" ><div id=\"panel-211-1-0-0\" class=\"so-panel widget widget_sow-editor panel-first-child panel-last-child\" data-index=\"1\" ><div\n\t\t\t\n\t\t\tclass=\"so-widget-sow-editor so-widget-sow-editor-base\"\n\t\t\t\n\t\t>\n<div class=\"siteorigin-widget-tinymce textwidget\">\n\t<\/p>\n<p class=\"p2\">A Leulit creem App m\u00f2bils per <strong>smartphones <\/strong>i dispositius\u00a0<strong>iPhone<\/strong>,\u00a0<strong>iPad<\/strong> i\u00a0<strong>Android<\/strong>, des del disseny fins al desenvolupament . Tamb\u00e9 desenvolupem <strong>aplicacions Web.<\/strong><\/p>\n<p class=\"p2\">Si tens una p\u00e0gina web i vols fer el salt, podem convertir la teva web en una aplicaci\u00f3. Partint de la web, sigui corporativa o botiga en l\u00ednia, la convertim en aplicaci\u00f3 m\u00f2bil per a IOS i Android.<\/p>\n<p>Estem en disposici\u00f3 de realitzar la teva app per a Android i per a iOS amb botiga en l\u00ednia, notificacions push, sistema de geolocalitzaci\u00f3, integraci\u00f3 de xarxes socials, sistema de reserves, llistes vip, booking aix\u00ed com altres eines. <strong>Desenvolupem aplicacions ajustades a les necessitats de cada empresa.<\/strong><\/p>\n<p class=\"p2\">Conceptualitzar, dissenyar, desenvolupar, crear i llan\u00e7ar laplicaci\u00f3 per a smartphones i dispositius m\u00f2bils.<\/p>\n<\/div>\n<\/div><\/div><\/div><\/div><div id=\"pg-211-2\"  class=\"panel-grid panel-no-style\" ><div id=\"pgc-211-2-0\"  class=\"panel-grid-cell\" ><div id=\"panel-211-2-0-0\" class=\"so-panel widget widget_sow-editor panel-first-child\" data-index=\"2\" ><div\n\t\t\t\n\t\t\tclass=\"so-widget-sow-editor so-widget-sow-editor-base\"\n\t\t\t\n\t\t>\n<div class=\"siteorigin-widget-tinymce textwidget\">\n\t<h4>App web<\/h4>\n<p>Si la vostra empresa necessita qualsevol sistema de gesti\u00f3 intern, el millor \u00e9s que sigui personalitzat. Nosaltres creem la teva aplicaci\u00f3 a mida.<\/p>\n<\/div>\n<\/div><\/div><div id=\"panel-211-2-0-1\" class=\"so-panel widget widget_sow-editor panel-last-child\" data-index=\"3\" ><div\n\t\t\t\n\t\t\tclass=\"so-widget-sow-editor so-widget-sow-editor-base\"\n\t\t\t\n\t\t>\n<div class=\"siteorigin-widget-tinymce textwidget\">\n\t<h4>App de reserves<\/h4>\n<p>Podem crear una app amb un gestor de reserves integrat, relacionat amb el vostre sistema intern de reserves. Els teus clients t&#039;ho agrairan.<\/p>\n<\/div>\n<\/div><\/div><\/div><div id=\"pgc-211-2-1\"  class=\"panel-grid-cell\" ><div id=\"panel-211-2-1-0\" class=\"so-panel widget widget_sow-editor panel-first-child\" data-index=\"4\" ><div\n\t\t\t\n\t\t\tclass=\"so-widget-sow-editor so-widget-sow-editor-base\"\n\t\t\t\n\t\t>\n<div class=\"siteorigin-widget-tinymce textwidget\">\n\t<h4>App per a empreses<\/h4>\n<p>Qualsevol app que es pugui imaginar ser\u00e0 realitat. A partir d\u00b4ara donar\u00e0s un valor afegit a la teva empresa.<\/p>\n<\/div>\n<\/div><\/div><div id=\"panel-211-2-1-1\" class=\"so-panel widget widget_sow-editor panel-last-child\" data-index=\"5\" ><div\n\t\t\t\n\t\t\tclass=\"so-widget-sow-editor so-widget-sow-editor-base\"\n\t\t\t\n\t\t>\n<div class=\"siteorigin-widget-tinymce textwidget\">\n\t<h4>Conversi\u00f3 d&#039;una botiga a app<\/h4>\n<p>L\u00fas dels dispositius m\u00f2bils cada vegada simposa m\u00e9s. Amb la facilitat d\u00fas les vendes de la teva botiga augmentaran considerablement.<\/p>\n<\/div>\n<\/div><\/div><\/div><div id=\"pgc-211-2-2\"  class=\"panel-grid-cell\" ><div id=\"panel-211-2-2-0\" class=\"so-panel widget widget_sow-editor panel-first-child panel-last-child\" data-index=\"6\" ><div\n\t\t\t\n\t\t\tclass=\"so-widget-sow-editor so-widget-sow-editor-base\"\n\t\t\t\n\t\t>\n<div class=\"siteorigin-widget-tinymce textwidget\">\n\t<h4>App per a discoteques<\/h4>\n<p>La interacci\u00f3 amb els clients ser\u00e0 molt m\u00e9s directa. Promocions, esdeveniments, fotografies... Imagina quantes possibilitats poden existir.<\/p>\n<\/div>\n<\/div><\/div><\/div><\/div><div id=\"pg-211-3\"  class=\"panel-grid panel-no-style\" ><div id=\"pgc-211-3-0\"  class=\"panel-grid-cell\" ><div id=\"panel-211-3-0-0\" class=\"so-panel widget widget_sow-editor panel-first-child panel-last-child\" data-index=\"7\" ><div\n\t\t\t\n\t\t\tclass=\"so-widget-sow-editor so-widget-sow-editor-base\"\n\t\t\t\n\t\t>\n<div class=\"siteorigin-widget-tinymce textwidget\">\n\t<h5>Alguns dels projectes realitzats<\/h5>\n<p>&nbsp;<\/p>\n<\/div>\n<\/div><\/div><\/div><\/div><div id=\"pg-211-4\"  class=\"panel-grid panel-no-style\" ><div id=\"pgc-211-4-0\"  class=\"panel-grid-cell\" ><div id=\"panel-211-4-0-0\" class=\"so-panel widget widget_sow-image panel-first-child\" data-index=\"8\" ><div\n\t\t\t\n\t\t\tclass=\"so-widget-sow-image so-widget-sow-image-default-8b5b6f678277-211\"\n\t\t\t\n\t\t>\n<div class=\"sow-image-container\">\n\t\t\t<a href=\"https:\/\/www.leulit.com\/ca\/servicios\/desarrollo-app\/desarrollo-app-control-banos\/\"\n\t\t\t\t\t>\n\t\t\t<img \n\tsrc=\"https:\/\/www.leulit.com\/wp-content\/uploads\/2017\/06\/app-matacas_banos.png\" width=\"800\" height=\"600\" srcset=\"https:\/\/www.leulit.com\/wp-content\/uploads\/2017\/06\/app-matacas_banos.png 800w, https:\/\/www.leulit.com\/wp-content\/uploads\/2017\/06\/app-matacas_banos-600x450.png 600w, https:\/\/www.leulit.com\/wp-content\/uploads\/2017\/06\/app-matacas_banos-300x225.png 300w, https:\/\/www.leulit.com\/wp-content\/uploads\/2017\/06\/app-matacas_banos-768x576.png 768w\" sizes=\"(max-width: 800px) 100vw, 800px\" title=\"Disseny aplicacions - Control Banys\" alt=\"Disseny aplicacions - Control Banys\" \t\tclass=\"so-widget-image\"\/>\n\t\t\t<\/a><\/div>\n\n<\/div><\/div><div id=\"panel-211-4-0-1\" class=\"so-panel widget widget_sow-editor panel-last-child\" data-index=\"9\" ><div class=\"explicacion panel-widget-style panel-widget-style-for-211-4-0-1\" ><div\n\t\t\t\n\t\t\tclass=\"so-widget-sow-editor so-widget-sow-editor-base\"\n\t\t\t\n\t\t>\n<div class=\"siteorigin-widget-tinymce textwidget\">\n\t<h4 style=\"text-align: center;\"><a href=\"https:\/\/www.leulit.com\/ca\/serveis\/desenvolupament-app\/disseny-aplicacions-control-banys-2\/\">Control de gesti\u00f3 intern<\/a><\/h4>\n<p style=\"text-align: center;\">Control intern de gesti\u00f3 de banys per a l&#039;optimitzaci\u00f3.<br \/>\n<strong><em>Resid\u00e8ncia Matacas<\/em><\/strong><\/p>\n<\/div>\n<\/div><\/div><\/div><\/div><div id=\"pgc-211-4-1\"  class=\"panel-grid-cell\" ><div id=\"panel-211-4-1-0\" class=\"so-panel widget widget_sow-image panel-first-child\" data-index=\"10\" ><div\n\t\t\t\n\t\t\tclass=\"so-widget-sow-image so-widget-sow-image-default-8b5b6f678277-211\"\n\t\t\t\n\t\t>\n<div class=\"sow-image-container\">\n\t\t\t<a href=\"https:\/\/www.leulit.com\/ca\/servicios\/desarrollo-app\/desarrollo-app-control-presencia\/\"\n\t\t\t\t\t>\n\t\t\t<img \n\tsrc=\"https:\/\/www.leulit.com\/wp-content\/uploads\/2017\/06\/app-presencia-matacas.png\" width=\"800\" height=\"600\" srcset=\"https:\/\/www.leulit.com\/wp-content\/uploads\/2017\/06\/app-presencia-matacas.png 800w, https:\/\/www.leulit.com\/wp-content\/uploads\/2017\/06\/app-presencia-matacas-600x450.png 600w, https:\/\/www.leulit.com\/wp-content\/uploads\/2017\/06\/app-presencia-matacas-300x225.png 300w, https:\/\/www.leulit.com\/wp-content\/uploads\/2017\/06\/app-presencia-matacas-768x576.png 768w\" sizes=\"(max-width: 800px) 100vw, 800px\" title=\"Disseny aplicacions - Control pres\u00e8ncia\" alt=\"Disseny aplicacions - Control pres\u00e8ncia\" \t\tclass=\"so-widget-image\"\/>\n\t\t\t<\/a><\/div>\n\n<\/div><\/div><div id=\"panel-211-4-1-1\" class=\"so-panel widget widget_sow-editor panel-last-child\" data-index=\"11\" ><div class=\"explicacion panel-widget-style panel-widget-style-for-211-4-1-1\" ><div\n\t\t\t\n\t\t\tclass=\"so-widget-sow-editor so-widget-sow-editor-base\"\n\t\t\t\n\t\t>\n<div class=\"siteorigin-widget-tinymce textwidget\">\n\t<h4 style=\"text-align: center;\"><a href=\"https:\/\/www.leulit.com\/ca\/serveis\/desenvolupament-app\/desenvolupament-app-control-presencia\/\">Control entrada i sortida<\/a><\/h4>\n<p style=\"text-align: center;\">Control intern dentrada i sortida dempleats.<br \/>\n<strong><em>Resid\u00e8ncia Matacas<\/em><\/strong><\/p>\n<\/div>\n<\/div><\/div><\/div><\/div><div id=\"pgc-211-4-2\"  class=\"panel-grid-cell\" ><div id=\"panel-211-4-2-0\" class=\"so-panel widget widget_sow-image panel-first-child\" data-index=\"12\" ><div\n\t\t\t\n\t\t\tclass=\"so-widget-sow-image so-widget-sow-image-default-8b5b6f678277-211\"\n\t\t\t\n\t\t>\n<div class=\"sow-image-container\">\n\t\t\t<a href=\"https:\/\/www.leulit.com\/ca\/servicios\/desarrollo-app\/desarrollo-app-control-hospitalizaciones\/\"\n\t\t\t\t\t>\n\t\t\t<img \n\tsrc=\"https:\/\/www.leulit.com\/wp-content\/uploads\/2017\/06\/app-hospitalizaciones.png\" width=\"800\" height=\"600\" srcset=\"https:\/\/www.leulit.com\/wp-content\/uploads\/2017\/06\/app-hospitalizaciones.png 800w, https:\/\/www.leulit.com\/wp-content\/uploads\/2017\/06\/app-hospitalizaciones-600x450.png 600w, https:\/\/www.leulit.com\/wp-content\/uploads\/2017\/06\/app-hospitalizaciones-300x225.png 300w, https:\/\/www.leulit.com\/wp-content\/uploads\/2017\/06\/app-hospitalizaciones-768x576.png 768w\" sizes=\"(max-width: 800px) 100vw, 800px\" title=\"Disseny aplicacions - Hospitalitzacions\" alt=\"Disseny aplicacions - Hospitalitzacions\" \t\tclass=\"so-widget-image\"\/>\n\t\t\t<\/a><\/div>\n\n<\/div><\/div><div id=\"panel-211-4-2-1\" class=\"so-panel widget widget_sow-editor panel-last-child\" data-index=\"13\" ><div class=\"explicacion panel-widget-style panel-widget-style-for-211-4-2-1\" ><div\n\t\t\t\n\t\t\tclass=\"so-widget-sow-editor so-widget-sow-editor-base\"\n\t\t\t\n\t\t>\n<div class=\"siteorigin-widget-tinymce textwidget\">\n\t<h4 style=\"text-align: center;\"><a href=\"https:\/\/www.leulit.com\/ca\/serveis\/desenvolupament-app\/desenvolupament-app-control-hospitalitzacions\/\">Control d&#039;hospitalitzacions<\/a><\/h4>\n<p style=\"text-align: center;\">Control intern dhospitalitzacions de pacients.<br \/>\n<strong><em>Resid\u00e8ncia Matacas<\/em><\/strong><\/p>\n<\/div>\n<\/div><\/div><\/div><\/div><\/div><div id=\"pg-211-5\"  class=\"panel-grid panel-no-style\" ><div id=\"pgc-211-5-0\"  class=\"panel-grid-cell\" ><div id=\"panel-211-5-0-0\" class=\"so-panel widget widget_sow-image panel-first-child\" data-index=\"14\" ><div\n\t\t\t\n\t\t\tclass=\"so-widget-sow-image so-widget-sow-image-default-8b5b6f678277-211\"\n\t\t\t\n\t\t>\n<div class=\"sow-image-container\">\n\t\t\t<a href=\"https:\/\/www.leulit.com\/ca\/servicios\/desarrollo-app\/desarrollo-app-control-altas-bajas\/\"\n\t\t\t\t\t>\n\t\t\t<img \n\tsrc=\"https:\/\/www.leulit.com\/wp-content\/uploads\/2017\/06\/app-matacas-altas-bajas.png\" width=\"800\" height=\"600\" srcset=\"https:\/\/www.leulit.com\/wp-content\/uploads\/2017\/06\/app-matacas-altas-bajas.png 800w, https:\/\/www.leulit.com\/wp-content\/uploads\/2017\/06\/app-matacas-altas-bajas-600x450.png 600w, https:\/\/www.leulit.com\/wp-content\/uploads\/2017\/06\/app-matacas-altas-bajas-300x225.png 300w, https:\/\/www.leulit.com\/wp-content\/uploads\/2017\/06\/app-matacas-altas-bajas-768x576.png 768w\" sizes=\"(max-width: 800px) 100vw, 800px\" title=\"Disseny aplicacions - Control Altes \/ Baixes\" alt=\"Disseny aplicacions - Control Altes \/ Baixes\" \t\tclass=\"so-widget-image\"\/>\n\t\t\t<\/a><\/div>\n\n<\/div><\/div><div id=\"panel-211-5-0-1\" class=\"so-panel widget widget_sow-editor panel-last-child\" data-index=\"15\" ><div class=\"explicacion panel-widget-style panel-widget-style-for-211-5-0-1\" ><div\n\t\t\t\n\t\t\tclass=\"so-widget-sow-editor so-widget-sow-editor-base\"\n\t\t\t\n\t\t>\n<div class=\"siteorigin-widget-tinymce textwidget\">\n\t<h4 style=\"text-align: center;\"><a href=\"https:\/\/www.leulit.com\/ca\/serveis\/desenvolupament-app\/desenvolupament-app-control-altes-baixes\/\">Control Altes i Baixes<\/a><\/h4>\n<p style=\"text-align: center;\">Control intern d&#039;altes i baixes de pacients.<br \/>\n<strong><em>Resid\u00e8ncia Matacas<\/em><\/strong><\/p>\n<\/div>\n<\/div><\/div><\/div><\/div><div id=\"pgc-211-5-1\"  class=\"panel-grid-cell\" ><div id=\"panel-211-5-1-0\" class=\"so-panel widget widget_sow-image panel-first-child\" data-index=\"16\" ><div\n\t\t\t\n\t\t\tclass=\"so-widget-sow-image so-widget-sow-image-default-8b5b6f678277-211\"\n\t\t\t\n\t\t>\n<div class=\"sow-image-container\">\n\t\t\t<a href=\"https:\/\/www.leulit.com\/ca\/servicios\/desarrollo-app\/desarrollo-app-control-comedor\/\"\n\t\t\t\t\t>\n\t\t\t<img \n\tsrc=\"https:\/\/www.leulit.com\/wp-content\/uploads\/2017\/07\/app-matacas-menjador.jpg\" width=\"800\" height=\"600\" srcset=\"https:\/\/www.leulit.com\/wp-content\/uploads\/2017\/07\/app-matacas-menjador.jpg 800w, https:\/\/www.leulit.com\/wp-content\/uploads\/2017\/07\/app-matacas-menjador-600x450.jpg 600w, https:\/\/www.leulit.com\/wp-content\/uploads\/2017\/07\/app-matacas-menjador-300x225.jpg 300w, https:\/\/www.leulit.com\/wp-content\/uploads\/2017\/07\/app-matacas-menjador-768x576.jpg 768w\" sizes=\"(max-width: 800px) 100vw, 800px\" title=\"Disseny aplicacions - Control Menjador\" alt=\"Disseny aplicacions - Control Menjador\" \t\tclass=\"so-widget-image\"\/>\n\t\t\t<\/a><\/div>\n\n<\/div><\/div><div id=\"panel-211-5-1-1\" class=\"so-panel widget widget_sow-editor panel-last-child\" data-index=\"17\" ><div class=\"explicacion panel-widget-style panel-widget-style-for-211-5-1-1\" ><div\n\t\t\t\n\t\t\tclass=\"so-widget-sow-editor so-widget-sow-editor-base\"\n\t\t\t\n\t\t>\n<div class=\"siteorigin-widget-tinymce textwidget\">\n\t<h4 style=\"text-align: center;\"><a href=\"https:\/\/www.leulit.com\/ca\/serveis\/desenvolupament-app\/desenvolupament-app-control-menjador\/\">Control de Menjador<\/a><\/h4>\n<p style=\"text-align: center;\">Control de menjador per agilitzar les tasques.<br \/>\n<strong><em>Resid\u00e8ncia Matacas<\/em><\/strong><\/p>\n<\/div>\n<\/div><\/div><\/div><\/div><div id=\"pgc-211-5-2\"  class=\"panel-grid-cell\" ><div id=\"panel-211-5-2-0\" class=\"so-panel widget widget_sow-image panel-first-child\" data-index=\"18\" ><div\n\t\t\t\n\t\t\tclass=\"so-widget-sow-image so-widget-sow-image-default-8b5b6f678277-211\"\n\t\t\t\n\t\t>\n<div class=\"sow-image-container\">\n\t\t\t<a href=\"https:\/\/www.leulit.com\/ca\/servicios\/desarrollo-app\/diseno-aplicaciones-control-banos-2\/\"\n\t\t\t\t\t>\n\t\t\t<img \n\tsrc=\"https:\/\/www.leulit.com\/wp-content\/uploads\/2017\/06\/app-banos-matacas2.png\" width=\"800\" height=\"600\" srcset=\"https:\/\/www.leulit.com\/wp-content\/uploads\/2017\/06\/app-banos-matacas2.png 800w, https:\/\/www.leulit.com\/wp-content\/uploads\/2017\/06\/app-banos-matacas2-600x450.png 600w, https:\/\/www.leulit.com\/wp-content\/uploads\/2017\/06\/app-banos-matacas2-300x225.png 300w, https:\/\/www.leulit.com\/wp-content\/uploads\/2017\/06\/app-banos-matacas2-768x576.png 768w\" sizes=\"(max-width: 800px) 100vw, 800px\" title=\"Disseny aplicacions - Control banys\" alt=\"Disseny aplicacions - Control banys\" \t\tclass=\"so-widget-image\"\/>\n\t\t\t<\/a><\/div>\n\n<\/div><\/div><div id=\"panel-211-5-2-1\" class=\"so-panel widget widget_sow-editor panel-last-child\" data-index=\"19\" ><div class=\"explicacion panel-widget-style panel-widget-style-for-211-5-2-1\" ><div\n\t\t\t\n\t\t\tclass=\"so-widget-sow-editor so-widget-sow-editor-base\"\n\t\t\t\n\t\t>\n<div class=\"siteorigin-widget-tinymce textwidget\">\n\t<h4 style=\"text-align: center;\"><a href=\"https:\/\/www.leulit.com\/ca\/serveis\/desenvolupament-app\/desenvolupament-app-control-banys\/\">Control de Banys<\/a><\/h4>\n<p style=\"text-align: center;\">Control de banys per a auxiliars d&#039;infermeria.<br \/>\n<strong><em>Resid\u00e8ncia Matacas<\/em><\/strong><\/p>\n<\/div>\n<\/div><\/div><\/div><\/div><\/div><div id=\"pg-211-6\"  class=\"panel-grid panel-no-style\" ><div id=\"pgc-211-6-0\"  class=\"panel-grid-cell\" ><div id=\"panel-211-6-0-0\" class=\"so-panel widget widget_sow-image panel-first-child\" data-index=\"20\" ><div\n\t\t\t\n\t\t\tclass=\"so-widget-sow-image so-widget-sow-image-default-8b5b6f678277-211\"\n\t\t\t\n\t\t>\n<div class=\"sow-image-container\">\n\t\t\t<a href=\"https:\/\/www.leulit.com\/ca\/servicios\/desarrollo-app\/balsas-de-agua\/\"\n\t\t\t\t\t>\n\t\t\t<img \n\tsrc=\"https:\/\/www.leulit.com\/wp-content\/uploads\/2017\/06\/app-basses-2.png\" width=\"800\" height=\"600\" srcset=\"https:\/\/www.leulit.com\/wp-content\/uploads\/2017\/06\/app-basses-2.png 800w, https:\/\/www.leulit.com\/wp-content\/uploads\/2017\/06\/app-basses-2-600x450.png 600w, https:\/\/www.leulit.com\/wp-content\/uploads\/2017\/06\/app-basses-2-300x225.png 300w, https:\/\/www.leulit.com\/wp-content\/uploads\/2017\/06\/app-basses-2-768x576.png 768w\" sizes=\"(max-width: 800px) 100vw, 800px\" title=\"Disseny aplicacions - Basses d&#039;aigua\" alt=\"Disseny aplicacions - Basses d&#039;aigua\" \t\tclass=\"so-widget-image\"\/>\n\t\t\t<\/a><\/div>\n\n<\/div><\/div><div id=\"panel-211-6-0-1\" class=\"so-panel widget widget_sow-editor panel-last-child\" data-index=\"21\" ><div class=\"explicacion panel-widget-style panel-widget-style-for-211-6-0-1\" ><div\n\t\t\t\n\t\t\tclass=\"so-widget-sow-editor so-widget-sow-editor-base\"\n\t\t\t\n\t\t>\n<div class=\"siteorigin-widget-tinymce textwidget\">\n\t<h4 style=\"text-align: center;\"><a href=\"https:\/\/www.leulit.com\/ca\/serveis\/desenvolupament-app\/basses-daigua\/\">Basses d&#039;Aigua<\/a><\/h4>\n<p style=\"text-align: center;\">Gesti\u00f3 dels punts daigua optimitzar les campanyes dincendis.<br \/>\n<strong><em>Helipistes Helicopters<\/em><\/strong><\/p>\n<\/div>\n<\/div><\/div><\/div><\/div><div id=\"pgc-211-6-1\"  class=\"panel-grid-cell\" ><div id=\"panel-211-6-1-0\" class=\"so-panel widget widget_sow-image panel-first-child\" data-index=\"22\" ><div\n\t\t\t\n\t\t\tclass=\"so-widget-sow-image so-widget-sow-image-default-8b5b6f678277-211\"\n\t\t\t\n\t\t>\n<div class=\"sow-image-container\">\n\t\t\t<a href=\"https:\/\/www.leulit.com\/ca\/servicios\/desarrollo-app\/simulacion-incendios\/\"\n\t\t\t\t\t>\n\t\t\t<img \n\tsrc=\"https:\/\/www.leulit.com\/wp-content\/uploads\/2017\/06\/app-simulacion-incendios-1.png\" width=\"800\" height=\"600\" srcset=\"https:\/\/www.leulit.com\/wp-content\/uploads\/2017\/06\/app-simulacion-incendios-1.png 800w, https:\/\/www.leulit.com\/wp-content\/uploads\/2017\/06\/app-simulacion-incendios-1-600x450.png 600w, https:\/\/www.leulit.com\/wp-content\/uploads\/2017\/06\/app-simulacion-incendios-1-300x225.png 300w, https:\/\/www.leulit.com\/wp-content\/uploads\/2017\/06\/app-simulacion-incendios-1-768x576.png 768w\" sizes=\"(max-width: 800px) 100vw, 800px\" title=\"Disseny aplicacions - Simulaci\u00f3 incendis\" alt=\"Disseny aplicacions - Simulaci\u00f3 incendis\" \t\tclass=\"so-widget-image\"\/>\n\t\t\t<\/a><\/div>\n\n<\/div><\/div><div id=\"panel-211-6-1-1\" class=\"so-panel widget widget_sow-editor panel-last-child\" data-index=\"23\" ><div class=\"explicacion panel-widget-style panel-widget-style-for-211-6-1-1\" ><div\n\t\t\t\n\t\t\tclass=\"so-widget-sow-editor so-widget-sow-editor-base\"\n\t\t\t\n\t\t>\n<div class=\"siteorigin-widget-tinymce textwidget\">\n\t<h4 style=\"text-align: center;\"><a href=\"https:\/\/www.leulit.com\/ca\/serveis\/desenvolupament-app\/simulacio-incendis\/\">Simulaci\u00f3 d&#039;incendis<\/a><\/h4>\n<p style=\"text-align: center;\">Simulacions dincendis que milloren la presa de decisions.<br \/>\n<strong><em>Helipistes Helicopters<\/em><\/strong><\/p>\n<\/div>\n<\/div><\/div><\/div><\/div><div id=\"pgc-211-6-2\"  class=\"panel-grid-cell\" ><div id=\"panel-211-6-2-0\" class=\"so-panel widget widget_sow-image panel-first-child\" data-index=\"24\" ><div\n\t\t\t\n\t\t\tclass=\"so-widget-sow-image so-widget-sow-image-default-8b5b6f678277-211\"\n\t\t\t\n\t\t>\n<div class=\"sow-image-container\">\n\t\t\t<a href=\"https:\/\/www.leulit.com\/ca\/serveis\/desenvolupament-app\/erp-magatzem\/\"\n\t\t\t\t\t>\n\t\t\t<img \n\tsrc=\"https:\/\/www.leulit.com\/wp-content\/uploads\/2019\/10\/app-erp-almacen.gif\" width=\"800\" height=\"600\" sizes=\"(max-width: 800px) 100vw, 800px\" title=\"Disseny aplicacions - ERP Magatzem\" alt=\"Disseny aplicacions - ERP Magatzem\" \t\tclass=\"so-widget-image\"\/>\n\t\t\t<\/a><\/div>\n\n<\/div><\/div><div id=\"panel-211-6-2-1\" class=\"so-panel widget widget_sow-editor panel-last-child\" data-index=\"25\" ><div class=\"explicacion panel-widget-style panel-widget-style-for-211-6-2-1\" ><div\n\t\t\t\n\t\t\tclass=\"so-widget-sow-editor so-widget-sow-editor-base\"\n\t\t\t\n\t\t>\n<div class=\"siteorigin-widget-tinymce textwidget\">\n\t<h4 style=\"text-align: center;\"><a href=\"https:\/\/www.leulit.com\/ca\/serveis\/desenvolupament-app\/erp-magatzem\/\">ERP Magatzem<\/a><\/h4>\n<p style=\"text-align: center;\">ERP per a control d&#039;estoc al magatzem.<br \/>\n<strong><em>Helipistes Helicopters<\/em><\/strong><\/p>\n<\/div>\n<\/div><\/div><\/div><\/div><\/div><div id=\"pg-211-7\"  class=\"panel-grid panel-no-style\" ><div id=\"pgc-211-7-0\"  class=\"panel-grid-cell\" ><div id=\"panel-211-7-0-0\" class=\"so-panel widget widget_sow-image panel-first-child\" data-index=\"26\" ><div\n\t\t\t\n\t\t\tclass=\"so-widget-sow-image so-widget-sow-image-default-8b5b6f678277-211\"\n\t\t\t\n\t\t>\n<div class=\"sow-image-container\">\n\t\t\t<a href=\"https:\/\/www.leulit.com\/ca\/aplicacion-movil-gestion-de-combustible\/\"\n\t\t\t\t\t>\n\t\t\t<img \n\tsrc=\"https:\/\/www.leulit.com\/wp-content\/uploads\/2020\/07\/app-control-combustible-1.jpg\" width=\"800\" height=\"600\" srcset=\"https:\/\/www.leulit.com\/wp-content\/uploads\/2020\/07\/app-control-combustible-1.jpg 800w, https:\/\/www.leulit.com\/wp-content\/uploads\/2020\/07\/app-control-combustible-1-300x225.jpg 300w, https:\/\/www.leulit.com\/wp-content\/uploads\/2020\/07\/app-control-combustible-1-768x576.jpg 768w\" sizes=\"(max-width: 800px) 100vw, 800px\" title=\"Disseny aplicacions - Control de combustible\" alt=\"Disseny aplicacions - Control de combustible\" \t\tclass=\"so-widget-image\"\/>\n\t\t\t<\/a><\/div>\n\n<\/div><\/div><div id=\"panel-211-7-0-1\" class=\"so-panel widget widget_sow-editor panel-last-child\" data-index=\"27\" ><div class=\"explicacion panel-widget-style panel-widget-style-for-211-7-0-1\" ><div\n\t\t\t\n\t\t\tclass=\"so-widget-sow-editor so-widget-sow-editor-base\"\n\t\t\t\n\t\t>\n<div class=\"siteorigin-widget-tinymce textwidget\">\n\t<h4 style=\"text-align: center;\"><a href=\"https:\/\/www.leulit.com\/ca\/aplicacio-mobil-gestio-de-combustible\/\">Control de Combustible<\/a><\/h4>\n<p style=\"text-align: center;\">Gesti\u00f3 i control de consum de combustible fiable que permeti una optimitzaci\u00f3 de costos.<br \/>\n<strong><em>Helipistes Helicopters<\/em><\/strong><\/p>\n<\/div>\n<\/div><\/div><\/div><\/div><div id=\"pgc-211-7-1\"  class=\"panel-grid-cell panel-grid-cell-mobile-last\" ><div id=\"panel-211-7-1-0\" class=\"so-panel widget widget_sow-image panel-first-child\" data-index=\"28\" ><div\n\t\t\t\n\t\t\tclass=\"so-widget-sow-image so-widget-sow-image-default-8b5b6f678277-211\"\n\t\t\t\n\t\t>\n<div class=\"sow-image-container\">\n\t\t\t<a href=\"https:\/\/www.leulit.com\/ca\/erp-e-signature\/\"\n\t\t\t\t\t>\n\t\t\t<img \n\tsrc=\"https:\/\/www.leulit.com\/wp-content\/uploads\/2020\/07\/app-e-signature.jpg\" width=\"800\" height=\"600\" srcset=\"https:\/\/www.leulit.com\/wp-content\/uploads\/2020\/07\/app-e-signature.jpg 800w, https:\/\/www.leulit.com\/wp-content\/uploads\/2020\/07\/app-e-signature-300x225.jpg 300w, https:\/\/www.leulit.com\/wp-content\/uploads\/2020\/07\/app-e-signature-768x576.jpg 768w\" sizes=\"(max-width: 800px) 100vw, 800px\" title=\"Disseny aplicacions - E-signature\" alt=\"Disseny aplicacions - E-signature\" \t\tclass=\"so-widget-image\"\/>\n\t\t\t<\/a><\/div>\n\n<\/div><\/div><div id=\"panel-211-7-1-1\" class=\"so-panel widget widget_sow-editor panel-last-child\" data-index=\"29\" ><div class=\"explicacion panel-widget-style panel-widget-style-for-211-7-1-1\" ><div\n\t\t\t\n\t\t\tclass=\"so-widget-sow-editor so-widget-sow-editor-base\"\n\t\t\t\n\t\t>\n<div class=\"siteorigin-widget-tinymce textwidget\">\n\t<h4 style=\"text-align: center;\"><a href=\"https:\/\/www.leulit.com\/ca\/erp-i-signature\/\">ERP E-Signature<\/a><\/h4>\n<p style=\"text-align: center;\">Permet als usuaris d&#039;ERP la signatura digital de documents generats pel mateix ERP.<br \/>\n<strong><em>Helipistes Helicopters<\/em><\/strong><\/p>\n<\/div>\n<\/div><\/div><\/div><\/div><div id=\"pgc-211-7-2\"  class=\"panel-grid-cell panel-grid-cell-empty\" ><\/div><\/div><\/div>","protected":false},"excerpt":{"rendered":"<p>En Leulit creamos App m\u00f3viles para smartphones y dispositivos\u00a0iPhone,\u00a0iPad y\u00a0Android, desde el dise\u00f1o hasta el desarrollo . Tambi\u00e9n desarrollamos aplicaciones [&hellip;]<\/p>\n","protected":false},"author":1,"featured_media":1638,"parent":249,"menu_order":0,"comment_status":"closed","ping_status":"closed","template":"","meta":{"footnotes":""},"class_list":["post-211","page","type-page","status-publish","has-post-thumbnail","hentry"],"_links":{"self":[{"href":"https:\/\/www.leulit.com\/ca\/wp-json\/wp\/v2\/pages\/211","targetHints":{"allow":["GET"]}}],"collection":[{"href":"https:\/\/www.leulit.com\/ca\/wp-json\/wp\/v2\/pages"}],"about":[{"href":"https:\/\/www.leulit.com\/ca\/wp-json\/wp\/v2\/types\/page"}],"author":[{"embeddable":true,"href":"https:\/\/www.leulit.com\/ca\/wp-json\/wp\/v2\/users\/1"}],"replies":[{"embeddable":true,"href":"https:\/\/www.leulit.com\/ca\/wp-json\/wp\/v2\/comments?post=211"}],"version-history":[{"count":122,"href":"https:\/\/www.leulit.com\/ca\/wp-json\/wp\/v2\/pages\/211\/revisions"}],"predecessor-version":[{"id":3322,"href":"https:\/\/www.leulit.com\/ca\/wp-json\/wp\/v2\/pages\/211\/revisions\/3322"}],"up":[{"embeddable":true,"href":"https:\/\/www.leulit.com\/ca\/wp-json\/wp\/v2\/pages\/249"}],"wp:featuredmedia":[{"embeddable":true,"href":"https:\/\/www.leulit.com\/ca\/wp-json\/wp\/v2\/media\/1638"}],"wp:attachment":[{"href":"https:\/\/www.leulit.com\/ca\/wp-json\/wp\/v2\/media?parent=211"}],"curies":[{"name":"wp","href":"https:\/\/api.w.org\/{rel}","templated":true}]}}