{"id":213,"date":"2017-06-07T11:17:02","date_gmt":"2017-06-07T11:17:02","guid":{"rendered":"http:\/\/www.leulit.com\/?page_id=213"},"modified":"2020-08-12T11:05:53","modified_gmt":"2020-08-12T11:05:53","slug":"fotografia","status":"publish","type":"page","link":"https:\/\/www.leulit.com\/ca\/servicios\/fotografia\/","title":{"rendered":"Fotografia"},"content":{"rendered":"<div id=\"pl-213\"  class=\"panel-layout\" ><div id=\"pg-213-0\"  class=\"panel-grid panel-no-style\" ><div id=\"pgc-213-0-0\"  class=\"panel-grid-cell\" ><div id=\"panel-213-0-0-0\" class=\"so-panel widget widget_sow-image panel-first-child panel-last-child\" data-index=\"0\" ><div\n\t\t\t\n\t\t\tclass=\"so-widget-sow-image so-widget-sow-image-default-8b5b6f678277-213\"\n\t\t\t\n\t\t>\n<div class=\"sow-image-container\">\n\t\t<img \n\tsrc=\"https:\/\/www.leulit.com\/wp-content\/uploads\/2019\/12\/fotografia.gif\" width=\"786\" height=\"313\" sizes=\"(max-width: 786px) 100vw, 786px\" title=\"Fotografia\" alt=\"Fotografia\" \t\tclass=\"so-widget-image\"\/>\n\t<\/div>\n\n<\/div><\/div><\/div><\/div><div id=\"pg-213-1\"  class=\"panel-grid panel-no-style\" ><div id=\"pgc-213-1-0\"  class=\"panel-grid-cell\" ><div id=\"panel-213-1-0-0\" class=\"so-panel widget widget_sow-editor panel-first-child panel-last-child\" data-index=\"1\" ><div\n\t\t\t\n\t\t\tclass=\"so-widget-sow-editor so-widget-sow-editor-base\"\n\t\t\t\n\t\t><h3 class=\"widget-title\">Fotografia<\/h3>\n<div class=\"siteorigin-widget-tinymce textwidget\">\n\t<p>Realitzem fotografia per a tot tipus d&#039;objectius: equip hum\u00e0 o personal, espais, corporatives, d&#039;interiors, de producte, e-commerce, a\u00e8ria, publicit\u00e0ria, esdeveniments... Els l\u00edmits els poses tu, nosaltres cercarem la manera per real\u00e7ar aquestes imatges que tens al cap. La nostra missi\u00f3 \u00e9s capturar el moment per reflectir all\u00f2 que es vol transmetre.<\/p>\n<p>A m\u00e9s, no t&#039;haur\u00e0s de preocupar per res, t&#039;enviarem les fotografies llestes per publicar, amb el format i les mesures necess\u00e0ries, despr\u00e9s de passar pel proc\u00e9s de postprocessament o retoc fotogr\u00e0fic.<\/p>\n<p class=\"p2\">Realitzem fotografies per <a href=\"https:\/\/www.leulit.com\/ca\/serveis\/disseny-web-wordpress-barcelona\/\">p\u00e0gines web<\/a> i botigues interactives, passant per publicacions f\u00edsiques per al <a href=\"https:\/\/www.leulit.com\/ca\/serveis\/imatge-corporativa\/\">disseny de cat\u00e0legs<\/a> o magazins del sector. Imatges per a publicacions, en l\u00ednia i offline, d&#039;una qualitat corresponent al nivell del treball. Conceptuals, publicit\u00e0ries, reportatges i tota mena de fotografies per a empreses.<\/p>\n<p class=\"p3\"><i>Una imatge val m\u00e9s que mil paraules.<\/i><\/p>\n<\/div>\n<\/div><\/div><\/div><div id=\"pgc-213-1-1\"  class=\"panel-grid-cell\" ><div id=\"panel-213-1-1-0\" class=\"so-panel widget widget_sow-editor panel-first-child panel-last-child\" data-index=\"2\" ><div\n\t\t\t\n\t\t\tclass=\"so-widget-sow-editor so-widget-sow-editor-base\"\n\t\t\t\n\t\t>\n<div class=\"siteorigin-widget-tinymce textwidget\">\n\t<h4>Fotografia de producte<\/h4>\n<p>\u00c9s essencial per mostrar all\u00f2 que volem vendre, sobretot si est\u00e0 dirigida a un comprador en l\u00ednia, ja que no ens enganyem\u2026<strong> comprem pels ulls!<\/strong><\/p>\n<h4>Sessi\u00f3 fotogr\u00e0fica de personal<\/h4>\n<p>El retrat corporatiu ensenya <strong>el costat m\u00e9s hum\u00e0 del teu negoci<\/strong> i t&#039;ajuda a acostar-te encara m\u00e9s als teus clients.<\/p>\n<h4>Fotografia d&#039;espais<\/h4>\n<p id=\"fancy-title-4\" class=\"mk-fancy-title simple-style color-single\">Una imatge de qualitat de la teva empresa \u00e9s la millor tarja de presentaci\u00f3. El car\u00e0cter de la teva empresa mostrar\u00e0 als teus clients com treballeu.<\/p>\n<h4>Fotografia corporativa<\/h4>\n<p>\u00c9s fonamental a qualsevol empresa, per poder mostrar al client els serveis i\/o productes que es volen vendre.<\/p>\n<h4>Imatges a\u00e8ries<\/h4>\n<p>Un punt de vista privilegiat de la vostra empresa i els exteriors. Fins que no ho vegi no ho creur\u00e0!<\/p>\n<\/div>\n<\/div><\/div><\/div><\/div><div id=\"pg-213-2\"  class=\"panel-grid panel-no-style\" ><div id=\"pgc-213-2-0\"  class=\"panel-grid-cell\" ><div id=\"panel-213-2-0-0\" class=\"so-panel widget widget_sow-image panel-first-child\" data-index=\"3\" ><div\n\t\t\t\n\t\t\tclass=\"so-widget-sow-image so-widget-sow-image-default-8b5b6f678277-213\"\n\t\t\t\n\t\t>\n<div class=\"sow-image-container\">\n\t\t\t<a href=\"https:\/\/www.leulit.com\/ca\/servicios\/fotografia\/fotografia-fotografia-de-productos\/\"\n\t\t\t\t\t>\n\t\t\t<img \n\tsrc=\"https:\/\/www.leulit.com\/wp-content\/uploads\/2019\/11\/coupage_5L_web.jpg\" width=\"800\" height=\"600\" srcset=\"https:\/\/www.leulit.com\/wp-content\/uploads\/2019\/11\/coupage_5L_web.jpg 800w, https:\/\/www.leulit.com\/wp-content\/uploads\/2019\/11\/coupage_5L_web-300x225.jpg 300w, https:\/\/www.leulit.com\/wp-content\/uploads\/2019\/11\/coupage_5L_web-768x576.jpg 768w\" sizes=\"(max-width: 800px) 100vw, 800px\" title=\"Fotografia de producte\" alt=\"Fotografia de producte\" \t\tclass=\"so-widget-image\"\/>\n\t\t\t<\/a><\/div>\n\n<\/div><\/div><div id=\"panel-213-2-0-1\" class=\"so-panel widget widget_sow-editor panel-last-child\" data-index=\"4\" ><div class=\"explicacion panel-widget-style panel-widget-style-for-213-2-0-1\" ><div\n\t\t\t\n\t\t\tclass=\"so-widget-sow-editor so-widget-sow-editor-base\"\n\t\t\t\n\t\t>\n<div class=\"siteorigin-widget-tinymce textwidget\">\n\t<h4 style=\"text-align: center;\"><a href=\"https:\/\/www.leulit.com\/ca\/serveis\/fotografia\/fotografia-fotografia-de-productes\/\">Fotografia de productes<\/a><\/h4>\n<p style=\"text-align: center;\">Fotografies de nous productes per a la venda online a web.<br \/>\n<em><strong>El Masove<\/strong><\/em><\/p>\n<\/div>\n<\/div><\/div><\/div><\/div><div id=\"pgc-213-2-1\"  class=\"panel-grid-cell panel-grid-cell-mobile-last\" ><div id=\"panel-213-2-1-0\" class=\"so-panel widget widget_sow-image panel-first-child\" data-index=\"5\" ><div\n\t\t\t\n\t\t\tclass=\"so-widget-sow-image so-widget-sow-image-default-8b5b6f678277-213\"\n\t\t\t\n\t\t>\n<div class=\"sow-image-container\">\n\t\t\t<a href=\"https:\/\/www.leulit.com\/ca\/servicios\/fotografia\/fotografia-de-espacios\/\"\n\t\t\t\t\t>\n\t\t\t<img \n\tsrc=\"https:\/\/www.leulit.com\/wp-content\/uploads\/2017\/06\/fotografia-espacios-matacas.png\" width=\"800\" height=\"600\" srcset=\"https:\/\/www.leulit.com\/wp-content\/uploads\/2017\/06\/fotografia-espacios-matacas.png 800w, https:\/\/www.leulit.com\/wp-content\/uploads\/2017\/06\/fotografia-espacios-matacas-600x450.png 600w, https:\/\/www.leulit.com\/wp-content\/uploads\/2017\/06\/fotografia-espacios-matacas-300x225.png 300w, https:\/\/www.leulit.com\/wp-content\/uploads\/2017\/06\/fotografia-espacios-matacas-768x576.png 768w\" sizes=\"(max-width: 800px) 100vw, 800px\" title=\"Fotografia d&#039;espais\" alt=\"Fotografia d&#039;espais\" \t\tclass=\"so-widget-image\"\/>\n\t\t\t<\/a><\/div>\n\n<\/div><\/div><div id=\"panel-213-2-1-1\" class=\"so-panel widget widget_sow-editor panel-last-child\" data-index=\"6\" ><div class=\"explicacion panel-widget-style panel-widget-style-for-213-2-1-1\" ><div\n\t\t\t\n\t\t\tclass=\"so-widget-sow-editor so-widget-sow-editor-base\"\n\t\t\t\n\t\t>\n<div class=\"siteorigin-widget-tinymce textwidget\">\n\t<h4 style=\"text-align: center;\"><a href=\"https:\/\/www.leulit.com\/ca\/serveis\/fotografia\/fotografia-despais\/\">Fotografia d&#039;espais<\/a><\/h4>\n<p style=\"text-align: center;\">Fotografies de nous espais per a publicacions en l\u00ednia.<br \/>\n<em><strong>Resid\u00e8ncia Matacas<\/strong><\/em><\/p>\n<\/div>\n<\/div><\/div><\/div><\/div><div id=\"pgc-213-2-2\"  class=\"panel-grid-cell panel-grid-cell-empty\" ><\/div><\/div><\/div>","protected":false},"excerpt":{"rendered":"<p>Realizamos fotograf\u00eda para todo tipo de objetivos: equipo humano o personal, espacios, corporativas, de interiores, de producto, e-commerce, \u00a0a\u00e9rea, publicitaria, [&hellip;]<\/p>\n","protected":false},"author":1,"featured_media":1649,"parent":249,"menu_order":0,"comment_status":"closed","ping_status":"closed","template":"","meta":{"footnotes":""},"class_list":["post-213","page","type-page","status-publish","has-post-thumbnail","hentry"],"_links":{"self":[{"href":"https:\/\/www.leulit.com\/ca\/wp-json\/wp\/v2\/pages\/213","targetHints":{"allow":["GET"]}}],"collection":[{"href":"https:\/\/www.leulit.com\/ca\/wp-json\/wp\/v2\/pages"}],"about":[{"href":"https:\/\/www.leulit.com\/ca\/wp-json\/wp\/v2\/types\/page"}],"author":[{"embeddable":true,"href":"https:\/\/www.leulit.com\/ca\/wp-json\/wp\/v2\/users\/1"}],"replies":[{"embeddable":true,"href":"https:\/\/www.leulit.com\/ca\/wp-json\/wp\/v2\/comments?post=213"}],"version-history":[{"count":61,"href":"https:\/\/www.leulit.com\/ca\/wp-json\/wp\/v2\/pages\/213\/revisions"}],"predecessor-version":[{"id":2832,"href":"https:\/\/www.leulit.com\/ca\/wp-json\/wp\/v2\/pages\/213\/revisions\/2832"}],"up":[{"embeddable":true,"href":"https:\/\/www.leulit.com\/ca\/wp-json\/wp\/v2\/pages\/249"}],"wp:featuredmedia":[{"embeddable":true,"href":"https:\/\/www.leulit.com\/ca\/wp-json\/wp\/v2\/media\/1649"}],"wp:attachment":[{"href":"https:\/\/www.leulit.com\/ca\/wp-json\/wp\/v2\/media?parent=213"}],"curies":[{"name":"wp","href":"https:\/\/api.w.org\/{rel}","templated":true}]}}