{"id":215,"date":"2017-06-07T11:17:11","date_gmt":"2017-06-07T11:17:11","guid":{"rendered":"http:\/\/www.leulit.com\/?page_id=215"},"modified":"2017-06-21T10:49:28","modified_gmt":"2017-06-21T10:49:28","slug":"community-manager","status":"publish","type":"page","link":"https:\/\/www.leulit.com\/ca\/servicios\/community-manager\/","title":{"rendered":"Community Manager"},"content":{"rendered":"<div id=\"pl-215\"  class=\"panel-layout\" ><div id=\"pg-215-0\"  class=\"panel-grid panel-no-style\" ><div id=\"pgc-215-0-0\"  class=\"panel-grid-cell\" ><div id=\"panel-215-0-0-0\" class=\"so-panel widget widget_sow-editor panel-first-child panel-last-child\" data-index=\"0\" ><div\n\t\t\t\n\t\t\tclass=\"so-widget-sow-editor so-widget-sow-editor-base\"\n\t\t\t\n\t\t><h3 class=\"widget-title\">Community Manager<\/h3>\n<div class=\"siteorigin-widget-tinymce textwidget\">\n\t<p class=\"p2\">El m\u00e0rqueting i el disseny s&#039;uneixen per donar una pres\u00e8ncia activa dins de les comunitats socials en l\u00ednia.<\/p>\n<p class=\"p3\"><i>Quan dius al teu p\u00fablic: et veig, t&#039;escolto i m&#039;importes. <\/i><\/p>\n<p class=\"p1\">En els darrers anys, la pres\u00e8ncia en l\u00ednia, s&#039;ha convertit en un element imprescindible per a les empreses. S&#039;ha creat un vincle amb els usuaris on les dues parts intercanvien opinions.<\/p>\n<p class=\"p1\">El canvi constant de les xarxes socials i l&#039;\u00fas diari d&#039;aquestes per part dels usuaris fa que sigui necessari dedicar temps a crear contingut per mantenir una relaci\u00f3 estable amb els futurs clients.<\/p>\n<p class=\"p1\">A m\u00e9s, no nom\u00e9s hi ha una via de comunicaci\u00f3 \u00fanica, sin\u00f3 que cada cop hi ha m\u00e9s canals on els usuaris interactuen amb les empreses.<\/p>\n<p class=\"p2\">Controlar les xarxes socials, crear contingut atractiu i promocionar els productes que ofereix la nostra empresa, s&#039;ha de gestionar correctament perqu\u00e8 la imatge de l&#039;empresa sigui l&#039;apropiada. Una mala gesti\u00f3 dels mitjans socials podria perjudicar seriosament l&#039;empresa, per aix\u00f2 a LEULIT treballem perqu\u00e8 aix\u00f2 no passi i, a m\u00e9s, millorem la imatge d&#039;aquesta.<\/p>\n<\/div>\n<\/div><\/div><\/div><div id=\"pgc-215-0-1\"  class=\"panel-grid-cell\" ><div id=\"panel-215-0-1-0\" class=\"so-panel widget widget_sow-editor panel-first-child panel-last-child\" data-index=\"1\" ><div\n\t\t\t\n\t\t\tclass=\"so-widget-sow-editor so-widget-sow-editor-base\"\n\t\t\t\n\t\t><h3 class=\"widget-title\"> <\/h3>\n<div class=\"siteorigin-widget-tinymce textwidget\">\n\t<p class=\"p1\"><b>Xarxes Socials <\/b><\/p>\n<p class=\"p2\">Tota empresa necessita tenir una pres\u00e8ncia a les xarxes socials, i no nom\u00e9s aix\u00f2, sin\u00f3 que \u00e9s imprescindible que ineractu\u00ef amb els usuaris de manera activa, realitzant una activitat considerable i amb continguts atractius.<\/p>\n<p class=\"p2\">Dins aquestes xarxes trobem plataformes amb finalitats molt diverses, on s&#039;interactua amb l&#039;espectador de maneres diferents.<\/p>\n<p class=\"p3\">Dins d&#039;aquestes, les m\u00e9s conegudes que podem trobar i amb qu\u00e8 estem m\u00e9s familiaritzats s\u00f3n Facebook, Twitter, Instagram, YouTube, LinkedIn, Pinterest, Google+ i Vimeo, entre moltes altres.<\/p>\n<p><img loading=\"lazy\" decoding=\"async\" class=\"alignnone wp-image-576 size-full\" src=\"http:\/\/www.leulit.com\/wp-content\/uploads\/2017\/06\/iconos-sociales-1-e1498042148902.png\" alt=\"\" width=\"250\" height=\"111\" \/><\/p>\n<p class=\"p1\">Els continguts d&#039;aquestes xarxes socials nom\u00e9s poden ser d&#039;imatges o v\u00eddeo (Instagram, YouTube, Vimeo, Pinterest), de text (Twitter), de contingut divers (Facebook, Google+) o de contingut professional (LinkedIn).<\/p>\n<p class=\"p2\">Totes s\u00f3n importants, per aix\u00f2 cal tenir una pres\u00e8ncia activa i amb una imatge correcta en aquelles que estiguem inscrits.<\/p>\n<\/div>\n<\/div><\/div><\/div><\/div><div id=\"pg-215-1\"  class=\"panel-grid panel-no-style\" ><div id=\"pgc-215-1-0\"  class=\"panel-grid-cell\" ><div id=\"panel-215-1-0-0\" class=\"so-panel widget widget_sow-image panel-first-child\" data-index=\"2\" ><div\n\t\t\t\n\t\t\tclass=\"so-widget-sow-image so-widget-sow-image-default-8b5b6f678277-215\"\n\t\t\t\n\t\t>\n<div class=\"sow-image-container\">\n\t\t<img \n\tsrc=\"https:\/\/www.leulit.com\/wp-content\/uploads\/2017\/06\/iconos_leulit_diseno.png\" width=\"262\" height=\"262\" srcset=\"https:\/\/www.leulit.com\/wp-content\/uploads\/2017\/06\/iconos_leulit_diseno.png 262w, https:\/\/www.leulit.com\/wp-content\/uploads\/2017\/06\/iconos_leulit_diseno-100x100.png 100w, https:\/\/www.leulit.com\/wp-content\/uploads\/2017\/06\/iconos_leulit_diseno-150x150.png 150w\" sizes=\"(max-width: 262px) 100vw, 262px\" title=\"Community Manager\" alt=\"Community Manager\" \t\tclass=\"so-widget-image\"\/>\n\t<\/div>\n\n<\/div><\/div><div id=\"panel-215-1-0-1\" class=\"so-panel widget widget_sow-editor panel-last-child\" data-index=\"3\" ><div\n\t\t\t\n\t\t\tclass=\"so-widget-sow-editor so-widget-sow-editor-base\"\n\t\t\t\n\t\t>\n<div class=\"siteorigin-widget-tinymce textwidget\">\n\t<p class=\"p1\"><b>Disseny <\/b><\/p>\n<p class=\"p2\">El disseny tamb\u00e9 hi juga un paper molt important dins de la gesti\u00f3 d&#039;una comunitat social. Igual que a l&#039;hora de vendre un producte al m\u00f3n offline, a l&#039;online es necessita crear dissenys espec\u00edfics per a la promoci\u00f3 del producte o generar algun tipus d&#039;enlla\u00e7 amb l&#039;usuari-consumidor.<\/p>\n<p class=\"p3\">\u00a0<\/p>\n<\/div>\n<\/div><\/div><\/div><div id=\"pgc-215-1-1\"  class=\"panel-grid-cell\" ><div id=\"panel-215-1-1-0\" class=\"so-panel widget widget_sow-image panel-first-child\" data-index=\"4\" ><div\n\t\t\t\n\t\t\tclass=\"so-widget-sow-image so-widget-sow-image-default-8b5b6f678277-215\"\n\t\t\t\n\t\t>\n<div class=\"sow-image-container\">\n\t\t<img \n\tsrc=\"https:\/\/www.leulit.com\/wp-content\/uploads\/2017\/06\/iconos_leulit_fotografia.png\" width=\"262\" height=\"262\" srcset=\"https:\/\/www.leulit.com\/wp-content\/uploads\/2017\/06\/iconos_leulit_fotografia.png 262w, https:\/\/www.leulit.com\/wp-content\/uploads\/2017\/06\/iconos_leulit_fotografia-100x100.png 100w, https:\/\/www.leulit.com\/wp-content\/uploads\/2017\/06\/iconos_leulit_fotografia-150x150.png 150w\" sizes=\"(max-width: 262px) 100vw, 262px\" title=\"Community Manager\" alt=\"Community Manager\" \t\tclass=\"so-widget-image\"\/>\n\t<\/div>\n\n<\/div><\/div><div id=\"panel-215-1-1-1\" class=\"so-panel widget widget_sow-editor panel-last-child\" data-index=\"5\" ><div\n\t\t\t\n\t\t\tclass=\"so-widget-sow-editor so-widget-sow-editor-base\"\n\t\t\t\n\t\t>\n<div class=\"siteorigin-widget-tinymce textwidget\">\n\t<p class=\"p1\"><b>Fotografia <\/b><\/p>\n<p class=\"p2\">Una bona fotografia \u00e9s essencial a les xarxes socials, on tot es ven a trav\u00e9s d&#039;imatges, v\u00eddeos o dissenys. Al futur client se l&#039;ha de persuadir de manera que recordi el producte per la seva qualitat, que es veu reflectida, moltes vegades, per fotografies.<\/p>\n<p class=\"p3\">\u00a0<\/p>\n<\/div>\n<\/div><\/div><\/div><div id=\"pgc-215-1-2\"  class=\"panel-grid-cell\" ><div id=\"panel-215-1-2-0\" class=\"so-panel widget widget_sow-image panel-first-child\" data-index=\"6\" ><div\n\t\t\t\n\t\t\tclass=\"so-widget-sow-image so-widget-sow-image-default-8b5b6f678277-215\"\n\t\t\t\n\t\t>\n<div class=\"sow-image-container\">\n\t\t<img \n\tsrc=\"https:\/\/www.leulit.com\/wp-content\/uploads\/2017\/06\/iconos_leulit_copy.png\" width=\"262\" height=\"262\" srcset=\"https:\/\/www.leulit.com\/wp-content\/uploads\/2017\/06\/iconos_leulit_copy.png 262w, https:\/\/www.leulit.com\/wp-content\/uploads\/2017\/06\/iconos_leulit_copy-100x100.png 100w, https:\/\/www.leulit.com\/wp-content\/uploads\/2017\/06\/iconos_leulit_copy-150x150.png 150w\" sizes=\"(max-width: 262px) 100vw, 262px\" title=\"Community Manager\" alt=\"Community Manager\" \t\tclass=\"so-widget-image\"\/>\n\t<\/div>\n\n<\/div><\/div><div id=\"panel-215-1-2-1\" class=\"so-panel widget widget_sow-editor panel-last-child\" data-index=\"7\" ><div\n\t\t\t\n\t\t\tclass=\"so-widget-sow-editor so-widget-sow-editor-base\"\n\t\t\t\n\t\t>\n<div class=\"siteorigin-widget-tinymce textwidget\">\n\t<p class=\"p1\"><b>Creaci\u00f3 de contingut <\/b><\/p>\n<p class=\"p3\">La funci\u00f3 del Copy \u00e9s molt m\u00e9s que redactar i escriure missatges publicitaris, ha de connectar amb els usuaris i saber transmetre el missatge de l&#039;empresa. Nom\u00e9s aix\u00ed podreu arribar a crear l&#039;enlla\u00e7 de l&#039;espectador amb l&#039;empresa i viceversa.<\/p>\n<\/div>\n<\/div><\/div><\/div><\/div><\/div>","protected":false},"excerpt":{"rendered":"<p>El marketing y el dise\u00f1o se unen para dar una presencia activa dentro de las comunidades sociales online.Cuando le dices [&hellip;]<\/p>\n","protected":false},"author":1,"featured_media":0,"parent":249,"menu_order":0,"comment_status":"closed","ping_status":"closed","template":"","meta":{"footnotes":""},"class_list":["post-215","page","type-page","status-publish","hentry"],"_links":{"self":[{"href":"https:\/\/www.leulit.com\/ca\/wp-json\/wp\/v2\/pages\/215","targetHints":{"allow":["GET"]}}],"collection":[{"href":"https:\/\/www.leulit.com\/ca\/wp-json\/wp\/v2\/pages"}],"about":[{"href":"https:\/\/www.leulit.com\/ca\/wp-json\/wp\/v2\/types\/page"}],"author":[{"embeddable":true,"href":"https:\/\/www.leulit.com\/ca\/wp-json\/wp\/v2\/users\/1"}],"replies":[{"embeddable":true,"href":"https:\/\/www.leulit.com\/ca\/wp-json\/wp\/v2\/comments?post=215"}],"version-history":[{"count":16,"href":"https:\/\/www.leulit.com\/ca\/wp-json\/wp\/v2\/pages\/215\/revisions"}],"predecessor-version":[{"id":800,"href":"https:\/\/www.leulit.com\/ca\/wp-json\/wp\/v2\/pages\/215\/revisions\/800"}],"up":[{"embeddable":true,"href":"https:\/\/www.leulit.com\/ca\/wp-json\/wp\/v2\/pages\/249"}],"wp:attachment":[{"href":"https:\/\/www.leulit.com\/ca\/wp-json\/wp\/v2\/media?parent=215"}],"curies":[{"name":"wp","href":"https:\/\/api.w.org\/{rel}","templated":true}]}}