{"id":2443,"date":"2020-06-12T06:24:02","date_gmt":"2020-06-12T06:24:02","guid":{"rendered":"https:\/\/www.leulit.com\/?page_id=2443"},"modified":"2024-05-07T11:13:33","modified_gmt":"2024-05-07T11:13:33","slug":"aplicacio-mobil-gestio-de-combustible","status":"publish","type":"page","link":"https:\/\/www.leulit.com\/ca\/aplicacion-movil-gestion-de-combustible\/","title":{"rendered":"Aplicaci\u00f3 m\u00f2bil \u2013 Gesti\u00f3 de combustible"},"content":{"rendered":"<div class=\"wp-block-columns is-layout-flex wp-container-core-columns-is-layout-9d6595d7 wp-block-columns-is-layout-flex\">\n<div class=\"wp-block-column is-layout-flow wp-block-column-is-layout-flow\"><div\n\t\t\t\n\t\t\tclass=\"so-widget-sow-image so-widget-sow-image-default-8b5b6f678277\"\n\t\t\t\n\t\t>\n<div class=\"sow-image-container\">\n\t\t<img \n\tsrc=\"https:\/\/www.leulit.com\/wp-content\/uploads\/2020\/07\/app-control-combustible.jpg\" width=\"800\" height=\"600\" srcset=\"https:\/\/www.leulit.com\/wp-content\/uploads\/2020\/07\/app-control-combustible.jpg 800w, https:\/\/www.leulit.com\/wp-content\/uploads\/2020\/07\/app-control-combustible-300x225.jpg 300w, https:\/\/www.leulit.com\/wp-content\/uploads\/2020\/07\/app-control-combustible-768x576.jpg 768w\" sizes=\"(max-width: 800px) 100vw, 800px\" alt=\"\" \t\tclass=\"so-widget-image\"\/>\n\t<\/div>\n\n<\/div>\n\n\n<p style=\"font-size:10px;\"><em>Captura de pantalla de la versi\u00f3 desenvolupada per l&#039;operadora d&#039;helic\u00f2pters Helipistas SL<\/em><\/p>\n<\/div>\n\n\n\n<div class=\"wp-block-column is-layout-flow wp-block-column-is-layout-flow\">\n<p>La gesti\u00f3 de flotes engloba diversos aspectes que tenen una repercussi\u00f3 pressupost\u00e0ria rellevant.<\/p>\n<ul>\n<li>Localitzaci\u00f3 dels vehicles<\/li>\n<li>Seguretat<\/li>\n<li>Manteniments<\/li>\n<li>Control de combustible<\/li>\n<\/ul>\n<p>Concretament, el control de combustible \u00e9s una gesti\u00f3 rellevant d&#039;ampli impacte pressupostari. Con\u00e8ixer com obtenir un millor rendiment del consum de combustible influeix notablement en les despeses empresarials.<\/p>\n<p>Per poder realitzar una an\u00e0lisi de consum de combustible fiable que permeti una optimitzaci\u00f3 de costos, cal una recollida d&#039;informaci\u00f3 fiable i senzilla per als usuaris que duen a terme la introducci\u00f3 de dades.<\/p>\n<p>Per aix\u00f2 a Leulit hem desenvolupat aquesta app que s&#039;integra on qualsevol ERP disponible al mercat per a la recollida de dades en camp sobre els repostages de combustible.<\/p>\n<p>L&#039;app permet tres funcions:<\/p>\n<ul>\n<li>Identificar els usuaris que introdueixen les dades<\/li>\n<li>Ubicar on es realitza el repostage<\/li>\n<li>Introduir de manera senzilla el combustible repostat.<\/li>\n<\/ul>\n<p>Per identificar els usuaris, l&#039;aplicaci\u00f3 s&#039;integra amb els sistemes d&#039;autenficaci\u00f3 del client. L&#039;aplicaci\u00f3 est\u00e0 integrada amb Amazon Cognito, cosa que facilita la seva integraci\u00f3 amb qualsevol sistema d&#039;autenticaci\u00f3 utilitzat pel client. L&#039;aplicaci\u00f3 tamb\u00e9 disposa d&#039;una API pr\u00f2pia que permet integrar-la directament amb el sistema d&#039;autenticaci\u00f3 del client.<\/p>\n<p>Per a la recollida de dades l&#039;aplicaci\u00f3 s&#039;integra al cloud amb serveis allotjats a Amazon Web Services utilitzant tecnologies \u00abserverless\u00bb que permeten una reducci\u00f3 de costos notables a l&#039;apartat de backoffice de l&#039;aplicaci\u00f3.<\/p>\n<p>La integraci\u00f3 amb els serveis d&#039;Amazon Web Services permet alhora distribuir les dades als clients d&#039;infinitat de maneres:<\/p>\n<ul>\n<li>Integraci\u00f3 amb el backoffice del client mitjan\u00e7ant serveis REST, SOAP, JSON, etc\u2026<\/li>\n<li>Acc\u00e9s a les dades mitjan\u00e7ant serveis de dades al n\u00favol: data analytics, fitxers excel en unitats de dades al n\u00favol.<\/li>\n<\/ul>\n<p>L&#039;aplicaci\u00f3 tamb\u00e9 pot ser oferta al client en mode integraci\u00f3 directa. \u00c9s a dir que faci arribar les dades recollides directament al backoffice del client.<\/p>\n<p>L&#039;aplicatiu ha estat desenvolupat amb tecnologia flutter (llenguatge dart). La utilitzaci\u00f3 d&#039;aquesta tecnologia ens permet oferir versions de l&#039;aplicaci\u00f3 tant per a dispositius Android com per als usuaris sense necessitat de gestionar dos desenvolupaments paral\u00b7lels. \u00c9s a dir, qualsevol adaptaci\u00f3 modificaci\u00f3 en l&#039;aplicaci\u00f3 es desenvolupa una vegada i est\u00e0 disponible per a les dues plataformes. Aix\u00f2 permet un cost de desenvolupament molt m\u00e9s ajustat.<\/p>\n<\/div>\n<\/div>\n\n\n<div\n\t\t\t\n\t\t\tclass=\"so-widget-sow-post-carousel so-widget-sow-post-carousel-base-ad93eedad001\"\n\t\t\t\n\t\t><\/div>","protected":false},"excerpt":{"rendered":"<p>Captura de pantalla de la versi\u00f3n desenvolupada por la Operadora de helic\u00f3pteros Helipistas S.L. La gesti\u00f3n de flotas engloba varios [&hellip;]<\/p>\n","protected":false},"author":1,"featured_media":2574,"parent":0,"menu_order":0,"comment_status":"closed","ping_status":"closed","template":"","meta":{"footnotes":""},"class_list":["post-2443","page","type-page","status-publish","has-post-thumbnail","hentry"],"_links":{"self":[{"href":"https:\/\/www.leulit.com\/ca\/wp-json\/wp\/v2\/pages\/2443","targetHints":{"allow":["GET"]}}],"collection":[{"href":"https:\/\/www.leulit.com\/ca\/wp-json\/wp\/v2\/pages"}],"about":[{"href":"https:\/\/www.leulit.com\/ca\/wp-json\/wp\/v2\/types\/page"}],"author":[{"embeddable":true,"href":"https:\/\/www.leulit.com\/ca\/wp-json\/wp\/v2\/users\/1"}],"replies":[{"embeddable":true,"href":"https:\/\/www.leulit.com\/ca\/wp-json\/wp\/v2\/comments?post=2443"}],"version-history":[{"count":14,"href":"https:\/\/www.leulit.com\/ca\/wp-json\/wp\/v2\/pages\/2443\/revisions"}],"predecessor-version":[{"id":3328,"href":"https:\/\/www.leulit.com\/ca\/wp-json\/wp\/v2\/pages\/2443\/revisions\/3328"}],"wp:featuredmedia":[{"embeddable":true,"href":"https:\/\/www.leulit.com\/ca\/wp-json\/wp\/v2\/media\/2574"}],"wp:attachment":[{"href":"https:\/\/www.leulit.com\/ca\/wp-json\/wp\/v2\/media?parent=2443"}],"curies":[{"name":"wp","href":"https:\/\/api.w.org\/{rel}","templated":true}]}}