{"id":249,"date":"2017-06-07T12:09:46","date_gmt":"2017-06-07T12:09:46","guid":{"rendered":"http:\/\/www.leulit.com\/?page_id=249"},"modified":"2017-06-07T12:09:46","modified_gmt":"2017-06-07T12:09:46","slug":"serveis","status":"publish","type":"page","link":"https:\/\/www.leulit.com\/ca\/servicios\/","title":{"rendered":"Serveis"},"content":{"rendered":"<div id=\"pl-249\"  class=\"panel-layout\" ><div id=\"pg-249-0\"  class=\"panel-grid panel-no-style\" ><div id=\"pgc-249-0-0\"  class=\"panel-grid-cell\" ><div id=\"panel-249-0-0-0\" class=\"so-panel widget widget_sow-editor panel-first-child panel-last-child\" data-index=\"0\" ><div\n\t\t\t\n\t\t\tclass=\"so-widget-sow-editor so-widget-sow-editor-base\"\n\t\t\t\n\t\t>\n<div class=\"siteorigin-widget-tinymce textwidget\">\n\t<p><a href=\"http:\/\/www.leulit.com\/ca\/identitat-corporativa\/\"><\/p>\n<p class=\"p2\"><img loading=\"lazy\" decoding=\"async\" class=\"alignnone size-full wp-image-107\" src=\"http:\/\/www.leulit.com\/wp-content\/uploads\/2017\/06\/imagen-corporativa-leulit.jpg\" alt=\"Disseny Imatge Corporativa Leulit\" width=\"428\" height=\"321\" srcset=\"https:\/\/www.leulit.com\/wp-content\/uploads\/2017\/06\/imagen-corporativa-leulit.jpg 428w, https:\/\/www.leulit.com\/wp-content\/uploads\/2017\/06\/imagen-corporativa-leulit-300x225.jpg 300w\" sizes=\"auto, (max-width: 428px) 100vw, 428px\" \/><\/p>\n<h4 class=\"p2\"><b>Imatge Corporativa <\/b><\/h4>\n<p><\/a><\/p>\n<p class=\"p1\">La imatge que el p\u00fablic percep d&#039;una empresa ha de ser atractiva, de manera que pugui provocar inter\u00e8s entre els consumidors, cre\u00ef buit en la seva ment, generi riquesa de marca.<\/p>\n<p class=\"p2\"><i>Creo la meva imatge, despr\u00e9s existeixo.<\/i><\/p>\n<\/div>\n<\/div><\/div><\/div><div id=\"pgc-249-0-1\"  class=\"panel-grid-cell\" ><div id=\"panel-249-0-1-0\" class=\"so-panel widget widget_sow-editor panel-first-child panel-last-child\" data-index=\"1\" ><div\n\t\t\t\n\t\t\tclass=\"so-widget-sow-editor so-widget-sow-editor-base\"\n\t\t\t\n\t\t>\n<div class=\"siteorigin-widget-tinymce textwidget\">\n\t<p><a href=\"http:\/\/www.leulit.com\/ca\/diseno-grafico\/\"><\/p>\n<p class=\"p1\"><img loading=\"lazy\" decoding=\"async\" class=\"alignnone size-full wp-image-108\" src=\"http:\/\/www.leulit.com\/wp-content\/uploads\/2017\/06\/diseno-grafico-leulit.jpg\" alt=\"Disseny gr\u00e0fic Leulit\" width=\"428\" height=\"321\" srcset=\"https:\/\/www.leulit.com\/wp-content\/uploads\/2017\/06\/diseno-grafico-leulit.jpg 428w, https:\/\/www.leulit.com\/wp-content\/uploads\/2017\/06\/diseno-grafico-leulit-300x225.jpg 300w\" sizes=\"auto, (max-width: 428px) 100vw, 428px\" \/><\/p>\n<p class=\"p1\"><b><\/p>\n<h4>Disseny Gr\u00e0fic<\/h4>\n<p><\/b><\/p>\n<p><\/a><\/p>\n<p class=\"p1\">El disseny de comunicaci\u00f3 visual o disseny visual inclou totes les publicacions que arriben al client: cartells, flyers, llibres, diaris, revistes, cat\u00e0legs, etc.<\/p>\n<p class=\"p2\"><i>Disseny no \u00e9s all\u00f2 que veus, sin\u00f3 all\u00f2 que has de fer que les altres persones vegin.<\/i><\/p>\n<\/div>\n<\/div><\/div><\/div><div id=\"pgc-249-0-2\"  class=\"panel-grid-cell\" ><div id=\"panel-249-0-2-0\" class=\"so-panel widget widget_sow-editor panel-first-child panel-last-child\" data-index=\"2\" ><div\n\t\t\t\n\t\t\tclass=\"so-widget-sow-editor so-widget-sow-editor-base\"\n\t\t\t\n\t\t>\n<div class=\"siteorigin-widget-tinymce textwidget\">\n\t<p><a href=\"http:\/\/www.leulit.com\/ca\/diseno-desarrollo-web\/\"><\/p>\n<p class=\"p1\"><img loading=\"lazy\" decoding=\"async\" class=\"alignnone size-full wp-image-109\" src=\"http:\/\/www.leulit.com\/wp-content\/uploads\/2017\/06\/diseno-web-leulit.png\" alt=\"Disseny i desenvolupament web Leulit\" width=\"428\" height=\"321\" srcset=\"https:\/\/www.leulit.com\/wp-content\/uploads\/2017\/06\/diseno-web-leulit.png 428w, https:\/\/www.leulit.com\/wp-content\/uploads\/2017\/06\/diseno-web-leulit-300x225.png 300w\" sizes=\"auto, (max-width: 428px) 100vw, 428px\" \/><\/p>\n<p class=\"p1\"><b><\/p>\n<h4>Disseny &amp; Desenvolupament Web<\/h4>\n<p><\/b><\/p>\n<p><\/a><\/p>\n<p class=\"p2\">Obtenir un disseny web, creatiu, clar i efectiu, \u00e9s clau per a la pres\u00e8ncia en l\u00ednia de la seva empresa. La creaci\u00f3 de webs corporatives, intranets, botigues en l\u00ednia, el redisseny o el manteniment, s\u00f3n alguns dels nostres serveis.<\/p>\n<p class=\"p1\">\u00a0<i>Una bona imatge \u00e9s el secret de l\u00e8xit.<\/i><\/p>\n<\/div>\n<\/div><\/div><\/div><\/div><div id=\"pg-249-1\"  class=\"panel-grid panel-no-style\" ><div id=\"pgc-249-1-0\"  class=\"panel-grid-cell\" ><div id=\"panel-249-1-0-0\" class=\"so-panel widget widget_sow-editor panel-first-child panel-last-child\" data-index=\"3\" ><div\n\t\t\t\n\t\t\tclass=\"so-widget-sow-editor so-widget-sow-editor-base\"\n\t\t\t\n\t\t>\n<div class=\"siteorigin-widget-tinymce textwidget\">\n\t<p><a href=\"http:\/\/www.leulit.com\/ca\/serveis\/diseno-desarrollo-app\/\"><\/p>\n<p class=\"p1\"><img loading=\"lazy\" decoding=\"async\" class=\"alignnone size-full wp-image-110\" src=\"http:\/\/www.leulit.com\/wp-content\/uploads\/2017\/06\/diseno-app-leulit.png\" alt=\"Disseny i desenvolupament App Aplicacions\" width=\"428\" height=\"321\" srcset=\"https:\/\/www.leulit.com\/wp-content\/uploads\/2017\/06\/diseno-app-leulit.png 428w, https:\/\/www.leulit.com\/wp-content\/uploads\/2017\/06\/diseno-app-leulit-300x225.png 300w\" sizes=\"auto, (max-width: 428px) 100vw, 428px\" \/><\/p>\n<p class=\"p1\"><b><\/p>\n<h4>Disseny &amp; Desenvolupament App<\/h4>\n<p><\/b><\/p>\n<p><\/a><\/p>\n<p class=\"p1\">Conceptualitzar, dissenyar, desenvolupar, crear i llan\u00e7ar l&#039;aplicaci\u00f3 per a smartphones i tauletes des dels prototips fins a la pujada d&#039;aquesta app als markets.<\/p>\n<p class=\"p2\"><i>El disseny no \u00e9s nom\u00e9s all\u00f2 que es veu o all\u00f2 que se sent. Disseny \u00e9s com funciona.<\/i><\/p>\n<\/div>\n<\/div><\/div><\/div><div id=\"pgc-249-1-1\"  class=\"panel-grid-cell\" ><div id=\"panel-249-1-1-0\" class=\"so-panel widget widget_sow-editor panel-first-child panel-last-child\" data-index=\"4\" ><div\n\t\t\t\n\t\t\tclass=\"so-widget-sow-editor so-widget-sow-editor-base\"\n\t\t\t\n\t\t>\n<div class=\"siteorigin-widget-tinymce textwidget\">\n\t<p><a href=\"http:\/\/www.leulit.com\/ca\/serveis\/fotografia\/\"><\/p>\n<p class=\"p1\"><img loading=\"lazy\" decoding=\"async\" class=\"alignnone size-full wp-image-112\" src=\"http:\/\/www.leulit.com\/wp-content\/uploads\/2017\/06\/fotografia-leulit.jpg\" alt=\"Fotografia Leulit\" width=\"428\" height=\"321\" srcset=\"https:\/\/www.leulit.com\/wp-content\/uploads\/2017\/06\/fotografia-leulit.jpg 428w, https:\/\/www.leulit.com\/wp-content\/uploads\/2017\/06\/fotografia-leulit-300x225.jpg 300w\" sizes=\"auto, (max-width: 428px) 100vw, 428px\" \/><\/p>\n<p class=\"p1\"><b><\/p>\n<h4>Fotografia<\/h4>\n<p><\/b><\/p>\n<p><\/a><\/p>\n<p class=\"p1\">Reportatges per a cat\u00e0legs corporatius, per a web o senzillament per a alguna campanya de publicitat en l\u00ednia o offline.<\/p>\n<p class=\"p2\"><i>Una imatge val m\u00e9s que mil paraules.<\/i><\/p>\n<\/div>\n<\/div><\/div><\/div><div id=\"pgc-249-1-2\"  class=\"panel-grid-cell\" ><div id=\"panel-249-1-2-0\" class=\"so-panel widget widget_sow-editor panel-first-child panel-last-child\" data-index=\"5\" ><div\n\t\t\t\n\t\t\tclass=\"so-widget-sow-editor so-widget-sow-editor-base\"\n\t\t\t\n\t\t>\n<div class=\"siteorigin-widget-tinymce textwidget\">\n\t<p><a href=\"http:\/\/www.leulit.com\/ca\/serveis\/community-manager\/\"><\/p>\n<p class=\"p1\"><img loading=\"lazy\" decoding=\"async\" class=\"alignnone size-full wp-image-111\" src=\"http:\/\/www.leulit.com\/wp-content\/uploads\/2017\/06\/community_manager_leulit.png\" alt=\"\" width=\"428\" height=\"321\" srcset=\"https:\/\/www.leulit.com\/wp-content\/uploads\/2017\/06\/community_manager_leulit.png 428w, https:\/\/www.leulit.com\/wp-content\/uploads\/2017\/06\/community_manager_leulit-300x225.png 300w\" sizes=\"auto, (max-width: 428px) 100vw, 428px\" \/><\/p>\n<p class=\"p1\"><b><\/p>\n<h4>Community Manager<\/h4>\n<p><\/b><\/p>\n<p><\/a><\/p>\n<p class=\"p2\">Avui dia, construir, gestionar i administrar una comunitat a les diferents plataformes \u00e9s imprescindible. Cal establir i sostenir una relaci\u00f3 duradora i rec\u00edproca amb aquesta.<\/p>\n<p class=\"p2\"><i>Quan dius al teu p\u00fablic: et veig, t&#039;escolto i m&#039;importes. <\/i><\/p>\n<\/div>\n<\/div><\/div><\/div><\/div><\/div>","protected":false},"excerpt":{"rendered":"<p>Imagen Corporativa La imagen que el p\u00fablico percibe de una empresa debe ser atractiva, de modo que pueda provocar inter\u00e9s [&hellip;]<\/p>\n","protected":false},"author":1,"featured_media":0,"parent":0,"menu_order":0,"comment_status":"closed","ping_status":"closed","template":"","meta":{"footnotes":""},"class_list":["post-249","page","type-page","status-publish","hentry"],"_links":{"self":[{"href":"https:\/\/www.leulit.com\/ca\/wp-json\/wp\/v2\/pages\/249","targetHints":{"allow":["GET"]}}],"collection":[{"href":"https:\/\/www.leulit.com\/ca\/wp-json\/wp\/v2\/pages"}],"about":[{"href":"https:\/\/www.leulit.com\/ca\/wp-json\/wp\/v2\/types\/page"}],"author":[{"embeddable":true,"href":"https:\/\/www.leulit.com\/ca\/wp-json\/wp\/v2\/users\/1"}],"replies":[{"embeddable":true,"href":"https:\/\/www.leulit.com\/ca\/wp-json\/wp\/v2\/comments?post=249"}],"version-history":[{"count":2,"href":"https:\/\/www.leulit.com\/ca\/wp-json\/wp\/v2\/pages\/249\/revisions"}],"predecessor-version":[{"id":251,"href":"https:\/\/www.leulit.com\/ca\/wp-json\/wp\/v2\/pages\/249\/revisions\/251"}],"wp:attachment":[{"href":"https:\/\/www.leulit.com\/ca\/wp-json\/wp\/v2\/media?parent=249"}],"curies":[{"name":"wp","href":"https:\/\/api.w.org\/{rel}","templated":true}]}}