{"id":2588,"date":"2020-07-27T12:15:56","date_gmt":"2020-07-27T12:15:56","guid":{"rendered":"https:\/\/www.leulit.com\/?page_id=2588"},"modified":"2024-05-07T11:15:17","modified_gmt":"2024-05-07T11:15:17","slug":"erp-i-signature","status":"publish","type":"page","link":"https:\/\/www.leulit.com\/ca\/erp-e-signature\/","title":{"rendered":"ERP \u2013 E-signature App"},"content":{"rendered":"<div class=\"wp-block-columns is-layout-flex wp-container-core-columns-is-layout-9d6595d7 wp-block-columns-is-layout-flex\">\n<div class=\"wp-block-column is-layout-flow wp-block-column-is-layout-flow\"><div\n\t\t\t\n\t\t\tclass=\"so-widget-sow-image so-widget-sow-image-default-8b5b6f678277\"\n\t\t\t\n\t\t>\n<div class=\"sow-image-container\">\n\t\t<img \n\tsrc=\"https:\/\/www.leulit.com\/wp-content\/uploads\/2020\/07\/app-e-signature.jpg\" width=\"800\" height=\"600\" srcset=\"https:\/\/www.leulit.com\/wp-content\/uploads\/2020\/07\/app-e-signature.jpg 800w, https:\/\/www.leulit.com\/wp-content\/uploads\/2020\/07\/app-e-signature-300x225.jpg 300w, https:\/\/www.leulit.com\/wp-content\/uploads\/2020\/07\/app-e-signature-768x576.jpg 768w\" sizes=\"(max-width: 800px) 100vw, 800px\" title=\"app e-signature\" alt=\"app e-signature\" \t\tclass=\"so-widget-image\"\/>\n\t<\/div>\n\n<\/div><\/div>\n\n\n\n<div class=\"wp-block-column is-layout-flow wp-block-column-is-layout-flow\">\n<p>E-signature App \u00e9s un programari basat en autenticaci\u00f3 per contrasenya d&#039;un sol \u00fas.<\/p>\n<p>Permet als usuaris de l&#039;ERP de la companyia <a href=\"https:\/\/www.helipistas.com\/\">Helipistes<\/a> la signatura digital de documents generats pel mateix ERP.<\/p>\n<p>Inclou implementacions per a la generaci\u00f3 de codis d&#039;autenticaci\u00f3 amb contrasenya d&#039;un sol \u00fas destinat a la identificaci\u00f3 i l&#039;autoritzaci\u00f3 de la documentaci\u00f3 generada per l&#039;ERP.<\/p>\n<p>Els codis One-time s\u00f3n generats fent \u00fas de standards oberts desenvolupats per <a href=\"https:\/\/openauthentication.org\/\">The Initiative for Open Authentication<\/a> (OATH).<\/p>\n<p>Aquestes implementacions suporten l&#039;algorisme HMAC-Based One-Time Password (HOTP) especificat a la RFC 4226 i l&#039;algorisme Time-based One-time Password (TOTP) especificat a la RFC 6238.<\/p>\n<p>El prove\u00efdor de servei genera una clau secreta de 80 bits per a cada usuari. Aquesta se subministra com una cadena de 16 car\u00e0cters codificats a base32 o com un QR code. El client crea un missatge HMAC-SHA1 usant aquesta clau secreta. El missatge generat aix\u00ed est\u00e0 basat en per\u00edodes d&#039;1 minut transcorreguts des d&#039;Unix epoch.<\/p>\n<p>Una porci\u00f3 de la HMAC s&#039;extreu i \u00e9s convertida a un codi de 6 d\u00edgits.<\/p>\n<p><a href=\"https:\/\/www.leulit.com\/ca\/politica-de-privacidad-erp-e-signature\/\">Pol\u00edtica de Privadesa<\/a><\/p>\n<\/div>\n<\/div>\n\n\n<div\n\t\t\t\n\t\t\tclass=\"so-widget-sow-post-carousel so-widget-sow-post-carousel-base-ad93eedad001\"\n\t\t\t\n\t\t><\/div>","protected":false},"excerpt":{"rendered":"<p>E-signature App es un software basado en autenticaci\u00f3n por contrase\u00f1a de un solo uso. Permite a los usuarios del ERP [&hellip;]<\/p>\n","protected":false},"author":1,"featured_media":2607,"parent":0,"menu_order":0,"comment_status":"closed","ping_status":"closed","template":"","meta":{"footnotes":""},"class_list":["post-2588","page","type-page","status-publish","has-post-thumbnail","hentry"],"_links":{"self":[{"href":"https:\/\/www.leulit.com\/ca\/wp-json\/wp\/v2\/pages\/2588","targetHints":{"allow":["GET"]}}],"collection":[{"href":"https:\/\/www.leulit.com\/ca\/wp-json\/wp\/v2\/pages"}],"about":[{"href":"https:\/\/www.leulit.com\/ca\/wp-json\/wp\/v2\/types\/page"}],"author":[{"embeddable":true,"href":"https:\/\/www.leulit.com\/ca\/wp-json\/wp\/v2\/users\/1"}],"replies":[{"embeddable":true,"href":"https:\/\/www.leulit.com\/ca\/wp-json\/wp\/v2\/comments?post=2588"}],"version-history":[{"count":9,"href":"https:\/\/www.leulit.com\/ca\/wp-json\/wp\/v2\/pages\/2588\/revisions"}],"predecessor-version":[{"id":3330,"href":"https:\/\/www.leulit.com\/ca\/wp-json\/wp\/v2\/pages\/2588\/revisions\/3330"}],"wp:featuredmedia":[{"embeddable":true,"href":"https:\/\/www.leulit.com\/ca\/wp-json\/wp\/v2\/media\/2607"}],"wp:attachment":[{"href":"https:\/\/www.leulit.com\/ca\/wp-json\/wp\/v2\/media?parent=2588"}],"curies":[{"name":"wp","href":"https:\/\/api.w.org\/{rel}","templated":true}]}}