{"id":2850,"date":"2020-08-17T15:49:44","date_gmt":"2020-08-17T15:49:44","guid":{"rendered":"https:\/\/www.leulit.com\/?page_id=2850"},"modified":"2020-08-17T15:49:45","modified_gmt":"2020-08-17T15:49:45","slug":"icarus-erp-politica-de-privadesa","status":"publish","type":"page","link":"https:\/\/www.leulit.com\/ca\/icarus-erp-politica-de-privacidad\/","title":{"rendered":"ICARUS-ERP Pol\u00edtica de privadesa"},"content":{"rendered":"<p><strong>Data darrera actualitzaci\u00f3: 17\/08\/2020<\/strong><\/p>\n<p>De conformitat amb el Reglament (UE) 2016\/679, del Parlament Europeu i del Consell, de 27 d&#039;abril del 2016, relatiu a<br \/>\nla protecci\u00f3 de les persones f\u00edsiques pel que fa al tractament de dades personals ia la lliure circulaci\u00f3 d&#039;aquests<br \/>\ndades (Reglament General de Protecci\u00f3 de Dades \u2013 RGPD), Leulit SL:, informa els usuaris de la<br \/>\naplicaci\u00f3 ICARUS-ERP (d&#039;ara endavant, l&#039;Aplicaci\u00f3), sobre el tractament de les dades personals, que ells<br \/>\nvolunt\u00e0riament hagin facilitat durant el proc\u00e9s de registre, acc\u00e9s i utilitzaci\u00f3 del servei.<\/p>\n<p><strong>1. IDENTIFICACI\u00d3 DEL RESPONSABLE DEL TRACTAMENT.<\/strong><br \/>\nLeulit SL, amb CIF\/NIF n\u00fam.: B66766270 i domicili a efectes de notificacions a:<br \/>\nHeliport Teresa Vil\u00e0 s\/n, 08231 Ullastrell \u2013 Barcelona (Espanya) i inscrita al Registre Mercantil de Barcelona, Butllet\u00ed 83, Refer\u00e8ncia 188972 Tom 45328, Foli 146, Secci\u00f3 8, Full 484323, Inscripci\u00f3 1a (en endavant, ), \u00e9s l&#039;entitat<br \/>\nresponsable del tractament de les dades facilitades pels clients de l&#039;Aplicaci\u00f3 (d&#039;ara endavant, l&#039;Usuari\/s).<\/p>\n<p><strong>2. LEGITIMACI\u00d3.<\/strong><br \/>\nEl tractament de les dades de l&#039;Usuari, es realitza amb les bases jur\u00eddiques seg\u00fcents que legitimen el mateix:<br \/>\n\u2022 La sol\u00b7licitud d&#039;informaci\u00f3 i\/o la contractaci\u00f3 dels serveis de l&#039;Aplicaci\u00f3, els termes i condicions dels quals es<br \/>\nposaran a disposici\u00f3 de l&#039;Usuari en tot cas, amb car\u00e0cter previ, per a la seva acceptaci\u00f3 expressa.<br \/>\n\u2022 El consentiment lliure, espec\u00edfic, informat i inequ\u00edvoc de l&#039;Usuari, posant a la vostra disposici\u00f3 aquesta pol\u00edtica<br \/>\nde privadesa, que haur\u00e0 d&#039;acceptar mitjan\u00e7ant una declaraci\u00f3 o una clara acci\u00f3 afirmativa, com el marcat d&#039;una<br \/>\ncasella disposada a aquest efecte.<br \/>\nEn cas que l&#039;Usuari no faciliti a XXXEMPRESAXXX les seves dades, o ho faci de manera err\u00f2nia o incompleta, no ser\u00e0 possible<br \/>\nutilitzar l&#039;Aplicaci\u00f3.<br \/>\n4. CONSERVACI\u00d3 DE LES DADES PERSONALS.<br \/>\nLes dades personals proporcionades per l&#039;Usuari, es conservaran als sistemes i bases de dades del Responsable del<br \/>\nTractament, mentre aquell continu\u00ef fent \u00fas de l&#039;Aplicaci\u00f3, i sempre que no sol\u00b7licite la supressi\u00f3.<br \/>\nPer tal de depurar les possibles responsabilitats derivades del tractament, les dades es conservaran per un per\u00edode<br \/>\nm\u00ednim de cinc anys.<br \/>\n5. DESTINATARIS.<br \/>\nLes dades no es comunicaran a cap tercer ali\u00e8 a XXXEMPRESAXXX, excepte obligaci\u00f3 legal o en qualsevol cas, pr\u00e8via<br \/>\nsol\u00b7licitud del consentiment de l&#039;usuari.<br \/>\nD&#039;altra banda, XXXEMPRESAXXX podr\u00e0 donar acc\u00e9s o transmetre les dades personals facilitades per l&#039;Usuari a tercers<br \/>\nprove\u00efdors de serveis, amb els quals hagi subscrit acords d&#039;enc\u00e0rrec de tractament de dades, i que nom\u00e9s hi accedeixin<br \/>\na aquesta informaci\u00f3 per prestar un servei a favor i per compte del Responsable.<br \/>\n6. RETENCI\u00d3 DE DADES.<br \/>\nXXXEMPRESAXXX, informa a l&#039;Usuari que, com a prestador de servei d&#039;allotjament de dades i en virtut del<br \/>\nestablert a la Llei 34\/2002 d&#039;11 de juliol de Serveis de la Societat de la Informaci\u00f3 i de Comer\u00e7 Electr\u00f2nic (LSSI),<br \/>\nret\u00e9 per un per\u00edode m\u00e0xim de 12 mesos la informaci\u00f3 imprescindible per identificar l&#039;origen de les dades allotjades i el<br \/>\nmoment en qu\u00e8 es va iniciar la prestaci\u00f3 del servei.<br \/>\nLa retenci\u00f3 d&#039;aquestes dades no afecta el secret de les comunicacions i nom\u00e9s es poden utilitzar en el marc d&#039;una<br \/>\ninvestigaci\u00f3 criminal o per a la salvaguarda de la seguretat p\u00fablica, posant-se a disposici\u00f3 dels jutges i\/o tribunals o<br \/>\ndel Ministeri que aix\u00ed ho requereixi.<br \/>\nLa comunicaci\u00f3 de dades a les Forces i Cossos de Seguretat de l&#039;Estat es far\u00e0 en virtut del que disposa la normativa<br \/>\nsobre protecci\u00f3 de dades personals, i sota el m\u00e0xim respecte a aquesta.<br \/>\n7. PROTECCI\u00d3 DE LA INFORMACI\u00d3 ALLOTJADA.<br \/>\nEl Responsable del Tractament, adopta les mesures necess\u00e0ries per garantir la seguretat, integritat i confidencialitat de<br \/>\nles dades conforme al que disposa el Reglament (UE) 2016\/679 del Parlament Europeu i del Consell, de 27 d&#039;abril de<br \/>\n2016, relatiu a la protecci\u00f3 de les persones f\u00edsiques pel que fa al tractament de dades personals ia la lliure<br \/>\ncirculaci\u00f3 dels mateixos.<br \/>\nSi b\u00e9 el Responsable, realitza c\u00f2pies de seguretat dels continguts allotjats als seus servidors, per\u00f2 no es<br \/>\nresponsabilitza de la p\u00e8rdua o esborrament accidental de les dades per part dels Usuaris. De la mateixa manera, no garanteix la<br \/>\nreposici\u00f3 total de les dades esborrades pels Usuaris, ja que les esmentades dades podrien haver estat suprimides i\/o<br \/>\nmodificats durant el per\u00edode de temps transcorregut des de la darrera c\u00f2pia de seguretat.<br \/>\nEls serveis facilitats o prestats a trav\u00e9s de l&#039;Aplicaci\u00f3, excepte els serveis espec\u00edfics de backup, no inclouen<br \/>\nreposici\u00f3 dels continguts conservats a les c\u00f2pies de seguretat realitzades pel Responsable del Tractament, quan<br \/>\naquesta p\u00e8rdua sigui imputable a lusuari; en aquest cas, es determinar\u00e0 una tarifa d&#039;acord amb la complexitat i el volum de la<br \/>\nrecuperaci\u00f3, sempre amb l&#039;acceptaci\u00f3 pr\u00e8via de l&#039;usuari. La reposici\u00f3 de dades esborrades nom\u00e9s est\u00e0 inclosa en el preu del<br \/>\nservei quan la p\u00e8rdua del contingut sigui deguda a causes atribu\u00efbles al Responsable.<br \/>\n8. EXERCICI DE DRETS.<br \/>\nXXXEMPRESAXXX, informa a l&#039;Usuari que us assisteixen els drets d&#039;acc\u00e9s, rectificaci\u00f3, limitaci\u00f3, supressi\u00f3, oposici\u00f3<br \/>\ni portabilitat, els quals podr\u00e0 exercitar mitjan\u00e7ant petici\u00f3 adre\u00e7ada al correu electr\u00f2nic: _____________________________<br \/>\nAix\u00ed mateix, l&#039;Usuari t\u00e9 dret a revocar el consentiment inicialment prestat, ia interposar reclamacions de<br \/>\ndrets davant de l&#039;Ag\u00e8ncia Espanyola de Protecci\u00f3 de Dades (AEPD).<br \/>\n9. COMUNICACIONS COMERCIALS PER VIA ELECTR\u00d2NICA.<br \/>\nEn aplicaci\u00f3 de la LSSI (Llei de Serveis de la Societat de la Informaci\u00f3), XXXEMPRESAXXX, no enviar\u00e0 comunicacions<br \/>\npublicit\u00e0ries o promocionals per correu electr\u00f2nic o altre mitj\u00e0 de comunicaci\u00f3 electr\u00f2nica equivalent que pr\u00e8viament<br \/>\nno hagin estat sol\u00b7licitades o expressament autoritzades pels destinataris de les mateixes.<br \/>\nEn el cas d&#039;usuaris amb els quals hi hagi una relaci\u00f3 contractual, jur\u00eddica o de serveis pr\u00e8via, el Responsable del<br \/>\nTractament, s\u00ed que est\u00e0 autoritzat a l&#039;enviament de comunicacions comercials referents a productes o serveis del Responsable<br \/>\nque siguin similars als que inicialment van ser objecte de contractaci\u00f3 amb el client.<br \/>\nEn cas que l&#039;Usuari vulgui donar-se de baixa a l&#039;hora de rebre les comunicacions esmentades, podr\u00e0 fer-ho remetent la seva<br \/>\nvoluntat per e-mail al correu electr\u00f2nic: ____________________________________.<\/p>","protected":false},"excerpt":{"rendered":"<p>Fecha \u00faltima actualizaci\u00f3n: 17\/08\/2020 De conformidad con el Reglamento (UE) 2016\/679, del Parlamento Europeo y del Consejo, de 27 de [&hellip;]<\/p>\n","protected":false},"author":1,"featured_media":0,"parent":0,"menu_order":0,"comment_status":"closed","ping_status":"closed","template":"","meta":{"footnotes":""},"class_list":["post-2850","page","type-page","status-publish","hentry"],"_links":{"self":[{"href":"https:\/\/www.leulit.com\/ca\/wp-json\/wp\/v2\/pages\/2850","targetHints":{"allow":["GET"]}}],"collection":[{"href":"https:\/\/www.leulit.com\/ca\/wp-json\/wp\/v2\/pages"}],"about":[{"href":"https:\/\/www.leulit.com\/ca\/wp-json\/wp\/v2\/types\/page"}],"author":[{"embeddable":true,"href":"https:\/\/www.leulit.com\/ca\/wp-json\/wp\/v2\/users\/1"}],"replies":[{"embeddable":true,"href":"https:\/\/www.leulit.com\/ca\/wp-json\/wp\/v2\/comments?post=2850"}],"version-history":[{"count":2,"href":"https:\/\/www.leulit.com\/ca\/wp-json\/wp\/v2\/pages\/2850\/revisions"}],"predecessor-version":[{"id":2852,"href":"https:\/\/www.leulit.com\/ca\/wp-json\/wp\/v2\/pages\/2850\/revisions\/2852"}],"wp:attachment":[{"href":"https:\/\/www.leulit.com\/ca\/wp-json\/wp\/v2\/media?parent=2850"}],"curies":[{"name":"wp","href":"https:\/\/api.w.org\/{rel}","templated":true}]}}