{"id":2880,"date":"2020-09-27T10:00:45","date_gmt":"2020-09-27T10:00:45","guid":{"rendered":"https:\/\/www.leulit.com\/?page_id=2880"},"modified":"2020-09-27T10:51:09","modified_gmt":"2020-09-27T10:51:09","slug":"estatest-2020-2","status":"publish","type":"page","link":"https:\/\/www.leulit.com\/ca\/estatest-2020-2\/","title":{"rendered":"AquestaTest \u2013 2020"},"content":{"rendered":"<figure class=\"wp-block-table\">\n<table>\n<tbody>\n<tr>\n<td>\n<p><a href=\"https:\/\/www.linkedin.com\/in\/gaspar-berbel-b599a247\/\"><em>Autor: Gaspar Berbel&nbsp;&nbsp;<img decoding=\"async\" loading=\"lazy\" class=\"size-full wp-image-1332\" src=\"https:\/\/www.leulit.com\/wp-content\/uploads\/2019\/01\/linkedin2.png\" alt=\"\" width=\"30\" height=\"30\"><\/em><\/a><em><br>Doctor per la UAB&nbsp;<br>Formador i investigador <br><\/em><em>(ORCID ID: 0000-0002-9042-2922)<br><\/em><\/p>\n<\/td>\n<td>\n<div>\n<div>Llibre de refer\u00e8ncia:<br>\u201cPaola apr\u00e8n estad\u00edstica. Des d\u00b4un entorn personal d\u00b4aprenentatge\u201d<\/div>\n<div>(3a ed.)<span style=\"font-size: inherit; font-family: inherit; font-weight: inherit;\">Gaspar Berbel (2020).<\/span><\/div>\n<\/div>\n<\/td>\n<\/tr>\n<\/tbody>\n<\/table>\n<\/figure>\n\n\n<p><span style=\"font-weight: 400;\">ESTATest mostra quina prova estad\u00edstica realitzar per a cada combinaci\u00f3 de dues variables.<\/span><\/p>\n\n\n\n<p><span style=\"font-weight: 400;\">ESTATest \u00e9s una aplicaci\u00f3 m\u00f2bil intu\u00eftiva i f\u00e0cil de fer servir. Destinada a qualsevol alumne, docent, investigador o analista de dades que necessiti relacionar variables (fer proves de contrast d&#039;hip\u00f2tesis, proves bivariants de relaci\u00f3). La&nbsp;<\/span><i><span style=\"font-weight: 400;\">app<\/span><\/i><span style=\"font-weight: 400;\">&nbsp;guia en el proc\u00e9s de decisi\u00f3, de realitzaci\u00f3 i d&#039;interpretaci\u00f3, de manera molt simple i intu\u00eftiva.<\/span><\/p>\n\n\n\n<p>L&#039;aplicaci\u00f3 est\u00e0 disponible per a dispositius Android i iOS.<\/p>\n\n\n\n<figure class=\"wp-block-table\"><table><tbody><tr><td class=\"has-text-align-center\" data-align=\"center\"><strong>iOS<\/strong><\/td><td class=\"has-text-align-center\" data-align=\"center\"><strong>Android<\/strong><\/td><\/tr><tr><td class=\"has-text-align-center\" data-align=\"center\"><a href=\"https:\/\/apps.apple.com\/es\/app\/l001-estatest-2020\/id1520164260?ign-mpt=uo%3D2\" target=\"_blank\" rel=\"noreferrer noopener\"><img loading=\"lazy\" decoding=\"async\" width=\"300\" height=\"134\" class=\"wp-image-2888\" style=\"width: 300px;\" src=\"https:\/\/www.leulit.com\/wp-content\/uploads\/2020\/09\/Screenshot-2020-09-27-at-12.13.45.png\" alt=\"\" srcset=\"https:\/\/www.leulit.com\/wp-content\/uploads\/2020\/09\/Screenshot-2020-09-27-at-12.13.45.png 1140w, https:\/\/www.leulit.com\/wp-content\/uploads\/2020\/09\/Screenshot-2020-09-27-at-12.13.45-300x134.png 300w, https:\/\/www.leulit.com\/wp-content\/uploads\/2020\/09\/Screenshot-2020-09-27-at-12.13.45-1024x458.png 1024w, https:\/\/www.leulit.com\/wp-content\/uploads\/2020\/09\/Screenshot-2020-09-27-at-12.13.45-768x344.png 768w\" sizes=\"auto, (max-width: 300px) 100vw, 300px\" \/><\/a><\/td><td class=\"has-text-align-center\" data-align=\"center\"><a href=\"https:\/\/play.google.com\/store\/apps\/details?id=leulit.flutter.estatest\" target=\"_blank\" rel=\"noreferrer noopener\"><img loading=\"lazy\" decoding=\"async\" width=\"300\" height=\"101\" class=\"wp-image-2890\" style=\"width: 300px;\" src=\"https:\/\/www.leulit.com\/wp-content\/uploads\/2020\/09\/Screenshot-2020-09-27-at-12.15.30.png\" alt=\"\" srcset=\"https:\/\/www.leulit.com\/wp-content\/uploads\/2020\/09\/Screenshot-2020-09-27-at-12.15.30.png 689w, https:\/\/www.leulit.com\/wp-content\/uploads\/2020\/09\/Screenshot-2020-09-27-at-12.15.30-300x101.png 300w\" sizes=\"auto, (max-width: 300px) 100vw, 300px\" \/><\/a><\/td><\/tr><\/tbody><\/table><\/figure>\n\n\n\n<p><span style=\"font-weight: 400;\">Primer us demanar\u00e0 que marqueu les variables que pret\u00e9n relacionar entre si, la seva tipologia (categ\u00f2rica de dues categories o de m\u00e9s, o b\u00e9 num\u00e8rica o m\u00e8trica \u2013quantitativa), una vegada introdu\u00efda la combinaci\u00f3, la&nbsp;<\/span><i><span style=\"font-weight: 400;\">app&nbsp;<\/span><\/i><span style=\"font-weight: 400;\">us far\u00e0 algunes preguntes tipus filtre per determinar les condicions d&#039;aplicaci\u00f3, segons tipus de prova, en relaci\u00f3 al suposat seguiment de llei normal per part de les distribucions o variables m\u00e8triques en joc, o sobre el nombre de casos esperats en un procediment de relaci\u00f3 entre categ\u00f2riques \u2013Chi quadrat. En algun cas, la&nbsp;<\/span><i><span style=\"font-weight: 400;\">app&nbsp;<\/span><\/i><span style=\"font-weight: 400;\">us preguntar\u00e0 pel tipus de disseny de les variables per seguir determinant, amb precisi\u00f3 i exactitud, el tipus de prova adequada per efectuar la relaci\u00f3 sol\u00b7licitada. Un cop aplicats tots els filtres -els quals pot anar passant l&#039;usuari per defecte marcant la situaci\u00f3 m\u00e9s habitual o esperada, en cas que desconegueu els sup\u00f2sits d&#039;aplicaci\u00f3-la&nbsp;<\/span><i><span style=\"font-weight: 400;\">app&nbsp;<\/span><\/i><span style=\"font-weight: 400;\">indicar\u00e0 la prova o el procediment estad\u00edstic a aplicar per veure la possible associaci\u00f3 (relaci\u00f3) entre les variables. Les proves que us proposar\u00e0 quan es compleixin les condicions d&#039;aplicaci\u00f3 s\u00f3n les seg\u00fcents: Chi quadrat, t-test mesures independents, t-test mesures relacionades, anova, correlaci\u00f3\u2026 En aquest cas estem davant de proves param\u00e8triques \u2013quan la variable m\u00e8trica segueix llei normal , o b\u00e9 ho suposem. En cas que no sigui aix\u00ed, quan la variable m\u00e8trica en joc no segueixi la llei normal \u2013cas de proves no param\u00e8triques- la&nbsp;<\/span><i><span style=\"font-weight: 400;\">app&nbsp;<\/span><\/i><span style=\"font-weight: 400;\">us proposar\u00e0 les proves seg\u00fcents: U de Mann Whitney, T de Wilcoxon, prova de kruskal Wallis, correlaci\u00f3 de Spearman.&nbsp;<\/span><\/p>\n\n\n\n<p><span style=\"font-weight: 400;\">La&nbsp;<\/span><i><span style=\"font-weight: 400;\">app&nbsp;<\/span><\/i><span style=\"font-weight: 400;\">no nom\u00e9s proposa la prova a efectuar, sin\u00f3 que tamb\u00e9 us permet veure un breu v\u00eddeo on s&#039;explica com es realitza el procediment estad\u00edstic i com s&#039;interpreta, realitzat amb el paquet estad\u00edstic IBM-SPSS. Els v\u00eddeos duren entre un i dos minuts.<\/span><\/p>\n\n\n\n<figure class=\"wp-block-table\"><table><tbody><tr><td><figure class=\"wp-block-image size-large is-resized\"><img loading=\"lazy\" decoding=\"async\" src=\"https:\/\/www.leulit.com\/wp-content\/uploads\/2020\/09\/01-473x1024.jpg\" alt=\"\" class=\"wp-image-2869\" width=\"286\" height=\"620\" srcset=\"https:\/\/www.leulit.com\/wp-content\/uploads\/2020\/09\/01-scaled.jpg 473w, https:\/\/www.leulit.com\/wp-content\/uploads\/2020\/09\/01-139x300.jpg 139w, https:\/\/www.leulit.com\/wp-content\/uploads\/2020\/09\/01-768x1662.jpg 768w, https:\/\/www.leulit.com\/wp-content\/uploads\/2020\/09\/01-710x1536.jpg 710w, https:\/\/www.leulit.com\/wp-content\/uploads\/2020\/09\/01-946x2048.jpg 946w\" sizes=\"auto, (max-width: 286px) 100vw, 286px\" \/><\/figure><\/td><td><figure class=\"wp-block-image size-large is-resized\"><img loading=\"lazy\" decoding=\"async\" src=\"https:\/\/www.leulit.com\/wp-content\/uploads\/2020\/09\/02-473x1024.jpg\" alt=\"\" class=\"wp-image-2869\" width=\"286\" height=\"620\"><\/figure><\/td><td><figure class=\"wp-block-image size-large is-resized\"><img loading=\"lazy\" decoding=\"async\" src=\"https:\/\/www.leulit.com\/wp-content\/uploads\/2020\/09\/03-473x1024.jpg\" alt=\"\" class=\"wp-image-2869\" width=\"286\" height=\"620\"><\/figure><\/td><td><figure class=\"wp-block-image size-large is-resized\"><img loading=\"lazy\" decoding=\"async\" src=\"https:\/\/www.leulit.com\/wp-content\/uploads\/2020\/09\/04-473x1024.jpg\" alt=\"\" class=\"wp-image-2869\" width=\"286\" height=\"620\"><\/figure><\/td><\/tr><\/tbody><\/table><\/figure>","protected":false},"excerpt":{"rendered":"<p>Autor: Gaspar Berbel&nbsp;&nbsp;Doctor por la UAB&nbsp;Formador e investigador (ORCID ID: 0000-0002-9042-2922) Libro de referencia:\u201cPaola aprende estad\u00edstica. Desde un entorno personal [&hellip;]<\/p>\n","protected":false},"author":1,"featured_media":0,"parent":0,"menu_order":0,"comment_status":"closed","ping_status":"closed","template":"","meta":{"footnotes":""},"class_list":["post-2880","page","type-page","status-publish","hentry"],"_links":{"self":[{"href":"https:\/\/www.leulit.com\/ca\/wp-json\/wp\/v2\/pages\/2880","targetHints":{"allow":["GET"]}}],"collection":[{"href":"https:\/\/www.leulit.com\/ca\/wp-json\/wp\/v2\/pages"}],"about":[{"href":"https:\/\/www.leulit.com\/ca\/wp-json\/wp\/v2\/types\/page"}],"author":[{"embeddable":true,"href":"https:\/\/www.leulit.com\/ca\/wp-json\/wp\/v2\/users\/1"}],"replies":[{"embeddable":true,"href":"https:\/\/www.leulit.com\/ca\/wp-json\/wp\/v2\/comments?post=2880"}],"version-history":[{"count":11,"href":"https:\/\/www.leulit.com\/ca\/wp-json\/wp\/v2\/pages\/2880\/revisions"}],"predecessor-version":[{"id":2911,"href":"https:\/\/www.leulit.com\/ca\/wp-json\/wp\/v2\/pages\/2880\/revisions\/2911"}],"wp:attachment":[{"href":"https:\/\/www.leulit.com\/ca\/wp-json\/wp\/v2\/media?parent=2880"}],"curies":[{"name":"wp","href":"https:\/\/api.w.org\/{rel}","templated":true}]}}