{"id":2944,"date":"2020-12-09T12:24:57","date_gmt":"2020-12-09T12:24:57","guid":{"rendered":"https:\/\/www.leulit.com\/?page_id=2944"},"modified":"2021-02-08T11:40:40","modified_gmt":"2021-02-08T11:40:40","slug":"migrar-al-nuvol","status":"publish","type":"page","link":"https:\/\/www.leulit.com\/ca\/servicios\/gestion-de-servidores-amazon-web-services-aws\/migrar-a-la-nube\/","title":{"rendered":"Migrar al n\u00favol"},"content":{"rendered":"<p>Per qu\u00e8 migrar al n\u00favol? Algunes empreses migren per augmentar la productivitat de la seva for\u00e7a laboral. Altres busquen la consolidaci\u00f3 del centre de dades degut a una fusi\u00f3 o adquisici\u00f3. Encara m\u00e9s, reinventen els seus negocis com a part d&#039;una transformaci\u00f3 digital m\u00e9s \u00e0mplia. I, per descomptat, les organitzacions sempre busquen maneres de millorar els resultats mitjan\u00e7ant la reducci\u00f3 dels seus costos.<\/p>\n\n\n\n<p>Independentment dels seus objectius, la decisi\u00f3 de traslladar les operacions de TI al n\u00favol pot ser tan aclaparadora com prometedora. \u00c9s un viatge que requereix metodologies, eines, formaci\u00f3 i socis que demostrin una \u00e0mplia experi\u00e8ncia necess\u00e0ria per executar migracions reeixides al n\u00favol. \u00c9s important considerar acuradament les capacitats generals i lexperi\u00e8ncia dels possibles socis del n\u00favol, en particular les seves taxes d\u00e8xit per ajudar organitzacions com la seva a oferir millors resultats comercials.<\/p>\n\n\n\n<h2 class=\"wp-block-heading\">Migre al n\u00favol per alliberar els seus recursos de TI<\/h2>\n\n\n\n<p>Amb les millors pr\u00e0ctiques implementades i el soci adequat al seu costat, el canvi al n\u00favol pot generar una varietat de guanys significatius.<\/p>\n\n\n\n<div class=\"wp-block-columns is-layout-flex wp-container-core-columns-is-layout-9d6595d7 wp-block-columns-is-layout-flex\">\n<div class=\"wp-block-column is-layout-flow wp-block-column-is-layout-flow\">\n<div class=\"wp-block-image\"><figure class=\"aligncenter size-large\"><img loading=\"lazy\" decoding=\"async\" width=\"100\" height=\"100\" src=\"https:\/\/www.leulit.com\/wp-content\/uploads\/2021\/02\/dinero.png\" alt=\"\" class=\"wp-image-2992\"\/><\/figure><\/div>\n\n\n\n<p class=\"has-text-align-center\"><strong>Redu\u00efu<\/strong> <strong>els costos<\/strong> generals d&#039;infraestructura a <strong>un 31 %<\/strong>.<\/p>\n<\/div>\n\n\n\n<div class=\"wp-block-column is-layout-flow wp-block-column-is-layout-flow\">\n<div class=\"wp-block-image\"><figure class=\"aligncenter size-large\"><img loading=\"lazy\" decoding=\"async\" width=\"100\" height=\"100\" src=\"https:\/\/www.leulit.com\/wp-content\/uploads\/2021\/02\/reduccion-costes.png\" alt=\"\" class=\"wp-image-2994\"\/><\/figure><\/div>\n\n\n\n<p class=\"has-text-align-center\"><strong>Redu\u00efu el cost\u00f3s <\/strong>temps d&#039;inactivitat a <strong>un 94 %<\/strong>.<\/p>\n<\/div>\n<\/div>\n\n\n\n<div class=\"wp-block-columns is-layout-flex wp-container-core-columns-is-layout-9d6595d7 wp-block-columns-is-layout-flex\">\n<div class=\"wp-block-column is-layout-flow wp-block-column-is-layout-flow\">\n<div class=\"wp-block-image\"><figure class=\"aligncenter size-large\"><img loading=\"lazy\" decoding=\"async\" width=\"100\" height=\"100\" src=\"https:\/\/www.leulit.com\/wp-content\/uploads\/2021\/02\/grafico-linea.png\" alt=\"\" class=\"wp-image-2993\"\/><\/figure><\/div>\n\n\n\n<p class=\"has-text-align-center\"><strong>Augmenti la productivitat<\/strong> del personal de TI a <strong>un 62 %<\/strong>.<\/p>\n<\/div>\n\n\n\n<div class=\"wp-block-column is-layout-flow wp-block-column-is-layout-flow\">\n<div class=\"wp-block-image\"><figure class=\"aligncenter size-large\"><img loading=\"lazy\" decoding=\"async\" width=\"100\" height=\"100\" src=\"https:\/\/www.leulit.com\/wp-content\/uploads\/2021\/02\/velocidad.png\" alt=\"\" class=\"wp-image-2995\"\/><\/figure><\/div>\n\n\n\n<p class=\"has-text-align-center\"><strong>Accelere<\/strong> per oferir <strong>3 vegades<\/strong> m\u00e9s funcions per any de mitjana.<\/p>\n<\/div>\n<\/div>","protected":false},"excerpt":{"rendered":"<p>\u00bfPor qu\u00e9 migrar a la nube? Algunas empresas migran para aumentar la productividad de su fuerza laboral. Otras buscan la [&hellip;]<\/p>\n","protected":false},"author":1,"featured_media":0,"parent":1376,"menu_order":0,"comment_status":"closed","ping_status":"closed","template":"","meta":{"footnotes":""},"class_list":["post-2944","page","type-page","status-publish","hentry"],"_links":{"self":[{"href":"https:\/\/www.leulit.com\/ca\/wp-json\/wp\/v2\/pages\/2944","targetHints":{"allow":["GET"]}}],"collection":[{"href":"https:\/\/www.leulit.com\/ca\/wp-json\/wp\/v2\/pages"}],"about":[{"href":"https:\/\/www.leulit.com\/ca\/wp-json\/wp\/v2\/types\/page"}],"author":[{"embeddable":true,"href":"https:\/\/www.leulit.com\/ca\/wp-json\/wp\/v2\/users\/1"}],"replies":[{"embeddable":true,"href":"https:\/\/www.leulit.com\/ca\/wp-json\/wp\/v2\/comments?post=2944"}],"version-history":[{"count":5,"href":"https:\/\/www.leulit.com\/ca\/wp-json\/wp\/v2\/pages\/2944\/revisions"}],"predecessor-version":[{"id":3016,"href":"https:\/\/www.leulit.com\/ca\/wp-json\/wp\/v2\/pages\/2944\/revisions\/3016"}],"up":[{"embeddable":true,"href":"https:\/\/www.leulit.com\/ca\/wp-json\/wp\/v2\/pages\/1376"}],"wp:attachment":[{"href":"https:\/\/www.leulit.com\/ca\/wp-json\/wp\/v2\/media?parent=2944"}],"curies":[{"name":"wp","href":"https:\/\/api.w.org\/{rel}","templated":true}]}}