{"id":2952,"date":"2020-12-09T12:58:15","date_gmt":"2020-12-09T12:58:15","guid":{"rendered":"https:\/\/www.leulit.com\/?page_id=2952"},"modified":"2021-02-05T12:07:30","modified_gmt":"2021-02-05T12:07:30","slug":"modernitzar-el-desenvolupament-daplicacions","status":"publish","type":"page","link":"https:\/\/www.leulit.com\/ca\/servicios\/gestion-de-servidores-amazon-web-services-aws\/modernizar-el-desarrollo-de-aplicaciones\/","title":{"rendered":"Modernitzar el desenvolupament d&#039;aplicacions"},"content":{"rendered":"<p>El desenvolupament d&#039;aplicacions modernes permet als equips petits i dedicats fer prototips, provar, implementar i escalar aplicacions de manera r\u00e0pida i repetida, per la qual cosa els processos tradicionals ja no poden seguir el ritme.<\/p>\n<p>AWS pot ajudar a reempla\u00e7ar les aplicacions complexes i monol\u00edtiques del passat amb microserveis aut\u00f2noms, computaci\u00f3 sense servidor i integraci\u00f3 cont\u00ednua \/ implementaci\u00f3 cont\u00ednua (CI \/ CD). Provegi els seus equips per oferir capacitats amb m\u00e9s agilitat i cicles de desenvolupament radicalment m\u00e9s curts. En proporcionar la cartera m\u00e9s \u00e0mplia i profunda de solucions de desenvolupament al n\u00favol, AWS modernitza el proc\u00e9s de creaci\u00f3, integraci\u00f3 i escalat d&#039;aplicacions modernes.<\/p>\n\n\n<h2 class=\"wp-block-heading\">Modernitzar el desenvolupament d&#039;aplicacions per a una innovaci\u00f3 r\u00e0pida<\/h2>\n\n\n\n<p>Les pr\u00e0ctiques de desenvolupament d&#039;aplicacions modernes ajuden els clients d&#039;AWS a arribar al mercat m\u00e9s r\u00e0pid, accelerar la innovaci\u00f3 i crear aplicacions m\u00e9s fiables a un cost redu\u00eft.<\/p>\n\n\n\n<h3 class=\"wp-block-heading\">Per qu\u00e8 passar de monol\u00edtic a microservei?<\/h3>\n\n\n\n<div class=\"wp-block-columns is-layout-flex wp-container-core-columns-is-layout-9d6595d7 wp-block-columns-is-layout-flex\">\n<div class=\"wp-block-column is-layout-flow wp-block-column-is-layout-flow\">\n<p><\/p>\n\n\n\n<h4 class=\"has-text-align-right wp-block-heading\">Aplicacions monol\u00edtiques<\/h4>\n\n\n\n<p class=\"has-text-align-right\">Fer-ho tot<br>Compartir canal de llan\u00e7ament<br>Escalar r\u00edgidament<br>El canvi causa un gran impacte<br>Mala adaptaci\u00f3 a les noves tecnologies<\/p>\n<\/div>\n\n\n\n<div class=\"wp-block-column is-layout-flow wp-block-column-is-layout-flow\">\n<p><\/p>\n\n\n\n<h4 class=\"wp-block-heading\">Microservei<\/h4>\n\n\n\n<p>Fer una cosa<br>Implementar de forma independent<br>Escalar de forma independent<br>El canvi causa baix impacte<br>Bona adaptaci\u00f3 a les noves tecnologies<\/p>\n<\/div>\n<\/div>","protected":false},"excerpt":{"rendered":"<p>El desarrollo de aplicaciones modernas permite a los equipos peque\u00f1os y dedicados realizar prototipos, probar, implementar y escalar aplicaciones de [&hellip;]<\/p>\n","protected":false},"author":1,"featured_media":0,"parent":1376,"menu_order":0,"comment_status":"closed","ping_status":"closed","template":"","meta":{"footnotes":""},"class_list":["post-2952","page","type-page","status-publish","hentry"],"_links":{"self":[{"href":"https:\/\/www.leulit.com\/ca\/wp-json\/wp\/v2\/pages\/2952","targetHints":{"allow":["GET"]}}],"collection":[{"href":"https:\/\/www.leulit.com\/ca\/wp-json\/wp\/v2\/pages"}],"about":[{"href":"https:\/\/www.leulit.com\/ca\/wp-json\/wp\/v2\/types\/page"}],"author":[{"embeddable":true,"href":"https:\/\/www.leulit.com\/ca\/wp-json\/wp\/v2\/users\/1"}],"replies":[{"embeddable":true,"href":"https:\/\/www.leulit.com\/ca\/wp-json\/wp\/v2\/comments?post=2952"}],"version-history":[{"count":4,"href":"https:\/\/www.leulit.com\/ca\/wp-json\/wp\/v2\/pages\/2952\/revisions"}],"predecessor-version":[{"id":2997,"href":"https:\/\/www.leulit.com\/ca\/wp-json\/wp\/v2\/pages\/2952\/revisions\/2997"}],"up":[{"embeddable":true,"href":"https:\/\/www.leulit.com\/ca\/wp-json\/wp\/v2\/pages\/1376"}],"wp:attachment":[{"href":"https:\/\/www.leulit.com\/ca\/wp-json\/wp\/v2\/media?parent=2952"}],"curies":[{"name":"wp","href":"https:\/\/api.w.org\/{rel}","templated":true}]}}