{"id":2959,"date":"2020-12-09T13:13:35","date_gmt":"2020-12-09T13:13:35","guid":{"rendered":"https:\/\/www.leulit.com\/?page_id=2959"},"modified":"2021-02-05T12:26:23","modified_gmt":"2021-02-05T12:26:23","slug":"diferenciar-se-amb-dades","status":"publish","type":"page","link":"https:\/\/www.leulit.com\/ca\/servicios\/gestion-de-servidores-amazon-web-services-aws\/diferenciarse-con-datos\/","title":{"rendered":"Diferenciar-se amb dades"},"content":{"rendered":"<p>La Intel\u00b7lig\u00e8ncia Artificial (AI) i el Machine Learning (ML) s&#039;han convertit en diferenciadors competitius i una font de generaci\u00f3 de valor per a moltes empreses. Aix\u00f2 explica la predicci\u00f3 recent de l&#039;IDC que el 40 % de les iniciatives de transformaci\u00f3 el 2019 estan sent habilitades per AI \/ ML. Amb l&#039;augment del volum de dades per donar suport a aquestes capacitats d&#039;an\u00e0lisi, les empreses han de comprendre que el que va funcionar en el passat no pot funcionar en el present.<\/p>\n<p>La implementaci\u00f3 de ML pot involucrar f\u00e0cilment dotzenes de tecnologies, eines i entorns. AWS simplifica el proc\u00e9s, cosa que permet prendre decisions m\u00e9s r\u00e0pides, millorar l&#039;experi\u00e8ncia dels clients i eliminar els possibles riscos comercials. Comenceu amb la vostra estrat\u00e8gia assegurant-vos de tenir la base de dades adequada per a la feina i que els vostres llacs de dades recopilin i emmagatzemin la informaci\u00f3 per a una millor accessibilitat i \u00fas.<\/p>\n\n\n<h2 class=\"wp-block-heading\">Analitzeu totes les vostres dades per obtenir informaci\u00f3 m\u00e9s r\u00e0pida i profunda<\/h2>\n\n\n\n<p>Quan teniu acc\u00e9s immediat al conjunt m\u00e9s ampli i profund de serveis d&#039;an\u00e0lisi i <em>machine learning<\/em>, podeu transformar les vostres dades en valor sense comprometre la seguretat o la governan\u00e7a.<\/p>\n\n\n\n<div class=\"wp-block-columns is-layout-flex wp-container-core-columns-is-layout-9d6595d7 wp-block-columns-is-layout-flex\">\n<div class=\"wp-block-column is-layout-flow wp-block-column-is-layout-flow\">\n<div class=\"wp-block-image\"><figure class=\"aligncenter size-large\"><img loading=\"lazy\" decoding=\"async\" width=\"100\" height=\"100\" src=\"https:\/\/www.leulit.com\/wp-content\/uploads\/2021\/02\/velocidad.png\" alt=\"\" class=\"wp-image-2995\"\/><\/figure><\/div>\n\n\n\n<p class=\"has-text-align-center\"><strong>Acceleri la presa de decisions<\/strong> per recolzar millor les necessitats del vostre negoci.<\/p>\n<\/div>\n\n\n\n<div class=\"wp-block-column is-layout-flow wp-block-column-is-layout-flow\">\n<div class=\"wp-block-image\"><figure class=\"aligncenter size-large\"><img loading=\"lazy\" decoding=\"async\" width=\"100\" height=\"100\" src=\"https:\/\/www.leulit.com\/wp-content\/uploads\/2021\/02\/mans.png\" alt=\"\" class=\"wp-image-3000\"\/><\/figure><\/div>\n\n\n\n<p class=\"has-text-align-center\"><strong>Afiance <\/strong>les relacions amb els clients a trav\u00e9s d&#039;un comprom\u00eds intel\u00b7ligent.<\/p>\n<\/div>\n\n\n\n<div class=\"wp-block-column is-layout-flow wp-block-column-is-layout-flow\">\n<div class=\"wp-block-image\"><figure class=\"aligncenter size-large\"><img loading=\"lazy\" decoding=\"async\" width=\"100\" height=\"100\" src=\"https:\/\/www.leulit.com\/wp-content\/uploads\/2021\/02\/navegador.png\" alt=\"\" class=\"wp-image-3001\"\/><\/figure><\/div>\n\n\n\n<p class=\"has-text-align-center\"><strong>Aprofiteu <\/strong>les vostres dades per ajudar a predir i reduir el risc comercial.<\/p>\n<\/div>\n<\/div>","protected":false},"excerpt":{"rendered":"<p>La Inteligencia Artificial (AI) y el Machine Learning (ML), se han convertido en diferenciadores competitivos y una fuente de generaci\u00f3n [&hellip;]<\/p>\n","protected":false},"author":1,"featured_media":0,"parent":1376,"menu_order":0,"comment_status":"closed","ping_status":"closed","template":"","meta":{"footnotes":""},"class_list":["post-2959","page","type-page","status-publish","hentry"],"_links":{"self":[{"href":"https:\/\/www.leulit.com\/ca\/wp-json\/wp\/v2\/pages\/2959","targetHints":{"allow":["GET"]}}],"collection":[{"href":"https:\/\/www.leulit.com\/ca\/wp-json\/wp\/v2\/pages"}],"about":[{"href":"https:\/\/www.leulit.com\/ca\/wp-json\/wp\/v2\/types\/page"}],"author":[{"embeddable":true,"href":"https:\/\/www.leulit.com\/ca\/wp-json\/wp\/v2\/users\/1"}],"replies":[{"embeddable":true,"href":"https:\/\/www.leulit.com\/ca\/wp-json\/wp\/v2\/comments?post=2959"}],"version-history":[{"count":5,"href":"https:\/\/www.leulit.com\/ca\/wp-json\/wp\/v2\/pages\/2959\/revisions"}],"predecessor-version":[{"id":3003,"href":"https:\/\/www.leulit.com\/ca\/wp-json\/wp\/v2\/pages\/2959\/revisions\/3003"}],"up":[{"embeddable":true,"href":"https:\/\/www.leulit.com\/ca\/wp-json\/wp\/v2\/pages\/1376"}],"wp:attachment":[{"href":"https:\/\/www.leulit.com\/ca\/wp-json\/wp\/v2\/media?parent=2959"}],"curies":[{"name":"wp","href":"https:\/\/api.w.org\/{rel}","templated":true}]}}