{"id":2966,"date":"2020-12-09T13:19:18","date_gmt":"2020-12-09T13:19:18","guid":{"rendered":"https:\/\/www.leulit.com\/?page_id=2966"},"modified":"2021-02-05T12:58:58","modified_gmt":"2021-02-05T12:58:58","slug":"enforteixi-les-seves-defenses","status":"publish","type":"page","link":"https:\/\/www.leulit.com\/ca\/servicios\/gestion-de-servidores-amazon-web-services-aws\/fortalezca-sus-defensas\/","title":{"rendered":"Enforteixi les seves defenses"},"content":{"rendered":"<p>A mesura que evoluciona les tecnologies i els processos heretats a les operacions al n\u00favol modern, els riscos de seguretat i les regulacions de compliment romanen. La protecci\u00f3 de la vostra empresa requereix experi\u00e8ncia en seguretat provada, contrastada amb estrictes marcs de garantia de tercers.<\/p>\n\n\n\n<p>AWS ofereix la infraestructura basada en el n\u00favol m\u00e9s segur del m\u00f3n per satisfer les demandes de seguretat m\u00e9s intensives. Aix\u00f2 inclou monitoritzaci\u00f3 24\u00d77 per a la privadesa, resist\u00e8ncia i disponibilitat de dades a totes les regions. En poques paraules, les empreses que executen a AWS aconsegueixen una postura de seguretat m\u00e9s alta al n\u00favol d&#039;AWS que als seus entorns heretats.<\/p>\n\n\n\n<h2 class=\"wp-block-heading\">Refor\u00e7a la seguretat, el compliment i la resist\u00e8ncia<\/h2>\n\n\n\n<p>En millorar la postura de seguretat de la vostra empresa a AWS, podeu garantir una varietat de proteccions i resultats positius.<\/p>\n\n\n\n<div class=\"wp-block-image\"><figure class=\"aligncenter size-large\"><img loading=\"lazy\" decoding=\"async\" width=\"800\" height=\"600\" src=\"https:\/\/www.leulit.com\/wp-content\/uploads\/2021\/02\/seguridad-1.png\" alt=\"\" class=\"wp-image-3006\" srcset=\"https:\/\/www.leulit.com\/wp-content\/uploads\/2021\/02\/seguridad-1.png 800w, https:\/\/www.leulit.com\/wp-content\/uploads\/2021\/02\/seguridad-1-300x225.png 300w, https:\/\/www.leulit.com\/wp-content\/uploads\/2021\/02\/seguridad-1-768x576.png 768w\" sizes=\"auto, (max-width: 800px) 100vw, 800px\" \/><\/figure><\/div>","protected":false},"excerpt":{"rendered":"<p>A medida que evoluciona las tecnolog\u00edas y los procesos heredados a las operaciones en la nube moderna, los riesgos de [&hellip;]<\/p>\n","protected":false},"author":1,"featured_media":0,"parent":1376,"menu_order":0,"comment_status":"closed","ping_status":"closed","template":"","meta":{"footnotes":""},"class_list":["post-2966","page","type-page","status-publish","hentry"],"_links":{"self":[{"href":"https:\/\/www.leulit.com\/ca\/wp-json\/wp\/v2\/pages\/2966","targetHints":{"allow":["GET"]}}],"collection":[{"href":"https:\/\/www.leulit.com\/ca\/wp-json\/wp\/v2\/pages"}],"about":[{"href":"https:\/\/www.leulit.com\/ca\/wp-json\/wp\/v2\/types\/page"}],"author":[{"embeddable":true,"href":"https:\/\/www.leulit.com\/ca\/wp-json\/wp\/v2\/users\/1"}],"replies":[{"embeddable":true,"href":"https:\/\/www.leulit.com\/ca\/wp-json\/wp\/v2\/comments?post=2966"}],"version-history":[{"count":3,"href":"https:\/\/www.leulit.com\/ca\/wp-json\/wp\/v2\/pages\/2966\/revisions"}],"predecessor-version":[{"id":3007,"href":"https:\/\/www.leulit.com\/ca\/wp-json\/wp\/v2\/pages\/2966\/revisions\/3007"}],"up":[{"embeddable":true,"href":"https:\/\/www.leulit.com\/ca\/wp-json\/wp\/v2\/pages\/1376"}],"wp:attachment":[{"href":"https:\/\/www.leulit.com\/ca\/wp-json\/wp\/v2\/media?parent=2966"}],"curies":[{"name":"wp","href":"https:\/\/api.w.org\/{rel}","templated":true}]}}