{"id":2972,"date":"2020-12-09T13:23:47","date_gmt":"2020-12-09T13:23:47","guid":{"rendered":"https:\/\/www.leulit.com\/?page_id=2972"},"modified":"2021-02-08T11:38:45","modified_gmt":"2021-02-08T11:38:45","slug":"reorganitzeu-les-vostres-operacions","status":"publish","type":"page","link":"https:\/\/www.leulit.com\/ca\/servicios\/gestion-de-servidores-amazon-web-services-aws\/reorganice-sus-operaciones\/","title":{"rendered":"Reorganitzeu les vostres operacions"},"content":{"rendered":"<p>Posar la innovaci\u00f3 a treballar vol dir construir operacions al voltant de resultats centrats en el client que siguin adquiribles i repetibles. \u00c9s hora de repensar les cascades d&#039;estil antic i altres enfocaments basats en activitats que no donen suport al desenvolupament \u00e0gil i centrat en la retroalimentaci\u00f3. AWS proporciona un conjunt de millors pr\u00e0ctiques que poden ajudar qualsevol empresa a crear equips petits, \u00e0gils i altament capacitats per posseir i operar el que construeixen. Milloreu el ritme d&#039;innovaci\u00f3 en permetre una presa de decisions m\u00e9s r\u00e0pida. Tots els clients d&#039;AWS es beneficien de ritme d&#039;innovaci\u00f3 m\u00e9s r\u00e0pid, una experi\u00e8ncia operativa demostrada i l&#039;entorn de n\u00favol m\u00e9s segur.<\/p>\n\n\n<h2 class=\"wp-block-heading\">Capaciteu qualsevol equip per augmentar la velocitat i l&#039;agilitat<\/h2>\n\n\n\n<p>Per oferir millors resultats per als clients, moltes empreses s&#039;estan reorganitzant al voltant d&#039;equips \u00e0gils i empoderats en lloc de dependre de l&#039;activitat o les funcions basades en rols.<\/p>\n\n\n\n<p class=\"has-text-align-center\"><strong>MODE ANTIC<\/strong><br>Organitzar per activitat<\/p>\n\n\n\n<div class=\"wp-block-columns is-layout-flex wp-container-core-columns-is-layout-9d6595d7 wp-block-columns-is-layout-flex\">\n<div class=\"wp-block-column is-layout-flow wp-block-column-is-layout-flow\">\n<p class=\"has-text-align-center\">Analista de negocis<\/p>\n<\/div>\n\n\n\n<div class=\"wp-block-column is-layout-flow wp-block-column-is-layout-flow\">\n<p class=\"has-text-align-center\">Gerent de producte<\/p>\n<\/div>\n\n\n\n<div class=\"wp-block-column is-layout-flow wp-block-column-is-layout-flow\">\n<p class=\"has-text-align-center\">Gerents de producte<\/p>\n<\/div>\n\n\n\n<div class=\"wp-block-column is-layout-flow wp-block-column-is-layout-flow\">\n<p class=\"has-text-align-center\">Operacions<br>i suport<\/p>\n<\/div>\n<\/div>\n\n\n\n<div class=\"wp-block-columns is-layout-flex wp-container-core-columns-is-layout-9d6595d7 wp-block-columns-is-layout-flex\">\n<div class=\"wp-block-column is-layout-flow wp-block-column-is-layout-flow\">\n<p class=\"has-text-align-center\">Provadors<\/p>\n<\/div>\n\n\n\n<div class=\"wp-block-column is-layout-flow wp-block-column-is-layout-flow\">\n<p class=\"has-text-align-center\">Implementadors<\/p>\n<\/div>\n\n\n\n<div class=\"wp-block-column is-layout-flow wp-block-column-is-layout-flow\">\n<p class=\"has-text-align-center\">Dissenyadors<\/p>\n<\/div>\n\n\n\n<div class=\"wp-block-column is-layout-flow wp-block-column-is-layout-flow\">\n<p class=\"has-text-align-center\">Desenvolupadors<\/p>\n<\/div>\n<\/div>\n\n\n\n<p class=\"has-text-align-center\"><strong>NOVA FORMA<\/strong><br>Organitzar amb agilitat<\/p>\n\n\n\n<div class=\"wp-block-columns is-layout-flex wp-container-core-columns-is-layout-9d6595d7 wp-block-columns-is-layout-flex\">\n<div class=\"wp-block-column is-layout-flow wp-block-column-is-layout-flow\">\n<p class=\"has-text-align-center\">Els equips petits<br>i descentralitzats<br>amb les habilitats necess\u00e0ries s\u00f3n \u00e0gils.<\/p>\n<\/div>\n\n\n\n<div class=\"wp-block-column is-layout-flow wp-block-column-is-layout-flow\">\n<p class=\"has-text-align-center\">Els equips posseeixen i<br>executen el que<br>construeixen.<\/p>\n<\/div>\n\n\n\n<div class=\"wp-block-column is-layout-flow wp-block-column-is-layout-flow\">\n<p class=\"has-text-align-center\">Els equips estan<br>facultats per prendre<br>decisions pr\u00f2pies.<\/p>\n<\/div>\n<\/div>","protected":false},"excerpt":{"rendered":"<p>Poner la innovaci\u00f3n a trabajar significa construir operaciones en torno a resultados centrados en el cliente que sean adquiribles y [&hellip;]<\/p>\n","protected":false},"author":1,"featured_media":0,"parent":1376,"menu_order":0,"comment_status":"closed","ping_status":"closed","template":"","meta":{"footnotes":""},"class_list":["post-2972","page","type-page","status-publish","hentry"],"_links":{"self":[{"href":"https:\/\/www.leulit.com\/ca\/wp-json\/wp\/v2\/pages\/2972","targetHints":{"allow":["GET"]}}],"collection":[{"href":"https:\/\/www.leulit.com\/ca\/wp-json\/wp\/v2\/pages"}],"about":[{"href":"https:\/\/www.leulit.com\/ca\/wp-json\/wp\/v2\/types\/page"}],"author":[{"embeddable":true,"href":"https:\/\/www.leulit.com\/ca\/wp-json\/wp\/v2\/users\/1"}],"replies":[{"embeddable":true,"href":"https:\/\/www.leulit.com\/ca\/wp-json\/wp\/v2\/comments?post=2972"}],"version-history":[{"count":6,"href":"https:\/\/www.leulit.com\/ca\/wp-json\/wp\/v2\/pages\/2972\/revisions"}],"predecessor-version":[{"id":3013,"href":"https:\/\/www.leulit.com\/ca\/wp-json\/wp\/v2\/pages\/2972\/revisions\/3013"}],"up":[{"embeddable":true,"href":"https:\/\/www.leulit.com\/ca\/wp-json\/wp\/v2\/pages\/1376"}],"wp:attachment":[{"href":"https:\/\/www.leulit.com\/ca\/wp-json\/wp\/v2\/media?parent=2972"}],"curies":[{"name":"wp","href":"https:\/\/api.w.org\/{rel}","templated":true}]}}