{"id":2978,"date":"2020-12-09T13:39:14","date_gmt":"2020-12-09T13:39:14","guid":{"rendered":"https:\/\/www.leulit.com\/?page_id=2978"},"modified":"2021-02-08T12:31:51","modified_gmt":"2021-02-08T12:31:51","slug":"equipament-a-la-seva-gent","status":"publish","type":"page","link":"https:\/\/www.leulit.com\/ca\/servicios\/gestion-de-servidores-amazon-web-services-aws\/equipe-a-su-gente\/","title":{"rendered":"Equipeu la vostra gent"},"content":{"rendered":"<p>Tot i que moltes organitzacions volen moure&#039;s m\u00e9s r\u00e0pid al n\u00favol, continuen invertint en tecnologies locals tradicionals. La ra\u00f3? Incapacitat per contractar i formar equips al n\u00favol amb prou rapidesa i experi\u00e8ncia dins del negoci per fer que el n\u00favol ofereixi resultats comercials significatius.<\/p>\n<p>La manca de talent \u00e9s real i es relaciona amb un dels desafiaments m\u00e9s profunds per impulsar la innovaci\u00f3. Per\u00f2, en lloc de buscar fora de l&#039;organitzaci\u00f3, els clients d&#039;AWS estan millorant les habilitats dels recursos interns i fomentant el talent del n\u00favol que necessiten en les persones que ja tenen.<\/p>\n\n\n<h2 class=\"wp-block-heading\">Milloreu les habilitats de qualsevol for\u00e7a laboral per tancar la bretxa de talent<\/h2>\n\n\n\n<p>AWS Customer Enablement us ajuda a formar i habilitar els vostres equips perqu\u00e8 operin amb \u00e8xit al n\u00favol i millorin cont\u00ednuament les seves capacitats en sincronia amb el r\u00e0pid ritme de la innovaci\u00f3.<\/p>\n\n\n\n<h3 class=\"wp-block-heading\">Accelerar els resultats comercials amb l&#039;habilitaci\u00f3 per a clients d&#039;AWS<\/h3>\n\n\n\n<div class=\"wp-block-columns is-layout-flex wp-container-core-columns-is-layout-9d6595d7 wp-block-columns-is-layout-flex\">\n<div class=\"wp-block-column is-layout-flow wp-block-column-is-layout-flow\"><\/div>\n\n\n\n<div class=\"wp-block-column is-layout-flow wp-block-column-is-layout-flow\"><\/div>\n\n\n\n<div class=\"wp-block-column is-layout-flow wp-block-column-is-layout-flow\"><\/div>\n<\/div>\n\n\n\n<div class=\"wp-block-columns is-layout-flex wp-container-core-columns-is-layout-9d6595d7 wp-block-columns-is-layout-flex\">\n<div class=\"wp-block-column is-layout-flow wp-block-column-is-layout-flow\">\n<p class=\"has-text-align-center\"><strong>Serveis professionals d&#039;AWS<\/strong><\/p>\n<\/div>\n\n\n\n<div class=\"wp-block-column is-layout-flow wp-block-column-is-layout-flow\">\n<p class=\"has-text-align-center\"><strong>Serveis administrats per AWS<\/strong><\/p>\n<\/div>\n<\/div>\n\n\n\n<div class=\"wp-block-columns is-layout-flex wp-container-core-columns-is-layout-9d6595d7 wp-block-columns-is-layout-flex\">\n<div class=\"wp-block-column is-layout-flow wp-block-column-is-layout-flow\">\n<p class=\"has-text-align-center\"><strong>Suport empresarial d&#039;AWS<\/strong><\/p>\n<\/div>\n\n\n\n<div class=\"wp-block-column is-layout-flow wp-block-column-is-layout-flow\">\n<p class=\"has-text-align-center\"><strong>Capacitaci\u00f3 i certificaci\u00f3 d&#039;AWS<\/strong><\/p>\n<\/div>\n<\/div>\n\n\n\n<div class=\"wp-block-columns is-layout-flex wp-container-core-columns-is-layout-9d6595d7 wp-block-columns-is-layout-flex\">\n<div class=\"wp-block-column is-layout-flow wp-block-column-is-layout-flow\">\n<div class=\"wp-block-image\"><figure class=\"aligncenter size-large\"><img loading=\"lazy\" decoding=\"async\" width=\"100\" height=\"100\" src=\"https:\/\/www.leulit.com\/wp-content\/uploads\/2021\/02\/reglas.png\" alt=\"\" class=\"wp-image-3019\"\/><\/figure><\/div>\n\n\n\n<p class=\"has-text-align-center\">Les habilitats t\u00e8cniques m\u00e9s s\u00f2lides de l&#039;AWS.<\/p>\n<\/div>\n\n\n\n<div class=\"wp-block-column is-layout-flow wp-block-column-is-layout-flow\">\n<div class=\"wp-block-image\"><figure class=\"aligncenter size-large\"><img loading=\"lazy\" decoding=\"async\" width=\"100\" height=\"100\" src=\"https:\/\/www.leulit.com\/wp-content\/uploads\/2021\/02\/edificios.png\" alt=\"\" class=\"wp-image-3020\"\/><\/figure><\/div>\n\n\n\n<p class=\"has-text-align-center\">Lexperi\u00e8ncia empresarial m\u00e9s profunda.<\/p>\n<\/div>\n\n\n\n<div class=\"wp-block-column is-layout-flow wp-block-column-is-layout-flow\">\n<div class=\"wp-block-image\"><figure class=\"aligncenter size-large\"><img loading=\"lazy\" decoding=\"async\" width=\"100\" height=\"100\" src=\"https:\/\/www.leulit.com\/wp-content\/uploads\/2021\/02\/progreso.png\" alt=\"\" class=\"wp-image-3027\"\/><\/figure><\/div>\n\n\n\n<p class=\"has-text-align-center\">Cultura i proc\u00e9s, no nom\u00e9s tecnologia.<\/p>\n<\/div>\n<\/div>\n\n\n\n<div class=\"wp-block-columns is-layout-flex wp-container-core-columns-is-layout-9d6595d7 wp-block-columns-is-layout-flex\">\n<div class=\"wp-block-column is-layout-flow wp-block-column-is-layout-flow\">\n<div class=\"wp-block-image\"><figure class=\"aligncenter size-large\"><img loading=\"lazy\" decoding=\"async\" width=\"100\" height=\"100\" src=\"https:\/\/www.leulit.com\/wp-content\/uploads\/2021\/02\/bombilla.png\" alt=\"\" class=\"wp-image-3023\"\/><\/figure><\/div>\n\n\n\n<p class=\"has-text-align-center\">Formaci\u00f3 per als equips.<\/p>\n<\/div>\n\n\n\n<div class=\"wp-block-column is-layout-flow wp-block-column-is-layout-flow\">\n<div class=\"wp-block-image\"><figure class=\"aligncenter size-large\"><img loading=\"lazy\" decoding=\"async\" width=\"100\" height=\"100\" src=\"https:\/\/www.leulit.com\/wp-content\/uploads\/2021\/02\/red.png\" alt=\"\" class=\"wp-image-3025\"\/><\/figure><\/div>\n\n\n\n<p class=\"has-text-align-center\">Recursos a trav\u00e9s de la xarxa de<br>socis d&#039;AWS.<\/p>\n<\/div>\n\n\n\n<div class=\"wp-block-column is-layout-flow wp-block-column-is-layout-flow\">\n<div class=\"wp-block-image\"><figure class=\"aligncenter size-large\"><img loading=\"lazy\" decoding=\"async\" width=\"100\" height=\"100\" src=\"https:\/\/www.leulit.com\/wp-content\/uploads\/2021\/02\/cronometro.png\" alt=\"\" class=\"wp-image-3021\"\/><\/figure><\/div>\n\n\n\n<p class=\"has-text-align-center\">Transformaci\u00f3 empresarial<br>m\u00e9s r\u00e0pida.<\/p>\n<\/div>\n<\/div>","protected":false},"excerpt":{"rendered":"<p>Aunque muchas organizaciones quieren moverse m\u00e1s r\u00e1pido a la nube, contin\u00faan invirtiendo en tecnolog\u00edas locales tradicionales. \u00bfLa raz\u00f3n? Incapacidad para [&hellip;]<\/p>\n","protected":false},"author":1,"featured_media":0,"parent":1376,"menu_order":0,"comment_status":"closed","ping_status":"closed","template":"","meta":{"footnotes":""},"class_list":["post-2978","page","type-page","status-publish","hentry"],"_links":{"self":[{"href":"https:\/\/www.leulit.com\/ca\/wp-json\/wp\/v2\/pages\/2978","targetHints":{"allow":["GET"]}}],"collection":[{"href":"https:\/\/www.leulit.com\/ca\/wp-json\/wp\/v2\/pages"}],"about":[{"href":"https:\/\/www.leulit.com\/ca\/wp-json\/wp\/v2\/types\/page"}],"author":[{"embeddable":true,"href":"https:\/\/www.leulit.com\/ca\/wp-json\/wp\/v2\/users\/1"}],"replies":[{"embeddable":true,"href":"https:\/\/www.leulit.com\/ca\/wp-json\/wp\/v2\/comments?post=2978"}],"version-history":[{"count":8,"href":"https:\/\/www.leulit.com\/ca\/wp-json\/wp\/v2\/pages\/2978\/revisions"}],"predecessor-version":[{"id":3030,"href":"https:\/\/www.leulit.com\/ca\/wp-json\/wp\/v2\/pages\/2978\/revisions\/3030"}],"up":[{"embeddable":true,"href":"https:\/\/www.leulit.com\/ca\/wp-json\/wp\/v2\/pages\/1376"}],"wp:attachment":[{"href":"https:\/\/www.leulit.com\/ca\/wp-json\/wp\/v2\/media?parent=2978"}],"curies":[{"name":"wp","href":"https:\/\/api.w.org\/{rel}","templated":true}]}}