{"id":3177,"date":"2022-02-08T12:02:17","date_gmt":"2022-02-08T12:02:17","guid":{"rendered":"https:\/\/www.leulit.com\/?page_id=3177"},"modified":"2022-02-08T12:11:29","modified_gmt":"2022-02-08T12:11:29","slug":"agents-digitalitzadors","status":"publish","type":"page","link":"https:\/\/www.leulit.com\/ca\/agentes-digitalizadores\/","title":{"rendered":"Agents Digitalitzadors"},"content":{"rendered":"<figure class=\"wp-block-image size-large\"><img loading=\"lazy\" decoding=\"async\" width=\"1024\" height=\"119\" src=\"https:\/\/www.leulit.com\/wp-content\/uploads\/2022\/01\/Logo-digitalizadores-1024x119.png\" alt=\"\" class=\"wp-image-3094\" srcset=\"https:\/\/www.leulit.com\/wp-content\/uploads\/2022\/01\/Logo-digitalizadores-1024x119.png 1024w, https:\/\/www.leulit.com\/wp-content\/uploads\/2022\/01\/Logo-digitalizadores-300x35.png 300w, https:\/\/www.leulit.com\/wp-content\/uploads\/2022\/01\/Logo-digitalizadores-768x89.png 768w, https:\/\/www.leulit.com\/wp-content\/uploads\/2022\/01\/Logo-digitalizadores-1536x178.png 1536w, https:\/\/www.leulit.com\/wp-content\/uploads\/2022\/01\/Logo-digitalizadores-2048x238.png 2048w\" sizes=\"auto, (max-width: 1024px) 100vw, 1024px\" \/><figcaption><br><\/figcaption><\/figure>\n\n\n\n<h2 class=\"wp-block-heading\" id=\"que-es-el-kit-digital-y-quien-puede-beneficiarse-de-esta-ayuda\">Qu\u00e8 \u00e9s el Kit digital i qui es pot beneficiar d&#039;aquesta ajuda<\/h2>\n\n\n\n<p>La crisi sanit\u00e0ria provocada pel virus COVID-19 ha accelerat la transformaci\u00f3 digital d&#039;empreses, organitzacions i institucions. Arran de l&#039;evoluci\u00f3 del sector tecnol\u00f2gic i la r\u00e0pida transformaci\u00f3 digital a qu\u00e8 estan sotmesos tots els negocis, les institucions europees, juntament amb els governs dels pa\u00efsos membres, van acordar un paquet de mesures i ajudes per afavorir el creixement de les economies nacionals , i per tant de la UE, centrant-se en la digitalitzaci\u00f3, l&#039;emprenedoria digital i la implementaci\u00f3 d&#039;eines i plataformes digitals que millorin el rendiment, la gesti\u00f3 i els processos de les empreses.<\/p>\n\n\n\n<p>El passat 30 de desembre de 2021 es va publicar al BOE (Butllet\u00ed Oficial de l&#039;Estat) l&#039;Ordre ETD\/1498\/2021, de 29 de desembre, en qu\u00e8 s&#039;aproven les bases reguladores de les ajudes per a la digitalitzaci\u00f3 de microempreses, petites empreses i persones en r\u00e8gim d&#039;autoocupaci\u00f3 (aut\u00f2noms) en el marc de l&#039;Agenda Espanya Digital 2025, el Pla de Digitalitzaci\u00f3 PIMES 2021-2025 i el Pla de Recuperaci\u00f3, Transformaci\u00f3 i Resili\u00e8ncia d&#039;Espanya finan\u00e7at per la Uni\u00f3 Europea, Next Generation EU (Digital Toolkit ).<\/p>\n\n\n\n<p><strong>Qu\u00e8 \u00e9s el Kit Digital?<\/strong><\/p>\n\n\n\n<p>El Ministeri d&#039;Afers Econ\u00f2mics i Transformaci\u00f3 Digital \u2013 RED.ES ha llan\u00e7at el Kit Digital,&nbsp;<strong>un programa p\u00fablic d&#039;ajuts i subvencions per a petites i mitjanes empreses i aut\u00f2noms<\/strong>&nbsp;amb l&#039;objectiu d&#039;impulsar la&nbsp;<strong>digitalitzaci\u00f3 i modernitzaci\u00f3<\/strong>&nbsp;teixit productiu d&#039;Espanya i fomentar el creixement econ\u00f2mic del pa\u00eds.<\/p>\n\n\n\n<p>El programa, dotat amb m\u00e9s de 3.000 milions d&#039;euros, procedent dels fons Next Generation de la Uni\u00f3 Europea, comptar\u00e0 de diferents convocat\u00f2ries fins a finals del 2023. Segons la ministra Nadia Calvi\u00f1o \u201cdotar les nostres pimes i aut\u00f2noms de les eines digitals que necessiten per augmentar la seva escala, accedir a nous mercats i desenvolupar-ne tot el potencial\u201d \u00e9s una de les prioritats del Govern en etapa post-Covid, atesa la seva afectaci\u00f3 durant la pand\u00e8mia, per a la recuperaci\u00f3 econ\u00f2mica d&#039;Espanya.<\/p>\n\n\n\n<p><strong>Quins s\u00f3n els objectius del Kit Digital?<\/strong><\/p>\n\n\n\n<p>El \u201cDigital Toolkit\u201d \u00e9s l&#039;eina clau per a&nbsp;<strong>afavorir la digitalitzaci\u00f3<\/strong>&nbsp;del teixit empresarial espanyol, apostant per la&nbsp;<strong>transformaci\u00f3 digital i la recuperaci\u00f3 econ\u00f2mica<\/strong>&nbsp;del pa\u00eds. Per\u00f2, quins s\u00f3n els objectius de les ajudes?<\/p>\n\n\n\n<ul class=\"wp-block-list\"><li>Millorar la productivitat de les empreses.<\/li><li>Augmentar la competitivitat del mercat espanyol.<\/li><li>Facilitar la integraci\u00f3 de ferramentes tecnol\u00f2giques en els processos de gesti\u00f3 del negoci.<\/li><li>Implementar i integrar recursos digitals per afavorir el creixement del negoci.<\/li><li>Afavorir la digitalitzaci\u00f3 de les empreses amb pocs recursos.<\/li><li>Augmentar l\u00edndex del nivell de maduresa digital de les empreses espanyoles.<\/li><\/ul>\n\n\n\n<p><strong>Qui es pot beneficiar de les ajudes?<\/strong><\/p>\n\n\n\n<p>Aquesta primera convocat\u00f2ria d&#039;ajuts, amb un pressupost de 500 milions d&#039;euros, s&#039;adre\u00e7a a qualsevol negoci o activitat empresarial fins a un&nbsp;<strong>m\u00e0xim de 49 empleats amb domicili fiscal al territori espanyol.<\/strong>&nbsp;El Govern d&#039;Espanya ha segmentat la distribuci\u00f3 de les ajudes en funci\u00f3 del nombre d&#039;empleats i la categoria de l&#039;empresa per poder beneficiar-se&#039;n.<\/p>\n\n\n\n<p><strong>Segment 1:<\/strong>&nbsp;Petites empreses entre 10 i 49 empleats amb un import m\u00e0xim del bo digital per empresa de 12.000\u20ac.<\/p>\n\n\n\n<p><strong>Segment 2:<\/strong>&nbsp;Petites empreses o microempreses de 3 a 9 treballadors amb un import m\u00e0xim del bo digital de 6.000\u20ac.<\/p>\n\n\n\n<p><strong>Segment 3:<\/strong>&nbsp;petites empreses o microempreses i aut\u00f2noms de 1 o 2 empleats amb un import m\u00e0xim del bo digital de 2.000\u20ac.<\/p>\n\n\n\n<div style=\"height:25px\" aria-hidden=\"true\" class=\"wp-block-spacer\"><\/div>\n\n\n\n<h2 class=\"wp-block-heading\" id=\"servicios-que-ofrecemos\">Serveis que oferim<\/h2>\n\n\n\n<div style=\"height:21px\" aria-hidden=\"true\" class=\"wp-block-spacer\"><\/div>\n\n\n\n<div class=\"wp-block-columns is-layout-flex wp-container-core-columns-is-layout-9d6595d7 wp-block-columns-is-layout-flex\">\n<div class=\"wp-block-column is-layout-flow wp-block-column-is-layout-flow\">\n<div class=\"wp-block-buttons is-content-justification-center is-layout-flex wp-container-core-buttons-is-layout-16018d1d wp-block-buttons-is-layout-flex\">\n<div class=\"wp-block-button is-style-outline is-style-outline--1\"><a class=\"wp-block-button__link\" href=\"https:\/\/www.leulit.com\/ca\/serveis\/google-workspace\/\">Google Workspace<\/a><\/div>\n<\/div>\n<\/div>\n\n\n\n<div class=\"wp-block-column is-layout-flow wp-block-column-is-layout-flow\">\n<div class=\"wp-block-buttons is-content-justification-center is-layout-flex wp-container-core-buttons-is-layout-16018d1d wp-block-buttons-is-layout-flex\">\n<div class=\"wp-block-button is-style-outline is-style-outline--2\"><a class=\"wp-block-button__link\" href=\"https:\/\/www.leulit.com\/ca\/serveis\/odoo-openerp\/\">Odoo \u2013 Open ERP<\/a><\/div>\n<\/div>\n<\/div>\n\n\n\n<div class=\"wp-block-column is-layout-flow wp-block-column-is-layout-flow\">\n<div class=\"wp-block-buttons is-layout-flex wp-block-buttons-is-layout-flex\">\n<div class=\"wp-block-button is-style-outline is-style-outline--3\"><a class=\"wp-block-button__link\" href=\"https:\/\/www.leulit.com\/ca\/serveis\/botiga-online\/\">Botiga Online<\/a><\/div>\n<\/div>\n<\/div>\n\n\n\n<div class=\"wp-block-column is-layout-flow wp-block-column-is-layout-flow\">\n<div class=\"wp-block-buttons is-layout-flex wp-block-buttons-is-layout-flex\">\n<div class=\"wp-block-button is-style-outline is-style-outline--4\"><a class=\"wp-block-button__link\" href=\"https:\/\/www.leulit.com\/ca\/serveis\/disseny-web-wordpress-barcelona\/\">WordPress<\/a><\/div>\n<\/div>\n<\/div>\n<\/div>\n\n\n\n<div style=\"height:25px\" aria-hidden=\"true\" class=\"wp-block-spacer\"><\/div>","protected":false},"excerpt":{"rendered":"<p>Qu\u00e9 es el Kit digital y qui\u00e9n puede beneficiarse de esta ayuda La crisis sanitaria provocada por el virus COVID-19 [&hellip;]<\/p>\n","protected":false},"author":1,"featured_media":3169,"parent":0,"menu_order":0,"comment_status":"closed","ping_status":"closed","template":"","meta":{"footnotes":""},"class_list":["post-3177","page","type-page","status-publish","has-post-thumbnail","hentry"],"_links":{"self":[{"href":"https:\/\/www.leulit.com\/ca\/wp-json\/wp\/v2\/pages\/3177","targetHints":{"allow":["GET"]}}],"collection":[{"href":"https:\/\/www.leulit.com\/ca\/wp-json\/wp\/v2\/pages"}],"about":[{"href":"https:\/\/www.leulit.com\/ca\/wp-json\/wp\/v2\/types\/page"}],"author":[{"embeddable":true,"href":"https:\/\/www.leulit.com\/ca\/wp-json\/wp\/v2\/users\/1"}],"replies":[{"embeddable":true,"href":"https:\/\/www.leulit.com\/ca\/wp-json\/wp\/v2\/comments?post=3177"}],"version-history":[{"count":3,"href":"https:\/\/www.leulit.com\/ca\/wp-json\/wp\/v2\/pages\/3177\/revisions"}],"predecessor-version":[{"id":3180,"href":"https:\/\/www.leulit.com\/ca\/wp-json\/wp\/v2\/pages\/3177\/revisions\/3180"}],"wp:featuredmedia":[{"embeddable":true,"href":"https:\/\/www.leulit.com\/ca\/wp-json\/wp\/v2\/media\/3169"}],"wp:attachment":[{"href":"https:\/\/www.leulit.com\/ca\/wp-json\/wp\/v2\/media?parent=3177"}],"curies":[{"name":"wp","href":"https:\/\/api.w.org\/{rel}","templated":true}]}}