{"id":405,"date":"2017-06-09T10:55:05","date_gmt":"2017-06-09T10:55:05","guid":{"rendered":"http:\/\/www.leulit.com\/?page_id=405"},"modified":"2017-06-09T11:06:04","modified_gmt":"2017-06-09T11:06:04","slug":"felicitacion-nadal-atca-insurance-brokers","status":"publish","type":"page","link":"https:\/\/www.leulit.com\/ca\/servicios\/imagen-corporativa\/felicitacion-navidad-atca-insurance-brokers\/","title":{"rendered":"Felicitaci\u00f3 Nadal \u2013 ATCA Insurance Brokers"},"content":{"rendered":"<div id=\"pl-405\"  class=\"panel-layout\" ><div id=\"pg-405-0\"  class=\"panel-grid panel-no-style\" ><div id=\"pgc-405-0-0\"  class=\"panel-grid-cell\" ><div id=\"panel-405-0-0-0\" class=\"so-panel widget widget_sow-image panel-first-child panel-last-child\" data-index=\"0\" ><div\n\t\t\t\n\t\t\tclass=\"so-widget-sow-image so-widget-sow-image-default-8b5b6f678277-405\"\n\t\t\t\n\t\t>\n<div class=\"sow-image-container\">\n\t\t<img \n\tsrc=\"https:\/\/www.leulit.com\/wp-content\/uploads\/2017\/06\/diseno-grafico-postal-navidad-atca.jpg\" width=\"800\" height=\"600\" srcset=\"https:\/\/www.leulit.com\/wp-content\/uploads\/2017\/06\/diseno-grafico-postal-navidad-atca.jpg 800w, https:\/\/www.leulit.com\/wp-content\/uploads\/2017\/06\/diseno-grafico-postal-navidad-atca-600x450.jpg 600w, https:\/\/www.leulit.com\/wp-content\/uploads\/2017\/06\/diseno-grafico-postal-navidad-atca-300x225.jpg 300w, https:\/\/www.leulit.com\/wp-content\/uploads\/2017\/06\/diseno-grafico-postal-navidad-atca-768x576.jpg 768w\" sizes=\"(max-width: 800px) 100vw, 800px\" alt=\"felicitaci\u00f3 nadal\" \t\tclass=\"so-widget-image\"\/>\n\t<\/div>\n\n<\/div><\/div><\/div><div id=\"pgc-405-0-1\"  class=\"panel-grid-cell\" ><div id=\"panel-405-0-1-0\" class=\"so-panel widget widget_sow-editor panel-first-child panel-last-child\" data-index=\"1\" ><div\n\t\t\t\n\t\t\tclass=\"so-widget-sow-editor so-widget-sow-editor-base\"\n\t\t\t\n\t\t>\n<div class=\"siteorigin-widget-tinymce textwidget\">\n\t<h2 class=\"p1\"><b>Felicitaci\u00f3 Nadal<\/b><\/h2>\n<p class=\"p1\">La felicitaci\u00f3 de Nadal per a ATCA Corredur\u00eda segueix la seva identitat corporativa, creant una gr\u00e0fica elegant on s&#039;integra la refer\u00e8ncia al sector<\/p>\n<\/div>\n<\/div><\/div><\/div><\/div><div id=\"pg-405-1\"  class=\"panel-grid panel-no-style\" ><div id=\"pgc-405-1-0\"  class=\"panel-grid-cell\" ><div id=\"panel-405-1-0-0\" class=\"so-panel widget widget_sow-post-carousel panel-first-child panel-last-child\" data-index=\"2\" ><div\n\t\t\t\n\t\t\tclass=\"so-widget-sow-post-carousel so-widget-sow-post-carousel-base-ad93eedad001-405\"\n\t\t\t\n\t\t>\t<div\n\t\tclass=\"sow-post-carousel-wrapper sow-post-carousel-theme-base\"\n\t\tstyle=\"overflow: hidden; max-width: 100%; min-height: 182px\"\n\t>\n\t\t<div class=\"sow-carousel-title has-title\">\n\t<h3 class=\"widget-title\">Et pot interessar<\/h3>\t\t<div class=\"sow-carousel-navigation\">\n\t\t\t\t\t\t<a href=\"#\" class=\"sow-carousel-next\" title=\"Next\" aria-label=\"Next Posts\" role=\"button\"><\/a>\n\t\t\t\t\t\t<a href=\"#\" class=\"sow-carousel-previous\" title=\"Previous\" aria-label=\"Previous Posts\" role=\"button\"><\/a>\n\t\t\t\t\t<\/div>\n\t<\/div>\n\n<div class=\"sow-carousel-container\">\n\t\t<div class=\"sow-carousel-wrapper\"\n\t\tdata-dir=\"ltr\"\n\t\tstyle=\"opacity: 0;\"\n\t\tdata-widget=\"post\" data-fetching=\"false\" data-page=\"1\" data-ajax-url=\"https:\/\/www.leulit.com\/wp-admin\/admin-ajax.php?_widgets_nonce=2486bb1c89\" data-item_count=\"4\" data-carousel_settings=\"{&quot;loop&quot;:true,&quot;animation&quot;:&quot;Ease&quot;,&quot;animation_speed&quot;:400,&quot;autoplay&quot;:&quot;&quot;,&quot;pauseOnHover&quot;:&quot;&quot;,&quot;autoplaySpeed&quot;:8000,&quot;item_overflow&quot;:true,&quot;autoplay_continuous_scroll&quot;:false}\" data-responsive=\"{&quot;desktop_slides_to_scroll&quot;:1,&quot;tablet_landscape_breakpoint&quot;:1366,&quot;tablet_landscape_slides_to_scroll&quot;:2,&quot;tablet_portrait_breakpoint&quot;:1025,&quot;tablet_portrait_slides_to_scroll&quot;:2,&quot;mobile_breakpoint&quot;:480,&quot;mobile_slides_to_scroll&quot;:1}\" data-variable_width=\"true\" \t>\n\t\t<div\n\t\t\tclass=\"sow-carousel-items\"\n\t\t\t\t\t>\n\t\t\t\t<div class=\"sow-carousel-item\" tabindex=\"-1\" style=\"float: left;\">\n\t\t<div class=\"sow-carousel-thumbnail\">\n\t\t\t\t\t\t\t<a\n\t\t\t\t\thref=\"https:\/\/www.leulit.com\/ca\/servicios\/imagen-corporativa\/tarjeta-embarque-barcelona-helicopters\/\"\n\t\t\t\t\t\t\t\t\t\tstyle=\"background-image: url( https:\/\/www.leulit.com\/wp-content\/uploads\/2017\/06\/diseno-tarjeta-embarque-272x182.jpg )\"\n\t\t\t\t\taria-labelledby=\"sow-carousel-id-413\"\n\t\t\t\t\ttabindex=\"-1\"\n\t\t\t\t>\n\t\t\t\t\t<span class=\"overlay\"><\/span>\n\t\t\t\t<\/a>\n\t\t\t\t\t<\/div>\n\t\t<h3 class=\"sow-carousel-item-title\">\n\t\t\t<a\n\t\t\t\thref=\"https:\/\/www.leulit.com\/ca\/servicios\/imagen-corporativa\/tarjeta-embarque-barcelona-helicopters\/\"\n\t\t\t\tid=\"sow-carousel-id-413\"\n\t\t\t\t\t\t\t\ttabindex=\"-1\"\n\t\t\t>\n\n\t\t\t\tTargeta embarcament \u2013 Barcelona Helicopters\t\t\t<\/a>\n\t\t<\/h3>\n\t<\/div>\n\t\t<div class=\"sow-carousel-item\" tabindex=\"-1\" style=\"float: left;\">\n\t\t<div class=\"sow-carousel-thumbnail\">\n\t\t\t\t\t\t\t<a\n\t\t\t\t\thref=\"https:\/\/www.leulit.com\/ca\/servicios\/imagen-corporativa\/flyer-a5-oferta-barcelona-helicopters\/\"\n\t\t\t\t\t\t\t\t\t\tstyle=\"background-image: url( https:\/\/www.leulit.com\/wp-content\/uploads\/2017\/06\/diseno-a5-bcnh-272x182.jpg )\"\n\t\t\t\t\taria-labelledby=\"sow-carousel-id-408\"\n\t\t\t\t\ttabindex=\"-1\"\n\t\t\t\t>\n\t\t\t\t\t<span class=\"overlay\"><\/span>\n\t\t\t\t<\/a>\n\t\t\t\t\t<\/div>\n\t\t<h3 class=\"sow-carousel-item-title\">\n\t\t\t<a\n\t\t\t\thref=\"https:\/\/www.leulit.com\/ca\/servicios\/imagen-corporativa\/flyer-a5-oferta-barcelona-helicopters\/\"\n\t\t\t\tid=\"sow-carousel-id-408\"\n\t\t\t\t\t\t\t\ttabindex=\"-1\"\n\t\t\t>\n\n\t\t\t\tFlyer A5 \u2013 Barcelona Helicopters\t\t\t<\/a>\n\t\t<\/h3>\n\t<\/div>\n\t\t<div class=\"sow-carousel-item\" tabindex=\"-1\" style=\"float: left;\">\n\t\t<div class=\"sow-carousel-thumbnail\">\n\t\t\t\t\t\t\t<a\n\t\t\t\t\thref=\"https:\/\/www.leulit.com\/ca\/servicios\/imagen-corporativa\/felicitacion-navidad-atca-insurance-brokers\/\"\n\t\t\t\t\t\t\t\t\t\tstyle=\"background-image: url( https:\/\/www.leulit.com\/wp-content\/uploads\/2017\/06\/diseno-grafico-postal-navidad-atca-272x182.jpg )\"\n\t\t\t\t\taria-labelledby=\"sow-carousel-id-405\"\n\t\t\t\t\ttabindex=\"-1\"\n\t\t\t\t>\n\t\t\t\t\t<span class=\"overlay\"><\/span>\n\t\t\t\t<\/a>\n\t\t\t\t\t<\/div>\n\t\t<h3 class=\"sow-carousel-item-title\">\n\t\t\t<a\n\t\t\t\thref=\"https:\/\/www.leulit.com\/ca\/servicios\/imagen-corporativa\/felicitacion-navidad-atca-insurance-brokers\/\"\n\t\t\t\tid=\"sow-carousel-id-405\"\n\t\t\t\t\t\t\t\ttabindex=\"-1\"\n\t\t\t>\n\n\t\t\t\tFelicitaci\u00f3 Nadal \u2013 ATCA Insurance Brokers\t\t\t<\/a>\n\t\t<\/h3>\n\t<\/div>\n\t\t<div class=\"sow-carousel-item\" tabindex=\"-1\" style=\"float: left;\">\n\t\t<div class=\"sow-carousel-thumbnail\">\n\t\t\t\t\t\t\t<a\n\t\t\t\t\thref=\"https:\/\/www.leulit.com\/ca\/servicios\/imagen-corporativa\/felicitacion-navidad-helipistas-helicopters\/\"\n\t\t\t\t\t\t\t\t\t\tstyle=\"background-image: url( https:\/\/www.leulit.com\/wp-content\/uploads\/2017\/06\/diseno-grafico-postal-navidad-helipistas-272x182.jpg )\"\n\t\t\t\t\taria-labelledby=\"sow-carousel-id-398\"\n\t\t\t\t\ttabindex=\"-1\"\n\t\t\t\t>\n\t\t\t\t\t<span class=\"overlay\"><\/span>\n\t\t\t\t<\/a>\n\t\t\t\t\t<\/div>\n\t\t<h3 class=\"sow-carousel-item-title\">\n\t\t\t<a\n\t\t\t\thref=\"https:\/\/www.leulit.com\/ca\/servicios\/imagen-corporativa\/felicitacion-navidad-helipistas-helicopters\/\"\n\t\t\t\tid=\"sow-carousel-id-398\"\n\t\t\t\t\t\t\t\ttabindex=\"-1\"\n\t\t\t>\n\n\t\t\t\tFelicitaci\u00f3 Nadal \u2013 Helipistes Helicopters\t\t\t<\/a>\n\t\t<\/h3>\n\t<\/div>\n\t\t\t<\/div>\n\t\t\t<\/div>\n\n\t<\/div>\n\t\t<input type=\"hidden\" name=\"instance_hash\" value=\"b120b8a2\"\/>\n\t<\/div>\n<\/div><\/div><\/div><\/div><\/div>","protected":false},"excerpt":{"rendered":"<p>Felicitaci\u00f3n NavidadLa felicitaci\u00f3n de Navidad para ATCA Corredur\u00eda, sigue su identidad corporativa, creando una gr\u00e1fica elegante donde se integra la [&hellip;]<\/p>\n","protected":false},"author":1,"featured_media":299,"parent":205,"menu_order":0,"comment_status":"closed","ping_status":"closed","template":"","meta":{"footnotes":""},"class_list":["post-405","page","type-page","status-publish","has-post-thumbnail","hentry"],"_links":{"self":[{"href":"https:\/\/www.leulit.com\/ca\/wp-json\/wp\/v2\/pages\/405","targetHints":{"allow":["GET"]}}],"collection":[{"href":"https:\/\/www.leulit.com\/ca\/wp-json\/wp\/v2\/pages"}],"about":[{"href":"https:\/\/www.leulit.com\/ca\/wp-json\/wp\/v2\/types\/page"}],"author":[{"embeddable":true,"href":"https:\/\/www.leulit.com\/ca\/wp-json\/wp\/v2\/users\/1"}],"replies":[{"embeddable":true,"href":"https:\/\/www.leulit.com\/ca\/wp-json\/wp\/v2\/comments?post=405"}],"version-history":[{"count":4,"href":"https:\/\/www.leulit.com\/ca\/wp-json\/wp\/v2\/pages\/405\/revisions"}],"predecessor-version":[{"id":429,"href":"https:\/\/www.leulit.com\/ca\/wp-json\/wp\/v2\/pages\/405\/revisions\/429"}],"up":[{"embeddable":true,"href":"https:\/\/www.leulit.com\/ca\/wp-json\/wp\/v2\/pages\/205"}],"wp:featuredmedia":[{"embeddable":true,"href":"https:\/\/www.leulit.com\/ca\/wp-json\/wp\/v2\/media\/299"}],"wp:attachment":[{"href":"https:\/\/www.leulit.com\/ca\/wp-json\/wp\/v2\/media?parent=405"}],"curies":[{"name":"wp","href":"https:\/\/api.w.org\/{rel}","templated":true}]}}