{"id":48,"date":"2017-06-05T10:33:39","date_gmt":"2017-06-05T10:33:39","guid":{"rendered":"http:\/\/www.leulit.com\/?page_id=48"},"modified":"2017-06-23T11:37:37","modified_gmt":"2017-06-23T11:37:37","slug":"identitat-corporativa","status":"publish","type":"page","link":"https:\/\/www.leulit.com\/ca\/servicios\/identidad-corporativa\/","title":{"rendered":"Identitat Corporativa"},"content":{"rendered":"<div id=\"pl-48\"  class=\"panel-layout\" ><div id=\"pg-48-0\"  class=\"panel-grid panel-no-style\" ><div id=\"pgc-48-0-0\"  class=\"panel-grid-cell\" ><div id=\"panel-48-0-0-0\" class=\"so-panel widget widget_sow-editor panel-first-child panel-last-child\" data-index=\"0\" ><div\n\t\t\t\n\t\t\tclass=\"so-widget-sow-editor so-widget-sow-editor-base\"\n\t\t\t\n\t\t><h3 class=\"widget-title\">Identitat Corporativa <\/h3>\n<div class=\"siteorigin-widget-tinymce textwidget\">\n\t<p>La identitat d\u201funa empresa \u00e9s un factor fonamental en l\u201festrat\u00e8gia de comunicaci\u00f3 ja que aquesta ha de ser l\u201faparen\u00e7a i el reflex visual de la marca, aix\u00ed com ha de representar els valors i transmetre el posicionament que busca.<\/p>\n<p>Cada imatge corporativa ha de ser \u00fanica, per aix\u00f2 volem ajudar-te a crear la teva pr\u00f2pia imatge. A m\u00e9s, crearem un manual d&#039;identitat per recopilar el conjunt de normes que faran que la difusi\u00f3 de la imatge corporativa de la vostra empresa sigui un \u00e8xit.<\/p>\n<p>A Leulit ens comprometem a ser fidels a la visi\u00f3 de la seva empresa per reflectir als seus clients tot el potencial que poden desenvolupar al seu sector.<\/p>\n<p><strong>Com et podem ajudar?<\/strong><\/p>\n<p>- Disseny de logotips.<br \/> - Restyling o actualitzaci\u00f3 dun logotip existent (Rebranding).<br \/> - Disseny de papereria corporativa.<br \/> - Disseny de correu electr\u00f2nic corporatiu i sistema d&#039;enviament de newsletter o butlletins de not\u00edcies.<br \/> - Manual didentitat corporativa.<\/p>\n<\/div>\n<\/div><\/div><\/div><div id=\"pgc-48-0-1\"  class=\"panel-grid-cell\" ><div id=\"panel-48-0-1-0\" class=\"so-panel widget widget_sow-editor panel-first-child panel-last-child\" data-index=\"1\" ><div\n\t\t\t\n\t\t\tclass=\"so-widget-sow-editor so-widget-sow-editor-base\"\n\t\t\t\n\t\t>\n<div class=\"siteorigin-widget-tinymce textwidget\">\n\t<h4>Disseny d&#039;imatge d&#039;empresa<\/h4>\n<p>La imatge de la seva empresa parla per si sola, per aix\u00f2 s&#039;ha de crear a consci\u00e8ncia sempre pensant en els valors que es volen transmetre.<\/p>\n<h4>Logos d&#039;empreses<\/h4>\n<p>La part m\u00e9s visible i que donar\u00e0 car\u00e0cter a la seva empresa ha de ser realitzada a consci\u00e8ncia. El logotip ha d&#039;explicar en molt poc espai tot all\u00f2 que la seva empresa representa.<\/p>\n<h4>Manual d&#039;identitat corporativa<\/h4>\n<p>Per a la correcta aplicaci\u00f3 de la vostra identitat cal que desenvolupem un manual on s&#039;expliqui com funcionen cadascun dels elements.<\/p>\n<h4>Papereria corporativa<\/h4>\n<p>Les teves comunicacions han d&#039;anar d&#039;acord amb la teva imatge, nom\u00e9s aix\u00ed aconseguir\u00e0s que la gent et reconegui. La papereria \u00e9s la que projecta la imatge de la nostra empresa a fora.<\/p>\n<\/div>\n<\/div><\/div><\/div><\/div><div id=\"pg-48-1\"  class=\"panel-grid panel-no-style\" ><div id=\"pgc-48-1-0\"  class=\"panel-grid-cell\" ><div id=\"panel-48-1-0-0\" class=\"so-panel widget widget_sow-image panel-first-child\" data-index=\"2\" ><div\n\t\t\t\n\t\t\tclass=\"so-widget-sow-image so-widget-sow-image-default-8b5b6f678277-48\"\n\t\t\t\n\t\t>\n<div class=\"sow-image-container\">\n\t\t\t<a href=\"http:\/\/www.leulit.com\/ca\/serveis\/identitat-corporativa\/papereria-corporativa-atca-insurance-brokers\/\"\n\t\t\t\t\t>\n\t\t\t<img \n\tsrc=\"https:\/\/www.leulit.com\/wp-content\/uploads\/2017\/06\/imagen-corporativa-leulit.jpg\" width=\"428\" height=\"321\" srcset=\"https:\/\/www.leulit.com\/wp-content\/uploads\/2017\/06\/imagen-corporativa-leulit.jpg 428w, https:\/\/www.leulit.com\/wp-content\/uploads\/2017\/06\/imagen-corporativa-leulit-300x225.jpg 300w\" sizes=\"(max-width: 428px) 100vw, 428px\" title=\"Papereria Corporativa - ATCA Insurance Brokers\" alt=\"Identitat corporativa - Papereria - ATCA Insurance Brokers\" \t\tclass=\"so-widget-image\"\/>\n\t\t\t<\/a><\/div>\n\n<\/div><\/div><div id=\"panel-48-1-0-1\" class=\"so-panel widget widget_sow-editor panel-last-child\" data-index=\"3\" ><div class=\"explicacion panel-widget-style panel-widget-style-for-48-1-0-1\" ><div\n\t\t\t\n\t\t\tclass=\"so-widget-sow-editor so-widget-sow-editor-base\"\n\t\t\t\n\t\t>\n<div class=\"siteorigin-widget-tinymce textwidget\">\n\t<h4 style=\"text-align: center;\">ATCA Insurance Brokers<\/h4>\n<p style=\"text-align: center;\">Identitat i papereria corporativa.<\/p>\n<\/div>\n<\/div><\/div><\/div><\/div><div id=\"pgc-48-1-1\"  class=\"panel-grid-cell panel-grid-cell-mobile-last\" ><div id=\"panel-48-1-1-0\" class=\"so-panel widget widget_sow-image panel-first-child\" data-index=\"4\" ><div\n\t\t\t\n\t\t\tclass=\"so-widget-sow-image so-widget-sow-image-default-8b5b6f678277-48\"\n\t\t\t\n\t\t>\n<div class=\"sow-image-container\">\n\t\t\t<a href=\"http:\/\/www.leulit.com\/ca\/serveis\/identitat-corporativa\/papereria-corporativa-helipistes-helicopters\/\"\n\t\t\t\t\t>\n\t\t\t<img \n\tsrc=\"https:\/\/www.leulit.com\/wp-content\/uploads\/2017\/06\/diseno-identidad-helipistas.jpg\" width=\"800\" height=\"600\" srcset=\"https:\/\/www.leulit.com\/wp-content\/uploads\/2017\/06\/diseno-identidad-helipistas.jpg 800w, https:\/\/www.leulit.com\/wp-content\/uploads\/2017\/06\/diseno-identidad-helipistas-600x450.jpg 600w, https:\/\/www.leulit.com\/wp-content\/uploads\/2017\/06\/diseno-identidad-helipistas-300x225.jpg 300w, https:\/\/www.leulit.com\/wp-content\/uploads\/2017\/06\/diseno-identidad-helipistas-768x576.jpg 768w\" sizes=\"(max-width: 800px) 100vw, 800px\" title=\"Papereria Corporativa - Helipistes Helicopters\" alt=\"Identitat corporativa - Papereria - Helipistes Helicopters\" \t\tclass=\"so-widget-image\"\/>\n\t\t\t<\/a><\/div>\n\n<\/div><\/div><div id=\"panel-48-1-1-1\" class=\"so-panel widget widget_sow-editor panel-last-child\" data-index=\"5\" ><div class=\"explicacion panel-widget-style panel-widget-style-for-48-1-1-1\" ><div\n\t\t\t\n\t\t\tclass=\"so-widget-sow-editor so-widget-sow-editor-base\"\n\t\t\t\n\t\t>\n<div class=\"siteorigin-widget-tinymce textwidget\">\n\t<h4 style=\"text-align: center;\">Helipistes Helicopters<\/h4>\n<p style=\"text-align: center;\">Identitat i papereria corporativa.<\/p>\n<\/div>\n<\/div><\/div><\/div><\/div><div id=\"pgc-48-1-2\"  class=\"panel-grid-cell panel-grid-cell-empty\" ><\/div><\/div><\/div>","protected":false},"excerpt":{"rendered":"<p>La identidad de una empresa es un factor fundamental en la estrategia de comunicaci\u00f3n ya que esta debe ser la [&hellip;]<\/p>\n","protected":false},"author":1,"featured_media":0,"parent":249,"menu_order":0,"comment_status":"closed","ping_status":"closed","template":"","meta":{"footnotes":""},"class_list":["post-48","page","type-page","status-publish","hentry"],"_links":{"self":[{"href":"https:\/\/www.leulit.com\/ca\/wp-json\/wp\/v2\/pages\/48","targetHints":{"allow":["GET"]}}],"collection":[{"href":"https:\/\/www.leulit.com\/ca\/wp-json\/wp\/v2\/pages"}],"about":[{"href":"https:\/\/www.leulit.com\/ca\/wp-json\/wp\/v2\/types\/page"}],"author":[{"embeddable":true,"href":"https:\/\/www.leulit.com\/ca\/wp-json\/wp\/v2\/users\/1"}],"replies":[{"embeddable":true,"href":"https:\/\/www.leulit.com\/ca\/wp-json\/wp\/v2\/comments?post=48"}],"version-history":[{"count":62,"href":"https:\/\/www.leulit.com\/ca\/wp-json\/wp\/v2\/pages\/48\/revisions"}],"predecessor-version":[{"id":883,"href":"https:\/\/www.leulit.com\/ca\/wp-json\/wp\/v2\/pages\/48\/revisions\/883"}],"up":[{"embeddable":true,"href":"https:\/\/www.leulit.com\/ca\/wp-json\/wp\/v2\/pages\/249"}],"wp:attachment":[{"href":"https:\/\/www.leulit.com\/ca\/wp-json\/wp\/v2\/media?parent=48"}],"curies":[{"name":"wp","href":"https:\/\/api.w.org\/{rel}","templated":true}]}}