{"id":484,"date":"2017-06-09T11:59:52","date_gmt":"2017-06-09T11:59:52","guid":{"rendered":"http:\/\/www.leulit.com\/?page_id=484"},"modified":"2024-05-13T07:38:32","modified_gmt":"2024-05-13T07:38:32","slug":"disseny-web-icarus-manteniment","status":"publish","type":"page","link":"https:\/\/www.leulit.com\/ca\/servicios\/diseno-web-wordpress-barcelona\/diseno-web-icarus-manteniment\/","title":{"rendered":"Disseny web \u2013 Icarus Manteniment"},"content":{"rendered":"<div id=\"pl-484\"  class=\"panel-layout\" ><div id=\"pg-484-0\"  class=\"panel-grid panel-no-style\" ><div id=\"pgc-484-0-0\"  class=\"panel-grid-cell\" ><div id=\"panel-484-0-0-0\" class=\"so-panel widget widget_sow-slider panel-first-child panel-last-child\" data-index=\"0\" ><div\n\t\t\t\n\t\t\tclass=\"so-widget-sow-slider so-widget-sow-slider-default-6d39609536fd-484\"\n\t\t\t\n\t\t>\t\t\t\t<div class=\"sow-slider-base\" style=\"display: none\" tabindex=\"0\">\n\t\t\t\t\t<ul\n\t\t\t\t\tclass=\"sow-slider-images\"\n\t\t\t\t\tdata-settings=\"{&quot;pagination&quot;:true,&quot;speed&quot;:400,&quot;timeout&quot;:8000,&quot;paused&quot;:false,&quot;pause_on_hover&quot;:false,&quot;swipe&quot;:true,&quot;nav_always_show_desktop&quot;:&quot;&quot;,&quot;nav_always_show_mobile&quot;:&quot;&quot;,&quot;breakpoint&quot;:&quot;780px&quot;,&quot;unmute&quot;:false,&quot;anchor&quot;:null}\"\n\t\t\t\t\t\t\t\t\t\tdata-anchor-id=\"\"\n\t\t\t\t>\t\t<li class=\"sow-slider-image\" style=\"visibility: visible;\" >\n\t\t\t\t\t\t<div class=\"sow-slider-image-container\">\n\t\t\t\t<div class=\"sow-slider-image-wrapper\" style=\"max-width: 1000px\">\n\t\t\t\t\t\t\t\t\t\t<div class=\"sow-slider-image-foreground-wrapper\">\n\t\t\t\t\t\t<img loading=\"lazy\" decoding=\"async\" width=\"1000\" height=\"611\" src=\"https:\/\/www.leulit.com\/wp-content\/uploads\/2017\/06\/pantallas-icarus.png\" class=\"sow-slider-foreground-image\" alt=\"\" style=\"\" srcset=\"https:\/\/www.leulit.com\/wp-content\/uploads\/2017\/06\/pantallas-icarus.png 1000w, https:\/\/www.leulit.com\/wp-content\/uploads\/2017\/06\/pantallas-icarus-600x367.png 600w, https:\/\/www.leulit.com\/wp-content\/uploads\/2017\/06\/pantallas-icarus-300x183.png 300w, https:\/\/www.leulit.com\/wp-content\/uploads\/2017\/06\/pantallas-icarus-768x469.png 768w\" sizes=\"auto, (max-width: 1000px) 100vw, 1000px\" \/>\t\t\t\t\t<\/div>\n\t\t\t\t\t\t\t\t\t<\/div>\n\t\t\t<\/div>\n\t\t\t\t\t<\/li>\n\t\t<\/ul>\t\t\t\t<ol class=\"sow-slider-pagination\">\n\t\t\t\t\t\t\t\t\t\t\t<li><a href=\"#\" data-goto=\"0\" aria-label=\"Display slide 1\"><\/a><\/li>\n\t\t\t\t\t\t\t\t\t<\/ol>\n\n\t\t\t\t<div class=\"sow-slide-nav sow-slide-nav-next\">\n\t\t\t\t\t<a href=\"#\" data-goto=\"next\" aria-label=\"Next slide\" data-action=\"next\">\n\t\t\t\t\t\t<em class=\"sow-sld-icon-thin-right\"><\/em>\n\t\t\t\t\t<\/a>\n\t\t\t\t<\/div>\n\n\t\t\t\t<div class=\"sow-slide-nav sow-slide-nav-prev\">\n\t\t\t\t\t<a href=\"#\" data-goto=\"previous\" aria-label=\"Previous slide\" data-action=\"prev\">\n\t\t\t\t\t\t<em class=\"sow-sld-icon-thin-left\"><\/em>\n\t\t\t\t\t<\/a>\n\t\t\t\t<\/div>\n\t\t\t\t<\/div><\/div><\/div><\/div><div id=\"pgc-484-0-1\"  class=\"panel-grid-cell\" ><div id=\"panel-484-0-1-0\" class=\"so-panel widget widget_sow-editor panel-first-child panel-last-child\" data-index=\"1\" ><div\n\t\t\t\n\t\t\tclass=\"so-widget-sow-editor so-widget-sow-editor-base\"\n\t\t\t\n\t\t>\n<div class=\"siteorigin-widget-tinymce textwidget\">\n\t<h2 class=\"p1\"><b>Icarus Manteniment<\/b><\/h2>\n<p class=\"p1\">Icarus Manteniment, \u00e9s una empresa de reparaci\u00f3 i manteniment d&#039;helic\u00f2pters, que disposava d&#039;una web senzilla amb un disseny obsolet.<\/p>\n<p class=\"p1\">A partir d\u00b4una identitat corporativa simple i neta, es crea una gr\u00e0fica web minimalista, on la fotografia i les icones s\u00f3n la base de la part visual.<\/p>\n<p class=\"p2\">El web d&#039;Icarus Manteniment s&#039;ha desenvolupat al WordPress, a partir d&#039;un tema base que s&#039;ha modificat i adaptat perqu\u00e8 la identitat tingui una l\u00ednia gr\u00e0fica coherent amb l&#039;empresa.<\/p>\n<\/div>\n<\/div><\/div><\/div><\/div><div id=\"pg-484-1\"  class=\"panel-grid panel-no-style\" ><div id=\"pgc-484-1-0\"  class=\"panel-grid-cell\" ><div id=\"panel-484-1-0-0\" class=\"so-panel widget widget_sow-post-carousel panel-first-child panel-last-child\" data-index=\"2\" ><div\n\t\t\t\n\t\t\tclass=\"so-widget-sow-post-carousel so-widget-sow-post-carousel-base-ad93eedad001-484\"\n\t\t\t\n\t\t><\/div><\/div><\/div><\/div><\/div>","protected":false},"excerpt":{"rendered":"<p>Icarus MantenimentIcarus Manteniment, se trata de una empresa de reparaci\u00f3n y mantenimiento de helic\u00f3pteros, que dispon\u00eda de una web sencilla [&hellip;]<\/p>\n","protected":false},"author":1,"featured_media":442,"parent":209,"menu_order":0,"comment_status":"closed","ping_status":"closed","template":"","meta":{"footnotes":""},"class_list":["post-484","page","type-page","status-publish","has-post-thumbnail","hentry"],"_links":{"self":[{"href":"https:\/\/www.leulit.com\/ca\/wp-json\/wp\/v2\/pages\/484","targetHints":{"allow":["GET"]}}],"collection":[{"href":"https:\/\/www.leulit.com\/ca\/wp-json\/wp\/v2\/pages"}],"about":[{"href":"https:\/\/www.leulit.com\/ca\/wp-json\/wp\/v2\/types\/page"}],"author":[{"embeddable":true,"href":"https:\/\/www.leulit.com\/ca\/wp-json\/wp\/v2\/users\/1"}],"replies":[{"embeddable":true,"href":"https:\/\/www.leulit.com\/ca\/wp-json\/wp\/v2\/comments?post=484"}],"version-history":[{"count":9,"href":"https:\/\/www.leulit.com\/ca\/wp-json\/wp\/v2\/pages\/484\/revisions"}],"predecessor-version":[{"id":3347,"href":"https:\/\/www.leulit.com\/ca\/wp-json\/wp\/v2\/pages\/484\/revisions\/3347"}],"up":[{"embeddable":true,"href":"https:\/\/www.leulit.com\/ca\/wp-json\/wp\/v2\/pages\/209"}],"wp:featuredmedia":[{"embeddable":true,"href":"https:\/\/www.leulit.com\/ca\/wp-json\/wp\/v2\/media\/442"}],"wp:attachment":[{"href":"https:\/\/www.leulit.com\/ca\/wp-json\/wp\/v2\/media?parent=484"}],"curies":[{"name":"wp","href":"https:\/\/api.w.org\/{rel}","templated":true}]}}