{"id":493,"date":"2017-06-09T12:08:42","date_gmt":"2017-06-09T12:08:42","guid":{"rendered":"http:\/\/www.leulit.com\/?page_id=493"},"modified":"2024-05-13T07:52:06","modified_gmt":"2024-05-13T07:52:06","slug":"disseny-web-escola-pilots-helicopter","status":"publish","type":"page","link":"https:\/\/www.leulit.com\/ca\/servicios\/diseno-web-wordpress-barcelona\/diseno-web-escuela-pilotos-helicoptero\/","title":{"rendered":"Disseny web \u2013 Escola Pilots Hel\u00b7licopter"},"content":{"rendered":"<div id=\"pl-493\"  class=\"panel-layout\" ><div id=\"pg-493-0\"  class=\"panel-grid panel-no-style\" ><div id=\"pgc-493-0-0\"  class=\"panel-grid-cell\" ><div id=\"panel-493-0-0-0\" class=\"so-panel widget widget_sow-slider panel-first-child panel-last-child\" data-index=\"0\" ><div\n\t\t\t\n\t\t\tclass=\"so-widget-sow-slider so-widget-sow-slider-default-6d39609536fd-493\"\n\t\t\t\n\t\t>\t\t\t\t<div class=\"sow-slider-base\" style=\"display: none\" tabindex=\"0\">\n\t\t\t\t\t<ul\n\t\t\t\t\tclass=\"sow-slider-images\"\n\t\t\t\t\tdata-settings=\"{&quot;pagination&quot;:true,&quot;speed&quot;:400,&quot;timeout&quot;:8000,&quot;paused&quot;:false,&quot;pause_on_hover&quot;:false,&quot;swipe&quot;:true,&quot;nav_always_show_desktop&quot;:&quot;&quot;,&quot;nav_always_show_mobile&quot;:&quot;&quot;,&quot;breakpoint&quot;:&quot;780px&quot;,&quot;unmute&quot;:false,&quot;anchor&quot;:null}\"\n\t\t\t\t\t\t\t\t\t\tdata-anchor-id=\"\"\n\t\t\t\t>\t\t<li class=\"sow-slider-image\" style=\"visibility: visible;\" >\n\t\t\t\t\t\t<div class=\"sow-slider-image-container\">\n\t\t\t\t<div class=\"sow-slider-image-wrapper\" style=\"max-width: 1000px\">\n\t\t\t\t\t\t\t\t\t\t<div class=\"sow-slider-image-foreground-wrapper\">\n\t\t\t\t\t\t<img loading=\"lazy\" decoding=\"async\" width=\"1000\" height=\"611\" src=\"https:\/\/www.leulit.com\/wp-content\/uploads\/2017\/06\/pantallas-helipistas-escuela.png\" class=\"sow-slider-foreground-image\" alt=\"\" style=\"\" srcset=\"https:\/\/www.leulit.com\/wp-content\/uploads\/2017\/06\/pantallas-helipistas-escuela.png 1000w, https:\/\/www.leulit.com\/wp-content\/uploads\/2017\/06\/pantallas-helipistas-escuela-600x367.png 600w, https:\/\/www.leulit.com\/wp-content\/uploads\/2017\/06\/pantallas-helipistas-escuela-300x183.png 300w, https:\/\/www.leulit.com\/wp-content\/uploads\/2017\/06\/pantallas-helipistas-escuela-768x469.png 768w\" sizes=\"auto, (max-width: 1000px) 100vw, 1000px\" \/>\t\t\t\t\t<\/div>\n\t\t\t\t\t\t\t\t\t<\/div>\n\t\t\t<\/div>\n\t\t\t\t\t<\/li>\n\t\t<\/ul>\t\t\t\t<ol class=\"sow-slider-pagination\">\n\t\t\t\t\t\t\t\t\t\t\t<li><a href=\"#\" data-goto=\"0\" aria-label=\"Display slide 1\"><\/a><\/li>\n\t\t\t\t\t\t\t\t\t<\/ol>\n\n\t\t\t\t<div class=\"sow-slide-nav sow-slide-nav-next\">\n\t\t\t\t\t<a href=\"#\" data-goto=\"next\" aria-label=\"Next slide\" data-action=\"next\">\n\t\t\t\t\t\t<em class=\"sow-sld-icon-thin-right\"><\/em>\n\t\t\t\t\t<\/a>\n\t\t\t\t<\/div>\n\n\t\t\t\t<div class=\"sow-slide-nav sow-slide-nav-prev\">\n\t\t\t\t\t<a href=\"#\" data-goto=\"previous\" aria-label=\"Previous slide\" data-action=\"prev\">\n\t\t\t\t\t\t<em class=\"sow-sld-icon-thin-left\"><\/em>\n\t\t\t\t\t<\/a>\n\t\t\t\t<\/div>\n\t\t\t\t<\/div><\/div><\/div><\/div><div id=\"pgc-493-0-1\"  class=\"panel-grid-cell\" ><div id=\"panel-493-0-1-0\" class=\"so-panel widget widget_sow-editor panel-first-child panel-last-child\" data-index=\"1\" ><div\n\t\t\t\n\t\t\tclass=\"so-widget-sow-editor so-widget-sow-editor-base\"\n\t\t\t\n\t\t>\n<div class=\"siteorigin-widget-tinymce textwidget\">\n\t<h2 class=\"p1\"><b>Escola Pilots Helic\u00f2pter<\/b><\/h2>\n<p class=\"p1\">Escola de Pilots d&#039;helic\u00f2pter, \u00e9s una altra web que dep\u00e8n d&#039;Helipistes Helicopters. En aquest cas, per atraure un p\u00fablic m\u00e9s espec\u00edfic.<\/p>\n<p class=\"p1\">El disseny segueix l&#039;est\u00e8tica de la marca, encara que \u00e9s lleugerament diferent, ja que l&#039;organitzaci\u00f3 ha d&#039;estar m\u00e9s d&#039;acord amb el p\u00fablic al qual va dirigit.<\/p>\n<p class=\"p2\">Com ja s&#039;ha comentat anteriorment, a totes les webs de la mateixa empresa, la creaci\u00f3 de not\u00edcies, les xarxes socials i el disseny tamb\u00e9 \u00e9s tasca de LEULIT. Per aix\u00f2, es mant\u00e9 una relaci\u00f3 coherent entre totes les plataformes utilitzades per l&#039;empresa<\/p>\n<p class=\"p1\"><a href=\"https:\/\/www.escuelapilotohelicoptero.com\">www.escolapilotohelicoptero.com<\/a><\/p>\n<\/div>\n<\/div><\/div><\/div><\/div><div id=\"pg-493-1\"  class=\"panel-grid panel-no-style\" ><div id=\"pgc-493-1-0\"  class=\"panel-grid-cell\" ><div id=\"panel-493-1-0-0\" class=\"so-panel widget widget_sow-post-carousel panel-first-child panel-last-child\" data-index=\"2\" ><div\n\t\t\t\n\t\t\tclass=\"so-widget-sow-post-carousel so-widget-sow-post-carousel-base-ad93eedad001-493\"\n\t\t\t\n\t\t>\t<div\n\t\tclass=\"sow-post-carousel-wrapper sow-post-carousel-theme-base\"\n\t\tstyle=\"overflow: hidden; max-width: 100%; min-height: 182px\"\n\t>\n\t\t<div class=\"sow-carousel-title has-title\">\n\t<h3 class=\"widget-title\">Et pot interessar<\/h3>\t\t<div class=\"sow-carousel-navigation\">\n\t\t\t\t\t\t<a href=\"#\" class=\"sow-carousel-next\" title=\"Next\" aria-label=\"Next Posts\" role=\"button\"><\/a>\n\t\t\t\t\t\t<a href=\"#\" class=\"sow-carousel-previous\" title=\"Previous\" aria-label=\"Previous Posts\" role=\"button\"><\/a>\n\t\t\t\t\t<\/div>\n\t<\/div>\n\n<div class=\"sow-carousel-container\">\n\t\t<div class=\"sow-carousel-wrapper\"\n\t\tdata-dir=\"ltr\"\n\t\tstyle=\"opacity: 0;\"\n\t\tdata-widget=\"post\" data-fetching=\"false\" data-page=\"1\" data-ajax-url=\"https:\/\/www.leulit.com\/wp-admin\/admin-ajax.php?_widgets_nonce=2486bb1c89\" data-item_count=\"9\" data-carousel_settings=\"{&quot;loop&quot;:true,&quot;animation&quot;:&quot;Ease&quot;,&quot;animation_speed&quot;:400,&quot;autoplay&quot;:&quot;&quot;,&quot;pauseOnHover&quot;:&quot;&quot;,&quot;autoplaySpeed&quot;:8000,&quot;item_overflow&quot;:true,&quot;autoplay_continuous_scroll&quot;:false}\" data-responsive=\"{&quot;desktop_slides_to_scroll&quot;:1,&quot;tablet_landscape_breakpoint&quot;:1366,&quot;tablet_landscape_slides_to_scroll&quot;:2,&quot;tablet_portrait_breakpoint&quot;:1025,&quot;tablet_portrait_slides_to_scroll&quot;:2,&quot;mobile_breakpoint&quot;:480,&quot;mobile_slides_to_scroll&quot;:1}\" data-variable_width=\"true\" \t>\n\t\t<div\n\t\t\tclass=\"sow-carousel-items\"\n\t\t\t\t\t>\n\t\t\t\t<div class=\"sow-carousel-item\" tabindex=\"-1\" style=\"float: left;\">\n\t\t<div class=\"sow-carousel-thumbnail\">\n\t\t\t\t\t\t\t<a\n\t\t\t\t\thref=\"https:\/\/www.leulit.com\/ca\/servicios\/diseno-web-wordpress-barcelona\/diseno-web-boligrafo-publicidad-gift-campaign\/\"\n\t\t\t\t\t\t\t\t\t\tstyle=\"background-image: url( https:\/\/www.leulit.com\/wp-content\/uploads\/2017\/06\/pantallas-gift-campaign-272x182.png )\"\n\t\t\t\t\taria-labelledby=\"sow-carousel-id-509\"\n\t\t\t\t\ttabindex=\"-1\"\n\t\t\t\t>\n\t\t\t\t\t<span class=\"overlay\"><\/span>\n\t\t\t\t<\/a>\n\t\t\t\t\t<\/div>\n\t\t<h3 class=\"sow-carousel-item-title\">\n\t\t\t<a\n\t\t\t\thref=\"https:\/\/www.leulit.com\/ca\/servicios\/diseno-web-wordpress-barcelona\/diseno-web-boligrafo-publicidad-gift-campaign\/\"\n\t\t\t\tid=\"sow-carousel-id-509\"\n\t\t\t\t\t\t\t\ttabindex=\"-1\"\n\t\t\t>\n\n\t\t\t\tDisseny web \u2013 Bol\u00edgraf publicitat &amp; Gift Campaign\t\t\t<\/a>\n\t\t<\/h3>\n\t<\/div>\n\t\t<div class=\"sow-carousel-item\" tabindex=\"-1\" style=\"float: left;\">\n\t\t<div class=\"sow-carousel-thumbnail\">\n\t\t\t\t\t\t\t<a\n\t\t\t\t\thref=\"https:\/\/www.leulit.com\/ca\/servicios\/diseno-web-wordpress-barcelona\/diseno-web-el-masove\/\"\n\t\t\t\t\t\t\t\t\t\tstyle=\"background-image: url( https:\/\/www.leulit.com\/wp-content\/uploads\/2017\/06\/pantallas-el-masove-272x182.png )\"\n\t\t\t\t\taria-labelledby=\"sow-carousel-id-506\"\n\t\t\t\t\ttabindex=\"-1\"\n\t\t\t\t>\n\t\t\t\t\t<span class=\"overlay\"><\/span>\n\t\t\t\t<\/a>\n\t\t\t\t\t<\/div>\n\t\t<h3 class=\"sow-carousel-item-title\">\n\t\t\t<a\n\t\t\t\thref=\"https:\/\/www.leulit.com\/ca\/servicios\/diseno-web-wordpress-barcelona\/diseno-web-el-masove\/\"\n\t\t\t\tid=\"sow-carousel-id-506\"\n\t\t\t\t\t\t\t\ttabindex=\"-1\"\n\t\t\t>\n\n\t\t\t\tDisseny web \u2013 El Masove\t\t\t<\/a>\n\t\t<\/h3>\n\t<\/div>\n\t\t<div class=\"sow-carousel-item\" tabindex=\"-1\" style=\"float: left;\">\n\t\t<div class=\"sow-carousel-thumbnail\">\n\t\t\t\t\t\t\t<a\n\t\t\t\t\thref=\"https:\/\/www.leulit.com\/ca\/servicios\/diseno-web-wordpress-barcelona\/diseno-web-escuela-pilotos-drone\/\"\n\t\t\t\t\t\t\t\t\t\tstyle=\"background-image: url( https:\/\/www.leulit.com\/wp-content\/uploads\/2017\/06\/pantallas-escuela-drones-272x182.png )\"\n\t\t\t\t\taria-labelledby=\"sow-carousel-id-501\"\n\t\t\t\t\ttabindex=\"-1\"\n\t\t\t\t>\n\t\t\t\t\t<span class=\"overlay\"><\/span>\n\t\t\t\t<\/a>\n\t\t\t\t\t<\/div>\n\t\t<h3 class=\"sow-carousel-item-title\">\n\t\t\t<a\n\t\t\t\thref=\"https:\/\/www.leulit.com\/ca\/servicios\/diseno-web-wordpress-barcelona\/diseno-web-escuela-pilotos-drone\/\"\n\t\t\t\tid=\"sow-carousel-id-501\"\n\t\t\t\t\t\t\t\ttabindex=\"-1\"\n\t\t\t>\n\n\t\t\t\tDisseny web \u2013 Escola Pilots Drone\t\t\t<\/a>\n\t\t<\/h3>\n\t<\/div>\n\t\t<div class=\"sow-carousel-item\" tabindex=\"-1\" style=\"float: left;\">\n\t\t<div class=\"sow-carousel-thumbnail\">\n\t\t\t\t\t\t\t<a\n\t\t\t\t\thref=\"https:\/\/www.leulit.com\/ca\/servicios\/diseno-web-wordpress-barcelona\/diseno-web-escuela-pilotos-helicoptero\/\"\n\t\t\t\t\t\t\t\t\t\tstyle=\"background-image: url( https:\/\/www.leulit.com\/wp-content\/uploads\/2017\/06\/pantallas-helipistas-escuela-272x182.png )\"\n\t\t\t\t\taria-labelledby=\"sow-carousel-id-493\"\n\t\t\t\t\ttabindex=\"-1\"\n\t\t\t\t>\n\t\t\t\t\t<span class=\"overlay\"><\/span>\n\t\t\t\t<\/a>\n\t\t\t\t\t<\/div>\n\t\t<h3 class=\"sow-carousel-item-title\">\n\t\t\t<a\n\t\t\t\thref=\"https:\/\/www.leulit.com\/ca\/servicios\/diseno-web-wordpress-barcelona\/diseno-web-escuela-pilotos-helicoptero\/\"\n\t\t\t\tid=\"sow-carousel-id-493\"\n\t\t\t\t\t\t\t\ttabindex=\"-1\"\n\t\t\t>\n\n\t\t\t\tDisseny web \u2013 Escola Pilots Hel\u00b7licopter\t\t\t<\/a>\n\t\t<\/h3>\n\t<\/div>\n\t\t<div class=\"sow-carousel-item\" tabindex=\"-1\" style=\"float: left;\">\n\t\t<div class=\"sow-carousel-thumbnail\">\n\t\t\t\t\t\t\t<a\n\t\t\t\t\thref=\"https:\/\/www.leulit.com\/ca\/servicios\/diseno-web-wordpress-barcelona\/diseno-web-helipistas-helicopters\/\"\n\t\t\t\t\t\t\t\t\t\tstyle=\"background-image: url( https:\/\/www.leulit.com\/wp-content\/uploads\/2017\/06\/pantallas-helipistas-272x182.png )\"\n\t\t\t\t\taria-labelledby=\"sow-carousel-id-490\"\n\t\t\t\t\ttabindex=\"-1\"\n\t\t\t\t>\n\t\t\t\t\t<span class=\"overlay\"><\/span>\n\t\t\t\t<\/a>\n\t\t\t\t\t<\/div>\n\t\t<h3 class=\"sow-carousel-item-title\">\n\t\t\t<a\n\t\t\t\thref=\"https:\/\/www.leulit.com\/ca\/servicios\/diseno-web-wordpress-barcelona\/diseno-web-helipistas-helicopters\/\"\n\t\t\t\tid=\"sow-carousel-id-490\"\n\t\t\t\t\t\t\t\ttabindex=\"-1\"\n\t\t\t>\n\n\t\t\t\tDisseny web \u2013 Helipistes Helicopters\t\t\t<\/a>\n\t\t<\/h3>\n\t<\/div>\n\t\t<div class=\"sow-carousel-item\" tabindex=\"-1\" style=\"float: left;\">\n\t\t<div class=\"sow-carousel-thumbnail\">\n\t\t\t\t\t\t\t<a\n\t\t\t\t\thref=\"https:\/\/www.leulit.com\/ca\/servicios\/diseno-web-wordpress-barcelona\/diseno-web-residencia-matacas\/\"\n\t\t\t\t\t\t\t\t\t\tstyle=\"background-image: url( https:\/\/www.leulit.com\/wp-content\/uploads\/2017\/06\/pantallas-residencia-1-1-272x182.png )\"\n\t\t\t\t\taria-labelledby=\"sow-carousel-id-487\"\n\t\t\t\t\ttabindex=\"-1\"\n\t\t\t\t>\n\t\t\t\t\t<span class=\"overlay\"><\/span>\n\t\t\t\t<\/a>\n\t\t\t\t\t<\/div>\n\t\t<h3 class=\"sow-carousel-item-title\">\n\t\t\t<a\n\t\t\t\thref=\"https:\/\/www.leulit.com\/ca\/servicios\/diseno-web-wordpress-barcelona\/diseno-web-residencia-matacas\/\"\n\t\t\t\tid=\"sow-carousel-id-487\"\n\t\t\t\t\t\t\t\ttabindex=\"-1\"\n\t\t\t>\n\n\t\t\t\tDisseny web \u2013 Resid\u00e8ncia Matacas\t\t\t<\/a>\n\t\t<\/h3>\n\t<\/div>\n\t\t<div class=\"sow-carousel-item\" tabindex=\"-1\" style=\"float: left;\">\n\t\t<div class=\"sow-carousel-thumbnail\">\n\t\t\t\t\t\t\t<a\n\t\t\t\t\thref=\"https:\/\/www.leulit.com\/ca\/servicios\/diseno-web-wordpress-barcelona\/diseno-web-icarus-manteniment\/\"\n\t\t\t\t\t\t\t\t\t\tstyle=\"background-image: url( https:\/\/www.leulit.com\/wp-content\/uploads\/2017\/06\/pantallas-icarus-272x182.png )\"\n\t\t\t\t\taria-labelledby=\"sow-carousel-id-484\"\n\t\t\t\t\ttabindex=\"-1\"\n\t\t\t\t>\n\t\t\t\t\t<span class=\"overlay\"><\/span>\n\t\t\t\t<\/a>\n\t\t\t\t\t<\/div>\n\t\t<h3 class=\"sow-carousel-item-title\">\n\t\t\t<a\n\t\t\t\thref=\"https:\/\/www.leulit.com\/ca\/servicios\/diseno-web-wordpress-barcelona\/diseno-web-icarus-manteniment\/\"\n\t\t\t\tid=\"sow-carousel-id-484\"\n\t\t\t\t\t\t\t\ttabindex=\"-1\"\n\t\t\t>\n\n\t\t\t\tDisseny web \u2013 Icarus Manteniment\t\t\t<\/a>\n\t\t<\/h3>\n\t<\/div>\n\t\t<div class=\"sow-carousel-item\" tabindex=\"-1\" style=\"float: left;\">\n\t\t<div class=\"sow-carousel-thumbnail\">\n\t\t\t\t\t\t\t<a\n\t\t\t\t\thref=\"https:\/\/www.leulit.com\/ca\/servicios\/diseno-web-wordpress-barcelona\/diseno-web-barcelona-helicopters\/\"\n\t\t\t\t\t\t\t\t\t\tstyle=\"background-image: url( https:\/\/www.leulit.com\/wp-content\/uploads\/2017\/06\/Captura-de-pantalla-2017-01-05-a-las-13.27.52-272x182.png )\"\n\t\t\t\t\taria-labelledby=\"sow-carousel-id-481\"\n\t\t\t\t\ttabindex=\"-1\"\n\t\t\t\t>\n\t\t\t\t\t<span class=\"overlay\"><\/span>\n\t\t\t\t<\/a>\n\t\t\t\t\t<\/div>\n\t\t<h3 class=\"sow-carousel-item-title\">\n\t\t\t<a\n\t\t\t\thref=\"https:\/\/www.leulit.com\/ca\/servicios\/diseno-web-wordpress-barcelona\/diseno-web-barcelona-helicopters\/\"\n\t\t\t\tid=\"sow-carousel-id-481\"\n\t\t\t\t\t\t\t\ttabindex=\"-1\"\n\t\t\t>\n\n\t\t\t\tDisseny web \u2013 Barcelona Helicopters\t\t\t<\/a>\n\t\t<\/h3>\n\t<\/div>\n\t\t<div class=\"sow-carousel-item\" tabindex=\"-1\" style=\"float: left;\">\n\t\t<div class=\"sow-carousel-thumbnail\">\n\t\t\t\t\t\t\t<a\n\t\t\t\t\thref=\"https:\/\/www.leulit.com\/ca\/servicios\/diseno-web-wordpress-barcelona\/diseno-web-seguros-aviacion\/\"\n\t\t\t\t\t\t\t\t\t\tstyle=\"background-image: url( https:\/\/www.leulit.com\/wp-content\/uploads\/2017\/06\/pantallas-seguros-272x182.png )\"\n\t\t\t\t\taria-labelledby=\"sow-carousel-id-475\"\n\t\t\t\t\ttabindex=\"-1\"\n\t\t\t\t>\n\t\t\t\t\t<span class=\"overlay\"><\/span>\n\t\t\t\t<\/a>\n\t\t\t\t\t<\/div>\n\t\t<h3 class=\"sow-carousel-item-title\">\n\t\t\t<a\n\t\t\t\thref=\"https:\/\/www.leulit.com\/ca\/servicios\/diseno-web-wordpress-barcelona\/diseno-web-seguros-aviacion\/\"\n\t\t\t\tid=\"sow-carousel-id-475\"\n\t\t\t\t\t\t\t\ttabindex=\"-1\"\n\t\t\t>\n\n\t\t\t\tDisseny web \u2013 Assegurances Aviaci\u00f3\t\t\t<\/a>\n\t\t<\/h3>\n\t<\/div>\n\t\t\t<\/div>\n\t\t\t<\/div>\n\n\t<\/div>\n\t\t<input type=\"hidden\" name=\"instance_hash\" value=\"cad766cd\"\/>\n\t<\/div>\n<\/div><\/div><\/div><\/div><\/div>","protected":false},"excerpt":{"rendered":"<p>Escuela Pilotos Helic\u00f3pteroEscuela de Pilotos de helic\u00f3ptero, es otra web que depende de Helipistas Helicopters. En este caso, para atraer [&hellip;]<\/p>\n","protected":false},"author":1,"featured_media":440,"parent":209,"menu_order":0,"comment_status":"closed","ping_status":"closed","template":"","meta":{"footnotes":""},"class_list":["post-493","page","type-page","status-publish","has-post-thumbnail","hentry"],"_links":{"self":[{"href":"https:\/\/www.leulit.com\/ca\/wp-json\/wp\/v2\/pages\/493","targetHints":{"allow":["GET"]}}],"collection":[{"href":"https:\/\/www.leulit.com\/ca\/wp-json\/wp\/v2\/pages"}],"about":[{"href":"https:\/\/www.leulit.com\/ca\/wp-json\/wp\/v2\/types\/page"}],"author":[{"embeddable":true,"href":"https:\/\/www.leulit.com\/ca\/wp-json\/wp\/v2\/users\/1"}],"replies":[{"embeddable":true,"href":"https:\/\/www.leulit.com\/ca\/wp-json\/wp\/v2\/comments?post=493"}],"version-history":[{"count":8,"href":"https:\/\/www.leulit.com\/ca\/wp-json\/wp\/v2\/pages\/493\/revisions"}],"predecessor-version":[{"id":3355,"href":"https:\/\/www.leulit.com\/ca\/wp-json\/wp\/v2\/pages\/493\/revisions\/3355"}],"up":[{"embeddable":true,"href":"https:\/\/www.leulit.com\/ca\/wp-json\/wp\/v2\/pages\/209"}],"wp:featuredmedia":[{"embeddable":true,"href":"https:\/\/www.leulit.com\/ca\/wp-json\/wp\/v2\/media\/440"}],"wp:attachment":[{"href":"https:\/\/www.leulit.com\/ca\/wp-json\/wp\/v2\/media?parent=493"}],"curies":[{"name":"wp","href":"https:\/\/api.w.org\/{rel}","templated":true}]}}