{"id":65,"date":"2017-06-05T11:01:06","date_gmt":"2017-06-05T11:01:06","guid":{"rendered":"http:\/\/www.leulit.com\/aviso-legal\/"},"modified":"2020-04-07T10:45:19","modified_gmt":"2020-04-07T10:45:19","slug":"avis-legal","status":"publish","type":"page","link":"https:\/\/www.leulit.com\/ca\/aviso-legal\/","title":{"rendered":"Av\u00eds legal"},"content":{"rendered":"<h2><strong>1. Identificaci\u00f3 i contacte del propietari de la web<\/strong><\/h2>\n<p>www.leulit.com (d&#039;ara endavant la web) \u00e9s propietat de LEULIT (d&#039;ara endavant el Titular) amb domicili a Heliport Teresa Vil\u00e0 \u2013 08231 Ullastrell \u2013 Barcelona (Espanya), Espanya, amb NIF B66766270 tel\u00e8fon 937 304 911 i correu electr\u00f2nic <a href=\"mailto:info@leulit.com\">info@leulit.com<\/a>.<\/p>\n<h2><strong>2. \u00c0mbit d&#039;aplicaci\u00f3<\/strong><\/h2>\n<p>La navegaci\u00f3 pel lloc web del Titular implica assumir la condici\u00f3 d&#039;usuari i l&#039;acceptaci\u00f3 absoluta del que s&#039;ha manifestat en aquest Av\u00eds Legal.<\/p>\n<h2><strong>3. Edat<\/strong><\/h2>\n<p>El registre a la nostra web est\u00e0 dirigit a majors de divuit (18) anys. Si es detecta el registre d&#039;un menor de 18 anys, aquest compte ser\u00e0 autom\u00e0ticament eliminat.<\/p>\n<h2><strong>4. Propietat intel\u00b7lectual o industrial<\/strong><\/h2>\n<p>Els continguts del web, per exemple textos, imatges, gr\u00e0fics o codi font, estan protegits per drets de propietat intel\u00b7lectual i industrial.<\/p>\n<p>Aquests continguts no poden ser, per exemple, reprodu\u00efts o transformats sense el perm\u00eds previ i expl\u00edcit del Titular. Els usuaris poden accedir als continguts i fer c\u00f2pies privades autoritzades sempre que els elements reprodu\u00efts no siguin cedits posteriorment a tercers, ni s&#039;instal\u00b7lin a servidors en xarxa, ni siguin objecte de cap tipus d&#039;explotaci\u00f3.<\/p>\n<h2><strong>5. Normes comunes d\u00fas de la web<\/strong><\/h2>\n<p>L&#039;usuari es compromet a fer un \u00fas de la Web d&#039;acord amb les normes seg\u00fcents:<\/p>\n<ul>\n<li>No publicar\u00e0 comunicacions comercials a trav\u00e9s del lloc web.<\/li>\n<li>No recopilar\u00e0 cap contingut o informaci\u00f3 d&#039;altres usuaris.<\/li>\n<li>No carregar\u00e0 virus ni codi malintencionat de cap mena.<\/li>\n<li>No sol\u00b7licitareu informaci\u00f3 d&#039;inici de sessi\u00f3 ni accedireu a un compte pertanyent a un altre usuari.<\/li>\n<li>No molestar\u00e0, intimidar\u00e0 ni assetjar\u00e0 cap usuari.<\/li>\n<li>No realitzar\u00e0 actes il\u00b7l\u00edcits, enganyosos, malintencionats o discriminatoris al lloc web, d&#039;acord amb aquestes condicions i l&#039;ordenament<br \/>\njur\u00eddic espanyol.<\/li>\n<li>No far\u00e0 res que pugui posar en perill la seguretat del compte, especialment pel que fa a la contrasenya. De fet, comunicar\u00e0 qualsevol incid\u00e8ncia relacionada amb la contrasenya, compte, vulneraci\u00f3 de la confidencialitat de les teves dades, perill o amena\u00e7a detectada en la seguretat de les dades.<\/li>\n<\/ul>\n<p>El Titular pot eliminar qualsevol contingut o suspendre el servei si segons el seu propi criteri, incompleix qualsevol de les normes i obligacions descrites en aquest Av\u00eds Legal.<\/p>\n<p>Per a qualsevol consulta o aclariment sobre aquestes normes comunit\u00e0ries en particular o aquestes condicions en particular, podeu contactar-nos via email.<\/p>\n<h2><strong>6. Enlla\u00e7os i limitaci\u00f3 de responsabilitat<\/strong><\/h2>\n<p>L&#039;establiment d&#039;un hiperenlla\u00e7 no implica en cap cas l&#039;exist\u00e8ncia de relacions entre el titular i el propietari del lloc web on s&#039;estableixi, ni l&#039;acceptaci\u00f3 i l&#039;aprovaci\u00f3 per part del titular dels seus continguts o serveis. Aquelles persones que es proposin establir un hiperenlla\u00e7 pr\u00e8viament han de sol\u00b7licitar autoritzaci\u00f3 per escrit al Titular. En tot cas, l&#039;hiperenlla\u00e7 \u00fanicament permetr\u00e0 l&#039;acc\u00e9s a la p\u00e0gina d&#039;inici del nostre lloc web, aix\u00ed mateix s&#039;haur\u00e0 d&#039;abstenir de fer manifestacions o indicacions falses, inexactes o incorrectes sobre el Titular, o incloure continguts il\u00b7l\u00edcits, contraris als bons costums ia l&#039;ordre p\u00fablic.<\/p>\n<p>El Titular no es responsabilitza de l&#039;\u00fas que cada usuari doni als materials posats a disposici\u00f3 en aquest lloc web ni de les actuacions que realitzi sobre la base d&#039;aquests. El contingut de la web \u00e9s de car\u00e0cter general i merament informatiu.<\/p>\n<p>El Titular no assumir\u00e0 responsabilitat pel contingut o funcionament de webs de tercers a qu\u00e8 l&#039;usuari de la Botiga pugui accedir mitjan\u00e7ant qualsevol tipus d&#039;enlla\u00e7.<\/p>\n<p>El Titular declina qualsevol responsabilitat, fins on permeti l&#039;ordenament jur\u00eddic, pels danys i els perjudicis derivats de la pres\u00e8ncia de virus, de les actuacions de tercers que vulnerin drets de propietat, a l&#039;honor, a la intimitat o sobre publicitat il\u00b7l\u00edcita.<\/p>\n<p>Si algun usuari o tercer considera que a la Web s&#039;est\u00e0 cometent algun il\u00b7l\u00edcit de qualsevol tipus ha de remetre una comunicaci\u00f3 al Titular a l&#039;adre\u00e7a de correu electr\u00f2nic que apareix a les nostres dades identificatives. S&#039;haur\u00e0 d&#039;identificar degudament especificant els fets que denuncia.<\/p>\n<h2><strong>7. Privadesa<\/strong><\/h2>\n<p>Si a la Web es recapten dades personals, el Titular ser\u00e0 responsable de les mateixes i les tractar\u00e0 amb absoluta confidencialitat i seguretat. Podeu trobar m\u00e9s informaci\u00f3 sobre la nostra pol\u00edtica de privadesa i galetes a la p\u00e0gina espec\u00edfica d&#039;informaci\u00f3 sobre aquesta q\u00fcesti\u00f3.<\/p>\n<h2><strong>8. Legislaci\u00f3 aplicable, soluci\u00f3 de q\u00fcestions controvertides i f\u00f2rum competent<\/strong><\/h2>\n<p>L&#039;\u00fas del web es regir\u00e0 per la legislaci\u00f3 espanyola. Qualsevol controv\u00e8rsia que sorgeixi o guardi relaci\u00f3 amb l&#039;\u00fas del web, ser\u00e0 sotm\u00e8s a la jurisdicci\u00f3 no exclusiva dels jutjats i tribunals del municipi on radica el domicili social del titular, llevat que la normativa vigent o el codi de conducta estableixi f\u00f2rum diferent .<\/p>","protected":false},"excerpt":{"rendered":"<p>1. Identificaci\u00f3n y contacto del propietario de la web www.leulit.com (en adelante la web) es propiedad de LEULIT (en adelante [&hellip;]<\/p>\n","protected":false},"author":1,"featured_media":0,"parent":0,"menu_order":0,"comment_status":"closed","ping_status":"closed","template":"","meta":{"footnotes":""},"class_list":["post-65","page","type-page","status-publish","hentry"],"_links":{"self":[{"href":"https:\/\/www.leulit.com\/ca\/wp-json\/wp\/v2\/pages\/65","targetHints":{"allow":["GET"]}}],"collection":[{"href":"https:\/\/www.leulit.com\/ca\/wp-json\/wp\/v2\/pages"}],"about":[{"href":"https:\/\/www.leulit.com\/ca\/wp-json\/wp\/v2\/types\/page"}],"author":[{"embeddable":true,"href":"https:\/\/www.leulit.com\/ca\/wp-json\/wp\/v2\/users\/1"}],"replies":[{"embeddable":true,"href":"https:\/\/www.leulit.com\/ca\/wp-json\/wp\/v2\/comments?post=65"}],"version-history":[{"count":6,"href":"https:\/\/www.leulit.com\/ca\/wp-json\/wp\/v2\/pages\/65\/revisions"}],"predecessor-version":[{"id":1690,"href":"https:\/\/www.leulit.com\/ca\/wp-json\/wp\/v2\/pages\/65\/revisions\/1690"}],"wp:attachment":[{"href":"https:\/\/www.leulit.com\/ca\/wp-json\/wp\/v2\/media?parent=65"}],"curies":[{"name":"wp","href":"https:\/\/api.w.org\/{rel}","templated":true}]}}