{"id":82,"date":"2017-06-05T12:04:01","date_gmt":"2017-06-05T12:04:01","guid":{"rendered":"http:\/\/www.leulit.com\/?page_id=82"},"modified":"2020-04-07T11:40:50","modified_gmt":"2020-04-07T11:40:50","slug":"contacte","status":"publish","type":"page","link":"https:\/\/www.leulit.com\/ca\/contacto\/","title":{"rendered":"Contacte"},"content":{"rendered":"<div id=\"pl-82\"  class=\"panel-layout\" ><div id=\"pg-82-0\"  class=\"panel-grid panel-no-style\" ><div id=\"pgc-82-0-0\"  class=\"panel-grid-cell\" ><div id=\"panel-82-0-0-0\" class=\"so-panel widget widget_sow-editor panel-first-child\" data-index=\"0\" ><div\n\t\t\t\n\t\t\tclass=\"so-widget-sow-editor so-widget-sow-editor-base\"\n\t\t\t\n\t\t>\n<div class=\"siteorigin-widget-tinymce textwidget\">\n\t<h5>Si quieres darle la vuelta a tu negocio recuerda que podemos ayudarte a conseguirlo y que nadie mejor que t\u00fa sabe lo que necesita tu empresa.<\/h5>\n<p>Esperamos que todo lo que has visto en nuestra web te haya gustado y te haya despertado el gusanillo para <strong>empezar a mejorar tu negocio<\/strong>\u00a0a trav\u00e9s de las herramientas que podemos ofrecerte.<\/p>\n<p>Si prefieres llamarnos o escribirnos directamente puedes hacerlo a trav\u00e9s de los datos que te facilitamos a continuaci\u00f3n. <strong>Te responderemos en 48 horas y si podemos lo haremos antes.<\/strong><\/p>\n<\/div>\n<\/div><\/div><div id=\"panel-82-0-0-1\" class=\"so-panel widget widget_sow-editor panel-last-child\" data-index=\"1\" ><div\n\t\t\t\n\t\t\tclass=\"so-widget-sow-editor so-widget-sow-editor-base\"\n\t\t\t\n\t\t>\n<div class=\"siteorigin-widget-tinymce textwidget\">\n\t<h3>Informaci\u00f3n de contacto<\/h3>\n<table style=\"width: 99%; border: 0px; font-size: 14px; margin-top: 20px;\">\n<tbody>\n<tr>\n<td style=\"border: 0px !important;\"><i class=\"fa fa-phone fa-lg\" style=\"color: #4f9ed1;\"><\/i>\u00a0<a href=\"tel:937304911\">\u00a0937 304 911<\/a><br \/>\n<i class=\"fa fa-envelope\" style=\"color: #4f9ed1;\"><\/i>\u00a0\u00a0<a href=\"mailto:info@leulit.com\">info@leulit.com<\/a><\/td>\n<td style=\"border: 0px !important;\"><i class=\"fa fa-map-marker fa-lg\" style=\"color: #4f9ed1;\"><\/i>\u00a0\u00a0Helipuerto Teresa Vil\u00e0<br \/>\nCam\u00ed de Can Palet s\/n<br \/>\n08231 Ullastrell<br \/>\nBarcelona (Espa\u00f1a)<\/td>\n<\/tr>\n<\/tbody>\n<\/table>\n<\/div>\n<\/div><\/div><\/div><div id=\"pgc-82-0-1\"  class=\"panel-grid-cell\" ><div id=\"panel-82-0-1-0\" class=\"so-panel widget widget_sow-editor panel-first-child\" data-index=\"2\" ><div\n\t\t\t\n\t\t\tclass=\"so-widget-sow-editor so-widget-sow-editor-base\"\n\t\t\t\n\t\t><h3 class=\"widget-title\">\u00a1Env\u00edanos un correo!<\/h3>\n<div class=\"siteorigin-widget-tinymce textwidget\">\n\t<div class=\"siteorigin-widget-tinymce textwidget\">&nbsp;<\/div>\n<\/div>\n<\/div><\/div><div id=\"panel-82-0-1-1\" class=\"so-panel widget widget_sow-editor panel-last-child\" data-index=\"3\" ><div\n\t\t\t\n\t\t\tclass=\"so-widget-sow-editor so-widget-sow-editor-base\"\n\t\t\t\n\t\t>\n<div class=\"siteorigin-widget-tinymce textwidget\">\n\t<p>Para cualquier consulta no dudes en ponerte en contacto con nosotros a trav\u00e9s de tel\u00e9fono o, si lo prefieres, rellenando este formulario de contacto.<br \/>Desde Leulit estaremos encantados de poder ayudarte en lo que necesites.<\/p>\n<div class=\"everest-forms\"><div class=\"evf-container default\" id=\"evf-1126\"><form id=\"evf-form-1126\" class=\"everest-form\" data-formid=\"1126\" data-ajax_submission=\"0\" data-keyboard_friendly_form=\"0\" data-form_state_type=\"\" method=\"post\" enctype=\"multipart\/form-data\" action=\"\/ca\/wp-json\/wp\/v2\/pages\/82\"><div class=\"evf-field-container\"><input type=\"hidden\" id=\"_wpnonce1126\" name=\"_wpnonce1126\" value=\"c0fd3d87ef\" \/><input type=\"hidden\" name=\"_wp_http_referer\" value=\"\/ca\/wp-json\/wp\/v2\/pages\/82\" \/><div class=\"evf-frontend-row\" data-row=\"row_1\" conditional_rules=\"[]\"><div class=\"evf-frontend-grid evf-grid-1\" data-grid=\"grid_1\"><div id=\"evf-1126-field_fullname-container\" class=\"evf-field evf-field-text form-row validate-required\" data-required-field-message=\"Este capo es obligatorio.\" data-field-id=\"fullname\"><label class=\"evf-field-label\" for=\"evf-1126-field_fullname\"><span class=\"evf-label\">Nombre<\/span> <abbr class=\"required\" title=\"Required\">*<\/abbr><\/label><input type=\"text\" id=\"evf-1126-field_fullname\" class=\"input-text\" name=\"everest_forms[form_fields][fullname]\" required><\/div><div id=\"evf-1126-field_email-container\" class=\"evf-field evf-field-email form-row validate-required validate-email\" data-required-field-message=\"Por favor, introduce una direcci\u00f3n de correo electr\u00f3nico v\u00e1lida.\" data-field-id=\"email\"><label class=\"evf-field-label\" for=\"evf-1126-field_email\"><span class=\"evf-label\">Email<\/span> <abbr class=\"required\" title=\"Required\">*<\/abbr><\/label><input type=\"email\" id=\"evf-1126-field_email\" class=\"input-text\" name=\"everest_forms[form_fields][email]\" required ><\/div><div id=\"evf-1126-field_kCoiNw0cyP-1-container\" class=\"evf-field evf-field-select form-row validate-required\" data-required-field-message=\"Este capo es obligatorio.\" data-field-id=\"kCoiNw0cyP-1\"><label class=\"evf-field-label\" for=\"evf-1126-field_kCoiNw0cyP-1\"><span class=\"evf-label\">\u00bfQu\u00e9 servicio te interesa?<\/span> <abbr class=\"required\" title=\"Required\">*<\/abbr><\/label><select id=\"evf-1126-field_kCoiNw0cyP-1\" class=\"input-text evf-field-required\" name=\"everest_forms[form_fields][kCoiNw0cyP-1]\" required=\"required\" ><option value=\"Gesti\u00f3n de servidores Amazon AWS\" >Gesti\u00f3n de servidores Amazon AWS<\/option><option value=\"Odoo - ERP\" >Odoo - ERP<\/option><option value=\"Tienda online - WooCommerce\" >Tienda online - WooCommerce<\/option><option value=\"Google Ads\" >Google Ads<\/option><option value=\"Desarrollo Apps\" >Desarrollo Apps<\/option><option value=\"Imagen Corporativa\" >Imagen Corporativa<\/option><option value=\"Web en WordPress\" >Web en WordPress<\/option><option value=\"Fotograf\u00eda\" >Fotograf\u00eda<\/option><option value=\"Otros\" >Otros<\/option><\/select><\/div><div id=\"evf-1126-field_subject-container\" class=\"evf-field evf-field-text form-row validate-required\" data-required-field-message=\"Este capo es obligatorio.\" data-field-id=\"subject\"><label class=\"evf-field-label\" for=\"evf-1126-field_subject\"><span class=\"evf-label\">\u00bfDe qu\u00e9 empresa se trata?<\/span> <abbr class=\"required\" title=\"Required\">*<\/abbr><\/label><input type=\"text\" id=\"evf-1126-field_subject\" class=\"input-text\" name=\"everest_forms[form_fields][subject]\" required><\/div><div id=\"evf-1126-field_message-container\" class=\"evf-field evf-field-textarea form-row validate-required\" data-required-field-message=\"Este capo es obligatorio.\" data-field-id=\"message\"><label class=\"evf-field-label\" for=\"evf-1126-field_message\"><span class=\"evf-label\">Cu\u00e9ntanos qu\u00e9 necesitas y buscaremos la soluci\u00f3n<\/span> <abbr class=\"required\" title=\"Required\">*<\/abbr><\/label><textarea id=\"evf-1126-field_message\" class=\"input-text\" name=\"everest_forms[form_fields][message]\" required ><\/textarea><\/div><\/div><\/div><\/div><div class=\"evf-honeypot-container evf-field-hp\"><label for=\"evf-1126-field-hp\" class=\"evf-field-label\">Website<\/label><input type=\"text\" name=\"everest_forms[hp]\" id=\"evf-1126-field-hp\" class=\"input-text\"><\/div><div class=\"evf-recaptcha-container \" style=\"display:block\"><div class=\"g-recaptcha\" data-sitekey=\"6Lc2m9kUAAAAAMGm-tjXMhk1qLERebNRyeT555ST\"><\/div><\/div><div class=\"evf-submit-container \" ><input type=\"hidden\" name=\"everest_forms[id]\" value=\"1126\"><input type=\"hidden\" name=\"everest_forms[author]\" value=\"1\"><button type='submit' name='everest_forms[submit]' class='everest-forms-submit-button button evf-submit ' id='evf-submit-1126' value='evf-submit' data-process-text=\"Procesando\u2026\" conditional_rules='&quot;&quot;' conditional_id='evf-submit-1126'  id=\"evf-submit-1126\" aria-live=\"assertive\">Enviar<\/button><\/div><\/form><\/div><!-- .evf-container --><\/div>\n<\/div>\n<\/div><\/div><\/div><\/div><\/div>","protected":false},"excerpt":{"rendered":"<p>Si quieres darle la vuelta a tu negocio recuerda que podemos ayudarte a conseguirlo y que nadie mejor que t\u00fa [&hellip;]<\/p>\n","protected":false},"author":1,"featured_media":0,"parent":0,"menu_order":0,"comment_status":"closed","ping_status":"closed","template":"page-templates\/full-width.php","meta":{"footnotes":""},"class_list":["post-82","page","type-page","status-publish","hentry"],"_links":{"self":[{"href":"https:\/\/www.leulit.com\/ca\/wp-json\/wp\/v2\/pages\/82","targetHints":{"allow":["GET"]}}],"collection":[{"href":"https:\/\/www.leulit.com\/ca\/wp-json\/wp\/v2\/pages"}],"about":[{"href":"https:\/\/www.leulit.com\/ca\/wp-json\/wp\/v2\/types\/page"}],"author":[{"embeddable":true,"href":"https:\/\/www.leulit.com\/ca\/wp-json\/wp\/v2\/users\/1"}],"replies":[{"embeddable":true,"href":"https:\/\/www.leulit.com\/ca\/wp-json\/wp\/v2\/comments?post=82"}],"version-history":[{"count":69,"href":"https:\/\/www.leulit.com\/ca\/wp-json\/wp\/v2\/pages\/82\/revisions"}],"predecessor-version":[{"id":2225,"href":"https:\/\/www.leulit.com\/ca\/wp-json\/wp\/v2\/pages\/82\/revisions\/2225"}],"wp:attachment":[{"href":"https:\/\/www.leulit.com\/ca\/wp-json\/wp\/v2\/media?parent=82"}],"curies":[{"name":"wp","href":"https:\/\/api.w.org\/{rel}","templated":true}]}}