{"id":889,"date":"2017-07-03T10:07:18","date_gmt":"2017-07-03T10:07:18","guid":{"rendered":"http:\/\/www.leulit.com\/?page_id=889"},"modified":"2020-08-11T09:29:33","modified_gmt":"2020-08-11T09:29:33","slug":"desenvolupament-app-control-menjador","status":"publish","type":"page","link":"https:\/\/www.leulit.com\/ca\/servicios\/desarrollo-app\/desarrollo-app-control-comedor\/","title":{"rendered":"Desenvolupament App \u2013 Control menjador"},"content":{"rendered":"<div id=\"pl-889\"  class=\"panel-layout\" ><div id=\"pg-889-0\"  class=\"panel-grid panel-no-style\" ><div id=\"pgc-889-0-0\"  class=\"panel-grid-cell\" ><div id=\"panel-889-0-0-0\" class=\"so-panel widget widget_sow-image panel-first-child panel-last-child\" data-index=\"0\" ><div\n\t\t\t\n\t\t\tclass=\"so-widget-sow-image so-widget-sow-image-default-8b5b6f678277-889\"\n\t\t\t\n\t\t>\n<div class=\"sow-image-container\">\n\t\t<img \n\tsrc=\"https:\/\/www.leulit.com\/wp-content\/uploads\/2017\/07\/app-matacas-menjador.jpg\" width=\"800\" height=\"600\" srcset=\"https:\/\/www.leulit.com\/wp-content\/uploads\/2017\/07\/app-matacas-menjador.jpg 800w, https:\/\/www.leulit.com\/wp-content\/uploads\/2017\/07\/app-matacas-menjador-600x450.jpg 600w, https:\/\/www.leulit.com\/wp-content\/uploads\/2017\/07\/app-matacas-menjador-300x225.jpg 300w, https:\/\/www.leulit.com\/wp-content\/uploads\/2017\/07\/app-matacas-menjador-768x576.jpg 768w\" sizes=\"(max-width: 800px) 100vw, 800px\" title=\"disseny aplicacions\" alt=\"disseny aplicacions\" \t\tclass=\"so-widget-image\"\/>\n\t<\/div>\n\n<\/div><\/div><\/div><div id=\"pgc-889-0-1\"  class=\"panel-grid-cell\" ><div id=\"panel-889-0-1-0\" class=\"so-panel widget widget_sow-editor panel-first-child panel-last-child\" data-index=\"1\" ><div\n\t\t\t\n\t\t\tclass=\"so-widget-sow-editor so-widget-sow-editor-base\"\n\t\t\t\n\t\t>\n<div class=\"siteorigin-widget-tinymce textwidget\">\n\t<h2 class=\"p1\">Control menjador<\/h2>\n<p class=\"p1\">Una de les tasques di\u00e0ries de la Resid\u00e8ncia Matacas \u00e9s el control de menjador, \u00e9s a dir dels \u00e0pats diaris. Per aix\u00f2, necessitaven una aplicaci\u00f3 on poder controlar el pas dels residents pel menjador.<\/p>\n<p>Entre les funcions d&#039;aquesta app, a m\u00e9s de saber si ha baixat al menjador, si ha menjat o si no hi \u00e9s, les auxiliars poden saber a simple vista que necessita cada resident. Podem veure on s&#039;asseu, si menja s\u00f2lid o triturat i si necessita insulina o no. A m\u00e9s, tamb\u00e9 es controla a partir de la pantalla qui s&#039;ha pres la medicaci\u00f3.<\/p>\n<\/div>\n<\/div><\/div><\/div><\/div><div id=\"pg-889-1\"  class=\"panel-grid panel-no-style\" ><div id=\"pgc-889-1-0\"  class=\"panel-grid-cell\" ><div id=\"panel-889-1-0-0\" class=\"so-panel widget widget_sow-post-carousel panel-first-child panel-last-child\" data-index=\"2\" ><div\n\t\t\t\n\t\t\tclass=\"so-widget-sow-post-carousel so-widget-sow-post-carousel-base-ad93eedad001-889\"\n\t\t\t\n\t\t>\t<div\n\t\tclass=\"sow-post-carousel-wrapper sow-post-carousel-theme-base\"\n\t\tstyle=\"overflow: hidden; max-width: 100%; min-height: 182px\"\n\t>\n\t\t<div class=\"sow-carousel-title has-title\">\n\t<h3 class=\"widget-title\">Et pot interessar<\/h3>\t\t<div class=\"sow-carousel-navigation\">\n\t\t\t\t\t\t<a href=\"#\" class=\"sow-carousel-next\" title=\"Next\" aria-label=\"Next Posts\" role=\"button\"><\/a>\n\t\t\t\t\t\t<a href=\"#\" class=\"sow-carousel-previous\" title=\"Previous\" aria-label=\"Previous Posts\" role=\"button\"><\/a>\n\t\t\t\t\t<\/div>\n\t<\/div>\n\n<div class=\"sow-carousel-container\">\n\t\t<div class=\"sow-carousel-wrapper\"\n\t\tdata-dir=\"ltr\"\n\t\tstyle=\"opacity: 0;\"\n\t\tdata-widget=\"post\" data-fetching=\"false\" data-page=\"1\" data-ajax-url=\"https:\/\/www.leulit.com\/wp-admin\/admin-ajax.php?_widgets_nonce=2486bb1c89\" data-item_count=\"6\" data-carousel_settings=\"{&quot;loop&quot;:true,&quot;animation&quot;:&quot;Ease&quot;,&quot;animation_speed&quot;:400,&quot;autoplay&quot;:&quot;&quot;,&quot;pauseOnHover&quot;:&quot;&quot;,&quot;autoplaySpeed&quot;:8000,&quot;item_overflow&quot;:true,&quot;autoplay_continuous_scroll&quot;:false}\" data-responsive=\"{&quot;desktop_slides_to_scroll&quot;:1,&quot;tablet_landscape_breakpoint&quot;:1366,&quot;tablet_landscape_slides_to_scroll&quot;:2,&quot;tablet_portrait_breakpoint&quot;:1025,&quot;tablet_portrait_slides_to_scroll&quot;:2,&quot;mobile_breakpoint&quot;:480,&quot;mobile_slides_to_scroll&quot;:1}\" data-variable_width=\"true\" \t>\n\t\t<div\n\t\t\tclass=\"sow-carousel-items\"\n\t\t\t\t\t>\n\t\t\t\t<div class=\"sow-carousel-item\" tabindex=\"-1\" style=\"float: left;\">\n\t\t<div class=\"sow-carousel-thumbnail\">\n\t\t\t\t\t\t\t<a\n\t\t\t\t\thref=\"https:\/\/www.leulit.com\/ca\/servicios\/desarrollo-app\/simulacion-incendios\/\"\n\t\t\t\t\t\t\t\t\t\tstyle=\"background-image: url( https:\/\/www.leulit.com\/wp-content\/uploads\/2017\/06\/app-simulacion-incendios-1-272x182.png )\"\n\t\t\t\t\taria-labelledby=\"sow-carousel-id-638\"\n\t\t\t\t\ttabindex=\"-1\"\n\t\t\t\t>\n\t\t\t\t\t<span class=\"overlay\"><\/span>\n\t\t\t\t<\/a>\n\t\t\t\t\t<\/div>\n\t\t<h3 class=\"sow-carousel-item-title\">\n\t\t\t<a\n\t\t\t\thref=\"https:\/\/www.leulit.com\/ca\/servicios\/desarrollo-app\/simulacion-incendios\/\"\n\t\t\t\tid=\"sow-carousel-id-638\"\n\t\t\t\t\t\t\t\ttabindex=\"-1\"\n\t\t\t>\n\n\t\t\t\tDesenvolupament App \u2013 Simulaci\u00f3 d&#039;incendis\t\t\t<\/a>\n\t\t<\/h3>\n\t<\/div>\n\t\t<div class=\"sow-carousel-item\" tabindex=\"-1\" style=\"float: left;\">\n\t\t<div class=\"sow-carousel-thumbnail\">\n\t\t\t\t\t\t\t<a\n\t\t\t\t\thref=\"https:\/\/www.leulit.com\/ca\/servicios\/desarrollo-app\/balsas-de-agua\/\"\n\t\t\t\t\t\t\t\t\t\tstyle=\"background-image: url( https:\/\/www.leulit.com\/wp-content\/uploads\/2017\/06\/app-basses-2-272x182.png )\"\n\t\t\t\t\taria-labelledby=\"sow-carousel-id-630\"\n\t\t\t\t\ttabindex=\"-1\"\n\t\t\t\t>\n\t\t\t\t\t<span class=\"overlay\"><\/span>\n\t\t\t\t<\/a>\n\t\t\t\t\t<\/div>\n\t\t<h3 class=\"sow-carousel-item-title\">\n\t\t\t<a\n\t\t\t\thref=\"https:\/\/www.leulit.com\/ca\/servicios\/desarrollo-app\/balsas-de-agua\/\"\n\t\t\t\tid=\"sow-carousel-id-630\"\n\t\t\t\t\t\t\t\ttabindex=\"-1\"\n\t\t\t>\n\n\t\t\t\tDesenvolupament App \u2013 Basses d&#039;aigua\t\t\t<\/a>\n\t\t<\/h3>\n\t<\/div>\n\t\t<div class=\"sow-carousel-item\" tabindex=\"-1\" style=\"float: left;\">\n\t\t<div class=\"sow-carousel-thumbnail\">\n\t\t\t\t\t\t\t<a\n\t\t\t\t\thref=\"https:\/\/www.leulit.com\/ca\/servicios\/desarrollo-app\/desarrollo-app-control-altas-bajas\/\"\n\t\t\t\t\t\t\t\t\t\tstyle=\"background-image: url( https:\/\/www.leulit.com\/wp-content\/uploads\/2017\/06\/app-matacas-altas-bajas-272x182.png )\"\n\t\t\t\t\taria-labelledby=\"sow-carousel-id-627\"\n\t\t\t\t\ttabindex=\"-1\"\n\t\t\t\t>\n\t\t\t\t\t<span class=\"overlay\"><\/span>\n\t\t\t\t<\/a>\n\t\t\t\t\t<\/div>\n\t\t<h3 class=\"sow-carousel-item-title\">\n\t\t\t<a\n\t\t\t\thref=\"https:\/\/www.leulit.com\/ca\/servicios\/desarrollo-app\/desarrollo-app-control-altas-bajas\/\"\n\t\t\t\tid=\"sow-carousel-id-627\"\n\t\t\t\t\t\t\t\ttabindex=\"-1\"\n\t\t\t>\n\n\t\t\t\tDesenvolupament App \u2013 Control altes\/baixes\t\t\t<\/a>\n\t\t<\/h3>\n\t<\/div>\n\t\t<div class=\"sow-carousel-item\" tabindex=\"-1\" style=\"float: left;\">\n\t\t<div class=\"sow-carousel-thumbnail\">\n\t\t\t\t\t\t\t<a\n\t\t\t\t\thref=\"https:\/\/www.leulit.com\/ca\/servicios\/desarrollo-app\/desarrollo-app-control-hospitalizaciones\/\"\n\t\t\t\t\t\t\t\t\t\tstyle=\"background-image: url( https:\/\/www.leulit.com\/wp-content\/uploads\/2017\/06\/app-hospitalizaciones-272x182.png )\"\n\t\t\t\t\taria-labelledby=\"sow-carousel-id-622\"\n\t\t\t\t\ttabindex=\"-1\"\n\t\t\t\t>\n\t\t\t\t\t<span class=\"overlay\"><\/span>\n\t\t\t\t<\/a>\n\t\t\t\t\t<\/div>\n\t\t<h3 class=\"sow-carousel-item-title\">\n\t\t\t<a\n\t\t\t\thref=\"https:\/\/www.leulit.com\/ca\/servicios\/desarrollo-app\/desarrollo-app-control-hospitalizaciones\/\"\n\t\t\t\tid=\"sow-carousel-id-622\"\n\t\t\t\t\t\t\t\ttabindex=\"-1\"\n\t\t\t>\n\n\t\t\t\tDesenvolupament App \u2013 Control hospitalitzacions\t\t\t<\/a>\n\t\t<\/h3>\n\t<\/div>\n\t\t<div class=\"sow-carousel-item\" tabindex=\"-1\" style=\"float: left;\">\n\t\t<div class=\"sow-carousel-thumbnail\">\n\t\t\t\t\t\t\t<a\n\t\t\t\t\thref=\"https:\/\/www.leulit.com\/ca\/servicios\/desarrollo-app\/desarrollo-app-control-presencia\/\"\n\t\t\t\t\t\t\t\t\t\tstyle=\"background-image: url( https:\/\/www.leulit.com\/wp-content\/uploads\/2017\/06\/app-presencia-matacas-272x182.png )\"\n\t\t\t\t\taria-labelledby=\"sow-carousel-id-612\"\n\t\t\t\t\ttabindex=\"-1\"\n\t\t\t\t>\n\t\t\t\t\t<span class=\"overlay\"><\/span>\n\t\t\t\t<\/a>\n\t\t\t\t\t<\/div>\n\t\t<h3 class=\"sow-carousel-item-title\">\n\t\t\t<a\n\t\t\t\thref=\"https:\/\/www.leulit.com\/ca\/servicios\/desarrollo-app\/desarrollo-app-control-presencia\/\"\n\t\t\t\tid=\"sow-carousel-id-612\"\n\t\t\t\t\t\t\t\ttabindex=\"-1\"\n\t\t\t>\n\n\t\t\t\tDesenvolupament App \u2013 Control pres\u00e8ncia\t\t\t<\/a>\n\t\t<\/h3>\n\t<\/div>\n\t\t<div class=\"sow-carousel-item\" tabindex=\"-1\" style=\"float: left;\">\n\t\t<div class=\"sow-carousel-thumbnail\">\n\t\t\t\t\t\t\t<a\n\t\t\t\t\thref=\"https:\/\/www.leulit.com\/ca\/servicios\/desarrollo-app\/desarrollo-app-control-banos\/\"\n\t\t\t\t\t\t\t\t\t\tstyle=\"background-image: url( https:\/\/www.leulit.com\/wp-content\/uploads\/2017\/06\/app-matacas_banos-272x182.png )\"\n\t\t\t\t\taria-labelledby=\"sow-carousel-id-600\"\n\t\t\t\t\ttabindex=\"-1\"\n\t\t\t\t>\n\t\t\t\t\t<span class=\"overlay\"><\/span>\n\t\t\t\t<\/a>\n\t\t\t\t\t<\/div>\n\t\t<h3 class=\"sow-carousel-item-title\">\n\t\t\t<a\n\t\t\t\thref=\"https:\/\/www.leulit.com\/ca\/servicios\/desarrollo-app\/desarrollo-app-control-banos\/\"\n\t\t\t\tid=\"sow-carousel-id-600\"\n\t\t\t\t\t\t\t\ttabindex=\"-1\"\n\t\t\t>\n\n\t\t\t\tDesenvolupament App \u2013 Control banys\t\t\t<\/a>\n\t\t<\/h3>\n\t<\/div>\n\t\t\t<\/div>\n\t\t\t<\/div>\n\n\t<\/div>\n\t\t<input type=\"hidden\" name=\"instance_hash\" value=\"f1971866\"\/>\n\t<\/div>\n<\/div><\/div><\/div><\/div><\/div>","protected":false},"excerpt":{"rendered":"<p>Control comedor Una de las tareas diarias de la Residencia Matacas es el control de comedor, es decir de las [&hellip;]<\/p>\n","protected":false},"author":1,"featured_media":890,"parent":211,"menu_order":0,"comment_status":"closed","ping_status":"closed","template":"","meta":{"footnotes":""},"class_list":["post-889","page","type-page","status-publish","has-post-thumbnail","hentry"],"_links":{"self":[{"href":"https:\/\/www.leulit.com\/ca\/wp-json\/wp\/v2\/pages\/889","targetHints":{"allow":["GET"]}}],"collection":[{"href":"https:\/\/www.leulit.com\/ca\/wp-json\/wp\/v2\/pages"}],"about":[{"href":"https:\/\/www.leulit.com\/ca\/wp-json\/wp\/v2\/types\/page"}],"author":[{"embeddable":true,"href":"https:\/\/www.leulit.com\/ca\/wp-json\/wp\/v2\/users\/1"}],"replies":[{"embeddable":true,"href":"https:\/\/www.leulit.com\/ca\/wp-json\/wp\/v2\/comments?post=889"}],"version-history":[{"count":12,"href":"https:\/\/www.leulit.com\/ca\/wp-json\/wp\/v2\/pages\/889\/revisions"}],"predecessor-version":[{"id":2656,"href":"https:\/\/www.leulit.com\/ca\/wp-json\/wp\/v2\/pages\/889\/revisions\/2656"}],"up":[{"embeddable":true,"href":"https:\/\/www.leulit.com\/ca\/wp-json\/wp\/v2\/pages\/211"}],"wp:featuredmedia":[{"embeddable":true,"href":"https:\/\/www.leulit.com\/ca\/wp-json\/wp\/v2\/media\/890"}],"wp:attachment":[{"href":"https:\/\/www.leulit.com\/ca\/wp-json\/wp\/v2\/media?parent=889"}],"curies":[{"name":"wp","href":"https:\/\/api.w.org\/{rel}","templated":true}]}}