{"id":9,"date":"2017-06-02T11:20:38","date_gmt":"2017-06-02T11:20:38","guid":{"rendered":"http:\/\/www.leulit.com\/mas-informacion-sobre-las-cookies\/"},"modified":"2020-04-08T09:38:12","modified_gmt":"2020-04-08T09:38:12","slug":"mes-informacio-sobre-les-cookies","status":"publish","type":"page","link":"https:\/\/www.leulit.com\/ca\/mas-informacion-sobre-las-cookies\/","title":{"rendered":"M\u00e9s informaci\u00f3 sobre les cookies"},"content":{"rendered":"<h2>Qu\u00e8 \u00e9s una galeta?<\/h2>\n<p>Una <em>galeta<\/em> \u00e9s un fitxer de text <b>inofensiu<\/b> que semmagatzema en el seu navegador quan visita gaireb\u00e9 qualsevol p\u00e0gina web. La utilitat de la <em>galeta<\/em> \u00e9s que la web sigui capa\u00e7 de recordar la vostra visita quan torneu a navegar per aquesta p\u00e0gina. Encara que molta gent no ho sap les <em>cookies<\/em> es porten utilitzant des de fa 20 anys, quan van apar\u00e8ixer els primers navegadors per a la World Wide Web.<\/p>\n<h2>Qu\u00e8 NO \u00c9S una galeta?<\/h2>\n<p>No \u00e9s un virus, ni un troi\u00e0, ni un cuc, ni spam, ni spyware, ni obre finestres pop-up.<\/p>\n<h2>Quina informaci\u00f3 emmagatzema una <em>galeta<\/em>?<\/h2>\n<p>Les <em>cookies<\/em> no solen emmagatzemar informaci\u00f3 sensible sobre vost\u00e8, com ara targetes de cr\u00e8dit o dades banc\u00e0ries, fotografies, el seu DNI o informaci\u00f3 personal, etc. Les dades que guarden s\u00f3n de car\u00e0cter t\u00e8cnic, prefer\u00e8ncies personals, personalitzaci\u00f3 de continguts, etc.<\/p>\n<p>El servidor web no us associa a vost\u00e8 com a persona sin\u00f3 al vostre navegador web. De fet, si navega habitualment amb Internet Explorer i prova a navegar per la mateixa web amb Firefox o Chrome veur\u00e0 que la web no s&#039;adona que \u00e9s vost\u00e8 la mateixa persona perqu\u00e8 en realitat est\u00e0 associant al navegador, no a la persona.<\/p>\n<h2>Quin tipus de <em>cookies<\/em> existeixen?<\/h2>\n<ul>\n<li><em>Cookies<\/em> t\u00e8cniques: S\u00f3n les m\u00e9s elementals i permeten, entre altres coses, saber quan est\u00e0 navegant un hum\u00e0 o una aplicaci\u00f3 automatitzada, quan navega un usuari an\u00f2nim i un de registrat, tasques b\u00e0siques per al funcionament de qualsevol web din\u00e0mica.<\/li>\n<li><em>Cookies<\/em> d&#039;an\u00e0lisi: recullen informaci\u00f3 sobre el tipus de navegaci\u00f3 que esteu realitzant, les seccions que m\u00e9s utilitzeu, productes consultats, franja hor\u00e0ria d&#039;\u00fas, idioma, etc.<\/li>\n<li><em>Cookies<\/em> publicit\u00e0ries: Mostren publicitat en funci\u00f3 de la navegaci\u00f3, el pa\u00eds de proced\u00e8ncia, l&#039;idioma, etc.<\/li>\n<\/ul>\n<h2>Qu\u00e8 s\u00f3n les <em>cookies<\/em> pr\u00f2pies i les de tercers?<\/h2>\n<p>Les <em>cookies pr\u00f2pies<\/em> s\u00f3n les generades per la p\u00e0gina que esteu visitant i les <em>de tercers<\/em> s\u00f3n les generades per serveis o prove\u00efdors externs com Facebook, Twitter, Google, etc.<\/p>\n<h2>Qu\u00e8 passa si desactiu les <em>cookies<\/em>?<\/h2>\n<p>Perqu\u00e8 entengui l&#039;abast que pot tenir desactivar les <em>cookies<\/em> us mostrem uns exemples:<\/p>\n<ul>\n<li>No podreu compartir continguts d&#039;aquesta web a Facebook, Twitter o qualsevol altra xarxa social.<\/li>\n<li>El lloc web no podr\u00e0 adaptar els continguts a les seves prefer\u00e8ncies personals, com sol passar a les botigues en l\u00ednia.<\/li>\n<li>No podreu accedir a l&#039;\u00e0rea personal d&#039;aquesta web, com per exemple <em>El meu compte<\/em>, o <em>El meu perfil<\/em> o <em>Les meves comandes<\/em>.<\/li>\n<li>Botigues en l\u00ednia: Li ser\u00e0 impossible realitzar compres en l\u00ednia, hauran de ser telef\u00f2niques o visitant la botiga f\u00edsica si \u00e9s que en disposa.<\/li>\n<li>No ser\u00e0 possible personalitzar les vostres prefer\u00e8ncies geogr\u00e0fiques com ara franja hor\u00e0ria, divisa o idioma.<\/li>\n<li>El lloc web no podr\u00e0 realitzar anal\u00edtiques web sobre visitants i tr\u00e0nsit a la web, cosa que dificultar\u00e0 que la web sigui competitiva.<\/li>\n<li>No podr\u00e0 escriure al bloc, no podr\u00e0 pujar fotos, publicar comentaris, valorar o puntuar continguts. La web tampoc podr\u00e0 saber si sou un hum\u00e0 o una aplicaci\u00f3 automatitzada que publica <em>spam<\/em>.<\/li>\n<li>No es podr\u00e0 mostrar publicitat sectoritzada, cosa que reduir\u00e0 els ingressos publicitaris de la web.<\/li>\n<li>Totes les xarxes socials usen <em>cookies<\/em>, si les desactiva no podreu utilitzar cap xarxa social.<\/li>\n<\/ul>\n<h2>Es poden eliminar les <em>cookies<\/em>?<\/h2>\n<p>S\u00ed. No nom\u00e9s eliminar, tamb\u00e9 bloquejar, de manera general o particular per a un domini espec\u00edfic.<\/p>\n<p>Per eliminar les <em>cookies<\/em> d&#039;un lloc web ha d&#039;anar a la configuraci\u00f3 del vostre navegador i all\u00e0 podreu cercar les associades al domini en q\u00fcesti\u00f3 i procedir a la seva eliminaci\u00f3.<\/p>\n<h2 id=\"navegadores\">Configuraci\u00f3 de <em>cookies<\/em> per als navegadors m\u00e9s pol\u00b7lulars<\/h2>\n<p>A continuaci\u00f3 us indiquem com accedir a una <em>galeta<\/em> determinada del navegador <b>Chrome<\/b>. Nota: aquests passos poden variar en funci\u00f3 de la versi\u00f3 del navegador:<\/p>\n<ol>\n<li>Aneu a Configuraci\u00f3 o Prefer\u00e8ncies mitjan\u00e7ant el men\u00fa Fitxer o b\u00e9 clicant la icona de personalitzaci\u00f3 que apareix a dalt a la dreta.<\/li>\n<li>Veureu diferents seccions, punxeu l&#039;opci\u00f3 <em>Mostrar opcions avan\u00e7ades<\/em>.<\/li>\n<li>Aneu a <em>Privadesa<\/em>, <em>Configuraci\u00f3 de contingut<\/em>.<\/li>\n<li>Seleccioneu <em>Totes les <em>cookies<\/em> i les dades de llocs<\/em>.<\/li>\n<li>Apareixer\u00e0 un llistat amb totes les <em>cookies<\/em> ordenades per domini. Perqu\u00e8 us sigui m\u00e9s f\u00e0cil trobar les <em>cookies<\/em> d&#039;un determinat domini introdu\u00efu parcialment o totalment l&#039;adre\u00e7a al camp <em>Buscar cookies<\/em>.<\/li>\n<li>Despr\u00e9s de realitzar aquest filtre apareixeran en pantalla una o diverses l\u00ednies amb les <em>cookies<\/em> de la web sol\u00b7licitada. Ara nom\u00e9s heu de seleccionar-la i pr\u00e9mer la <em>X<\/em> per procedir a eliminar-los.<\/li>\n<\/ol>\n<p>Per accedir a la configuraci\u00f3 de <em>cookies<\/em> del navegador <b>Internet Explorer<\/b> seguiu aquests passos (poden variar en funci\u00f3 de la versi\u00f3 del navegador):<\/p>\n<ol>\n<li>Aneu a <em>Eines<\/em>, <em>Opcions d&#039;Internet<\/em><\/li>\n<li>Feu clic a <em>Privadesa<\/em>.<\/li>\n<li>Moveu el bot\u00f3 lliscant fins a ajustar el nivell de privadesa que vulgueu.<\/li>\n<\/ol>\n<p>Per accedir a la configuraci\u00f3 de <em>cookies<\/em> del navegador <b>Firefox<\/b> seguiu aquests passos (poden variar en funci\u00f3 de la versi\u00f3 del navegador):<\/p>\n<ol>\n<li>Aneu a <em>Opcions<\/em> o <em>Prefer\u00e8ncies<\/em> segons el sistema operatiu.<\/li>\n<li>Feu clic a <em>Privadesa<\/em>.<\/li>\n<li>A <em>Historial<\/em> escolliu <em>Usar una configuraci\u00f3 personalitzada per a l&#039;historial<\/em>.<\/li>\n<li>Ara veureu l&#039;opci\u00f3 <em>Acceptar cookies<\/em>, podeu activar-la o desactivar-la segons les vostres prefer\u00e8ncies.<\/li>\n<\/ol>\n<p>Per accedir a la configuraci\u00f3 de <em>cookies<\/em> del navegador <b>Safari per a OSX<\/b> seguiu aquests passos (poden variar en funci\u00f3 de la versi\u00f3 del navegador):<\/p>\n<ol>\n<li>Aneu a <em>Prefer\u00e8ncies<\/em>, despr\u00e9s <em>Privadesa<\/em>.<\/li>\n<li>En aquest lloc veureu l&#039;opci\u00f3 <em>Bloquejar galetes<\/em> perqu\u00e8 ajusteu el tipus de bloqueig que voleu realitzar.<\/li>\n<\/ol>\n<p>Per accedir a la configuraci\u00f3 de <em>cookies<\/em> del navegador <b>Safari per a iOS<\/b> seguiu aquests passos (poden variar en funci\u00f3 de la versi\u00f3 del navegador):<\/p>\n<ol>\n<li>Aneu a <em>Ajustaments<\/em>, despr\u00e9s <em>Safari<\/em>.<\/li>\n<li>Aneu a <em>Privadesa i Seguretat<\/em>, veureu l&#039;opci\u00f3 <em>Bloquejar galetes<\/em> perqu\u00e8 ajusteu el tipus de bloqueig que voleu realitzar.<\/li>\n<\/ol>\n<p>Per accedir a la configuraci\u00f3 de <em>cookies<\/em> del navegador per a dispositius <b>Android<\/b> seguiu aquests passos (poden variar en funci\u00f3 de la versi\u00f3 del navegador):<\/p>\n<ol>\n<li>Executeu el navegador i premeu la tecla <em>Men\u00fa<\/em>, despr\u00e9s <em>Ajustaments<\/em>.<\/li>\n<li>Aneu a <em>Seguretat i Privadesa<\/em>, veureu l&#039;opci\u00f3 <em>Acceptar cookies<\/em> perqu\u00e8 activeu o desactiveu la casella.<\/li>\n<\/ol>\n<p>Per accedir a la configuraci\u00f3 de <em>cookies<\/em> del navegador per a dispositius <b>Windows Phone<\/b> seguiu aquests passos (poden variar en funci\u00f3 de la versi\u00f3 del navegador):<\/p>\n<ol>\n<li>Obriu <em>Internet Explorer<\/em>, despr\u00e9s <em>M\u00e9s<\/em>, despr\u00e9s <em>Configuraci\u00f3<\/em><\/li>\n<li>Ara podeu activar o desactivar la casella <em>Permetre cookies<\/em>.<\/li>\n<\/ol>","protected":false},"excerpt":{"rendered":"<p>\u00bfQu\u00e9 es una cookie? Una cookie es un fichero de texto inofensivo que se almacena en su navegador cuando visita [&hellip;]<\/p>\n","protected":false},"author":1,"featured_media":0,"parent":0,"menu_order":0,"comment_status":"closed","ping_status":"closed","template":"","meta":{"footnotes":""},"class_list":["post-9","page","type-page","status-publish","hentry"],"_links":{"self":[{"href":"https:\/\/www.leulit.com\/ca\/wp-json\/wp\/v2\/pages\/9","targetHints":{"allow":["GET"]}}],"collection":[{"href":"https:\/\/www.leulit.com\/ca\/wp-json\/wp\/v2\/pages"}],"about":[{"href":"https:\/\/www.leulit.com\/ca\/wp-json\/wp\/v2\/types\/page"}],"author":[{"embeddable":true,"href":"https:\/\/www.leulit.com\/ca\/wp-json\/wp\/v2\/users\/1"}],"replies":[{"embeddable":true,"href":"https:\/\/www.leulit.com\/ca\/wp-json\/wp\/v2\/comments?post=9"}],"version-history":[{"count":2,"href":"https:\/\/www.leulit.com\/ca\/wp-json\/wp\/v2\/pages\/9\/revisions"}],"predecessor-version":[{"id":1779,"href":"https:\/\/www.leulit.com\/ca\/wp-json\/wp\/v2\/pages\/9\/revisions\/1779"}],"wp:attachment":[{"href":"https:\/\/www.leulit.com\/ca\/wp-json\/wp\/v2\/media?parent=9"}],"curies":[{"name":"wp","href":"https:\/\/api.w.org\/{rel}","templated":true}]}}