{"id":1416,"date":"2019-09-04T11:40:40","date_gmt":"2019-09-04T11:40:40","guid":{"rendered":"https:\/\/www.leulit.com\/?page_id=1416"},"modified":"2022-02-08T10:09:10","modified_gmt":"2022-02-08T10:09:10","slug":"odoo-openerp","status":"publish","type":"page","link":"https:\/\/www.leulit.com\/en\/servicios\/odoo-openerp\/","title":{"rendered":"Odoo \u2013 OpenERP"},"content":{"rendered":"<figure class=\"wp-block-image size-large\"><img loading=\"lazy\" decoding=\"async\" width=\"1024\" height=\"119\" src=\"https:\/\/www.leulit.com\/wp-content\/uploads\/2022\/01\/Logo-digitalizadores-1024x119.png\" alt=\"\" class=\"wp-image-3094\" srcset=\"https:\/\/www.leulit.com\/wp-content\/uploads\/2022\/01\/Logo-digitalizadores-1024x119.png 1024w, https:\/\/www.leulit.com\/wp-content\/uploads\/2022\/01\/Logo-digitalizadores-300x35.png 300w, https:\/\/www.leulit.com\/wp-content\/uploads\/2022\/01\/Logo-digitalizadores-768x89.png 768w, https:\/\/www.leulit.com\/wp-content\/uploads\/2022\/01\/Logo-digitalizadores-1536x178.png 1536w, https:\/\/www.leulit.com\/wp-content\/uploads\/2022\/01\/Logo-digitalizadores-2048x238.png 2048w\" sizes=\"auto, (max-width: 1024px) 100vw, 1024px\" \/><\/figure>\n\n\n\n<figure class=\"wp-block-image size-large\"><img loading=\"lazy\" decoding=\"async\" width=\"1000\" height=\"398\" src=\"https:\/\/www.leulit.com\/wp-content\/uploads\/2019\/09\/odoo.png\" alt=\"odoo erp\" class=\"wp-image-1417\" srcset=\"https:\/\/www.leulit.com\/wp-content\/uploads\/2019\/09\/odoo.png 1000w, https:\/\/www.leulit.com\/wp-content\/uploads\/2019\/09\/odoo-300x119.png 300w, https:\/\/www.leulit.com\/wp-content\/uploads\/2019\/09\/odoo-768x306.png 768w\" sizes=\"auto, (max-width: 1000px) 100vw, 1000px\" \/><\/figure>\n\n\n\n<h1 class=\"wp-block-heading\" id=\"odoo-openerp\">Odoo \u2013 OpenERP<\/h1>\n\n\n\n<h4 class=\"wp-block-heading\" id=\"sitio-web-y-presencia-en-internet-comercio-electronico-gestion-de-clientes-business-intelligence-y-analitica-gestion-de-procesos\"><br><\/h4>\n\n\n\n<h4 class=\"wp-block-heading\" id=\"categorias-de-soluciones-de-digitalizacion\">Digitization Solutions Categories: <\/h4>\n\n\n\n<h5 class=\"wp-block-heading\" id=\"sitio-web-y-presencia-en-internet-comercio-electronico-gestion-de-clientes-business-intelligence-y-analitica-gestion-de-procesos\">Website and internet presence.<br>Electronic commerce.<br>Customer Management.<br>Business Intelligence and Analytics. <br>Process management.<\/h5>\n\n\n\n<div style=\"height:25px\" aria-hidden=\"true\" class=\"wp-block-spacer\"><\/div>\n\n\n\n<p>At Leulit we offer complete Odoo \u2013 OpenERP maintenance and support, we implement and customize Odoo so that it adapts to the needs of the company. We offer a solution that <strong>It allows you to control all areas of your company in the same software.<\/strong><\/p>\n\n\n\n<div class=\"wp-block-columns has-2-columns is-layout-flex wp-container-core-columns-is-layout-9d6595d7 wp-block-columns-is-layout-flex\">\n<div class=\"wp-block-column is-layout-flow wp-block-column-is-layout-flow\">\n<ul class=\"wp-block-list\"><li>Sales<\/li><li>Billing<\/li><li>Shopping<\/li><li>Accounting<\/li><li>CRM<\/li><li>Production<\/li><\/ul>\n<\/div>\n\n\n\n<div class=\"wp-block-column is-layout-flow wp-block-column-is-layout-flow\">\n<ul class=\"wp-block-list\"><li>Projects<\/li><li>Store<\/li><li>Marketing<\/li><li>Human Resources<\/li><li>Web<\/li><li>eCommerce<\/li><\/ul>\n<\/div>\n<\/div>\n\n\n\n<h2 class=\"wp-block-heading\" id=\"que-es-odoo\">What is Odoo?<\/h2>\n\n\n\n<p>Odoo is a complete&nbsp;<strong>business management system (ERP)<\/strong> which allows you to control all areas of your company, regardless of its size and sector.<\/p>\n\n\n\n<p>Simplify the management of your business with a<strong>&nbsp;simple and intuitive interface<\/strong>&nbsp;which allows you to be aware of all processes, improve productivity and reduce costs. Access information in real time from anywhere with this cloud management software.<\/p>\n\n\n\n<p>An open source business management system (ERP) and&nbsp;<strong>no license cost<\/strong>&nbsp;that covers the needs of the areas of: Accounting and Finance, Sales, HR, Purchasing, Projects, Warehouses (SGA), CRM and Manufacturing among others.<\/p>\n\n\n\n<p>The most powerful business management tool,&nbsp;<strong>now at your fingertips<\/strong>.<\/p>\n\n\n\n<h2 class=\"wp-block-heading\" id=\"como-podemos-ayudar-a-tu-empresa\">How can we help your company?<\/h2>\n\n\n\n<p>At Leulit we take care of maintenance and development in Odoo \u2013 OpenERP in versions 7 and 8. If your company uses this version of ERP, Leulit will maintain its services without having to face a costly migration to the current versions.<\/p>\n\n\n\n<h2 class=\"wp-block-heading\" id=\"como-podemos-ayudar-a-tu-empresa\">Price<\/h2>\n\n\n\n<p>From \u20ac1,000<\/p>\n\n\n\n<p>Contact us and we will be happy to help your company.<\/p>\n\n\n\n<div class=\"wp-block-button is-style-outline is-style-outline--1\"><a class=\"wp-block-button__link\" href=\"https:\/\/www.leulit.com\/en\/contact\/\">More information<\/a><\/div>\n\n\n\n<hr class=\"wp-block-separator\"\/>\n\n\n\n<figure class=\"wp-block-image size-large is-resized\"><a href=\"https:\/\/odoo-community.org\/\"><img loading=\"lazy\" decoding=\"async\" src=\"https:\/\/www.leulit.com\/wp-content\/uploads\/2020\/06\/oca-e1591779175499.png\" alt=\"goose\" class=\"wp-image-2401\" width=\"150\" height=\"80\"\/><\/a><\/figure>","protected":false},"excerpt":{"rendered":"<p>Odoo &#8211; OpenERP Categor\u00edas de Soluciones de Digitalizaci\u00f3n: Sitio Web y presencia en internet.Comercio electr\u00f3nico.Gesti\u00f3n de clientes.Business Intelligence y Anal\u00edtica. [&hellip;]<\/p>\n","protected":false},"author":1,"featured_media":1417,"parent":249,"menu_order":0,"comment_status":"closed","ping_status":"closed","template":"","meta":{"footnotes":""},"class_list":["post-1416","page","type-page","status-publish","has-post-thumbnail","hentry"],"_links":{"self":[{"href":"https:\/\/www.leulit.com\/en\/wp-json\/wp\/v2\/pages\/1416","targetHints":{"allow":["GET"]}}],"collection":[{"href":"https:\/\/www.leulit.com\/en\/wp-json\/wp\/v2\/pages"}],"about":[{"href":"https:\/\/www.leulit.com\/en\/wp-json\/wp\/v2\/types\/page"}],"author":[{"embeddable":true,"href":"https:\/\/www.leulit.com\/en\/wp-json\/wp\/v2\/users\/1"}],"replies":[{"embeddable":true,"href":"https:\/\/www.leulit.com\/en\/wp-json\/wp\/v2\/comments?post=1416"}],"version-history":[{"count":15,"href":"https:\/\/www.leulit.com\/en\/wp-json\/wp\/v2\/pages\/1416\/revisions"}],"predecessor-version":[{"id":3159,"href":"https:\/\/www.leulit.com\/en\/wp-json\/wp\/v2\/pages\/1416\/revisions\/3159"}],"up":[{"embeddable":true,"href":"https:\/\/www.leulit.com\/en\/wp-json\/wp\/v2\/pages\/249"}],"wp:featuredmedia":[{"embeddable":true,"href":"https:\/\/www.leulit.com\/en\/wp-json\/wp\/v2\/media\/1417"}],"wp:attachment":[{"href":"https:\/\/www.leulit.com\/en\/wp-json\/wp\/v2\/media?parent=1416"}],"curies":[{"name":"wp","href":"https:\/\/api.w.org\/{rel}","templated":true}]}}