{"id":1442,"date":"2019-09-04T11:41:45","date_gmt":"2019-09-04T11:41:45","guid":{"rendered":"https:\/\/www.leulit.com\/?page_id=1442"},"modified":"2022-02-08T10:10:36","modified_gmt":"2022-02-08T10:10:36","slug":"online-store","status":"publish","type":"page","link":"https:\/\/www.leulit.com\/en\/servicios\/tienda-online\/","title":{"rendered":"Online store"},"content":{"rendered":"<figure class=\"wp-block-image size-large\"><img loading=\"lazy\" decoding=\"async\" width=\"1024\" height=\"119\" src=\"https:\/\/www.leulit.com\/wp-content\/uploads\/2022\/01\/Logo-digitalizadores-1024x119.png\" alt=\"\" class=\"wp-image-3094\" srcset=\"https:\/\/www.leulit.com\/wp-content\/uploads\/2022\/01\/Logo-digitalizadores-1024x119.png 1024w, https:\/\/www.leulit.com\/wp-content\/uploads\/2022\/01\/Logo-digitalizadores-300x35.png 300w, https:\/\/www.leulit.com\/wp-content\/uploads\/2022\/01\/Logo-digitalizadores-768x89.png 768w, https:\/\/www.leulit.com\/wp-content\/uploads\/2022\/01\/Logo-digitalizadores-1536x178.png 1536w, https:\/\/www.leulit.com\/wp-content\/uploads\/2022\/01\/Logo-digitalizadores-2048x238.png 2048w\" sizes=\"auto, (max-width: 1024px) 100vw, 1024px\" \/><\/figure>\n\n\n\n<figure class=\"wp-block-image size-large\"><img loading=\"lazy\" decoding=\"async\" width=\"1000\" height=\"398\" src=\"https:\/\/www.leulit.com\/wp-content\/uploads\/2019\/09\/woocommerce.png\" alt=\"woocommerce online store\" class=\"wp-image-1443\" srcset=\"https:\/\/www.leulit.com\/wp-content\/uploads\/2019\/09\/woocommerce.png 1000w, https:\/\/www.leulit.com\/wp-content\/uploads\/2019\/09\/woocommerce-300x119.png 300w, https:\/\/www.leulit.com\/wp-content\/uploads\/2019\/09\/woocommerce-768x306.png 768w\" sizes=\"auto, (max-width: 1000px) 100vw, 1000px\" \/><\/figure>\n\n\n\n<h1 class=\"wp-block-heading\" id=\"tienda-online\">Online store<\/h1>\n\n\n\n<h4 class=\"wp-block-heading\" id=\"categorias-de-soluciones-de-digitalizacion\">Digitization Solutions Categories<\/h4>\n\n\n\n<h5 class=\"wp-block-heading\" id=\"sitio-web-y-presencia-en-internetcomercio-electronicogestion-de-redes-socialesfactura-electronica\">Website and internet presence<br>e-commerce<br>Social media management<br>Electronic bill<\/h5>\n\n\n\n<div style=\"height:25px\" aria-hidden=\"true\" class=\"wp-block-spacer\"><\/div>\n\n\n\n<p>One of the best decisions you can make is to boost your business by selling online. You can sell your products 24 hours a day with your customized online store. <\/p>\n\n\n\n<p>We create your online store through WordPress (WooCommerce) adapting to all types of projects and needs.<\/p>\n\n\n\n<p><strong>WooCommerce<\/strong>&nbsp;It is one of the most used platforms today for the development of online stores, with professional functions to manage products, orders, sales and customers.<\/p>\n\n\n\n<h2 class=\"wp-block-heading\" id=\"que-haremos\">What will we do?<\/h2>\n\n\n\n<ul class=\"wp-block-list\"><li>Create one<span style=\"font-size: inherit;\"> online store that you can manage yourself.<\/span><\/li><li>Responsive online store.<\/li><li>Management of legal texts (Cookie Policy, SSL security protection...)<\/li><li>Google integration (Google Analytics, Google Maps)<\/li><li>Organic web positioning (SEO) in Google, Bing and Yahoo.<\/li><\/ul>\n\n\n\n<h2 class=\"wp-block-heading\" id=\"que-vamos-a-utilitzar-para-crear-tu-tienda-online\">What are we going to use to create your online store?<\/h2>\n\n\n\n<p>To create it we will use a content management system (<a href=\"https:\/\/es.wikipedia.org\/wiki\/Sistema_de_gesti%C3%B3n_de_contenidos\">CMS<\/a>).<\/p>\n\n\n\n<h3 class=\"wp-block-heading\" id=\"wordpress-woocommerce\">WordPress (WooCommerce)<\/h3>\n\n\n\n<p><a href=\"https:\/\/wordpress.org\/\">WordPress<\/a> is a content management system focused on the creation of any type of website. It originally achieved great popularity as one of the main tools for creating business websites.<\/p>\n\n\n\n<p><a href=\"https:\/\/woocommerce.com\/\">WooCommerce<\/a> It is designed for small and large online merchants with WordPress. <\/p>\n\n\n\n<p>Since its release, it has not stopped growing and gaining followers who use it to create their virtual businesses, and today it has more than 3 million active installations.<\/p>\n\n\n\n<p>In other words,&nbsp;<strong>around 30% of online stores around the world are made with WooCommerce<\/strong>.<\/p>\n\n\n\n<h3 class=\"wp-block-heading\" id=\"precio\">Price<\/h3>\n\n\n\n<p>From \u20ac500<\/p>\n\n\n\n<div class=\"wp-block-button aligncenter is-style-outline is-style-outline--1\"><a class=\"wp-block-button__link\" href=\"https:\/\/www.leulit.com\/en\/contact\/\">More information<\/a><\/div>","protected":false},"excerpt":{"rendered":"<p>Tienda online Categor\u00edas de Soluciones de Digitalizaci\u00f3n Sitio Web y presencia en internetComercio electr\u00f3nicoGesti\u00f3n de redes socialesFactura electr\u00f3nica Una de [&hellip;]<\/p>\n","protected":false},"author":1,"featured_media":1443,"parent":249,"menu_order":0,"comment_status":"closed","ping_status":"closed","template":"","meta":{"footnotes":""},"class_list":["post-1442","page","type-page","status-publish","has-post-thumbnail","hentry"],"_links":{"self":[{"href":"https:\/\/www.leulit.com\/en\/wp-json\/wp\/v2\/pages\/1442","targetHints":{"allow":["GET"]}}],"collection":[{"href":"https:\/\/www.leulit.com\/en\/wp-json\/wp\/v2\/pages"}],"about":[{"href":"https:\/\/www.leulit.com\/en\/wp-json\/wp\/v2\/types\/page"}],"author":[{"embeddable":true,"href":"https:\/\/www.leulit.com\/en\/wp-json\/wp\/v2\/users\/1"}],"replies":[{"embeddable":true,"href":"https:\/\/www.leulit.com\/en\/wp-json\/wp\/v2\/comments?post=1442"}],"version-history":[{"count":20,"href":"https:\/\/www.leulit.com\/en\/wp-json\/wp\/v2\/pages\/1442\/revisions"}],"predecessor-version":[{"id":3161,"href":"https:\/\/www.leulit.com\/en\/wp-json\/wp\/v2\/pages\/1442\/revisions\/3161"}],"up":[{"embeddable":true,"href":"https:\/\/www.leulit.com\/en\/wp-json\/wp\/v2\/pages\/249"}],"wp:featuredmedia":[{"embeddable":true,"href":"https:\/\/www.leulit.com\/en\/wp-json\/wp\/v2\/media\/1443"}],"wp:attachment":[{"href":"https:\/\/www.leulit.com\/en\/wp-json\/wp\/v2\/media?parent=1442"}],"curies":[{"name":"wp","href":"https:\/\/api.w.org\/{rel}","templated":true}]}}