{"id":209,"date":"2017-06-07T11:16:43","date_gmt":"2017-06-07T11:16:43","guid":{"rendered":"http:\/\/www.leulit.com\/?page_id=209"},"modified":"2022-02-08T10:11:39","modified_gmt":"2022-02-08T10:11:39","slug":"wordpress-web-design-barcelona","status":"publish","type":"page","link":"https:\/\/www.leulit.com\/en\/servicios\/diseno-web-wordpress-barcelona\/","title":{"rendered":"Web Design \u2013 WordPress"},"content":{"rendered":"<div id=\"pl-209\"  class=\"panel-layout\" ><div id=\"pg-209-0\"  class=\"panel-grid panel-no-style\" ><div id=\"pgc-209-0-0\"  class=\"panel-grid-cell\" ><div id=\"panel-209-0-0-0\" class=\"so-panel widget widget_sow-image panel-first-child\" data-index=\"0\" ><div\n\t\t\t\n\t\t\tclass=\"so-widget-sow-image so-widget-sow-image-default-8b5b6f678277-209\"\n\t\t\t\n\t\t>\n<div class=\"sow-image-container\">\n\t\t<img \n\tsrc=\"https:\/\/www.leulit.com\/wp-content\/uploads\/2022\/01\/Logo-digitalizadores.png\" width=\"3000\" height=\"348\" srcset=\"https:\/\/www.leulit.com\/wp-content\/uploads\/2022\/01\/Logo-digitalizadores.png 3000w, https:\/\/www.leulit.com\/wp-content\/uploads\/2022\/01\/Logo-digitalizadores-300x35.png 300w, https:\/\/www.leulit.com\/wp-content\/uploads\/2022\/01\/Logo-digitalizadores-1024x119.png 1024w, https:\/\/www.leulit.com\/wp-content\/uploads\/2022\/01\/Logo-digitalizadores-768x89.png 768w, https:\/\/www.leulit.com\/wp-content\/uploads\/2022\/01\/Logo-digitalizadores-1536x178.png 1536w, https:\/\/www.leulit.com\/wp-content\/uploads\/2022\/01\/Logo-digitalizadores-2048x238.png 2048w\" sizes=\"(max-width: 3000px) 100vw, 3000px\" alt=\"\" \t\tclass=\"so-widget-image\"\/>\n\t<\/div>\n\n<\/div><\/div><div id=\"panel-209-0-0-1\" class=\"so-panel widget widget_sow-image panel-last-child\" data-index=\"1\" ><div\n\t\t\t\n\t\t\tclass=\"so-widget-sow-image so-widget-sow-image-default-8b5b6f678277-209\"\n\t\t\t\n\t\t>\n<div class=\"sow-image-container\">\n\t\t<img \n\tsrc=\"https:\/\/www.leulit.com\/wp-content\/uploads\/2019\/12\/diseno-web.gif\" width=\"786\" height=\"313\" sizes=\"(max-width: 786px) 100vw, 786px\" title=\"Web design\" alt=\"Web design\" \t\tclass=\"so-widget-image\"\/>\n\t<\/div>\n\n<\/div><\/div><\/div><\/div><div id=\"pg-209-1\"  class=\"panel-grid panel-no-style\" ><div id=\"pgc-209-1-0\"  class=\"panel-grid-cell\" ><div id=\"panel-209-1-0-0\" class=\"so-panel widget widget_sow-editor panel-first-child panel-last-child\" data-index=\"2\" ><div\n\t\t\t\n\t\t\tclass=\"so-widget-sow-editor so-widget-sow-editor-base\"\n\t\t\t\n\t\t>\n<div class=\"siteorigin-widget-tinymce textwidget\">\n\t<h1>WordPress web design in Barcelona<\/h1>\n<h4>Digitization Solutions Categories<\/h4>\n<h5>Website and internet presence<br \/>\ne-commerce<br \/>\nSocial media management<br \/>\nElectronic bill<\/h5>\n<h5>\n&nbsp;<\/h5>\n<\/div>\n<\/div><\/div><\/div><\/div><div id=\"pg-209-2\"  class=\"panel-grid panel-no-style\" ><div id=\"pgc-209-2-0\"  class=\"panel-grid-cell\" ><div id=\"panel-209-2-0-0\" class=\"so-panel widget widget_sow-editor panel-first-child panel-last-child\" data-index=\"3\" ><div\n\t\t\t\n\t\t\tclass=\"so-widget-sow-editor so-widget-sow-editor-base\"\n\t\t\t\n\t\t>\n<div class=\"siteorigin-widget-tinymce textwidget\">\n\t<p>When designing web pages in WordPress, it is truly important that all the elements that make it up are consistent with each other and that they provide usefulness and functionality to the whole.<\/p>\n<p>We offer the necessary tools so that there is interactivity or interconnection between the company, brand or product and the client or user, it is about facilitating communications between them.<\/p>\n<p class=\"p2\">Getting a good, creative, clear and effective web design is key to your company&#039;s online presence.<\/p>\n<p class=\"p3\"><i>A good image is the secret of success.<\/i><\/p>\n<p>- Responsive Web<br \/>\n- Information architecture<br \/>\n- UI\/UX<br \/>\n- Positioning or SEO<br \/>\n-Analytics<br \/>\n- Hosting<\/p>\n<p><img loading=\"lazy\" decoding=\"async\" class=\"wp-image-947 size-full alignleft\" src=\"http:\/\/www.leulit.com\/wp-content\/uploads\/2017\/06\/wordpress-logo1.png\" alt=\"\" width=\"153\" height=\"40\" srcset=\"https:\/\/www.leulit.com\/wp-content\/uploads\/2017\/06\/wordpress-logo1.png 153w, https:\/\/www.leulit.com\/wp-content\/uploads\/2017\/06\/wordpress-logo1-150x40.png 150w\" sizes=\"auto, (max-width: 153px) 100vw, 153px\" \/><\/p>\n<\/div>\n<\/div><\/div><\/div><div id=\"pgc-209-2-1\"  class=\"panel-grid-cell\" ><div id=\"panel-209-2-1-0\" class=\"so-panel widget widget_sow-editor panel-first-child panel-last-child\" data-index=\"4\" ><div\n\t\t\t\n\t\t\tclass=\"so-widget-sow-editor so-widget-sow-editor-base\"\n\t\t\t\n\t\t>\n<div class=\"siteorigin-widget-tinymce textwidget\">\n\t<h4>Company website<\/h4>\n<p>Your company&#039;s website is like your personal image, it should reflect the essential values of your brand. It is essential to appear with a good online presence.<\/p>\n<h4>Landing page<\/h4>\n<p>We design a modern and effective landing page to attract customers to your website for a specific promotion, service or product.<\/p>\n<h4>Online stores or E-commerce<\/h4>\n<p>Having a well-designed, clear and visually pleasing online store is essential to captivate potential customers.<\/p>\n<h4>Newsletter<\/h4>\n<p>We design and prepare newsletters to attract your customers to your website or landing page. Take advantage of the advantages it has!<\/p>\n<h4>SEO<\/h4>\n<p>Obtaining better organic visibility on Google is one of the greatest objectives of any company that values its presence on the Internet. We help you achieve it.<\/p>\n<h4>Blog<\/h4>\n<p>Blogging is in fashion. Stand out from the rest with an exclusive and attractive blog design.<\/p>\n<\/div>\n<\/div><\/div><\/div><\/div><div id=\"pg-209-3\"  class=\"panel-grid panel-no-style\" ><div id=\"pgc-209-3-0\"  class=\"panel-grid-cell\" ><div id=\"panel-209-3-0-0\" class=\"so-panel widget widget_sow-editor panel-first-child panel-last-child\" data-index=\"5\" ><div\n\t\t\t\n\t\t\tclass=\"so-widget-sow-editor so-widget-sow-editor-base\"\n\t\t\t\n\t\t>\n<div class=\"siteorigin-widget-tinymce textwidget\">\n\t<h4>Price<\/h4>\n<p>From \u20ac500<\/p>\n<hr \/>\n<p>&nbsp;<\/p>\n<\/div>\n<\/div><\/div><\/div><\/div><div id=\"pg-209-4\"  class=\"panel-grid panel-no-style\" ><div id=\"pgc-209-4-0\"  class=\"panel-grid-cell\" ><div id=\"panel-209-4-0-0\" class=\"so-panel widget widget_sow-image panel-first-child\" data-index=\"6\" ><div\n\t\t\t\n\t\t\tclass=\"so-widget-sow-image so-widget-sow-image-default-8b5b6f678277-209\"\n\t\t\t\n\t\t>\n<div class=\"sow-image-container\">\n\t\t\t<a href=\"https:\/\/www.leulit.com\/en\/servicios\/diseno-web-wordpress-barcelona\/diseno-web-seguros-aviacion\/\"\n\t\t\t\t\t>\n\t\t\t<img \n\tsrc=\"https:\/\/www.leulit.com\/wp-content\/uploads\/2017\/06\/pantallas-seguros.png\" width=\"1000\" height=\"611\" srcset=\"https:\/\/www.leulit.com\/wp-content\/uploads\/2017\/06\/pantallas-seguros.png 1000w, https:\/\/www.leulit.com\/wp-content\/uploads\/2017\/06\/pantallas-seguros-600x367.png 600w, https:\/\/www.leulit.com\/wp-content\/uploads\/2017\/06\/pantallas-seguros-300x183.png 300w, https:\/\/www.leulit.com\/wp-content\/uploads\/2017\/06\/pantallas-seguros-768x469.png 768w\" sizes=\"(max-width: 1000px) 100vw, 1000px\" title=\"Web design - Aviation Insurance\" alt=\"Web design - Aviation Insurance\" \t\tclass=\"so-widget-image\"\/>\n\t\t\t<\/a><\/div>\n\n<\/div><\/div><div id=\"panel-209-4-0-1\" class=\"so-panel widget widget_sow-editor panel-last-child\" data-index=\"7\" ><div class=\"explicacion panel-widget-style panel-widget-style-for-209-4-0-1\" ><div\n\t\t\t\n\t\t\tclass=\"so-widget-sow-editor so-widget-sow-editor-base\"\n\t\t\t\n\t\t>\n<div class=\"siteorigin-widget-tinymce textwidget\">\n\t<h4 style=\"text-align: center;\">Aviation Insurance<\/h4>\n<p style=\"text-align: center;\"><a href=\"http:\/\/segurosaviacion.es\" target=\"_blank\" rel=\"noopener\">www.segurosaviacion.es<\/a><\/p>\n<\/div>\n<\/div><\/div><\/div><\/div><div id=\"pgc-209-4-1\"  class=\"panel-grid-cell\" ><div id=\"panel-209-4-1-0\" class=\"so-panel widget widget_sow-image panel-first-child\" data-index=\"8\" ><div\n\t\t\t\n\t\t\tclass=\"so-widget-sow-image so-widget-sow-image-default-8b5b6f678277-209\"\n\t\t\t\n\t\t>\n<div class=\"sow-image-container\">\n\t\t\t<a href=\"https:\/\/www.leulit.com\/en\/servicios\/diseno-web-wordpress-barcelona\/diseno-web-barcelona-helicopters\/\"\n\t\t\t\t\t>\n\t\t\t<img \n\tsrc=\"https:\/\/www.leulit.com\/wp-content\/uploads\/2017\/06\/pantallas-barceloa-helicopters.png\" width=\"1000\" height=\"611\" srcset=\"https:\/\/www.leulit.com\/wp-content\/uploads\/2017\/06\/pantallas-barceloa-helicopters.png 1000w, https:\/\/www.leulit.com\/wp-content\/uploads\/2017\/06\/pantallas-barceloa-helicopters-600x367.png 600w, https:\/\/www.leulit.com\/wp-content\/uploads\/2017\/06\/pantallas-barceloa-helicopters-300x183.png 300w, https:\/\/www.leulit.com\/wp-content\/uploads\/2017\/06\/pantallas-barceloa-helicopters-768x469.png 768w\" sizes=\"(max-width: 1000px) 100vw, 1000px\" title=\"Web design - Barcelona Helicopters\" alt=\"Web design - Barcelona Helicopters\" \t\tclass=\"so-widget-image\"\/>\n\t\t\t<\/a><\/div>\n\n<\/div><\/div><div id=\"panel-209-4-1-1\" class=\"so-panel widget widget_sow-editor panel-last-child\" data-index=\"9\" ><div class=\"explicacion panel-widget-style panel-widget-style-for-209-4-1-1\" ><div\n\t\t\t\n\t\t\tclass=\"so-widget-sow-editor so-widget-sow-editor-base\"\n\t\t\t\n\t\t>\n<div class=\"siteorigin-widget-tinymce textwidget\">\n\t<h4 style=\"text-align: center;\">Barcelona Helicopters<\/h4>\n<p style=\"text-align: center;\"><a href=\"http:\/\/www.barcelonahelicopters.com\" target=\"_blank\" rel=\"noopener\">www.barcelonahelicopters.com<\/a><\/p>\n<\/div>\n<\/div><\/div><\/div><\/div><div id=\"pgc-209-4-2\"  class=\"panel-grid-cell\" ><div id=\"panel-209-4-2-0\" class=\"so-panel widget widget_sow-image panel-first-child\" data-index=\"10\" ><div\n\t\t\t\n\t\t\tclass=\"so-widget-sow-image so-widget-sow-image-default-8b5b6f678277-209\"\n\t\t\t\n\t\t>\n<div class=\"sow-image-container\">\n\t\t\t<a href=\"https:\/\/www.leulit.com\/en\/servicios\/diseno-web-wordpress-barcelona\/diseno-web-icarus-manteniment\/\"\n\t\t\t\t\t>\n\t\t\t<img \n\tsrc=\"https:\/\/www.leulit.com\/wp-content\/uploads\/2017\/06\/pantallas-icarus.png\" width=\"1000\" height=\"611\" srcset=\"https:\/\/www.leulit.com\/wp-content\/uploads\/2017\/06\/pantallas-icarus.png 1000w, https:\/\/www.leulit.com\/wp-content\/uploads\/2017\/06\/pantallas-icarus-600x367.png 600w, https:\/\/www.leulit.com\/wp-content\/uploads\/2017\/06\/pantallas-icarus-300x183.png 300w, https:\/\/www.leulit.com\/wp-content\/uploads\/2017\/06\/pantallas-icarus-768x469.png 768w\" sizes=\"(max-width: 1000px) 100vw, 1000px\" title=\"Web design - Icarus Manteniment\" alt=\"Web design - Icarus Manteniment\" \t\tclass=\"so-widget-image\"\/>\n\t\t\t<\/a><\/div>\n\n<\/div><\/div><div id=\"panel-209-4-2-1\" class=\"so-panel widget widget_sow-editor panel-last-child\" data-index=\"11\" ><div class=\"explicacion panel-widget-style panel-widget-style-for-209-4-2-1\" ><div\n\t\t\t\n\t\t\tclass=\"so-widget-sow-editor so-widget-sow-editor-base\"\n\t\t\t\n\t\t>\n<div class=\"siteorigin-widget-tinymce textwidget\">\n\t<h4 style=\"text-align: center;\">Icarus Maintenance<\/h4>\n<p style=\"text-align: center;\"><a href=\"http:\/\/icarus-manteniment.com\" target=\"_blank\" rel=\"noopener\">www.icarus-manteniment.com<\/a><\/p>\n<\/div>\n<\/div><\/div><\/div><\/div><\/div><div id=\"pg-209-5\"  class=\"panel-grid panel-no-style\" ><div id=\"pgc-209-5-0\"  class=\"panel-grid-cell\" ><div id=\"panel-209-5-0-0\" class=\"so-panel widget widget_sow-image panel-first-child\" data-index=\"12\" ><div\n\t\t\t\n\t\t\tclass=\"so-widget-sow-image so-widget-sow-image-default-8b5b6f678277-209\"\n\t\t\t\n\t\t>\n<div class=\"sow-image-container\">\n\t\t\t<a href=\"https:\/\/www.leulit.com\/en\/servicios\/diseno-web-wordpress-barcelona\/diseno-web-residencia-matacas\/\"\n\t\t\t\t\t>\n\t\t\t<img \n\tsrc=\"https:\/\/www.leulit.com\/wp-content\/uploads\/2017\/06\/pantallas-residencia-1-1.png\" width=\"1024\" height=\"626\" srcset=\"https:\/\/www.leulit.com\/wp-content\/uploads\/2017\/06\/pantallas-residencia-1-1.png 1024w, https:\/\/www.leulit.com\/wp-content\/uploads\/2017\/06\/pantallas-residencia-1-1-600x367.png 600w, https:\/\/www.leulit.com\/wp-content\/uploads\/2017\/06\/pantallas-residencia-1-1-300x183.png 300w, https:\/\/www.leulit.com\/wp-content\/uploads\/2017\/06\/pantallas-residencia-1-1-768x469.png 768w\" sizes=\"(max-width: 1024px) 100vw, 1024px\" title=\"Web design - Matacas Residence\" alt=\"Web design - Matacas Residence\" \t\tclass=\"so-widget-image\"\/>\n\t\t\t<\/a><\/div>\n\n<\/div><\/div><div id=\"panel-209-5-0-1\" class=\"so-panel widget widget_sow-editor panel-last-child\" data-index=\"13\" ><div class=\"explicacion panel-widget-style panel-widget-style-for-209-5-0-1\" ><div\n\t\t\t\n\t\t\tclass=\"so-widget-sow-editor so-widget-sow-editor-base\"\n\t\t\t\n\t\t>\n<div class=\"siteorigin-widget-tinymce textwidget\">\n\t<h4 style=\"text-align: center;\">Matacas Residence<\/h4>\n<p style=\"text-align: center;\"><a href=\"http:\/\/www.residenciamatacas.com\">www.residencematacas.com<\/a><\/p>\n<\/div>\n<\/div><\/div><\/div><\/div><div id=\"pgc-209-5-1\"  class=\"panel-grid-cell\" ><div id=\"panel-209-5-1-0\" class=\"so-panel widget widget_sow-image panel-first-child\" data-index=\"14\" ><div\n\t\t\t\n\t\t\tclass=\"so-widget-sow-image so-widget-sow-image-default-8b5b6f678277-209\"\n\t\t\t\n\t\t>\n<div class=\"sow-image-container\">\n\t\t\t<a href=\"https:\/\/www.leulit.com\/en\/servicios\/diseno-web-wordpress-barcelona\/diseno-web-helipistas-helicopters\/\"\n\t\t\t\t\t>\n\t\t\t<img \n\tsrc=\"https:\/\/www.leulit.com\/wp-content\/uploads\/2017\/06\/pantallas-helipistas.png\" width=\"1000\" height=\"611\" srcset=\"https:\/\/www.leulit.com\/wp-content\/uploads\/2017\/06\/pantallas-helipistas.png 1000w, https:\/\/www.leulit.com\/wp-content\/uploads\/2017\/06\/pantallas-helipistas-600x367.png 600w, https:\/\/www.leulit.com\/wp-content\/uploads\/2017\/06\/pantallas-helipistas-300x183.png 300w, https:\/\/www.leulit.com\/wp-content\/uploads\/2017\/06\/pantallas-helipistas-768x469.png 768w\" sizes=\"(max-width: 1000px) 100vw, 1000px\" title=\"Web design - Helipistas Helicopters\" alt=\"Web design - Helipistas Helicopters\" \t\tclass=\"so-widget-image\"\/>\n\t\t\t<\/a><\/div>\n\n<\/div><\/div><div id=\"panel-209-5-1-1\" class=\"so-panel widget widget_sow-editor panel-last-child\" data-index=\"15\" ><div class=\"explicacion panel-widget-style panel-widget-style-for-209-5-1-1\" ><div\n\t\t\t\n\t\t\tclass=\"so-widget-sow-editor so-widget-sow-editor-base\"\n\t\t\t\n\t\t>\n<div class=\"siteorigin-widget-tinymce textwidget\">\n\t<h4 style=\"text-align: center;\">Helicopters Helicopters<\/h4>\n<p style=\"text-align: center;\"><a href=\"http:\/\/www.helipistas.com\" target=\"_blank\" rel=\"noopener\">www.helipistas.com<\/a><\/p>\n<\/div>\n<\/div><\/div><\/div><\/div><div id=\"pgc-209-5-2\"  class=\"panel-grid-cell\" ><div id=\"panel-209-5-2-0\" class=\"so-panel widget widget_sow-image panel-first-child\" data-index=\"16\" ><div\n\t\t\t\n\t\t\tclass=\"so-widget-sow-image so-widget-sow-image-default-8b5b6f678277-209\"\n\t\t\t\n\t\t>\n<div class=\"sow-image-container\">\n\t\t\t<a href=\"https:\/\/www.leulit.com\/en\/servicios\/diseno-web-wordpress-barcelona\/diseno-web-escuela-pilotos-helicoptero\/\"\n\t\t\t\t\t>\n\t\t\t<img \n\tsrc=\"https:\/\/www.leulit.com\/wp-content\/uploads\/2017\/06\/pantallas-helipistas-escuela.png\" width=\"1000\" height=\"611\" srcset=\"https:\/\/www.leulit.com\/wp-content\/uploads\/2017\/06\/pantallas-helipistas-escuela.png 1000w, https:\/\/www.leulit.com\/wp-content\/uploads\/2017\/06\/pantallas-helipistas-escuela-600x367.png 600w, https:\/\/www.leulit.com\/wp-content\/uploads\/2017\/06\/pantallas-helipistas-escuela-300x183.png 300w, https:\/\/www.leulit.com\/wp-content\/uploads\/2017\/06\/pantallas-helipistas-escuela-768x469.png 768w\" sizes=\"(max-width: 1000px) 100vw, 1000px\" title=\"Web design - Helicopter Pilot School\" alt=\"Web design - Helicopter Pilot School\" \t\tclass=\"so-widget-image\"\/>\n\t\t\t<\/a><\/div>\n\n<\/div><\/div><div id=\"panel-209-5-2-1\" class=\"so-panel widget widget_sow-editor panel-last-child\" data-index=\"17\" ><div class=\"explicacion panel-widget-style panel-widget-style-for-209-5-2-1\" ><div\n\t\t\t\n\t\t\tclass=\"so-widget-sow-editor so-widget-sow-editor-base\"\n\t\t\t\n\t\t>\n<div class=\"siteorigin-widget-tinymce textwidget\">\n\t<h4 style=\"text-align: center;\">Helicopters Helicopters<\/h4>\n<p style=\"text-align: center;\"><a href=\"http:\/\/www.escuelapilotohelicoptero.com\" target=\"_blank\" rel=\"noopener\">www.escuelapilotohelicoptero.com<\/a><\/p>\n<\/div>\n<\/div><\/div><\/div><\/div><\/div><div id=\"pg-209-6\"  class=\"panel-grid panel-no-style\" ><div id=\"pgc-209-6-0\"  class=\"panel-grid-cell\" ><div id=\"panel-209-6-0-0\" class=\"so-panel widget widget_sow-image panel-first-child\" data-index=\"18\" ><div\n\t\t\t\n\t\t\tclass=\"so-widget-sow-image so-widget-sow-image-default-8b5b6f678277-209\"\n\t\t\t\n\t\t>\n<div class=\"sow-image-container\">\n\t\t\t<a href=\"https:\/\/www.leulit.com\/en\/servicios\/diseno-web-wordpress-barcelona\/diseno-web-escuela-pilotos-drone\/\"\n\t\t\t\t\t>\n\t\t\t<img \n\tsrc=\"https:\/\/www.leulit.com\/wp-content\/uploads\/2017\/06\/pantallas-escuela-drones.png\" width=\"1000\" height=\"611\" srcset=\"https:\/\/www.leulit.com\/wp-content\/uploads\/2017\/06\/pantallas-escuela-drones.png 1000w, https:\/\/www.leulit.com\/wp-content\/uploads\/2017\/06\/pantallas-escuela-drones-600x367.png 600w, https:\/\/www.leulit.com\/wp-content\/uploads\/2017\/06\/pantallas-escuela-drones-300x183.png 300w, https:\/\/www.leulit.com\/wp-content\/uploads\/2017\/06\/pantallas-escuela-drones-768x469.png 768w\" sizes=\"(max-width: 1000px) 100vw, 1000px\" title=\"Web design - Drone Pilot School\" alt=\"Web design - Drone Pilot School\" \t\tclass=\"so-widget-image\"\/>\n\t\t\t<\/a><\/div>\n\n<\/div><\/div><div id=\"panel-209-6-0-1\" class=\"so-panel widget widget_sow-editor\" data-index=\"19\" ><div class=\"explicacion panel-widget-style panel-widget-style-for-209-6-0-1\" ><div\n\t\t\t\n\t\t\tclass=\"so-widget-sow-editor so-widget-sow-editor-base\"\n\t\t\t\n\t\t>\n<div class=\"siteorigin-widget-tinymce textwidget\">\n\t<h4 style=\"text-align: center;\">Helicopters Helicopters<\/h4>\n<p style=\"text-align: center;\"><a href=\"http:\/\/www.escuelapilotodrones.com\">www.escuelapilotdrones.com<\/a><\/p>\n<\/div>\n<\/div><\/div><\/div><div id=\"panel-209-6-0-2\" class=\"so-panel widget widget_sow-editor panel-last-child\" data-index=\"20\" ><div\n\t\t\t\n\t\t\tclass=\"so-widget-sow-editor so-widget-sow-editor-base\"\n\t\t\t\n\t\t>\n<div class=\"siteorigin-widget-tinymce textwidget\">\n\t<p>\u2713 Website and internet presence.<br \/>\n\u2713 Electronic commerce.<br \/>\n\u2713 Social network management.<br \/>\n\u2713 Electronic invoice.<\/p>\n<\/div>\n<\/div><\/div><\/div><div id=\"pgc-209-6-1\"  class=\"panel-grid-cell\" ><div id=\"panel-209-6-1-0\" class=\"so-panel widget widget_sow-image panel-first-child\" data-index=\"21\" ><div\n\t\t\t\n\t\t\tclass=\"so-widget-sow-image so-widget-sow-image-default-8b5b6f678277-209\"\n\t\t\t\n\t\t>\n<div class=\"sow-image-container\">\n\t\t\t<a href=\"https:\/\/www.leulit.com\/en\/servicios\/diseno-web-wordpress-barcelona\/diseno-web-el-masove\/\"\n\t\t\t\t\t>\n\t\t\t<img \n\tsrc=\"https:\/\/www.leulit.com\/wp-content\/uploads\/2017\/06\/pantallas-el-masove.png\" width=\"800\" height=\"489\" srcset=\"https:\/\/www.leulit.com\/wp-content\/uploads\/2017\/06\/pantallas-el-masove.png 800w, https:\/\/www.leulit.com\/wp-content\/uploads\/2017\/06\/pantallas-el-masove-600x367.png 600w, https:\/\/www.leulit.com\/wp-content\/uploads\/2017\/06\/pantallas-el-masove-300x183.png 300w, https:\/\/www.leulit.com\/wp-content\/uploads\/2017\/06\/pantallas-el-masove-768x469.png 768w\" sizes=\"(max-width: 800px) 100vw, 800px\" title=\"Web design - El Masove\" alt=\"Web design - El Masove\" \t\tclass=\"so-widget-image\"\/>\n\t\t\t<\/a><\/div>\n\n<\/div><\/div><div id=\"panel-209-6-1-1\" class=\"so-panel widget widget_sow-editor panel-last-child\" data-index=\"22\" ><div class=\"explicacion panel-widget-style panel-widget-style-for-209-6-1-1\" ><div\n\t\t\t\n\t\t\tclass=\"so-widget-sow-editor so-widget-sow-editor-base\"\n\t\t\t\n\t\t>\n<div class=\"siteorigin-widget-tinymce textwidget\">\n\t<h4 style=\"text-align: center;\">The Masov\u00e9<\/h4>\n<p style=\"text-align: center;\"><a href=\"http:\/\/tenda.elmasove.com\/\">www.tenda.elmasove.com<\/a><\/p>\n<\/div>\n<\/div><\/div><\/div><\/div><div id=\"pgc-209-6-2\"  class=\"panel-grid-cell\" ><div id=\"panel-209-6-2-0\" class=\"so-panel widget widget_sow-image panel-first-child\" data-index=\"23\" ><div\n\t\t\t\n\t\t\tclass=\"so-widget-sow-image so-widget-sow-image-default-8b5b6f678277-209\"\n\t\t\t\n\t\t>\n<div class=\"sow-image-container\">\n\t\t\t<a href=\"https:\/\/www.leulit.com\/en\/servicios\/diseno-web-wordpress-barcelona\/diseno-web-boligrafo-publicidad-gift-campaign\/\"\n\t\t\t\t\t>\n\t\t\t<img \n\tsrc=\"https:\/\/www.leulit.com\/wp-content\/uploads\/2017\/06\/pantallas-gift-campaign.png\" width=\"800\" height=\"489\" srcset=\"https:\/\/www.leulit.com\/wp-content\/uploads\/2017\/06\/pantallas-gift-campaign.png 800w, https:\/\/www.leulit.com\/wp-content\/uploads\/2017\/06\/pantallas-gift-campaign-600x367.png 600w, https:\/\/www.leulit.com\/wp-content\/uploads\/2017\/06\/pantallas-gift-campaign-300x183.png 300w, https:\/\/www.leulit.com\/wp-content\/uploads\/2017\/06\/pantallas-gift-campaign-768x469.png 768w\" sizes=\"(max-width: 800px) 100vw, 800px\" title=\"Web design - Advertising Pen\" alt=\"Web design - Advertising Pen\" \t\tclass=\"so-widget-image\"\/>\n\t\t\t<\/a><\/div>\n\n<\/div><\/div><div id=\"panel-209-6-2-1\" class=\"so-panel widget widget_sow-editor panel-last-child\" data-index=\"24\" ><div class=\"explicacion panel-widget-style panel-widget-style-for-209-6-2-1\" ><div\n\t\t\t\n\t\t\tclass=\"so-widget-sow-editor so-widget-sow-editor-base\"\n\t\t\t\n\t\t>\n<div class=\"siteorigin-widget-tinymce textwidget\">\n\t<h4 style=\"text-align: center;\">Gift Campaign<\/h4>\n<p style=\"text-align: center;\"><a href=\"http:\/\/www.giftcampaign.es\/\">www.giftcampaign.es<\/a><\/p>\n<p style=\"text-align: center;\"><a href=\"http:\/\/boligrafopublicidad.es\/\">www.boligrafopublicidad.es<\/a><\/p>\n<p style=\"text-align: center;\">\u00a0<\/p>\n<\/div>\n<\/div><\/div><\/div><\/div><\/div><\/div>","protected":false},"excerpt":{"rendered":"<p>Dise\u00f1o web Wordpress en Barcelona Categor\u00edas de Soluciones de Digitalizaci\u00f3n Sitio Web y presencia en internet Comercio electr\u00f3nico Gesti\u00f3n de [&hellip;]<\/p>\n","protected":false},"author":1,"featured_media":1646,"parent":249,"menu_order":0,"comment_status":"closed","ping_status":"closed","template":"","meta":{"footnotes":""},"class_list":["post-209","page","type-page","status-publish","has-post-thumbnail","hentry"],"_links":{"self":[{"href":"https:\/\/www.leulit.com\/en\/wp-json\/wp\/v2\/pages\/209","targetHints":{"allow":["GET"]}}],"collection":[{"href":"https:\/\/www.leulit.com\/en\/wp-json\/wp\/v2\/pages"}],"about":[{"href":"https:\/\/www.leulit.com\/en\/wp-json\/wp\/v2\/types\/page"}],"author":[{"embeddable":true,"href":"https:\/\/www.leulit.com\/en\/wp-json\/wp\/v2\/users\/1"}],"replies":[{"embeddable":true,"href":"https:\/\/www.leulit.com\/en\/wp-json\/wp\/v2\/comments?post=209"}],"version-history":[{"count":89,"href":"https:\/\/www.leulit.com\/en\/wp-json\/wp\/v2\/pages\/209\/revisions"}],"predecessor-version":[{"id":3163,"href":"https:\/\/www.leulit.com\/en\/wp-json\/wp\/v2\/pages\/209\/revisions\/3163"}],"up":[{"embeddable":true,"href":"https:\/\/www.leulit.com\/en\/wp-json\/wp\/v2\/pages\/249"}],"wp:featuredmedia":[{"embeddable":true,"href":"https:\/\/www.leulit.com\/en\/wp-json\/wp\/v2\/media\/1646"}],"wp:attachment":[{"href":"https:\/\/www.leulit.com\/en\/wp-json\/wp\/v2\/media?parent=209"}],"curies":[{"name":"wp","href":"https:\/\/api.w.org\/{rel}","templated":true}]}}