{"id":2978,"date":"2020-12-09T13:39:14","date_gmt":"2020-12-09T13:39:14","guid":{"rendered":"https:\/\/www.leulit.com\/?page_id=2978"},"modified":"2021-02-08T12:31:51","modified_gmt":"2021-02-08T12:31:51","slug":"equip-your-people","status":"publish","type":"page","link":"https:\/\/www.leulit.com\/en\/servicios\/gestion-de-servidores-amazon-web-services-aws\/equipe-a-su-gente\/","title":{"rendered":"Equip your people"},"content":{"rendered":"<p>Although many organizations want to move faster to the cloud, they continue to invest in traditional on-premises technologies. The reason? Inability to hire and train cloud teams quickly enough and have enough expertise within the business to make the cloud deliver meaningful business results.<\/p>\n<p>The lack of talent is real and relates to one of the most profound challenges to driving innovation. But rather than looking outside the organization, AWS customers are upskilling their internal resources and fostering the cloud talent they need in the people they already have.<\/p>\n\n\n<h2 class=\"wp-block-heading\">Upskill any workforce to close the talent gap<\/h2>\n\n\n\n<p>AWS Customer Enablement helps you train and enable your teams to operate successfully in the cloud and continually improve their capabilities in sync with the rapid pace of innovation.<\/p>\n\n\n\n<h3 class=\"wp-block-heading\">Accelerate business results with AWS Customer Enablement<\/h3>\n\n\n\n<div class=\"wp-block-columns is-layout-flex wp-container-core-columns-is-layout-9d6595d7 wp-block-columns-is-layout-flex\">\n<div class=\"wp-block-column is-layout-flow wp-block-column-is-layout-flow\"><\/div>\n\n\n\n<div class=\"wp-block-column is-layout-flow wp-block-column-is-layout-flow\"><\/div>\n\n\n\n<div class=\"wp-block-column is-layout-flow wp-block-column-is-layout-flow\"><\/div>\n<\/div>\n\n\n\n<div class=\"wp-block-columns is-layout-flex wp-container-core-columns-is-layout-9d6595d7 wp-block-columns-is-layout-flex\">\n<div class=\"wp-block-column is-layout-flow wp-block-column-is-layout-flow\">\n<p class=\"has-text-align-center\"><strong>AWS Professional Services<\/strong><\/p>\n<\/div>\n\n\n\n<div class=\"wp-block-column is-layout-flow wp-block-column-is-layout-flow\">\n<p class=\"has-text-align-center\"><strong>AWS Managed Services<\/strong><\/p>\n<\/div>\n<\/div>\n\n\n\n<div class=\"wp-block-columns is-layout-flex wp-container-core-columns-is-layout-9d6595d7 wp-block-columns-is-layout-flex\">\n<div class=\"wp-block-column is-layout-flow wp-block-column-is-layout-flow\">\n<p class=\"has-text-align-center\"><strong>AWS Enterprise Support<\/strong><\/p>\n<\/div>\n\n\n\n<div class=\"wp-block-column is-layout-flow wp-block-column-is-layout-flow\">\n<p class=\"has-text-align-center\"><strong>AWS Training and Certification<\/strong><\/p>\n<\/div>\n<\/div>\n\n\n\n<div class=\"wp-block-columns is-layout-flex wp-container-core-columns-is-layout-9d6595d7 wp-block-columns-is-layout-flex\">\n<div class=\"wp-block-column is-layout-flow wp-block-column-is-layout-flow\">\n<div class=\"wp-block-image\"><figure class=\"aligncenter size-large\"><img loading=\"lazy\" decoding=\"async\" width=\"100\" height=\"100\" src=\"https:\/\/www.leulit.com\/wp-content\/uploads\/2021\/02\/reglas.png\" alt=\"\" class=\"wp-image-3019\"\/><\/figure><\/div>\n\n\n\n<p class=\"has-text-align-center\">Strongest AWS technical skills.<\/p>\n<\/div>\n\n\n\n<div class=\"wp-block-column is-layout-flow wp-block-column-is-layout-flow\">\n<div class=\"wp-block-image\"><figure class=\"aligncenter size-large\"><img loading=\"lazy\" decoding=\"async\" width=\"100\" height=\"100\" src=\"https:\/\/www.leulit.com\/wp-content\/uploads\/2021\/02\/edificios.png\" alt=\"\" class=\"wp-image-3020\"\/><\/figure><\/div>\n\n\n\n<p class=\"has-text-align-center\">The deepest business experience.<\/p>\n<\/div>\n\n\n\n<div class=\"wp-block-column is-layout-flow wp-block-column-is-layout-flow\">\n<div class=\"wp-block-image\"><figure class=\"aligncenter size-large\"><img loading=\"lazy\" decoding=\"async\" width=\"100\" height=\"100\" src=\"https:\/\/www.leulit.com\/wp-content\/uploads\/2021\/02\/progreso.png\" alt=\"\" class=\"wp-image-3027\"\/><\/figure><\/div>\n\n\n\n<p class=\"has-text-align-center\">Culture and process, not just technology.<\/p>\n<\/div>\n<\/div>\n\n\n\n<div class=\"wp-block-columns is-layout-flex wp-container-core-columns-is-layout-9d6595d7 wp-block-columns-is-layout-flex\">\n<div class=\"wp-block-column is-layout-flow wp-block-column-is-layout-flow\">\n<div class=\"wp-block-image\"><figure class=\"aligncenter size-large\"><img loading=\"lazy\" decoding=\"async\" width=\"100\" height=\"100\" src=\"https:\/\/www.leulit.com\/wp-content\/uploads\/2021\/02\/bombilla.png\" alt=\"\" class=\"wp-image-3023\"\/><\/figure><\/div>\n\n\n\n<p class=\"has-text-align-center\">Training for your teams.<\/p>\n<\/div>\n\n\n\n<div class=\"wp-block-column is-layout-flow wp-block-column-is-layout-flow\">\n<div class=\"wp-block-image\"><figure class=\"aligncenter size-large\"><img loading=\"lazy\" decoding=\"async\" width=\"100\" height=\"100\" src=\"https:\/\/www.leulit.com\/wp-content\/uploads\/2021\/02\/red.png\" alt=\"\" class=\"wp-image-3025\"\/><\/figure><\/div>\n\n\n\n<p class=\"has-text-align-center\">Resources through the network<br>AWS partners.<\/p>\n<\/div>\n\n\n\n<div class=\"wp-block-column is-layout-flow wp-block-column-is-layout-flow\">\n<div class=\"wp-block-image\"><figure class=\"aligncenter size-large\"><img loading=\"lazy\" decoding=\"async\" width=\"100\" height=\"100\" src=\"https:\/\/www.leulit.com\/wp-content\/uploads\/2021\/02\/cronometro.png\" alt=\"\" class=\"wp-image-3021\"\/><\/figure><\/div>\n\n\n\n<p class=\"has-text-align-center\">Business transformation<br>faster.<\/p>\n<\/div>\n<\/div>","protected":false},"excerpt":{"rendered":"<p>Aunque muchas organizaciones quieren moverse m\u00e1s r\u00e1pido a la nube, contin\u00faan invirtiendo en tecnolog\u00edas locales tradicionales. \u00bfLa raz\u00f3n? Incapacidad para [&hellip;]<\/p>\n","protected":false},"author":1,"featured_media":0,"parent":1376,"menu_order":0,"comment_status":"closed","ping_status":"closed","template":"","meta":{"footnotes":""},"class_list":["post-2978","page","type-page","status-publish","hentry"],"_links":{"self":[{"href":"https:\/\/www.leulit.com\/en\/wp-json\/wp\/v2\/pages\/2978","targetHints":{"allow":["GET"]}}],"collection":[{"href":"https:\/\/www.leulit.com\/en\/wp-json\/wp\/v2\/pages"}],"about":[{"href":"https:\/\/www.leulit.com\/en\/wp-json\/wp\/v2\/types\/page"}],"author":[{"embeddable":true,"href":"https:\/\/www.leulit.com\/en\/wp-json\/wp\/v2\/users\/1"}],"replies":[{"embeddable":true,"href":"https:\/\/www.leulit.com\/en\/wp-json\/wp\/v2\/comments?post=2978"}],"version-history":[{"count":8,"href":"https:\/\/www.leulit.com\/en\/wp-json\/wp\/v2\/pages\/2978\/revisions"}],"predecessor-version":[{"id":3030,"href":"https:\/\/www.leulit.com\/en\/wp-json\/wp\/v2\/pages\/2978\/revisions\/3030"}],"up":[{"embeddable":true,"href":"https:\/\/www.leulit.com\/en\/wp-json\/wp\/v2\/pages\/1376"}],"wp:attachment":[{"href":"https:\/\/www.leulit.com\/en\/wp-json\/wp\/v2\/media?parent=2978"}],"curies":[{"name":"wp","href":"https:\/\/api.w.org\/{rel}","templated":true}]}}