{"id":375,"date":"2017-06-09T10:30:51","date_gmt":"2017-06-09T10:30:51","guid":{"rendered":"http:\/\/www.leulit.com\/?page_id=375"},"modified":"2024-05-07T11:28:11","modified_gmt":"2024-05-07T11:28:11","slug":"powerpoint-presentation-helipists-helicopters","status":"publish","type":"page","link":"https:\/\/www.leulit.com\/en\/servicios\/imagen-corporativa\/presentacion-powerpoint-helipistas-helicopters\/","title":{"rendered":"PowerPoint Presentation \u2013 Helipistas Helicopters"},"content":{"rendered":"<div id=\"pl-375\"  class=\"panel-layout\" ><div id=\"pg-375-0\"  class=\"panel-grid panel-no-style\" ><div id=\"pgc-375-0-0\"  class=\"panel-grid-cell\" ><div id=\"panel-375-0-0-0\" class=\"so-panel widget widget_sow-slider panel-first-child panel-last-child\" data-index=\"0\" ><div\n\t\t\t\n\t\t\tclass=\"so-widget-sow-slider so-widget-sow-slider-default-6d39609536fd-375\"\n\t\t\t\n\t\t>\t\t\t\t<div class=\"sow-slider-base\" style=\"display: none\" tabindex=\"0\">\n\t\t\t\t\t<ul\n\t\t\t\t\tclass=\"sow-slider-images\"\n\t\t\t\t\tdata-settings=\"{&quot;pagination&quot;:true,&quot;speed&quot;:400,&quot;timeout&quot;:8000,&quot;paused&quot;:false,&quot;pause_on_hover&quot;:false,&quot;swipe&quot;:true,&quot;nav_always_show_desktop&quot;:&quot;&quot;,&quot;nav_always_show_mobile&quot;:&quot;&quot;,&quot;breakpoint&quot;:&quot;780px&quot;,&quot;unmute&quot;:false,&quot;anchor&quot;:null}\"\n\t\t\t\t\t\t\t\t\t\tdata-anchor-id=\"\"\n\t\t\t\t>\t\t<li class=\"sow-slider-image\" style=\"visibility: visible;\" >\n\t\t\t\t\t\t<div class=\"sow-slider-image-container\">\n\t\t\t\t<div class=\"sow-slider-image-wrapper\" style=\"max-width: 800px\">\n\t\t\t\t\t\t\t\t\t\t<div class=\"sow-slider-image-foreground-wrapper\">\n\t\t\t\t\t\t<img loading=\"lazy\" decoding=\"async\" width=\"800\" height=\"600\" src=\"https:\/\/www.leulit.com\/wp-content\/uploads\/2017\/06\/imagen-corporativa-diseno-powerpoint-helipistas1.jpg\" class=\"sow-slider-foreground-image\" alt=\"\" style=\"\" srcset=\"https:\/\/www.leulit.com\/wp-content\/uploads\/2017\/06\/imagen-corporativa-diseno-powerpoint-helipistas1.jpg 800w, https:\/\/www.leulit.com\/wp-content\/uploads\/2017\/06\/imagen-corporativa-diseno-powerpoint-helipistas1-600x450.jpg 600w, https:\/\/www.leulit.com\/wp-content\/uploads\/2017\/06\/imagen-corporativa-diseno-powerpoint-helipistas1-300x225.jpg 300w, https:\/\/www.leulit.com\/wp-content\/uploads\/2017\/06\/imagen-corporativa-diseno-powerpoint-helipistas1-768x576.jpg 768w\" sizes=\"auto, (max-width: 800px) 100vw, 800px\" \/>\t\t\t\t\t<\/div>\n\t\t\t\t\t\t\t\t\t<\/div>\n\t\t\t<\/div>\n\t\t\t\t\t<\/li>\n\t\t<\/ul>\t\t\t\t<ol class=\"sow-slider-pagination\">\n\t\t\t\t\t\t\t\t\t\t\t<li><a href=\"#\" data-goto=\"0\" aria-label=\"Display slide 1\"><\/a><\/li>\n\t\t\t\t\t\t\t\t\t<\/ol>\n\n\t\t\t\t<div class=\"sow-slide-nav sow-slide-nav-next\">\n\t\t\t\t\t<a href=\"#\" data-goto=\"next\" aria-label=\"Next slide\" data-action=\"next\">\n\t\t\t\t\t\t<em class=\"sow-sld-icon-thin-right\"><\/em>\n\t\t\t\t\t<\/a>\n\t\t\t\t<\/div>\n\n\t\t\t\t<div class=\"sow-slide-nav sow-slide-nav-prev\">\n\t\t\t\t\t<a href=\"#\" data-goto=\"previous\" aria-label=\"Previous slide\" data-action=\"prev\">\n\t\t\t\t\t\t<em class=\"sow-sld-icon-thin-left\"><\/em>\n\t\t\t\t\t<\/a>\n\t\t\t\t<\/div>\n\t\t\t\t<\/div><\/div><\/div><\/div><div id=\"pgc-375-0-1\"  class=\"panel-grid-cell\" ><div id=\"panel-375-0-1-0\" class=\"so-panel widget widget_sow-editor panel-first-child panel-last-child\" data-index=\"1\" ><div\n\t\t\t\n\t\t\tclass=\"so-widget-sow-editor so-widget-sow-editor-base\"\n\t\t\t\n\t\t>\n<div class=\"siteorigin-widget-tinymce textwidget\">\n\t<h2 class=\"p1\"><b>POWER POINT PRESENTATION<\/b><\/h2>\n<p class=\"p1\">The presentation in PowerPonit for Helipistas Helicopters is made from the identity previously created by LEULIT.<\/p>\n<p class=\"p1\">A clear and simple graph, with the corporate colors, very easy to read for those attending the presentation and, of course, for the presenter.<\/p>\n<p class=\"p2\">An attractive presentation where the viewer is able to follow the explanation without any problem.<\/p>\n<\/div>\n<\/div><\/div><\/div><\/div><div id=\"pg-375-1\"  class=\"panel-grid panel-no-style\" ><div id=\"pgc-375-1-0\"  class=\"panel-grid-cell\" ><div id=\"panel-375-1-0-0\" class=\"so-panel widget widget_sow-post-carousel panel-first-child panel-last-child\" data-index=\"2\" ><div\n\t\t\t\n\t\t\tclass=\"so-widget-sow-post-carousel so-widget-sow-post-carousel-base-ad93eedad001-375\"\n\t\t\t\n\t\t>\t<div\n\t\tclass=\"sow-post-carousel-wrapper sow-post-carousel-theme-base\"\n\t\tstyle=\"overflow: hidden; max-width: 100%; min-height: 182px\"\n\t>\n\t\t<div class=\"sow-carousel-title has-title\">\n\t<h3 class=\"widget-title\">It may interest you<\/h3>\t\t<div class=\"sow-carousel-navigation\">\n\t\t\t\t\t\t<a href=\"#\" class=\"sow-carousel-next\" title=\"Next\" aria-label=\"Next Posts\" role=\"button\"><\/a>\n\t\t\t\t\t\t<a href=\"#\" class=\"sow-carousel-previous\" title=\"Previous\" aria-label=\"Previous Posts\" role=\"button\"><\/a>\n\t\t\t\t\t<\/div>\n\t<\/div>\n\n<div class=\"sow-carousel-container\">\n\t\t<div class=\"sow-carousel-wrapper\"\n\t\tdata-dir=\"ltr\"\n\t\tstyle=\"opacity: 0;\"\n\t\tdata-widget=\"post\" data-fetching=\"false\" data-page=\"1\" data-ajax-url=\"https:\/\/www.leulit.com\/wp-admin\/admin-ajax.php?_widgets_nonce=2486bb1c89\" data-item_count=\"5\" data-carousel_settings=\"{&quot;loop&quot;:true,&quot;animation&quot;:&quot;Ease&quot;,&quot;animation_speed&quot;:400,&quot;autoplay&quot;:&quot;&quot;,&quot;pauseOnHover&quot;:&quot;&quot;,&quot;autoplaySpeed&quot;:8000,&quot;item_overflow&quot;:true,&quot;autoplay_continuous_scroll&quot;:false}\" data-responsive=\"{&quot;desktop_slides_to_scroll&quot;:1,&quot;tablet_landscape_breakpoint&quot;:1366,&quot;tablet_landscape_slides_to_scroll&quot;:2,&quot;tablet_portrait_breakpoint&quot;:1025,&quot;tablet_portrait_slides_to_scroll&quot;:2,&quot;mobile_breakpoint&quot;:480,&quot;mobile_slides_to_scroll&quot;:1}\" data-variable_width=\"true\" \t>\n\t\t<div\n\t\t\tclass=\"sow-carousel-items\"\n\t\t\t\t\t>\n\t\t\t\t<div class=\"sow-carousel-item\" tabindex=\"-1\" style=\"float: left;\">\n\t\t<div class=\"sow-carousel-thumbnail\">\n\t\t\t\t\t\t\t<a\n\t\t\t\t\thref=\"https:\/\/www.leulit.com\/en\/servicios\/imagen-corporativa\/presentacion-powerpoint-helipistas-helicopters\/\"\n\t\t\t\t\t\t\t\t\t\tstyle=\"background-image: url( https:\/\/www.leulit.com\/wp-content\/uploads\/2017\/06\/imagen-corporativa-diseno-powerpoint-helipistas1-272x182.jpg )\"\n\t\t\t\t\taria-labelledby=\"sow-carousel-id-375\"\n\t\t\t\t\ttabindex=\"-1\"\n\t\t\t\t>\n\t\t\t\t\t<span class=\"overlay\"><\/span>\n\t\t\t\t<\/a>\n\t\t\t\t\t<\/div>\n\t\t<h3 class=\"sow-carousel-item-title\">\n\t\t\t<a\n\t\t\t\thref=\"https:\/\/www.leulit.com\/en\/servicios\/imagen-corporativa\/presentacion-powerpoint-helipistas-helicopters\/\"\n\t\t\t\tid=\"sow-carousel-id-375\"\n\t\t\t\t\t\t\t\ttabindex=\"-1\"\n\t\t\t>\n\n\t\t\t\tPowerPoint Presentation \u2013 Helipistas Helicopters\t\t\t<\/a>\n\t\t<\/h3>\n\t<\/div>\n\t\t<div class=\"sow-carousel-item\" tabindex=\"-1\" style=\"float: left;\">\n\t\t<div class=\"sow-carousel-thumbnail\">\n\t\t\t\t\t\t\t<a\n\t\t\t\t\thref=\"https:\/\/www.leulit.com\/en\/servicios\/imagen-corporativa\/dossier-corporativo-icarus-manteniment\/\"\n\t\t\t\t\t\t\t\t\t\tstyle=\"background-image: url( https:\/\/www.leulit.com\/wp-content\/uploads\/2017\/06\/diseno-icarus-dossier-272x182.jpg )\"\n\t\t\t\t\taria-labelledby=\"sow-carousel-id-366\"\n\t\t\t\t\ttabindex=\"-1\"\n\t\t\t\t>\n\t\t\t\t\t<span class=\"overlay\"><\/span>\n\t\t\t\t<\/a>\n\t\t\t\t\t<\/div>\n\t\t<h3 class=\"sow-carousel-item-title\">\n\t\t\t<a\n\t\t\t\thref=\"https:\/\/www.leulit.com\/en\/servicios\/imagen-corporativa\/dossier-corporativo-icarus-manteniment\/\"\n\t\t\t\tid=\"sow-carousel-id-366\"\n\t\t\t\t\t\t\t\ttabindex=\"-1\"\n\t\t\t>\n\n\t\t\t\tCorporate dossier \u2013 Icarus Manteniment\t\t\t<\/a>\n\t\t<\/h3>\n\t<\/div>\n\t\t<div class=\"sow-carousel-item\" tabindex=\"-1\" style=\"float: left;\">\n\t\t<div class=\"sow-carousel-thumbnail\">\n\t\t\t\t\t\t\t<a\n\t\t\t\t\thref=\"https:\/\/www.leulit.com\/en\/servicios\/imagen-corporativa\/dossier-servicio-helipistas-helicopters\/\"\n\t\t\t\t\t\t\t\t\t\tstyle=\"background-image: url( https:\/\/www.leulit.com\/wp-content\/uploads\/2017\/06\/imagen-corporativa-dossier-servicio-helipistas-272x182.jpg )\"\n\t\t\t\t\taria-labelledby=\"sow-carousel-id-357\"\n\t\t\t\t\ttabindex=\"-1\"\n\t\t\t\t>\n\t\t\t\t\t<span class=\"overlay\"><\/span>\n\t\t\t\t<\/a>\n\t\t\t\t\t<\/div>\n\t\t<h3 class=\"sow-carousel-item-title\">\n\t\t\t<a\n\t\t\t\thref=\"https:\/\/www.leulit.com\/en\/servicios\/imagen-corporativa\/dossier-servicio-helipistas-helicopters\/\"\n\t\t\t\tid=\"sow-carousel-id-357\"\n\t\t\t\t\t\t\t\ttabindex=\"-1\"\n\t\t\t>\n\n\t\t\t\tService dossier \u2013 Helipistas Helicopters\t\t\t<\/a>\n\t\t<\/h3>\n\t<\/div>\n\t\t<div class=\"sow-carousel-item\" tabindex=\"-1\" style=\"float: left;\">\n\t\t<div class=\"sow-carousel-thumbnail\">\n\t\t\t\t\t\t\t<a\n\t\t\t\t\thref=\"https:\/\/www.leulit.com\/en\/servicios\/identidad-corporativa\/papeleria-corporativa-helipistas-helicopters\/\"\n\t\t\t\t\t\t\t\t\t\tstyle=\"background-image: url( https:\/\/www.leulit.com\/wp-content\/uploads\/2017\/06\/diseno-identidad-helipistas-2-272x182.jpg )\"\n\t\t\t\t\taria-labelledby=\"sow-carousel-id-337\"\n\t\t\t\t\ttabindex=\"-1\"\n\t\t\t\t>\n\t\t\t\t\t<span class=\"overlay\"><\/span>\n\t\t\t\t<\/a>\n\t\t\t\t\t<\/div>\n\t\t<h3 class=\"sow-carousel-item-title\">\n\t\t\t<a\n\t\t\t\thref=\"https:\/\/www.leulit.com\/en\/servicios\/identidad-corporativa\/papeleria-corporativa-helipistas-helicopters\/\"\n\t\t\t\tid=\"sow-carousel-id-337\"\n\t\t\t\t\t\t\t\ttabindex=\"-1\"\n\t\t\t>\n\n\t\t\t\tCorporate stationery \u2013 Helipistas Helicopters\t\t\t<\/a>\n\t\t<\/h3>\n\t<\/div>\n\t\t<div class=\"sow-carousel-item\" tabindex=\"-1\" style=\"float: left;\">\n\t\t<div class=\"sow-carousel-thumbnail\">\n\t\t\t\t\t\t\t<a\n\t\t\t\t\thref=\"https:\/\/www.leulit.com\/en\/servicios\/identidad-corporativa\/papeleria-corporativa-atca-insurance-brokers\/\"\n\t\t\t\t\t\t\t\t\t\tstyle=\"background-image: url( https:\/\/www.leulit.com\/wp-content\/uploads\/2017\/06\/branding-atca-correduria-272x182.jpg )\"\n\t\t\t\t\taria-labelledby=\"sow-carousel-id-33\"\n\t\t\t\t\ttabindex=\"-1\"\n\t\t\t\t>\n\t\t\t\t\t<span class=\"overlay\"><\/span>\n\t\t\t\t<\/a>\n\t\t\t\t\t<\/div>\n\t\t<h3 class=\"sow-carousel-item-title\">\n\t\t\t<a\n\t\t\t\thref=\"https:\/\/www.leulit.com\/en\/servicios\/identidad-corporativa\/papeleria-corporativa-atca-insurance-brokers\/\"\n\t\t\t\tid=\"sow-carousel-id-33\"\n\t\t\t\t\t\t\t\ttabindex=\"-1\"\n\t\t\t>\n\n\t\t\t\tCorporate stationery \u2013 ATCA Insurance Brokers\t\t\t<\/a>\n\t\t<\/h3>\n\t<\/div>\n\t\t\t<\/div>\n\t\t\t<\/div>\n\n\t<\/div>\n\t\t<input type=\"hidden\" name=\"instance_hash\" value=\"e60a8991\"\/>\n\t<\/div>\n<\/div><\/div><\/div><\/div><\/div>","protected":false},"excerpt":{"rendered":"<p>PRESENTACI\u00d3N POWERPOINTLa presentaci\u00f3n en PowerPonit para Helipistas Helicopters est\u00e1 realizada a partir de la identidad creada con anterioridad por LEULIT.Una [&hellip;]<\/p>\n","protected":false},"author":1,"featured_media":288,"parent":205,"menu_order":0,"comment_status":"closed","ping_status":"closed","template":"","meta":{"footnotes":""},"class_list":["post-375","page","type-page","status-publish","has-post-thumbnail","hentry"],"_links":{"self":[{"href":"https:\/\/www.leulit.com\/en\/wp-json\/wp\/v2\/pages\/375","targetHints":{"allow":["GET"]}}],"collection":[{"href":"https:\/\/www.leulit.com\/en\/wp-json\/wp\/v2\/pages"}],"about":[{"href":"https:\/\/www.leulit.com\/en\/wp-json\/wp\/v2\/types\/page"}],"author":[{"embeddable":true,"href":"https:\/\/www.leulit.com\/en\/wp-json\/wp\/v2\/users\/1"}],"replies":[{"embeddable":true,"href":"https:\/\/www.leulit.com\/en\/wp-json\/wp\/v2\/comments?post=375"}],"version-history":[{"count":15,"href":"https:\/\/www.leulit.com\/en\/wp-json\/wp\/v2\/pages\/375\/revisions"}],"predecessor-version":[{"id":3335,"href":"https:\/\/www.leulit.com\/en\/wp-json\/wp\/v2\/pages\/375\/revisions\/3335"}],"up":[{"embeddable":true,"href":"https:\/\/www.leulit.com\/en\/wp-json\/wp\/v2\/pages\/205"}],"wp:featuredmedia":[{"embeddable":true,"href":"https:\/\/www.leulit.com\/en\/wp-json\/wp\/v2\/media\/288"}],"wp:attachment":[{"href":"https:\/\/www.leulit.com\/en\/wp-json\/wp\/v2\/media?parent=375"}],"curies":[{"name":"wp","href":"https:\/\/api.w.org\/{rel}","templated":true}]}}