{"id":906,"date":"2017-07-03T10:34:06","date_gmt":"2017-07-03T10:34:06","guid":{"rendered":"http:\/\/www.leulit.com\/?page_id=906"},"modified":"2020-08-12T10:06:36","modified_gmt":"2020-08-12T10:06:36","slug":"bathroom-control-application-design-2","status":"publish","type":"page","link":"https:\/\/www.leulit.com\/en\/servicios\/desarrollo-app\/diseno-aplicaciones-control-banos-2\/","title":{"rendered":"Application design \u2013 Bathroom control"},"content":{"rendered":"<div id=\"pl-906\"  class=\"panel-layout\" ><div id=\"pg-906-0\"  class=\"panel-grid panel-no-style\" ><div id=\"pgc-906-0-0\"  class=\"panel-grid-cell\" ><div id=\"panel-906-0-0-0\" class=\"so-panel widget widget_sow-image panel-first-child panel-last-child\" data-index=\"0\" ><div\n\t\t\t\n\t\t\tclass=\"so-widget-sow-image so-widget-sow-image-default-8b5b6f678277-906\"\n\t\t\t\n\t\t>\n<div class=\"sow-image-container\">\n\t\t<img \n\tsrc=\"https:\/\/www.leulit.com\/wp-content\/uploads\/2017\/06\/app-banos-matacas2.png\" width=\"800\" height=\"600\" srcset=\"https:\/\/www.leulit.com\/wp-content\/uploads\/2017\/06\/app-banos-matacas2.png 800w, https:\/\/www.leulit.com\/wp-content\/uploads\/2017\/06\/app-banos-matacas2-600x450.png 600w, https:\/\/www.leulit.com\/wp-content\/uploads\/2017\/06\/app-banos-matacas2-300x225.png 300w, https:\/\/www.leulit.com\/wp-content\/uploads\/2017\/06\/app-banos-matacas2-768x576.png 768w\" sizes=\"(max-width: 800px) 100vw, 800px\" alt=\"\" \t\tclass=\"so-widget-image\"\/>\n\t<\/div>\n\n<\/div><\/div><\/div><div id=\"pgc-906-0-1\"  class=\"panel-grid-cell\" ><div id=\"panel-906-0-1-0\" class=\"so-panel widget widget_sow-editor panel-first-child panel-last-child\" data-index=\"1\" ><div\n\t\t\t\n\t\t\tclass=\"so-widget-sow-editor so-widget-sow-editor-base\"\n\t\t\t\n\t\t>\n<div class=\"siteorigin-widget-tinymce textwidget\">\n\t<h2 class=\"p1\">Bathroom control<\/h2>\n<p class=\"p1\">Various tasks are carried out daily within the <a href=\"http:\/\/www.residenciamatacas.com\/\">Matacas Residence<\/a> for the correct functioning of all its gears. One of the tasks carried out by nursing assistants is the cleaning of residents.<br \/>\nThe application designed exclusively for the Residence considers all the needs of the assistants when carrying out this task. Each assistant has to log in, with their username and password since they have different residents assigned to them. Within the app, we find on the first screen a list of residents, with their room data and possible incidents, such as priority for a specific day or hospitalization. Once within the resident profile we can see if they have special needs or require specific attention. Personal observations from each of them are also included.<\/p>\n<\/div>\n<\/div><\/div><\/div><\/div><div id=\"pg-906-1\"  class=\"panel-grid panel-no-style\" ><div id=\"pgc-906-1-0\"  class=\"panel-grid-cell\" ><div id=\"panel-906-1-0-0\" class=\"so-panel widget widget_sow-post-carousel panel-first-child panel-last-child\" data-index=\"2\" ><div\n\t\t\t\n\t\t\tclass=\"so-widget-sow-post-carousel so-widget-sow-post-carousel-base-ad93eedad001-906\"\n\t\t\t\n\t\t>\t<div\n\t\tclass=\"sow-post-carousel-wrapper sow-post-carousel-theme-base\"\n\t\tstyle=\"overflow: hidden; max-width: 100%; min-height: 182px\"\n\t>\n\t\t<div class=\"sow-carousel-title has-title\">\n\t<h3 class=\"widget-title\">It may interest you<\/h3>\t\t<div class=\"sow-carousel-navigation\">\n\t\t\t\t\t\t<a href=\"#\" class=\"sow-carousel-next\" title=\"Next\" aria-label=\"Next Posts\" role=\"button\"><\/a>\n\t\t\t\t\t\t<a href=\"#\" class=\"sow-carousel-previous\" title=\"Previous\" aria-label=\"Previous Posts\" role=\"button\"><\/a>\n\t\t\t\t\t<\/div>\n\t<\/div>\n\n<div class=\"sow-carousel-container\">\n\t\t<div class=\"sow-carousel-wrapper\"\n\t\tdata-dir=\"ltr\"\n\t\tstyle=\"opacity: 0;\"\n\t\tdata-widget=\"post\" data-fetching=\"false\" data-page=\"1\" data-ajax-url=\"https:\/\/www.leulit.com\/wp-admin\/admin-ajax.php?_widgets_nonce=2486bb1c89\" data-item_count=\"8\" data-carousel_settings=\"{&quot;loop&quot;:true,&quot;animation&quot;:&quot;Ease&quot;,&quot;animation_speed&quot;:400,&quot;autoplay&quot;:&quot;&quot;,&quot;pauseOnHover&quot;:&quot;&quot;,&quot;autoplaySpeed&quot;:8000,&quot;item_overflow&quot;:true,&quot;autoplay_continuous_scroll&quot;:false}\" data-responsive=\"{&quot;desktop_slides_to_scroll&quot;:1,&quot;tablet_landscape_breakpoint&quot;:1366,&quot;tablet_landscape_slides_to_scroll&quot;:2,&quot;tablet_portrait_breakpoint&quot;:1025,&quot;tablet_portrait_slides_to_scroll&quot;:2,&quot;mobile_breakpoint&quot;:480,&quot;mobile_slides_to_scroll&quot;:1}\" data-variable_width=\"true\" \t>\n\t\t<div\n\t\t\tclass=\"sow-carousel-items\"\n\t\t\t\t\t>\n\t\t\t\t<div class=\"sow-carousel-item\" tabindex=\"-1\" style=\"float: left;\">\n\t\t<div class=\"sow-carousel-thumbnail\">\n\t\t\t\t\t\t\t<a\n\t\t\t\t\thref=\"https:\/\/www.leulit.com\/en\/servicios\/desarrollo-app\/diseno-aplicaciones-control-banos-2\/\"\n\t\t\t\t\t\t\t\t\t\tstyle=\"background-image: url( https:\/\/www.leulit.com\/wp-content\/uploads\/2017\/06\/app-banos-matacas2-272x182.png )\"\n\t\t\t\t\taria-labelledby=\"sow-carousel-id-906\"\n\t\t\t\t\ttabindex=\"-1\"\n\t\t\t\t>\n\t\t\t\t\t<span class=\"overlay\"><\/span>\n\t\t\t\t<\/a>\n\t\t\t\t\t<\/div>\n\t\t<h3 class=\"sow-carousel-item-title\">\n\t\t\t<a\n\t\t\t\thref=\"https:\/\/www.leulit.com\/en\/servicios\/desarrollo-app\/diseno-aplicaciones-control-banos-2\/\"\n\t\t\t\tid=\"sow-carousel-id-906\"\n\t\t\t\t\t\t\t\ttabindex=\"-1\"\n\t\t\t>\n\n\t\t\t\tApplication design \u2013 Bathroom control\t\t\t<\/a>\n\t\t<\/h3>\n\t<\/div>\n\t\t<div class=\"sow-carousel-item\" tabindex=\"-1\" style=\"float: left;\">\n\t\t<div class=\"sow-carousel-thumbnail\">\n\t\t\t\t\t\t\t<a\n\t\t\t\t\thref=\"https:\/\/www.leulit.com\/en\/servicios\/desarrollo-app\/desarrollo-app-control-comedor\/\"\n\t\t\t\t\t\t\t\t\t\tstyle=\"background-image: url( https:\/\/www.leulit.com\/wp-content\/uploads\/2017\/07\/app-matacas-menjador-272x182.jpg )\"\n\t\t\t\t\taria-labelledby=\"sow-carousel-id-889\"\n\t\t\t\t\ttabindex=\"-1\"\n\t\t\t\t>\n\t\t\t\t\t<span class=\"overlay\"><\/span>\n\t\t\t\t<\/a>\n\t\t\t\t\t<\/div>\n\t\t<h3 class=\"sow-carousel-item-title\">\n\t\t\t<a\n\t\t\t\thref=\"https:\/\/www.leulit.com\/en\/servicios\/desarrollo-app\/desarrollo-app-control-comedor\/\"\n\t\t\t\tid=\"sow-carousel-id-889\"\n\t\t\t\t\t\t\t\ttabindex=\"-1\"\n\t\t\t>\n\n\t\t\t\tApp Development \u2013 Dining room control\t\t\t<\/a>\n\t\t<\/h3>\n\t<\/div>\n\t\t<div class=\"sow-carousel-item\" tabindex=\"-1\" style=\"float: left;\">\n\t\t<div class=\"sow-carousel-thumbnail\">\n\t\t\t\t\t\t\t<a\n\t\t\t\t\thref=\"https:\/\/www.leulit.com\/en\/servicios\/desarrollo-app\/simulacion-incendios\/\"\n\t\t\t\t\t\t\t\t\t\tstyle=\"background-image: url( https:\/\/www.leulit.com\/wp-content\/uploads\/2017\/06\/app-simulacion-incendios-1-272x182.png )\"\n\t\t\t\t\taria-labelledby=\"sow-carousel-id-638\"\n\t\t\t\t\ttabindex=\"-1\"\n\t\t\t\t>\n\t\t\t\t\t<span class=\"overlay\"><\/span>\n\t\t\t\t<\/a>\n\t\t\t\t\t<\/div>\n\t\t<h3 class=\"sow-carousel-item-title\">\n\t\t\t<a\n\t\t\t\thref=\"https:\/\/www.leulit.com\/en\/servicios\/desarrollo-app\/simulacion-incendios\/\"\n\t\t\t\tid=\"sow-carousel-id-638\"\n\t\t\t\t\t\t\t\ttabindex=\"-1\"\n\t\t\t>\n\n\t\t\t\tApp Development \u2013 Fire Simulation\t\t\t<\/a>\n\t\t<\/h3>\n\t<\/div>\n\t\t<div class=\"sow-carousel-item\" tabindex=\"-1\" style=\"float: left;\">\n\t\t<div class=\"sow-carousel-thumbnail\">\n\t\t\t\t\t\t\t<a\n\t\t\t\t\thref=\"https:\/\/www.leulit.com\/en\/servicios\/desarrollo-app\/balsas-de-agua\/\"\n\t\t\t\t\t\t\t\t\t\tstyle=\"background-image: url( https:\/\/www.leulit.com\/wp-content\/uploads\/2017\/06\/app-basses-2-272x182.png )\"\n\t\t\t\t\taria-labelledby=\"sow-carousel-id-630\"\n\t\t\t\t\ttabindex=\"-1\"\n\t\t\t\t>\n\t\t\t\t\t<span class=\"overlay\"><\/span>\n\t\t\t\t<\/a>\n\t\t\t\t\t<\/div>\n\t\t<h3 class=\"sow-carousel-item-title\">\n\t\t\t<a\n\t\t\t\thref=\"https:\/\/www.leulit.com\/en\/servicios\/desarrollo-app\/balsas-de-agua\/\"\n\t\t\t\tid=\"sow-carousel-id-630\"\n\t\t\t\t\t\t\t\ttabindex=\"-1\"\n\t\t\t>\n\n\t\t\t\tApp Development \u2013 Water Rafts\t\t\t<\/a>\n\t\t<\/h3>\n\t<\/div>\n\t\t<div class=\"sow-carousel-item\" tabindex=\"-1\" style=\"float: left;\">\n\t\t<div class=\"sow-carousel-thumbnail\">\n\t\t\t\t\t\t\t<a\n\t\t\t\t\thref=\"https:\/\/www.leulit.com\/en\/servicios\/desarrollo-app\/desarrollo-app-control-altas-bajas\/\"\n\t\t\t\t\t\t\t\t\t\tstyle=\"background-image: url( https:\/\/www.leulit.com\/wp-content\/uploads\/2017\/06\/app-matacas-altas-bajas-272x182.png )\"\n\t\t\t\t\taria-labelledby=\"sow-carousel-id-627\"\n\t\t\t\t\ttabindex=\"-1\"\n\t\t\t\t>\n\t\t\t\t\t<span class=\"overlay\"><\/span>\n\t\t\t\t<\/a>\n\t\t\t\t\t<\/div>\n\t\t<h3 class=\"sow-carousel-item-title\">\n\t\t\t<a\n\t\t\t\thref=\"https:\/\/www.leulit.com\/en\/servicios\/desarrollo-app\/desarrollo-app-control-altas-bajas\/\"\n\t\t\t\tid=\"sow-carousel-id-627\"\n\t\t\t\t\t\t\t\ttabindex=\"-1\"\n\t\t\t>\n\n\t\t\t\tApp Development \u2013 High\/Low Control\t\t\t<\/a>\n\t\t<\/h3>\n\t<\/div>\n\t\t<div class=\"sow-carousel-item\" tabindex=\"-1\" style=\"float: left;\">\n\t\t<div class=\"sow-carousel-thumbnail\">\n\t\t\t\t\t\t\t<a\n\t\t\t\t\thref=\"https:\/\/www.leulit.com\/en\/servicios\/desarrollo-app\/desarrollo-app-control-hospitalizaciones\/\"\n\t\t\t\t\t\t\t\t\t\tstyle=\"background-image: url( https:\/\/www.leulit.com\/wp-content\/uploads\/2017\/06\/app-hospitalizaciones-272x182.png )\"\n\t\t\t\t\taria-labelledby=\"sow-carousel-id-622\"\n\t\t\t\t\ttabindex=\"-1\"\n\t\t\t\t>\n\t\t\t\t\t<span class=\"overlay\"><\/span>\n\t\t\t\t<\/a>\n\t\t\t\t\t<\/div>\n\t\t<h3 class=\"sow-carousel-item-title\">\n\t\t\t<a\n\t\t\t\thref=\"https:\/\/www.leulit.com\/en\/servicios\/desarrollo-app\/desarrollo-app-control-hospitalizaciones\/\"\n\t\t\t\tid=\"sow-carousel-id-622\"\n\t\t\t\t\t\t\t\ttabindex=\"-1\"\n\t\t\t>\n\n\t\t\t\tApp Development \u2013 Hospitalization Control\t\t\t<\/a>\n\t\t<\/h3>\n\t<\/div>\n\t\t\t<\/div>\n\t\t\t<\/div>\n\n\t<\/div>\n\t\t<input type=\"hidden\" name=\"instance_hash\" value=\"56803bd6\"\/>\n\t<\/div>\n<\/div><\/div><\/div><\/div><\/div>","protected":false},"excerpt":{"rendered":"<p>Control ba\u00f1os Diariamente se realizan varias tareas dentro de la Resid\u00e8ncia Matac\u00e1s para el correcto funcionamiento de todos los engranajes [&hellip;]<\/p>\n","protected":false},"author":1,"featured_media":898,"parent":211,"menu_order":0,"comment_status":"closed","ping_status":"closed","template":"","meta":{"footnotes":""},"class_list":["post-906","page","type-page","status-publish","has-post-thumbnail","hentry"],"_links":{"self":[{"href":"https:\/\/www.leulit.com\/en\/wp-json\/wp\/v2\/pages\/906","targetHints":{"allow":["GET"]}}],"collection":[{"href":"https:\/\/www.leulit.com\/en\/wp-json\/wp\/v2\/pages"}],"about":[{"href":"https:\/\/www.leulit.com\/en\/wp-json\/wp\/v2\/types\/page"}],"author":[{"embeddable":true,"href":"https:\/\/www.leulit.com\/en\/wp-json\/wp\/v2\/users\/1"}],"replies":[{"embeddable":true,"href":"https:\/\/www.leulit.com\/en\/wp-json\/wp\/v2\/comments?post=906"}],"version-history":[{"count":11,"href":"https:\/\/www.leulit.com\/en\/wp-json\/wp\/v2\/pages\/906\/revisions"}],"predecessor-version":[{"id":2771,"href":"https:\/\/www.leulit.com\/en\/wp-json\/wp\/v2\/pages\/906\/revisions\/2771"}],"up":[{"embeddable":true,"href":"https:\/\/www.leulit.com\/en\/wp-json\/wp\/v2\/pages\/211"}],"wp:featuredmedia":[{"embeddable":true,"href":"https:\/\/www.leulit.com\/en\/wp-json\/wp\/v2\/media\/898"}],"wp:attachment":[{"href":"https:\/\/www.leulit.com\/en\/wp-json\/wp\/v2\/media?parent=906"}],"curies":[{"name":"wp","href":"https:\/\/api.w.org\/{rel}","templated":true}]}}